{"id":903,"date":"2021-12-10T12:14:58","date_gmt":"2021-12-10T11:14:58","guid":{"rendered":"https:\/\/blogsaverroes.juntadeandalucia.es\/ieslucussolis\/?page_id=903"},"modified":"2021-12-10T12:24:08","modified_gmt":"2021-12-10T11:24:08","slug":"apsd","status":"publish","type":"page","link":"https:\/\/blogsaverroes.juntadeandalucia.es\/ieslucussolis\/apsd\/","title":{"rendered":"APSD"},"content":{"rendered":"<p style=\"text-align: center\">SI QUIERES SABER M\u00c1S DE NOSOTROS ACCEDE A NUESTRO BLOG<\/p>\n<p style=\"text-align: center\"><a href=\"https:\/\/dependencialucussolis.blogspot.com\/\">ENLACE AL BLOG<\/a><\/p>\n<p>&nbsp;<\/p>\n<p><span style=\"font-size: 12pt\"><strong>\u00bfPor qu\u00e9 estudiar el ciclo formativo de grado medio &nbsp;Atenci\u00f3n a Personas en Situaci\u00f3n de Dependencia?<\/strong><\/span><\/p>\n<p><span style=\"font-size: 12pt\">Si siempre has sentido inter\u00e9s por las personas mayores, enfermas o en situaci\u00f3n de dependencia, quiz\u00e1s aqu\u00ed encuentres tu futuro profesional.<\/span><\/p>\n<p><span style=\"font-size: 12pt\">Pincha en el enlace y podr\u00e1s ver un v\u00eddeo presentaci\u00f3n, donde te explicamos en qu\u00e9 consiste este ciclo formativo que podr\u00e1s estudiar en nuestro IES Lucus Solis.<\/span><\/p>\n<p><a href=\"https:\/\/view.genial.ly\/60d3852a38f4b00da24ac11c\/video-presentation-cfgm-atencion-a-personas-en-situacion-de-dependencia\">https:\/\/view.genial.ly\/60d3852a38f4b00da24ac11c\/video-presentation-cfgm-atencion-a-personas-en-situacion-de-dependencia<\/a><\/p>\n<p style=\"text-align: center\"><iframe loading=\"lazy\" src=\"https:\/\/view.genial.ly\/60d3852a38f4b00da24ac11c\/video-presentation-cfgm-atencion-a-personas-en-situacion-de-dependencia\" width=\"575\" height=\"475\"><\/iframe><\/p>\n<p style=\"text-align: left\"><a href=\"https:\/\/blogsaverroes.juntadeandalucia.es\/ieslucussolis\/talleres-apsd-2017-18\/\">TALLERES Y ACTIVIDADES CURSO 2017\/18<\/a><\/p>\n","protected":false},"excerpt":{"rendered":"<p>SI QUIERES SABER M\u00c1S DE NOSOTROS ACCEDE A NUESTRO BLOG ENLACE AL BLOG &nbsp; \u00bfPor qu\u00e9 estudiar el ciclo formativo de grado medio &nbsp;Atenci\u00f3n a Personas en Situaci\u00f3n de Dependencia? Si siempre has sentido inter\u00e9s por las personas mayores, enfermas o en situaci\u00f3n de dependencia, quiz\u00e1s aqu\u00ed encuentres tu futuro profesional. Pincha en el enlace [&hellip;]<\/p>\n","protected":false},"author":3321,"featured_media":0,"parent":0,"menu_order":0,"comment_status":"closed","ping_status":"closed","template":"","meta":{"_et_pb_use_builder":"","_et_pb_old_content":"","_et_gb_content_width":"","ngg_post_thumbnail":0,"footnotes":""},"aioseo_notices":[],"_links":{"self":[{"href":"https:\/\/blogsaverroes.juntadeandalucia.es\/ieslucussolis\/wp-json\/wp\/v2\/pages\/903"}],"collection":[{"href":"https:\/\/blogsaverroes.juntadeandalucia.es\/ieslucussolis\/wp-json\/wp\/v2\/pages"}],"about":[{"href":"https:\/\/blogsaverroes.juntadeandalucia.es\/ieslucussolis\/wp-json\/wp\/v2\/types\/page"}],"author":[{"embeddable":true,"href":"https:\/\/blogsaverroes.juntadeandalucia.es\/ieslucussolis\/wp-json\/wp\/v2\/users\/3321"}],"replies":[{"embeddable":true,"href":"https:\/\/blogsaverroes.juntadeandalucia.es\/ieslucussolis\/wp-json\/wp\/v2\/comments?post=903"}],"version-history":[{"count":4,"href":"https:\/\/blogsaverroes.juntadeandalucia.es\/ieslucussolis\/wp-json\/wp\/v2\/pages\/903\/revisions"}],"predecessor-version":[{"id":910,"href":"https:\/\/blogsaverroes.juntadeandalucia.es\/ieslucussolis\/wp-json\/wp\/v2\/pages\/903\/revisions\/910"}],"wp:attachment":[{"href":"https:\/\/blogsaverroes.juntadeandalucia.es\/ieslucussolis\/wp-json\/wp\/v2\/media?parent=903"}],"curies":[{"name":"wp","href":"https:\/\/api.w.org\/{rel}","templated":true}]}}