{"id":141,"date":"2026-03-01T00:01:24","date_gmt":"2026-02-28T23:01:24","guid":{"rendered":"http:\/\/blogsaverroes.juntadeandalucia.es\/pre\/ceip\/?page_id=141"},"modified":"2026-04-21T11:12:41","modified_gmt":"2026-04-21T09:12:41","slug":"escolarizacion","status":"publish","type":"page","link":"https:\/\/blogsaverroes.juntadeandalucia.es\/iesluzdelmar\/secretaria\/escolarizacion\/","title":{"rendered":"Admisi\u00f3n para el curso 2026\/2027"},"content":{"rendered":"<p><img loading=\"lazy\" decoding=\"async\" class=\"aligncenter size-full wp-image-6387\" src=\"https:\/\/blogsaverroes.juntadeandalucia.es\/iesluzdelmar\/files\/2026\/03\/Cabecera26-27.jpg\" alt=\"\" width=\"1920\" height=\"446\" srcset=\"https:\/\/blogsaverroes.juntadeandalucia.es\/iesluzdelmar\/files\/2026\/03\/Cabecera26-27.jpg 1600w, https:\/\/blogsaverroes.juntadeandalucia.es\/iesluzdelmar\/files\/2026\/03\/Cabecera26-27-300x70.jpg 300w, https:\/\/blogsaverroes.juntadeandalucia.es\/iesluzdelmar\/files\/2026\/03\/Cabecera26-27-1024x238.jpg 1024w, https:\/\/blogsaverroes.juntadeandalucia.es\/iesluzdelmar\/files\/2026\/03\/Cabecera26-27-150x35.jpg 150w, https:\/\/blogsaverroes.juntadeandalucia.es\/iesluzdelmar\/files\/2026\/03\/Cabecera26-27-768x178.jpg 768w, https:\/\/blogsaverroes.juntadeandalucia.es\/iesluzdelmar\/files\/2026\/03\/Cabecera26-27-1536x357.jpg 1536w\" sizes=\"(max-width: 1920px) 100vw, 1920px\" \/><\/p>\n<p style=\"text-align: justify\"><strong>La Consejer\u00eda de Desarrollo Educativo y Formaci\u00f3n Profesional convoca el procedimiento de admisi\u00f3n del alumnado en los centros docentes p\u00fablicos y privados concertados para cursar las ense\u00f1anzas de segundo ciclo de Educaci\u00f3n Infantil, Educaci\u00f3n Primaria, Educaci\u00f3n Especial, Educaci\u00f3n Secundaria Obligatoria y Bachillerato para el curso escolar 2026\/27.<\/strong><\/p>\n<p style=\"text-align: justify\">Entre los d\u00edas <strong>1 al 31 de marzo<\/strong>,<strong> ambos inclusive<\/strong>, deber\u00e1n presentar su solicitud los escolares de segundo ciclo de educaci\u00f3n infantil, educaci\u00f3n primaria, educaci\u00f3n especial, <strong>educaci\u00f3n secundaria obligatoria<\/strong> <strong>y bachillerato<\/strong> que no procedan de centro adscrito al 100%, quienes deseen solicitar su admisi\u00f3n en un centro diferente al que se encuentran matriculados en la actualidad y quienes se incorporen por primera vez al sistema educativo andaluz. Tambi\u00e9n puede participar en este procedimiento el alumnado que desee cambiar de centro escolar.<\/p>\n<p style=\"text-align: justify\">La Consejer\u00eda de Desarrollo Educativo y Formaci\u00f3n Profesional pone a su disposici\u00f3n la posibilidad de realizar de dicha solicitud de forma telem\u00e1tica, pueden acceder a cada sitio haciendo clic en las im\u00e1genes a partir del d\u00eda 01 de marzo de 2026:<a href=\"https:\/\/www.juntadeandalucia.es\/educacion\/secretariavirtual\/accesoTramite\/543\/\"><img loading=\"lazy\" decoding=\"async\" class=\"aligncenter wp-image-4354 size-full\" src=\"https:\/\/blogsaverroes.juntadeandalucia.es\/iesluzdelmar\/files\/2021\/03\/Secretar\u00eda-virtual.png\" alt=\"Acceso a Secretar\u00eda Virtual de los Centros\" width=\"1600\" height=\"126\" srcset=\"https:\/\/blogsaverroes.juntadeandalucia.es\/iesluzdelmar\/files\/2021\/03\/Secretar\u00eda-virtual.png 1600w, https:\/\/blogsaverroes.juntadeandalucia.es\/iesluzdelmar\/files\/2021\/03\/Secretar\u00eda-virtual-300x24.png 300w, https:\/\/blogsaverroes.juntadeandalucia.es\/iesluzdelmar\/files\/2021\/03\/Secretar\u00eda-virtual-1024x81.png 1024w, https:\/\/blogsaverroes.juntadeandalucia.es\/iesluzdelmar\/files\/2021\/03\/Secretar\u00eda-virtual-768x61.png 768w, https:\/\/blogsaverroes.juntadeandalucia.es\/iesluzdelmar\/files\/2021\/03\/Secretar\u00eda-virtual-1536x121.png 1536w\" sizes=\"(max-width: 1600px) 100vw, 1600px\" \/><\/a><\/p>\n<p style=\"text-align: justify\">En ella podr\u00e1 realizar y entregar la solicitud de forma telem\u00e1tica utilizando su clave iANDe (puede solicitarla en su centro educativo) o su cl@ve (pin o permanente)<\/p>\n<p><a href=\"https:\/\/www.juntadeandalucia.es\/educacion\/secretariavirtual\/autenticacion\/autenticacioniANDE\/\" target=\"_blank\" rel=\"noopener noreferrer\"><img loading=\"lazy\" decoding=\"async\" class=\"aligncenter wp-image-4355 size-full\" src=\"https:\/\/blogsaverroes.juntadeandalucia.es\/iesluzdelmar\/files\/2021\/03\/iande.png\" alt=\"\" width=\"1431\" height=\"145\" srcset=\"https:\/\/blogsaverroes.juntadeandalucia.es\/iesluzdelmar\/files\/2021\/03\/iande.png 1431w, https:\/\/blogsaverroes.juntadeandalucia.es\/iesluzdelmar\/files\/2021\/03\/iande-300x30.png 300w, https:\/\/blogsaverroes.juntadeandalucia.es\/iesluzdelmar\/files\/2021\/03\/iande-1024x104.png 1024w, https:\/\/blogsaverroes.juntadeandalucia.es\/iesluzdelmar\/files\/2021\/03\/iande-768x78.png 768w\" sizes=\"(max-width: 1431px) 100vw, 1431px\" \/><\/a><\/p>\n<p><a href=\"https:\/\/www.juntadeandalucia.es\/educacion\/secretariavirtual\/accesoTramite\/543\/\" target=\"_blank\" rel=\"noopener noreferrer\"><img loading=\"lazy\" decoding=\"async\" class=\"aligncenter wp-image-4356 size-full\" src=\"https:\/\/blogsaverroes.juntadeandalucia.es\/iesluzdelmar\/files\/2021\/03\/cl@ve.png\" alt=\"\" width=\"1427\" height=\"129\" srcset=\"https:\/\/blogsaverroes.juntadeandalucia.es\/iesluzdelmar\/files\/2021\/03\/cl@ve.png 1427w, https:\/\/blogsaverroes.juntadeandalucia.es\/iesluzdelmar\/files\/2021\/03\/cl@ve-300x27.png 300w, https:\/\/blogsaverroes.juntadeandalucia.es\/iesluzdelmar\/files\/2021\/03\/cl@ve-1024x93.png 1024w, https:\/\/blogsaverroes.juntadeandalucia.es\/iesluzdelmar\/files\/2021\/03\/cl@ve-768x69.png 768w\" sizes=\"(max-width: 1427px) 100vw, 1427px\" \/><\/a><\/p>\n<p><a href=\"https:\/\/www.juntadeandalucia.es\/educacion\/secretariavirtual\/accesoTramite\/543\/\" target=\"_blank\" rel=\"noopener noreferrer\"><img loading=\"lazy\" decoding=\"async\" class=\"aligncenter wp-image-5865 size-full\" src=\"https:\/\/blogsaverroes.juntadeandalucia.es\/iesluzdelmar\/files\/2024\/03\/DNI-e1709291502741.png\" alt=\"\" width=\"1392\" height=\"140\" srcset=\"https:\/\/blogsaverroes.juntadeandalucia.es\/iesluzdelmar\/files\/2024\/03\/DNI-e1709291502741.png 1392w, https:\/\/blogsaverroes.juntadeandalucia.es\/iesluzdelmar\/files\/2024\/03\/DNI-e1709291502741-300x30.png 300w, https:\/\/blogsaverroes.juntadeandalucia.es\/iesluzdelmar\/files\/2024\/03\/DNI-e1709291502741-1024x103.png 1024w, https:\/\/blogsaverroes.juntadeandalucia.es\/iesluzdelmar\/files\/2024\/03\/DNI-e1709291502741-150x15.png 150w, https:\/\/blogsaverroes.juntadeandalucia.es\/iesluzdelmar\/files\/2024\/03\/DNI-e1709291502741-768x77.png 768w\" sizes=\"(max-width: 1392px) 100vw, 1392px\" \/><\/a><\/p>\n<p style=\"text-align: justify\"><strong>Tambi\u00e9n puede acceder a la Secretar\u00eda Virtual a trav\u00e9s de iPasen.<\/strong><\/p>\n<p style=\"text-align: justify\"><strong>Si no dispone de iPasen, claves ni de certificado digital en su ordenador, puede descargar el documento pdf&nbsp; que encontrar\u00e1 en los \u00abdocumentos de inter\u00e9s\u00bb un poco m\u00e1s abajo.<\/strong> Una vez relleno, lo debe imprimir, firmar y presentar preferentemente en el centro solicitado.<\/p>\n<p style=\"text-align: justify\">Para m\u00e1s informaci\u00f3n pueden consultar la p\u00e1gina de la Consejer\u00eda de Educaci\u00f3n en el siguiente<a href=\"https:\/\/www.juntadeandalucia.es\/educacion\/portales\/es\/web\/escolarizacion\/infantil-a-bachillerato\" target=\"_blank\" rel=\"noopener noreferrer\"> enlace.<\/a><\/p>\n<p style=\"text-align: justify\">Tambi\u00e9n contin\u00faa publicada, con nuevas mejoras, la aplicaci\u00f3n iEscolariza para smartphones que permite realizar consultas de centros as\u00ed como de los puntos del baremo por domicilio.<\/p>\n<p style=\"text-align: justify\">En el tabl\u00f3n de anuncios del centro al que desee optar, puede consultar toda la informaci\u00f3n referente al procedimiento. Ya se encuentra publicada la oferta educativa (relaci\u00f3n de plazas vacantes, adscripciones y servicios del centro), la normativa de aplicaci\u00f3n, as\u00ed como la informaci\u00f3n sobre las direcciones catastrales comprendidas en sus \u00e1reas de influencia y \u00e1reas lim\u00edtrofes.<\/p>\n<p style=\"text-align: justify\">En esta p\u00e1gina puede descargar los siguientes <strong><span style=\"font-size: 12pt\">documentos de inter\u00e9s<\/span><\/strong><span style=\"font-size: 12pt\"> y le proporcionaremos los enlaces para que pueda hacer un seguimiento del proceso de admisi\u00f3n de su hija o hijo<\/span><span style=\"font-size: 12pt\">:<\/span><\/p>\n<ul>\n<li style=\"text-align: justify\"><span style=\"font-size: 12pt\"><strong>Solicitud<\/strong> <\/span>de admisi\u00f3n en pdf: <a href=\"https:\/\/blogsaverroes.juntadeandalucia.es\/iesluzdelmar\/files\/2026\/03\/Anexo-III_26_27.pdf\">Anexo III<\/a><\/li>\n<li>Zonas de influencia de nuestro centro:&nbsp;\n<ul>\n<li><a title=\"Callejero del \u00e1rea de influencia\" href=\"https:\/\/blogsaverroes.juntadeandalucia.es\/iesluzdelmar\/files\/2026\/03\/Callejero_26.pdf\" target=\"_blank\" rel=\"noopener noreferrer\">Callejero del \u00e1rea de influencia<\/a>.&nbsp; &nbsp; &nbsp; &nbsp; &nbsp;&nbsp;<\/li>\n<li><a title=\"Mapa del \u00e1rea de influencia\" href=\"https:\/\/blogsaverroes.juntadeandalucia.es\/iesluzdelmar\/files\/2026\/03\/Mapa-de-influencia_26.pdf\" target=\"_blank\" rel=\"noopener noreferrer\">Mapa del \u00e1rea de influencia<\/a>.<\/li>\n<\/ul>\n<\/li>\n<li>Criterios de Puntuaci\u00f3n:<\/li>\n<\/ul>\n<div style=\"width: 843px;\" class=\"wp-video\"><!--[if lt IE 9]><script>document.createElement('video');<\/script><![endif]-->\n<video class=\"wp-video-shortcode\" id=\"video-141-1\" width=\"843\" height=\"474\" preload=\"metadata\" controls=\"controls\"><source type=\"video\/mp4\" src=\"https:\/\/blogsaverroes.juntadeandalucia.es\/iesluzdelmar\/files\/2026\/03\/Criterios26.mp4?_=1\" \/><a href=\"https:\/\/blogsaverroes.juntadeandalucia.es\/iesluzdelmar\/files\/2026\/03\/Criterios26.mp4\">https:\/\/blogsaverroes.juntadeandalucia.es\/iesluzdelmar\/files\/2026\/03\/Criterios26.mp4<\/a><\/video><\/div>\n<p>&nbsp;<\/p>\n<ul>\n<li><a href=\"https:\/\/www.juntadeandalucia.es\/educacion\/portales\/es\/web\/escolarizacion\/infantil-a-bachillerato\/preguntas-frecuentes\" target=\"_blank\" rel=\"noopener noreferrer\">Preguntas frecuentes.<\/a><\/li>\n<li><span style=\"font-size: 24pt;color: #0000ff\"><span style=\"font-size: 12pt\"><a style=\"color: #0000ff\" href=\"https:\/\/www.juntadeandalucia.es\/educacion\/secretariavirtual\/accesoConsultas\/1689\/\">Consulta del baremo<\/a>.<\/span><a style=\"color: #0000ff\" href=\"https:\/\/www.juntadeandalucia.es\/educacion\/secretariavirtual\/autenticacion\/autenticacioniANDE\/\"><img loading=\"lazy\" decoding=\"async\" class=\"wp-image-4440 alignnone\" src=\"https:\/\/blogsaverroes.juntadeandalucia.es\/iesluzdelmar\/files\/2021\/04\/Acceder.png\" alt=\"\" width=\"62\" height=\"22\"><\/a> <\/span>(Disponible a partir del 20 de abril)<\/li>\n<li><a href=\"https:\/\/www.youtube.com\/live\/rkx9vUSFAaE?feature=shared\">El resultado del sorteo p\u00fablico al que se refiere el art\u00edculo 30 del decreto 21\/2020, de 17 de febrero.<\/a> (Disponible a partir del 13 de mayo)<\/li>\n<li><span style=\"font-size: 12pt\"><span style=\"color: #000000\"><a style=\"color: #000000\" href=\"https:\/\/www.juntadeandalucia.es\/educacion\/secretariavirtual\/autenticacion\/autenticacioniANDE\/\"><span style=\"color: #0000ff\">Consulta de admitidos<\/span> <\/a>e<\/span>n la re<\/span>soluci\u00f3n de admisi\u00f3n.<a href=\"https:\/\/www.juntadeandalucia.es\/educacion\/secretariavirtual\/autenticacion\/autenticacioniANDE\/\"><img loading=\"lazy\" decoding=\"async\" class=\"alignnone wp-image-4440\" src=\"https:\/\/blogsaverroes.juntadeandalucia.es\/iesluzdelmar\/files\/2021\/04\/Acceder.png\" alt=\"\" width=\"82\" height=\"29\"><\/a> (Disponible a partir del 14 de mayo)<\/li>\n<li><span style=\"text-decoration: underline;color: #0000ff\"><span style=\"font-size: 12pt\"><a style=\"text-decoration: underline;color: #0000ff\" href=\"https:\/\/www.juntadeandalucia.es\/educacion\/secretariavirtual\/autenticacion\/autenticacioniANDE\/\">Consulta de adjudicaci\u00f3n y reubicaci\u00f3n<\/a> <\/span><\/span>de plazas del alumnado no admitido inicialmente.<a href=\"https:\/\/www.juntadeandalucia.es\/educacion\/secretariavirtual\/autenticacion\/autenticacioniANDE\/\"><img loading=\"lazy\" decoding=\"async\" class=\"alignnone wp-image-4440\" src=\"https:\/\/blogsaverroes.juntadeandalucia.es\/iesluzdelmar\/files\/2021\/04\/Acceder.png\" alt=\"\" width=\"82\" height=\"29\"><\/a>(Disponible a partir del 25 de mayo)<\/li>\n<li>\n<h2><span style=\"font-size: 18pt\"><strong>Calendario<\/strong>:<\/span><\/h2>\n<\/li>\n<\/ul>\n<p>En este calendario se ir\u00e1 resaltando la fase en la que se encuentra el procedimiento.<\/p>\n<table class=\" aligncenter\" style=\"height: 100%;width: 97.0031%\">\n<tbody>\n<tr style=\"height: 48px;background-color: #164c64\">\n<td style=\"width: 70.4044%;text-align: justify;height: 48px\"><span style=\"color: #000000\">Plazo de presentaci\u00f3n de solicitudes de admisi\u00f3n<\/span><\/td>\n<td style=\"width: 125.165%;height: 48px\"><span style=\"color: #000000\">Del 1 al 31 de marzo de 2026, ambos inclusive (ampliado al 07 de abril)<\/span><\/td>\n<\/tr>\n<tr style=\"height: 48px\">\n<td style=\"width: 70.4044%;text-align: justify;height: 48px\"><span style=\"color: #000000\">Subsanaci\u00f3n de solicitudes<\/span><\/td>\n<td style=\"width: 125.165%;height: 48px\"><span style=\"color: #000000\">Diez d\u00edas h\u00e1biles desde el requerimiento<\/span><\/td>\n<\/tr>\n<tr style=\"height: 24px;background-color: #164c64\">\n<td style=\"width: 70.4044%;text-align: justify;height: 24px\"><strong><span style=\"color: #000000\">Publicaci\u00f3n de la relaci\u00f3n de personas solicitantes y de la lista baremada<\/span><\/strong><\/td>\n<td style=\"width: 125.165%;height: 24px\"><strong><span style=\"color: #000000\">20 de abril de 2026<\/span><\/strong><\/td>\n<\/tr>\n<tr style=\"height: 48px\">\n<td style=\"width: 70.4044%;text-align: justify;height: 48px\"><strong><span style=\"color: #000000\">Tr\u00e1mite de audiencia (previa petici\u00f3n escrita seg\u00fan Anexo C)<\/span><\/strong><\/td>\n<td style=\"width: 125.165%;height: 48px\"><strong><span style=\"color: #000000\">Desde el 21 de abril al 07 de mayo de 2026 (10 d\u00edas lectivos)<\/span><\/strong><\/td>\n<\/tr>\n<tr style=\"height: 48px;background-color: #164c64\">\n<td style=\"width: 70.4044%;text-align: justify;height: 48px\"><span style=\"color: #000000\">Sorteo p\u00fablico al que se refiere el art\u00edculo 30 del decreto 21\/2020, de 17 de febrero<\/span><\/td>\n<td style=\"width: 125.165%;height: 48px\"><span style=\"color: #000000\">13 de mayo de 2026<\/span><\/td>\n<\/tr>\n<tr style=\"height: 24px\">\n<td style=\"width: 70.4044%;text-align: justify;height: 24px\"><span style=\"color: #000000\">Publicaci\u00f3n de las resoluciones de admisi\u00f3n del alumnado<\/span><\/td>\n<td style=\"width: 125.165%;height: 24px\"><span style=\"color: #000000\">14 de mayo de 2026<\/span><\/td>\n<\/tr>\n<tr style=\"height: 48px;background-color: #164c64\">\n<td style=\"width: 70.4044%;text-align: justify;height: 48px\"><span style=\"color: #000000\">Publicaci\u00f3n de la adjudicaci\u00f3n de plaza escolar al alumnado no admitido en el centro elegido como prioritario (reubicaci\u00f3n)<\/span><\/td>\n<td style=\"width: 125.165%;height: 48px\"><span style=\"color: #000000\">25 de mayo de 2026<\/span><\/td>\n<\/tr>\n<tr style=\"height: 48px\">\n<td style=\"width: 70.4044%;text-align: justify;height: 48px\"><span style=\"color: #000000\">Plazo para interponer recursos de alzada y reclamaciones<\/span><\/td>\n<td style=\"width: 125.165%;height: 48px\"><span style=\"color: #000000\">Del 26 de mayo al 26 de junio de 2026<\/span><\/td>\n<\/tr>\n<tr style=\"background-color: #164c64\">\n<td style=\"width: 70.4044%;height: 48px\"><span style=\"color: #000000\">Plazo de matriculaci\u00f3n del alumnado en segundo ciclo de educaci\u00f3n infantil, educaci\u00f3n primaria.<\/span><\/td>\n<td style=\"width: 125.165%;height: 48px\"><span style=\"color: #000000\">Del 1 al 8 de junio de 2026,<\/span><br \/>\n<span style=\"color: #000000\">ambos inclusive<\/span><\/td>\n<\/tr>\n<tr style=\"background-color: #164c64\">\n<td style=\"width: 70.4044%;height: 48px\"><span style=\"color: #000000\">Plazo de matriculaci\u00f3n del alumnado en educaci\u00f3n secundaria obligatoria, educaci\u00f3n especial y bachillerato.<\/span><\/td>\n<td style=\"width: 125.165%;height: 48px\"><span style=\"color: #000000\">Del 1 al 10 de julio de 2026, ambos inclusive<\/span><\/td>\n<\/tr>\n<\/tbody>\n<\/table>\n<ul>\n<li>\n<h2><strong>Normativa:<\/strong><\/h2>\n<ul>\n<li style=\"text-align: justify\"><a href=\"https:\/\/www.juntadeandalucia.es\/educacion\/portales\/documents\/270701\/3360816\/Instrucciones%20escolarizaci%C3%B3n%202026-2027.pdf\/510b87f0-49ee-ccde-19ce-d6690cc84e89?version=1.0\">Instrucciones de 23 de febrero de 2026<\/a>, de la viceconsejer\u00eda, sobre los procedimientos de admisi\u00f3n y matriculaci\u00f3n del alumnado en los centros docentes sostenidos con fondos p\u00fablicos para el curso escolar 2026\/27.<\/li>\n<li style=\"text-align: justify\"><a href=\"https:\/\/www.juntadeandalucia.es\/educacion\/portales\/documents\/270701\/3360816\/Resoluci%C3%B3n%2011%20de%20febrero%20de%202026%20Infantil%20a%20Bachillerato.pdf\/a887f65d-042e-955c-c581-205fa4af19b5?version=1.0\">Resoluci\u00f3n de 11 de febrero de 2026<\/a>, de la direcci\u00f3n general de planificaci\u00f3n, centros y ense\u00f1anza concertada, por la que se publica el listado de institutos de educaci\u00f3n secundaria en los que tendr\u00e1 prioridad en la admisi\u00f3n el alumnado que curse simult\u00e1neamente educaci\u00f3n secundaria obligatoria y ense\u00f1anzas profesionales de m\u00fasica y danza o el que siga programas deportivos incluidos en los niveles del deporte de rendimiento en Andaluc\u00eda, sea deportista de alto nivel o alto rendimiento, o disponga de licencia deportiva de una sociedad an\u00f3nima deportiva andaluza que compita en la m\u00e1xima categor\u00eda nacional, para el curso escolar 2026\/2027.<\/li>\n<li><a href=\"https:\/\/www.juntadeandalucia.es\/boja\/2026\/20\/43\">Correcci\u00f3n de errores de la Resoluci\u00f3n de 19 de enero de 2026<\/a>, de la Direcci\u00f3n General de Planificaci\u00f3n, Centros y Ense\u00f1anza Concertada, por la que se establece el calendario de actuaciones del procedimiento ordinario de admisi\u00f3n del alumnado en los centros docentes p\u00fablicos y privados concertados para cursar las ense\u00f1anzas de segundo ciclo de educaci\u00f3n infantil, educaci\u00f3n primaria, educaci\u00f3n especial, educaci\u00f3n secundaria obligatoria y bachillerato para el curso escolar 2026\/27 publicadoa en BOJA 16, de 26\/01\/2026 (BOJA n\u00fam. 20, de 30\/01\/2026)<\/li>\n<li><a href=\"https:\/\/www.juntadeandalucia.es\/boja\/2026\/21\/25\">Resoluci\u00f3n de 27 de enero de 2026<\/a>, de la Direcci\u00f3n General de Planificaci\u00f3n, Centros y Ense\u00f1anza Concertada, por la que se establece la ratio por unidad en el procedimiento de admisi\u00f3n del primer curso del segundo ciclo de educaci\u00f3n infantil (tres a\u00f1os) en los centros educativos sostenidos con fondos p\u00fablicos en el curso escolar 2026\/2027.<\/li>\n<li style=\"text-align: justify\"><a href=\"https:\/\/www.juntadeandalucia.es\/boja\/2026\/16\/55\">Resoluci\u00f3n de 19 de enero de 2026<\/a>, de la Direcci\u00f3n General de Planificaci\u00f3n, Centros y Ense\u00f1anza Concertada, por la que se establece la ratio por unidad en el procedimiento de admisi\u00f3n del primer curso del segundo ciclo de educaci\u00f3n infantil (tres a\u00f1os) en los centros educativos sostenidos con fondos p\u00fablicos en el curso escolar 2026\/2027 (BOJA 16, de 26\/01\/2026).<\/li>\n<li><a href=\"https:\/\/www.juntadeandalucia.es\/boja\/2026\/9\/1\">Orden de 11 de enero de 2026<\/a>, por la que se modifica el apartado 2 del art\u00edculo 4 &nbsp;de la Orden de 20 de febrero de 2020, que desarrolla el procedimiento de admisi\u00f3n del alumnado en los centros docentes p\u00fablicos y privados concertados para cursar las ense\u00f1anzas de segundo ciclo de Educaci\u00f3n Infantil, Educaci\u00f3n Primaria, Educaci\u00f3n Especial, Educaci\u00f3n Secundaria Obligatoria y Bachillerato.<\/li>\n<li><a href=\"https:\/\/www.juntadeandalucia.es\/educacion\/portales\/documents\/270701\/669539\/BOJA24-033-00031-40798-01_00297068.pdf\/b9adf4b3-6070-c9ea-54a1-fa29ca6c18ec?version=1.0\">Resoluci\u00f3n de 9 de febrero de 2024<\/a>, de la Direcci\u00f3n General de Planificaci\u00f3n, Centros y Ense\u00f1anza Concertada, por la que se aprueba la modificaci\u00f3n de los anexos de la Orden de 20 de febrero de 2020, por la que se desarrolla el procedimiento de admisi\u00f3n del alumnado en los centros docentes p\u00fablicos y privados concertados para cursar las ense\u00f1anzas de segundo ciclo de educaci\u00f3n infantil, educaci\u00f3n primaria, educaci\u00f3n especial, educaci\u00f3n secundaria obligatoria y bachillerato.<\/li>\n<li><a href=\"https:\/\/blogsaverroes.juntadeandalucia.es\/iesluzdelmar\/files\/2021\/03\/BOJA21-514-00023-1756-01_00185685.pdf\" target=\"_blank\" rel=\"noopener noreferrer\">Decreto-ley 2\/2021. de 2 de febrero<\/a>, por el que se modifican, con car\u00e1cter urgente, la normativa de admisi\u00f3n del alumnado en los centros docentes p\u00fablicos y privados concertados de la Comunidad Aut\u00f3noma de Andaluc\u00eda y otras disposiciones normativas, y se regulan los estudios con finalidad de diagn\u00f3stico o de detecci\u00f3n precoz o de detecci\u00f3n de casos de infecci\u00f3n activa (cribados) dentro de la Comunidad Aut\u00f3noma de Andaluc\u00eda. (BOJA Extraordinario 14, de 5\/02\/2021)<\/li>\n<li style=\"text-align: justify\"><a href=\"https:\/\/juntadeandalucia.es\/boja\/2020\/503\/BOJA20-503-00045-3038-01_00170469.pdf\" target=\"_blank\" rel=\"noopener noreferrer\">Orden de 20 de Febrero de 2020<\/a> por la que se desarrolla el procedimiento de admisi\u00f3n del alumnado en los centros docentes p\u00fablicos y privados concertados para cursar las ense\u00f1anzas de segundo ciclo de educaci\u00f3n infantil, educaci\u00f3n primaria, educaci\u00f3n especial, educaci\u00f3n secundaria obligatoria y bachillerato (BOJA Extraordinario 3, de 29\/02\/2020).<\/li>\n<li style=\"text-align: justify\"><a href=\"https:\/\/www.juntadeandalucia.es\/eboja\/2020\/34\/BOJA20-034-00029-2534-01_00169991.pdf\" target=\"_blank\" rel=\"noopener noreferrer\">Decreto 21\/2020, de 17 de febrero<\/a>, por el que se regulan los criterios y el procedimiento de admisi\u00f3n del alumnado en los centros docentes p\u00fablicos y privados concertados para cursar las ense\u00f1anzas de segundo ciclo de educaci\u00f3n infantil, educaci\u00f3n primaria, educaci\u00f3n especial, educaci\u00f3n secundaria obligatoria y bachillerato (BOJA 34, de 19\/02\/2020).<\/li>\n<\/ul>\n<\/li>\n<\/ul>\n<p style=\"padding-left: 40px\">El c\u00f3digo del centro IES Luz Del Mar es <strong>04006689<\/strong><a href=\"https:\/\/blogsaverroes.juntadeandalucia.es\/iesluzdelmar\/files\/2020\/06\/Adjudicaci\u00f3n.png\"><br \/>\n<img loading=\"lazy\" decoding=\"async\" class=\"aligncenter wp-image-4019\" src=\"https:\/\/blogsaverroes.juntadeandalucia.es\/iesluzdelmar\/files\/2020\/06\/Adjudicaci\u00f3n-1024x578.png\" alt=\"\" width=\"872\" height=\"493\" srcset=\"https:\/\/blogsaverroes.juntadeandalucia.es\/iesluzdelmar\/files\/2020\/06\/Adjudicaci\u00f3n-1024x578.png 1024w, https:\/\/blogsaverroes.juntadeandalucia.es\/iesluzdelmar\/files\/2020\/06\/Adjudicaci\u00f3n-300x169.png 300w, https:\/\/blogsaverroes.juntadeandalucia.es\/iesluzdelmar\/files\/2020\/06\/Adjudicaci\u00f3n-768x434.png 768w, https:\/\/blogsaverroes.juntadeandalucia.es\/iesluzdelmar\/files\/2020\/06\/Adjudicaci\u00f3n-24x14.png 24w, https:\/\/blogsaverroes.juntadeandalucia.es\/iesluzdelmar\/files\/2020\/06\/Adjudicaci\u00f3n-36x20.png 36w, https:\/\/blogsaverroes.juntadeandalucia.es\/iesluzdelmar\/files\/2020\/06\/Adjudicaci\u00f3n-48x27.png 48w, https:\/\/blogsaverroes.juntadeandalucia.es\/iesluzdelmar\/files\/2020\/06\/Adjudicaci\u00f3n.png 1167w\" sizes=\"(max-width: 872px) 100vw, 872px\" \/><\/a><\/p>\n<p>&nbsp;<\/p>\n","protected":false},"excerpt":{"rendered":"<p>La Consejer\u00eda de Desarrollo Educativo y Formaci\u00f3n Profesional convoca el procedimiento de admisi\u00f3n del alumnado en los centros docentes p\u00fablicos y privados concertados para cursar&hellip;<\/p>\n","protected":false},"author":1,"featured_media":6387,"parent":77,"menu_order":0,"comment_status":"closed","ping_status":"open","template":"","meta":{"ngg_post_thumbnail":0,"footnotes":"","_mc_calendar":[]},"aioseo_notices":[],"_links":{"self":[{"href":"https:\/\/blogsaverroes.juntadeandalucia.es\/iesluzdelmar\/wp-json\/wp\/v2\/pages\/141"}],"collection":[{"href":"https:\/\/blogsaverroes.juntadeandalucia.es\/iesluzdelmar\/wp-json\/wp\/v2\/pages"}],"about":[{"href":"https:\/\/blogsaverroes.juntadeandalucia.es\/iesluzdelmar\/wp-json\/wp\/v2\/types\/page"}],"author":[{"embeddable":true,"href":"https:\/\/blogsaverroes.juntadeandalucia.es\/iesluzdelmar\/wp-json\/wp\/v2\/users\/1"}],"replies":[{"embeddable":true,"href":"https:\/\/blogsaverroes.juntadeandalucia.es\/iesluzdelmar\/wp-json\/wp\/v2\/comments?post=141"}],"version-history":[{"count":139,"href":"https:\/\/blogsaverroes.juntadeandalucia.es\/iesluzdelmar\/wp-json\/wp\/v2\/pages\/141\/revisions"}],"predecessor-version":[{"id":6427,"href":"https:\/\/blogsaverroes.juntadeandalucia.es\/iesluzdelmar\/wp-json\/wp\/v2\/pages\/141\/revisions\/6427"}],"up":[{"embeddable":true,"href":"https:\/\/blogsaverroes.juntadeandalucia.es\/iesluzdelmar\/wp-json\/wp\/v2\/pages\/77"}],"wp:featuredmedia":[{"embeddable":true,"href":"https:\/\/blogsaverroes.juntadeandalucia.es\/iesluzdelmar\/wp-json\/wp\/v2\/media\/6387"}],"wp:attachment":[{"href":"https:\/\/blogsaverroes.juntadeandalucia.es\/iesluzdelmar\/wp-json\/wp\/v2\/media?parent=141"}],"curies":[{"name":"wp","href":"https:\/\/api.w.org\/{rel}","templated":true}]}}