{"id":153,"date":"2023-12-09T12:30:56","date_gmt":"2023-12-09T11:30:56","guid":{"rendered":"http:\/\/blogsaverroes.juntadeandalucia.es\/pre\/ceip\/?page_id=153"},"modified":"2024-12-26T13:37:11","modified_gmt":"2024-12-26T12:37:11","slug":"geografia-e-historia","status":"publish","type":"page","link":"https:\/\/blogsaverroes.juntadeandalucia.es\/iesluzdelmar\/geografia-e-historia\/","title":{"rendered":"Geograf\u00eda e Historia"},"content":{"rendered":"<p><img loading=\"lazy\" decoding=\"async\" class=\"aligncenter size-full wp-image-4801\" src=\"https:\/\/blogsaverroes.juntadeandalucia.es\/iesluzdelmar\/files\/2021\/12\/GH.jpg\" alt=\"\" width=\"1199\" height=\"216\" srcset=\"https:\/\/blogsaverroes.juntadeandalucia.es\/iesluzdelmar\/files\/2021\/12\/GH.jpg 1199w, https:\/\/blogsaverroes.juntadeandalucia.es\/iesluzdelmar\/files\/2021\/12\/GH-300x54.jpg 300w, https:\/\/blogsaverroes.juntadeandalucia.es\/iesluzdelmar\/files\/2021\/12\/GH-1024x184.jpg 1024w, https:\/\/blogsaverroes.juntadeandalucia.es\/iesluzdelmar\/files\/2021\/12\/GH-768x138.jpg 768w\" sizes=\"(max-width: 1199px) 100vw, 1199px\" \/><\/p>\n<p style=\"text-align: justify\"><span style=\"font-family: sans-serif\"><span style=\"font-size: medium\">El conocimiento de la sociedad, su organizaci\u00f3n y funcionamiento a lo largo del tiempo es esencial para poder entender el mundo actual. Conocer el espacio donde se desarrollan las sociedades, los recursos naturales y el uso que se ha dado a \u00e9stos, nos aporta datos sobre el pasado y nos permiten vislumbrar algunos de los problemas del futuro. <\/span><\/span><\/p>\n<p style=\"text-align: justify\"><span style=\"font-family: sans-serif\"><span style=\"font-size: medium\">Las disciplinas de la Geograf\u00eda y la Historia son dos importantes ejes vertebradores para el conocimiento de la sociedad, ya que contemplan la realidad humana y social desde una perspectiva global e integradora y ofrecen una mayor capacidad para la estructuraci\u00f3n de los hechos sociales; no obstante la sociedad actual, cada vez m\u00e1s compleja, requiere de la intervenci\u00f3n de otras disciplinas como la Econom\u00eda, Sociolog\u00eda, Ecolog\u00eda o Historia del Arte, que aportan an\u00e1lisis diferentes y complementarios, para la mejor comprensi\u00f3n de la realidad social.<\/span><\/span><\/p>\n<h2><span style=\"font-family: 'arial black', sans-serif\"><a href=\"https:\/\/blogsaverroes.juntadeandalucia.es\/iesluzdelmar\/files\/2024\/12\/GEOGRAFIA-E-HISTORIA_24-25.pdf\">Programaci\u00f3n curso 2024\/2025<\/a><\/span><\/h2>\n","protected":false},"excerpt":{"rendered":"<p>El conocimiento de la sociedad, su organizaci\u00f3n y funcionamiento a lo largo del tiempo es esencial para poder entender el mundo actual. Conocer el espacio&hellip;<\/p>\n","protected":false},"author":1,"featured_media":0,"parent":0,"menu_order":0,"comment_status":"closed","ping_status":"open","template":"page-c.php","meta":{"ngg_post_thumbnail":0,"footnotes":"","_mc_calendar":[]},"aioseo_notices":[],"_links":{"self":[{"href":"https:\/\/blogsaverroes.juntadeandalucia.es\/iesluzdelmar\/wp-json\/wp\/v2\/pages\/153"}],"collection":[{"href":"https:\/\/blogsaverroes.juntadeandalucia.es\/iesluzdelmar\/wp-json\/wp\/v2\/pages"}],"about":[{"href":"https:\/\/blogsaverroes.juntadeandalucia.es\/iesluzdelmar\/wp-json\/wp\/v2\/types\/page"}],"author":[{"embeddable":true,"href":"https:\/\/blogsaverroes.juntadeandalucia.es\/iesluzdelmar\/wp-json\/wp\/v2\/users\/1"}],"replies":[{"embeddable":true,"href":"https:\/\/blogsaverroes.juntadeandalucia.es\/iesluzdelmar\/wp-json\/wp\/v2\/comments?post=153"}],"version-history":[{"count":11,"href":"https:\/\/blogsaverroes.juntadeandalucia.es\/iesluzdelmar\/wp-json\/wp\/v2\/pages\/153\/revisions"}],"predecessor-version":[{"id":6129,"href":"https:\/\/blogsaverroes.juntadeandalucia.es\/iesluzdelmar\/wp-json\/wp\/v2\/pages\/153\/revisions\/6129"}],"wp:attachment":[{"href":"https:\/\/blogsaverroes.juntadeandalucia.es\/iesluzdelmar\/wp-json\/wp\/v2\/media?parent=153"}],"curies":[{"name":"wp","href":"https:\/\/api.w.org\/{rel}","templated":true}]}}