{"id":2517,"date":"2018-09-19T10:14:02","date_gmt":"2018-09-19T10:14:02","guid":{"rendered":"https:\/\/blogsaverroes.juntadeandalucia.es\/iesluzdelmar\/?page_id=2517"},"modified":"2025-06-06T10:55:25","modified_gmt":"2025-06-06T08:55:25","slug":"nuestra-historia","status":"publish","type":"page","link":"https:\/\/blogsaverroes.juntadeandalucia.es\/iesluzdelmar\/nuestra-historia\/","title":{"rendered":"Nuestra Historia"},"content":{"rendered":"ngg_shortcode_0_placeholderEn febrero de 2014 se comunica la apertura de una nueva secci\u00f3n del IES Fuente Nueva, comienzan las obras y se propone como Directora a la Jefa de Estudios Delegada.<br \/>\nSe nos asigna el &nbsp;CEIP Ram\u00f3n y Cajal como colegio adscrito.<\/p>\n<p>Abrimos nuestras puertas por primera vez para el curso 2014\/2015 con 83 alumnos\/as y 10 profesores\/as. S\u00f3lo dos meses despu\u00e9s, en noviembre, se crea como instituto independiente.<\/p>\n<p>El curso 2015\/2016 comienza el Plan de Biling\u00fcismo con todas las l\u00edneas biling\u00fces en 1\u00ba de ESO.<\/p>\n<p>Durante el curso 2017\/2018, la primera promoci\u00f3n llega a 4\u00ba de ESO, completando as\u00ed todos los niveles de la ESO y entra en funcionamiento el Aula Espec\u00edfica.<\/p>\n<p>En el a\u00f1o escolar 2018\/2019 se designa al CEIP Laim\u00fan como colegio adscrito al 50% para 1\u00ba de ESO y al CEIP Artero P\u00e9rez como colegio adscrito al 100% para 3\u00ba de ESO.<\/p>\n<p>&nbsp;En 2021\/2022, se completan las cuatro l\u00edneas en tod<\/p>\n<p>os los niveles de la ESO con 491 alumnos\/as y 44 profesores\/as<\/p>\nngg_shortcode_1_placeholder\n","protected":false},"excerpt":{"rendered":"<p>En febrero de 2014 se comunica la apertura de una nueva secci\u00f3n del IES Fuente Nueva, comienzan las obras y se propone como Directora a&hellip;<\/p>\n","protected":false},"author":5200,"featured_media":0,"parent":0,"menu_order":0,"comment_status":"closed","ping_status":"closed","template":"","meta":{"ngg_post_thumbnail":0,"footnotes":"","_mc_calendar":[]},"aioseo_notices":[],"_links":{"self":[{"href":"https:\/\/blogsaverroes.juntadeandalucia.es\/iesluzdelmar\/wp-json\/wp\/v2\/pages\/2517"}],"collection":[{"href":"https:\/\/blogsaverroes.juntadeandalucia.es\/iesluzdelmar\/wp-json\/wp\/v2\/pages"}],"about":[{"href":"https:\/\/blogsaverroes.juntadeandalucia.es\/iesluzdelmar\/wp-json\/wp\/v2\/types\/page"}],"author":[{"embeddable":true,"href":"https:\/\/blogsaverroes.juntadeandalucia.es\/iesluzdelmar\/wp-json\/wp\/v2\/users\/5200"}],"replies":[{"embeddable":true,"href":"https:\/\/blogsaverroes.juntadeandalucia.es\/iesluzdelmar\/wp-json\/wp\/v2\/comments?post=2517"}],"version-history":[{"count":11,"href":"https:\/\/blogsaverroes.juntadeandalucia.es\/iesluzdelmar\/wp-json\/wp\/v2\/pages\/2517\/revisions"}],"predecessor-version":[{"id":6299,"href":"https:\/\/blogsaverroes.juntadeandalucia.es\/iesluzdelmar\/wp-json\/wp\/v2\/pages\/2517\/revisions\/6299"}],"wp:attachment":[{"href":"https:\/\/blogsaverroes.juntadeandalucia.es\/iesluzdelmar\/wp-json\/wp\/v2\/media?parent=2517"}],"curies":[{"name":"wp","href":"https:\/\/api.w.org\/{rel}","templated":true}]}}