{"id":2644,"date":"2022-10-05T08:58:36","date_gmt":"2022-10-05T06:58:36","guid":{"rendered":"https:\/\/blogsaverroes.juntadeandalucia.es\/iesluzdelmar\/?page_id=2644"},"modified":"2022-11-20T17:29:46","modified_gmt":"2022-11-20T16:29:46","slug":"renovacion-del-consejo-escolar","status":"publish","type":"page","link":"https:\/\/blogsaverroes.juntadeandalucia.es\/iesluzdelmar\/renovacion-del-consejo-escolar\/","title":{"rendered":"Elecciones al Consejo Escolar  del Centro Educativo"},"content":{"rendered":"<p><img loading=\"lazy\" decoding=\"async\" class=\"aligncenter size-full wp-image-4697\" src=\"https:\/\/blogsaverroes.juntadeandalucia.es\/iesluzdelmar\/files\/2021\/10\/ELECCIONES-CONSEJO.png\" alt=\"\" width=\"724\" height=\"311\" srcset=\"https:\/\/blogsaverroes.juntadeandalucia.es\/iesluzdelmar\/files\/2021\/10\/ELECCIONES-CONSEJO.png 724w, https:\/\/blogsaverroes.juntadeandalucia.es\/iesluzdelmar\/files\/2021\/10\/ELECCIONES-CONSEJO-300x129.png 300w\" sizes=\"(max-width: 724px) 100vw, 724px\" \/><\/p>\n<p style=\"text-align: justify\"><div class=\"osc-res-tab tabbable 1 tabs-down osc-tabs-left\"><div style=\"clear:both;width: 100%;\"><ul class=\"nav osc-res-nav nav-tabs osc-tabs-left-ul\" id=\"oscitas-restabs-1-renovacion-del-consejo-escolar-55936\"><li class=\"active\"><a href=\"#ert_pane1-0\" data-toggle=\"tab\">El Consejo Escolar<\/a><\/li><li class=\"\"><a href=\"#ert_pane1-1\" data-toggle=\"tab\">Calendario Electoral<\/a><\/li><li class=\"\"><a href=\"#ert_pane1-2\" data-toggle=\"tab\">Normativa<\/a><\/li><li class=\"\"><a href=\"#ert_pane1-3\" data-toggle=\"tab\">Impresos Candidaturas<\/a><\/li><\/ul><\/div><div style=\"clear:both;width: 100%;\"><ul class=\"tab-content\" id=\"oscitas-restabcontent-1-renovacion-del-consejo-escolar-55936\"><li class=\"tab-pane active\" id=\"ert_pane1-0\">El Consejo Escolar es el \u00f3rgano colegiado de gobierno a trav\u00e9s del cual participa la comunidad educativa en el gobierno de los institutos de educaci\u00f3n secundaria.<\/p>\n<p style=\"text-align: justify\">En los institutos de educaci\u00f3n secundaria de doce o m\u00e1s unidades, como el nuestro, estar\u00e1 <strong>compuesto por<\/strong> los siguientes miembros:<br \/>\na) El director o la directora del instituto, que ostentar\u00e1 la presidencia.<br \/>\nb) El jefe o la jefa de estudios.<br \/>\nc) <strong>Ocho profesores o profesoras<\/strong>.<br \/>\nd) <strong>Cinco padres, madres o representantes legales del alumnado<\/strong>, de los que uno ser\u00e1 designado por la asociaci\u00f3n de madres y padres del alumnado con mayor n\u00famero de personas asociadas. En nuestro centro \u00fanicamente hay una asociaci\u00f3n de madres y padres, A.M.P.A 30 de Junio.<br \/>\ne) <strong>Cinco alumnos o alumnas<\/strong>.<br \/>\nf) <strong>Una persona representante del personal de administraci\u00f3n y servicios<\/strong>.<br \/>\ng) Una concejal\u00eda o persona representante del Ayuntamiento del municipio en cuyo t\u00e9rmino se halle radicado el instituto.<br \/>\nh) El secretario o la secretaria del instituto, que ejercer\u00e1 la secretar\u00eda del Consejo Escolar, con voz y sin voto.<br \/>\ni) En los IES que tengan autorizadas aulas especializadas de educaci\u00f3n especial, formar\u00e1 parte del Consejo Escolar una persona en representaci\u00f3n del personal de atenci\u00f3n educativa complementaria (en el caso de que exista una \u00fanica persona electora, \u00e9sta se integrar\u00e1 en el Consejo Escolar, siempre que esa sea su voluntad).<\/p>\n<p style=\"text-align: justify\">Una vez constituido el Consejo Escolar, se designar\u00e1 a una persona que impulse medidas educativas que fomente la igualdad real y efectiva entre hombres y mujeres. Si esta persona no es miembro del Consejo Escolar, se incorporar\u00e1 a \u00e9ste con voz pero sin voto.<\/p>\n<p>Sus <strong>competencias<\/strong> son:<\/p>\n<p style=\"padding-left: 40px;text-align: justify\">a) Aprobar y evaluar&nbsp; los proyectos y las normas a los que se refiere el cap\u00edtulo II del t\u00edtulo V de la Ley.<\/p>\n<p style=\"padding-left: 40px;text-align: justify\">b) Aprobar y evaluar la programaci\u00f3n general anual del centro, sin perjuicio de las competencias del Claustro del profesorado en relaci\u00f3n con la planificaci\u00f3n y organizaci\u00f3n docente.<\/p>\n<p style=\"padding-left: 40px;text-align: justify\">c) Conocer las candidaturas a la direcci\u00f3n y los proyectos de direcci\u00f3n presentados por las personas candidatas.<\/p>\n<p style=\"padding-left: 40px;text-align: justify\">d) Participar en la selecci\u00f3n del director o directora del centro en los t\u00e9rminos que establece la Ley establece. Ser informado del nombramiento y cese de los dem\u00e1s miembros del equipo directivo. En su caso, previo acuerdo de sus miembros, adoptado por mayor\u00eda de dos tercios, proponer la revocaci\u00f3n del nombramiento del director o directora.<\/p>\n<p style=\"padding-left: 40px;text-align: justify\">e) Decidir sobre la admisi\u00f3n del alumnado con sujeci\u00f3n a lo establecido en la Ley , y disposiciones que la desarrollen.<\/p>\n<p style=\"padding-left: 40px;text-align: justify\">f) Impulsar la adopci\u00f3n y seguimiento de medidas educativas que fomenten el reconocimiento y protecci\u00f3n de los derechos de la infancia.<\/p>\n<p style=\"padding-left: 40px;text-align: justify\">g) Proponer medidas e iniciativas que favorezcan los estilos de vida saludable, la convivencia en el centro, la igualdad efectiva de mujeres y hombres, la no discriminaci\u00f3n, la prevenci\u00f3n del acoso escolar y de la violencia de g\u00e9nero y la resoluci\u00f3n pac\u00edfica de conflictos en todos los \u00e1mbitos de la vida personal, familiar y social.<\/p>\n<p style=\"padding-left: 40px;text-align: justify\">h) Conocer las conductas contrarias a la convivencia y la aplicaci\u00f3n de las medidas educativas, de mediaci\u00f3n y correctoras velando por que se ajusten a la normativa vigente. Cuando las medidas correctoras adoptadas por el director o directora correspondan a conductas del alumnado que perjudiquen gravemente la convivencia en el centro, el Consejo Escolar, a instancia de padres, madres o tutores legales o, en su caso, del alumnado, podr\u00e1 revisar la decisi\u00f3n adoptada y proponer, en su caso, las medidas oportunas.<\/p>\n<p style=\"padding-left: 40px;text-align: justify\">i) Promover progresivamente la conservaci\u00f3n y renovaci\u00f3n de las instalaciones y equipo escolar para la mejora de la calidad y sostenibilidad y aprobar la obtenci\u00f3n de recursos complementarios de acuerdo con lo establecido en el art\u00edculo 122.3<\/p>\n<p style=\"padding-left: 40px;text-align: justify\">j) Fijar las directrices para la colaboraci\u00f3n, con fines educativos y culturales, con las Administraciones locales y con otros centros, entidades y organismos.<\/p>\n<p style=\"padding-left: 40px;text-align: justify\">k) Analizar y valorar el funcionamiento general del centro, la evoluci\u00f3n del rendimiento escolar y los resultados de las evaluaciones internas y externas en las que participe el centro.<\/p>\n<p style=\"padding-left: 40px;text-align: justify\">l) Elaborar propuestas e informes, a iniciativa propia o a petici\u00f3n de la Administraci\u00f3n competente, sobre el funcionamiento del centro y la mejora de la calidad de la gesti\u00f3n, as\u00ed como sobre aquellos otros aspectos relacionados con la calidad de la misma.<\/p>\n<p style=\"padding-left: 40px;text-align: justify\">m) Aprobar el proyecto de presupuesto del centro.<\/p>\n<p style=\"padding-left: 40px;text-align: justify\">n) Cualesquiera otras que le sean atribuidas por la Administraci\u00f3n educativa.<\/p>\n<p style=\"padding-left: 40px;text-align: justify\">Sin perjuicio de las competencias del Claustro de profesorado en relaci\u00f3n con la planificaci\u00f3n y organizaci\u00f3n docente, las decisiones que adopte el Consejo Escolar deber\u00e1n aprobarse preferiblemente por consenso. Para los casos en los que no resulte posible alcanzar dicho consenso, las Administraciones educativas regular\u00e1n las mayor\u00edas necesarias para la adopci\u00f3n de decisiones por el Consejo Escolar, a la vez que determinar\u00e1n la necesidad de aprobaci\u00f3n por mayor\u00eda cualificada de aquellas decisiones con especial incidencia en la comunidad educativa.<\/li><li class=\"tab-pane \" id=\"ert_pane1-1\"><table class=\" aligncenter\" style=\"height: 1336px;width: 77.8627%;border-collapse: collapse;border-style: none;border-color: #060329\">\n<tbody>\n<tr style=\"height: 24px\">\n<th style=\"width: 149.032%;border-style: solid;border-color: #090533;background-color: #090533;text-align: center;vertical-align: middle;height: 24px\" colspan=\"2\" scope=\"row\"><span style=\"color: #ffffff\">CALENDARIO DE ACTUACIONES<\/span><\/th>\n<\/tr>\n<tr style=\"height: 24px\">\n<td style=\"width: 78.3333%;text-align: left;vertical-align: middle;height: 24px;border-style: solid;border-color: #090533\" scope=\"row\">\n<ul style=\"list-style-type: square\">\n<li>Sorteo p\u00fablico de los componentes titulares y suplentes de la Junta Electoral.<\/li>\n<\/ul>\n<\/td>\n<td style=\"width: 70.6988%;height: 24px;text-align: left;vertical-align: middle;border-style: solid;border-color: #090533\" scope=\"row\">\n<ul style=\"list-style-type: square\">\n<li>&nbsp;<span style=\"color: #000000\">07\/10\/2022 a las 11:30 horas<\/span><\/li>\n<\/ul>\n<\/td>\n<\/tr>\n<tr style=\"height: 24px\">\n<td style=\"width: 78.3333%;background-color: #c2d4f2;text-align: left;vertical-align: middle;height: 24px;border-style: solid;border-color: #090533\" scope=\"colgroup\">\n<ul style=\"list-style-type: square\">\n<li>Constituci\u00f3n de la&nbsp; Junta Electoral.<\/li>\n<\/ul>\n<\/td>\n<td style=\"width: 70.6988%;background-color: #c2d4f2;text-align: left;vertical-align: middle;height: 24px;border-style: solid;border-color: #090533\" scope=\"colgroup\">\n<ul style=\"list-style-type: square\">\n<li><span style=\"color: #000000\">14\/10\/2022<\/span><\/li>\n<\/ul>\n<\/td>\n<\/tr>\n<tr style=\"height: 24px\">\n<td style=\"width: 78.3333%;text-align: left;vertical-align: middle;height: 24px;border-style: solid;border-color: #090533\" scope=\"colgroup\">\n<ul style=\"list-style-type: square\">\n<li>&nbsp;Publicaci\u00f3n del censo provisional de cada sector en sus respectivos tablones del centro.<\/li>\n<\/ul>\n<\/td>\n<td style=\"width: 70.6988%;text-align: left;vertical-align: middle;height: 24px;border-style: solid;border-color: #090533\" scope=\"colgroup\">\n<ul style=\"list-style-type: square\">\n<li><span style=\"color: #000000\">14\/10\/2022<\/span><\/li>\n<\/ul>\n<\/td>\n<\/tr>\n<tr style=\"height: 24px;background-color: #c2d4f2\">\n<td style=\"width: 78.3333%;text-align: left;vertical-align: middle;height: 24px;border-style: solid;border-color: #090533\" scope=\"colgroup\">\n<ul style=\"list-style-type: square\">\n<li>Plazo de reclamaci\u00f3n contra el censo electoral.<\/li>\n<\/ul>\n<\/td>\n<td style=\"width: 70.6988%;text-align: left;vertical-align: middle;height: 24px;border-style: solid;border-color: #090533\" scope=\"colgroup\">\n<ul style=\"list-style-type: square\">\n<li><span style=\"color: #000000\">Del 14\/10\/2022 al 28\/10\/2022<\/span><\/li>\n<\/ul>\n<\/td>\n<\/tr>\n<tr style=\"height: 56px\">\n<td style=\"width: 78.3333%;text-align: left;vertical-align: middle;border-style: solid;border-color: #090533;height: 56px\">\n<ul style=\"list-style-type: square\">\n<li>Plazo de admisi\u00f3n de candidaturas.<\/li>\n<\/ul>\n<\/td>\n<td style=\"width: 70.6988%;text-align: left;vertical-align: middle;border-style: solid;border-color: #090533;height: 56px\">\n<ul style=\"list-style-type: square\">\n<li>Del 20\/10\/2022 al 03\/11\/2022 (ambos inclusive)<\/li>\n<\/ul>\n<\/td>\n<\/tr>\n<tr style=\"height: 24px;background-color: #c2d4f2\">\n<td style=\"width: 78.3333%;height: 24px;border-style: solid;border-color: #090533;text-align: left;vertical-align: middle\" scope=\"colgroup\">\n<ul style=\"list-style-type: square\">\n<li>Resoluci\u00f3n y publicaci\u00f3n de las reclamaciones presentadas contra el censo electoral.<\/li>\n<\/ul>\n<\/td>\n<td style=\"width: 70.6988%;text-align: left;vertical-align: middle;height: 24px;border-style: solid;border-color: #090533\" scope=\"colgroup\">\n<ul>\n<li><span style=\"color: #000000\">29\/10\/2022<\/span><\/li>\n<\/ul>\n<\/td>\n<\/tr>\n<tr style=\"height: 56px\">\n<td style=\"width: 78.3333%;text-align: left;vertical-align: middle;border-style: solid;border-color: #090533;height: 56px\">\n<ul style=\"list-style-type: square\">\n<li>Publicaci\u00f3n de las listas provisionales de personas candidatas.<\/li>\n<\/ul>\n<\/td>\n<td style=\"width: 70.6988%;text-align: left;vertical-align: middle;border-style: solid;border-color: #090533;height: 56px\">\n<ul style=\"list-style-type: square\">\n<li>04\/11\/2022<\/li>\n<\/ul>\n<\/td>\n<\/tr>\n<tr style=\"background-color: #c2d4f2\">\n<td style=\"width: 78.3333%;text-align: left;vertical-align: middle;border-style: solid;border-color: #090533;height: 56px\">\n<ul>\n<li>Reclamaciones a las listas provisionales de personas candidatas<\/li>\n<\/ul>\n<\/td>\n<td style=\"width: 70.6988%;text-align: left;vertical-align: middle;border-style: solid;border-color: #090533;height: 56px\">\n<ul style=\"list-style-type: square\">\n<li>07\/11\/2022<\/li>\n<\/ul>\n<\/td>\n<\/tr>\n<tr style=\"height: 56px\">\n<td style=\"width: 78.3333%;text-align: left;vertical-align: middle;border-style: solid;border-color: #090533;height: 56px\">\n<ul>\n<li>Resoluci\u00f3n de las reclamaciones presentadas a las listas provisionales de personas candidatas y publicaci\u00f3n de la lista definitiva de personas candidatas.<\/li>\n<\/ul>\n<\/td>\n<td style=\"width: 70.6988%;text-align: left;vertical-align: middle;border-style: solid;border-color: #090533;height: 56px\">\n<ul style=\"list-style-type: square\">\n<li>09\/11\/2022<\/li>\n<\/ul>\n<\/td>\n<\/tr>\n<tr style=\"height: 56px;background-color: #c2d4f2\">\n<td style=\"width: 78.3333%;text-align: left;vertical-align: middle;border-style: solid;border-color: #090533;height: 56px\">\n<ul style=\"list-style-type: square\">\n<li>Campa\u00f1a Electoral.<\/li>\n<\/ul>\n<\/td>\n<td style=\"width: 70.6988%;text-align: left;vertical-align: middle;border-style: solid;border-color: #090533;height: 56px\">\n<ul style=\"list-style-type: square\">\n<li>Desde el 10\/11\/2022 hasta el 18\/11\/2022 (ambos inclusive)<\/li>\n<\/ul>\n<\/td>\n<\/tr>\n<tr style=\"height: 104px\">\n<td style=\"width: 78.3333%;text-align: left;vertical-align: middle;border-style: solid;border-color: #090533;height: 104px\">\n<ul style=\"list-style-type: square\">\n<li>Sorteo para determinar los miembros de las mesas electorales (sector de padres y madres de alumnos\/as y sector del alumnado)<\/li>\n<\/ul>\n<\/td>\n<td style=\"width: 70.6988%;text-align: left;vertical-align: middle;border-style: solid;border-color: #090533;height: 104px\">\n<ul>\n<li><span style=\"color: #000000\">15\/11\/2022 a las 14:15 horas<\/span><\/li>\n<\/ul>\n<\/td>\n<\/tr>\n<tr style=\"background-color: #c2d4f2\">\n<td style=\"width: 78.3333%;text-align: left;vertical-align: middle;border-style: solid;border-color: #090533;height: 152px\">\n<ul>\n<li>Plazo de recepci\u00f3n del voto no presencial entregado al director\/a en horario escolar.<\/li>\n<\/ul>\n<\/td>\n<td style=\"width: 70.6988%;text-align: left;vertical-align: middle;border-style: solid;border-color: #090533;height: 152px\">\n<ul>\n<li><span style=\"color: #000000\">Del 15\/11\/2022 hasta el 21\/11\/2022 (ambos incluidos)<\/span><\/li>\n<\/ul>\n<\/td>\n<\/tr>\n<tr style=\"height: 104px\">\n<td style=\"width: 78.3333%;text-align: left;vertical-align: middle;border-style: solid;border-color: #090533;height: 104px\">\n<ul style=\"list-style-type: square\">\n<li>Constituci\u00f3n de la mesa electoral&nbsp; y elecciones del sector de padres, madres y personas que ejerzan la tutela legal del alumnado.<\/li>\n<\/ul>\n<\/td>\n<td style=\"width: 70.6988%;vertical-align: middle;border-style: solid;border-color: #090533;text-align: justify;height: 104px\">\n<ul style=\"list-style-type: square\">\n<li><strong>22\/11\/2022<\/strong><\/li>\n<\/ul>\n<\/td>\n<\/tr>\n<tr style=\"background-color: #c2d4f2\">\n<td style=\"width: 78.3333%;text-align: left;vertical-align: middle;border-style: solid;border-color: #090533;height: 104px\">\n<ul style=\"list-style-type: square\">\n<li>Constituci\u00f3n de la mesa electoral&nbsp; y elecciones del sector del alumnado.<\/li>\n<\/ul>\n<\/td>\n<td style=\"width: 70.6988%;vertical-align: middle;border-style: solid;border-color: #090533;text-align: justify;height: 104px\">\n<ul style=\"list-style-type: square\">\n<li><strong>23\/11\/2022<\/strong><\/li>\n<\/ul>\n<\/td>\n<\/tr>\n<tr style=\"height: 80px\">\n<td style=\"width: 78.3333%;text-align: left;vertical-align: middle;border-style: solid;border-color: #090533;height: 80px\">\n<ul style=\"list-style-type: square\">\n<li style=\"text-align: justify\">Constituci\u00f3n de la mesa electoral y elecciones del sector del profesorado, del personal de administraci\u00f3n y servicios y, en su caso, del personal de atenci\u00f3n educativa complementaria.<\/li>\n<\/ul>\n<\/td>\n<td style=\"width: 70.6988%;vertical-align: middle;border-style: solid;border-color: #090533;text-align: justify;height: 80px\">\n<ul style=\"list-style-type: square\">\n<li><strong>24\/11\/2022<\/strong><\/li>\n<\/ul>\n<\/td>\n<\/tr>\n<tr style=\"background-color: #c2d4f2\">\n<td style=\"width: 78.3333%;text-align: left;vertical-align: middle;border-style: solid;border-color: #090533\">\n<ul>\n<li>Plazo de reclamaciones.<\/li>\n<\/ul>\n<\/td>\n<td style=\"width: 70.6988%;vertical-align: middle;border-style: solid;border-color: #090533;text-align: justify\">\n<ul style=\"list-style-type: square\">\n<li>3 d\u00edas h\u00e1biles desde la publicaci\u00f3n de las actas.<\/li>\n<\/ul>\n<\/td>\n<\/tr>\n<tr>\n<td style=\"width: 78.3333%;text-align: left;vertical-align: middle;border-style: solid;border-color: #090533;height: 56px\">\n<ul style=\"list-style-type: square\">\n<li>Proclamaci\u00f3n de representantes electos.<\/li>\n<\/ul>\n<\/td>\n<td style=\"width: 70.6988%;vertical-align: middle;border-style: solid;border-color: #090533;text-align: justify;height: 56px\">\n<ul style=\"list-style-type: square\">\n<li>Antes del 09\/12\/2022<\/li>\n<\/ul>\n<\/td>\n<\/tr>\n<tr style=\"height: 56px;background-color: #c2d4f2\">\n<td style=\"width: 78.3333%;text-align: left;vertical-align: middle;border-style: solid;border-color: #090533;height: 10px\">\n<ul style=\"list-style-type: square\">\n<li>Constituci\u00f3n del nuevo Consejo Escolar.<\/li>\n<\/ul>\n<\/td>\n<td style=\"width: 70.6988%;vertical-align: middle;border-style: solid;border-color: #090533;text-align: justify;height: 10px\">\n<ul style=\"list-style-type: square\">\n<li>Antes del 22\/12\/2022<\/li>\n<\/ul>\n<\/td>\n<\/tr>\n<\/tbody>\n<\/table>\n<p>&nbsp;<\/p>\n<p>&nbsp;<\/p>\n<p>&nbsp;<\/p>\n<p>&nbsp;<\/p>\n<p>&nbsp;<\/p>\n<p>&nbsp;<\/p>\n<p>&nbsp;<\/p>\n<p>&nbsp;<\/p>\n<p>&nbsp;<\/p>\n<p>&nbsp;<\/p>\n<p>&nbsp;<\/p>\n<p>&nbsp;<\/p>\n<p>&nbsp;<\/p><\/li><li class=\"tab-pane \" id=\"ert_pane1-2\"><ul>\n<li style=\"text-align: justify\"><a href=\"https:\/\/juntadeandalucia.es\/boja\/2022\/178\/BOJA22-178-00003-14519-01_00267794.pdf\">Resoluci\u00f3n de 12 de septiembre de 2022, de la Direcci\u00f3n General de Ordenaci\u00f3n, Inclusi\u00f3n, Participaci\u00f3n y Evaluaci\u00f3n Educativa, por la que se establece el calendario para el desarrollo de las elecciones de representantes en los Consejos Escolares de los centros docentes sostenidos con fondos p\u00fablicos de la Comunidad Aut\u00f3noma de Andaluc\u00eda, a excepci\u00f3n de los centros espec\u00edficos de educaci\u00f3n permanente de personas adultas para el curso 2022\/2023.<\/a><\/li>\n<li style=\"text-align: justify\"><a href=\"https:\/\/www.juntadeandalucia.es\/educacion\/portals\/delegate\/content\/7ebc200a-0f03-4337-a11e-9f2c501ef2b5\/CENTROS%20%3E%20%C3%93RGANOS%20COLEGIADOS%20(Orden7octubre2010eleccionesconsejosescolares.pdf)\">ORDEN de 7 de octubre de 2010, por la que se regula el desarrollo de los procesos electorales para la renovaci\u00f3n y constituci\u00f3n de los Consejos Escolares de los centros docentes sostenidos con fondos p\u00fablicos de la Comunidad Aut\u00f3noma de Andaluc\u00eda, a excepci\u00f3n de los centros espec\u00edficos de educaci\u00f3n permanente de personas adultas, y se efect\u00faa su convocatoria para el a\u00f1o 2010 (BOJA 13-10-2010).<\/a><\/li>\n<li style=\"text-align: justify\"><a title=\"DECRETO 327\/2010, de 13 de julio, por el que se aprueba el Reglamento Org\u00e1nico de los Institutos de Educaci\u00f3n Secundaria.\" href=\"https:\/\/www.juntadeandalucia.es\/boja\/2010\/139\/d2.pdf\">DECRETO 327\/2010, de 13 de julio, por el que se aprueba el Reglamento Org\u00e1nico de los Institutos de Educaci\u00f3n Secundaria.<\/a> y su <a href=\"https:\/\/www.juntadeandalucia.es\/boja\/2010\/216\/d1.pdf\">correcci\u00f3n de errores<\/a>.<\/li>\n<\/ul><\/li><li class=\"tab-pane \" id=\"ert_pane1-3\">Documentos para solicitar la candidatura a las elecciones de cada sector.<\/p>\n<p style=\"text-align: justify\">Se pueden rellenar en el ordenador, firmar y presentar entre los d\u00edas 20 de octubre y 03 de noviembre (ambos incluidos):<\/p>\n<ul style=\"list-style-type: square\">\n<li><a href=\"https:\/\/blogsaverroes.juntadeandalucia.es\/iesluzdelmar\/files\/2022\/10\/SdoCandidatura_Alumnado_2022.pdf\">Solicitud Candidatura_Alumnado_2022<\/a><\/li>\n<li><a href=\"https:\/\/blogsaverroes.juntadeandalucia.es\/iesluzdelmar\/files\/2022\/10\/SdoCandidatura_Padres_2022.pdf\">Solicitud Candidatura_Padres_2022<\/a><\/li>\n<li style=\"text-align: justify\"><a href=\"https:\/\/blogsaverroes.juntadeandalucia.es\/iesluzdelmar\/files\/2022\/10\/SdoCandidatura_PAS_2022.pdf\">Solicitud Candidatura_PAS_2022<\/a><\/li>\n<li style=\"text-align: justify\"><a href=\"https:\/\/blogsaverroes.juntadeandalucia.es\/iesluzdelmar\/files\/2022\/10\/SdoCandidatura_Profesorado_2022.pdf\">Solicitud Candidatura_Profesorado_2022<\/a><\/li>\n<\/ul>\n<p style=\"text-align: justify\"><\/li><\/ul><\/div><\/div>\n","protected":false},"excerpt":{"rendered":"","protected":false},"author":5200,"featured_media":4697,"parent":0,"menu_order":0,"comment_status":"closed","ping_status":"closed","template":"","meta":{"ngg_post_thumbnail":0,"footnotes":"","_mc_calendar":[]},"aioseo_notices":[],"_links":{"self":[{"href":"https:\/\/blogsaverroes.juntadeandalucia.es\/iesluzdelmar\/wp-json\/wp\/v2\/pages\/2644"}],"collection":[{"href":"https:\/\/blogsaverroes.juntadeandalucia.es\/iesluzdelmar\/wp-json\/wp\/v2\/pages"}],"about":[{"href":"https:\/\/blogsaverroes.juntadeandalucia.es\/iesluzdelmar\/wp-json\/wp\/v2\/types\/page"}],"author":[{"embeddable":true,"href":"https:\/\/blogsaverroes.juntadeandalucia.es\/iesluzdelmar\/wp-json\/wp\/v2\/users\/5200"}],"replies":[{"embeddable":true,"href":"https:\/\/blogsaverroes.juntadeandalucia.es\/iesluzdelmar\/wp-json\/wp\/v2\/comments?post=2644"}],"version-history":[{"count":31,"href":"https:\/\/blogsaverroes.juntadeandalucia.es\/iesluzdelmar\/wp-json\/wp\/v2\/pages\/2644\/revisions"}],"predecessor-version":[{"id":5348,"href":"https:\/\/blogsaverroes.juntadeandalucia.es\/iesluzdelmar\/wp-json\/wp\/v2\/pages\/2644\/revisions\/5348"}],"wp:featuredmedia":[{"embeddable":true,"href":"https:\/\/blogsaverroes.juntadeandalucia.es\/iesluzdelmar\/wp-json\/wp\/v2\/media\/4697"}],"wp:attachment":[{"href":"https:\/\/blogsaverroes.juntadeandalucia.es\/iesluzdelmar\/wp-json\/wp\/v2\/media?parent=2644"}],"curies":[{"name":"wp","href":"https:\/\/api.w.org\/{rel}","templated":true}]}}