{"id":2734,"date":"2023-12-12T12:30:27","date_gmt":"2023-12-12T11:30:27","guid":{"rendered":"https:\/\/blogsaverroes.juntadeandalucia.es\/iesluzdelmar\/?page_id=2734"},"modified":"2024-12-26T13:39:13","modified_gmt":"2024-12-26T12:39:13","slug":"frances-2","status":"publish","type":"page","link":"https:\/\/blogsaverroes.juntadeandalucia.es\/iesluzdelmar\/frances-2\/","title":{"rendered":"Franc\u00e9s"},"content":{"rendered":"<p><img loading=\"lazy\" decoding=\"async\" class=\"aligncenter size-full wp-image-4806\" src=\"https:\/\/blogsaverroes.juntadeandalucia.es\/iesluzdelmar\/files\/2021\/12\/FR.jpg\" alt=\"\" width=\"1196\" height=\"221\" srcset=\"https:\/\/blogsaverroes.juntadeandalucia.es\/iesluzdelmar\/files\/2021\/12\/FR.jpg 1196w, https:\/\/blogsaverroes.juntadeandalucia.es\/iesluzdelmar\/files\/2021\/12\/FR-300x55.jpg 300w, https:\/\/blogsaverroes.juntadeandalucia.es\/iesluzdelmar\/files\/2021\/12\/FR-1024x189.jpg 1024w, https:\/\/blogsaverroes.juntadeandalucia.es\/iesluzdelmar\/files\/2021\/12\/FR-768x142.jpg 768w\" sizes=\"(max-width: 1196px) 100vw, 1196px\" \/><\/p>\n<h2><span style=\"font-family: 'arial black', sans-serif\"><strong><span style=\"color: #000080\"><a style=\"color: #000080\" href=\"https:\/\/blogsaverroes.juntadeandalucia.es\/iesluzdelmar\/files\/2024\/12\/FRANCES_24-25.pdf\">Programaci\u00f3n curso 2024\/2025<\/a><\/span><\/strong><\/span><\/h2>\n<p>&nbsp;<\/p>\n<p>Visita el&nbsp;<a href=\"https:\/\/entrelalumiereetlamer.blogspot.com\">blog de franc\u00e9s<\/a> para consultar contenidos de la materia.<\/p>\n<p><!--more--><\/p>\n<p><!--nextpage--><\/p>\n<div>Hoy nuestro alumnado de tercero y cuarto visita los refugios de Almer\u00eda y aprende a cocinar recetas francesa de la mano de los hermanos franceses que se encargan del restaurante \u00abLes deux fr\u00e8res\u00bb en Almer\u00eda.<\/div>\n<div>Sin duda, un d\u00eda para recordar al adentrarlos en la historia viva de Almer\u00eda y en la cocina francesa.<\/div>\n<div>BON APP\u00c9TIT!<\/div>\n<div>&nbsp;<br \/>\n<a href=\"https:\/\/blogsaverroes.juntadeandalucia.es\/iesluzdelmar\/files\/2019\/05\/refugios-de-la-guerra-civil.jpg\"><img loading=\"lazy\" decoding=\"async\" class=\"size-medium wp-image-2995 aligncenter\" src=\"https:\/\/blogsaverroes.juntadeandalucia.es\/iesluzdelmar\/files\/2019\/05\/refugios-de-la-guerra-civil-300x221.jpg\" alt=\"\" width=\"300\" height=\"221\" srcset=\"https:\/\/blogsaverroes.juntadeandalucia.es\/iesluzdelmar\/files\/2019\/05\/refugios-de-la-guerra-civil-300x221.jpg 300w, https:\/\/blogsaverroes.juntadeandalucia.es\/iesluzdelmar\/files\/2019\/05\/refugios-de-la-guerra-civil-24x18.jpg 24w, https:\/\/blogsaverroes.juntadeandalucia.es\/iesluzdelmar\/files\/2019\/05\/refugios-de-la-guerra-civil-36x27.jpg 36w, https:\/\/blogsaverroes.juntadeandalucia.es\/iesluzdelmar\/files\/2019\/05\/refugios-de-la-guerra-civil-48x35.jpg 48w, https:\/\/blogsaverroes.juntadeandalucia.es\/iesluzdelmar\/files\/2019\/05\/refugios-de-la-guerra-civil.jpg 516w\" sizes=\"(max-width: 300px) 100vw, 300px\" \/><\/a><a href=\"https:\/\/blogsaverroes.juntadeandalucia.es\/iesluzdelmar\/files\/2019\/05\/les-deux-freres.jpg\"><img loading=\"lazy\" decoding=\"async\" class=\"size-medium wp-image-2994 aligncenter\" src=\"https:\/\/blogsaverroes.juntadeandalucia.es\/iesluzdelmar\/files\/2019\/05\/les-deux-freres-300x169.jpg\" alt=\"\" width=\"300\" height=\"169\" srcset=\"https:\/\/blogsaverroes.juntadeandalucia.es\/iesluzdelmar\/files\/2019\/05\/les-deux-freres-300x169.jpg 300w, https:\/\/blogsaverroes.juntadeandalucia.es\/iesluzdelmar\/files\/2019\/05\/les-deux-freres-24x13.jpg 24w, https:\/\/blogsaverroes.juntadeandalucia.es\/iesluzdelmar\/files\/2019\/05\/les-deux-freres-36x20.jpg 36w, https:\/\/blogsaverroes.juntadeandalucia.es\/iesluzdelmar\/files\/2019\/05\/les-deux-freres-48x27.jpg 48w, https:\/\/blogsaverroes.juntadeandalucia.es\/iesluzdelmar\/files\/2019\/05\/les-deux-freres.jpg 468w\" sizes=\"(max-width: 300px) 100vw, 300px\" \/><\/a><a href=\"https:\/\/blogsaverroes.juntadeandalucia.es\/iesluzdelmar\/files\/2019\/05\/coulant-au-chocolat.jpg\"><img loading=\"lazy\" decoding=\"async\" class=\"size-medium wp-image-2993 aligncenter\" src=\"https:\/\/blogsaverroes.juntadeandalucia.es\/iesluzdelmar\/files\/2019\/05\/coulant-au-chocolat-300x162.jpg\" alt=\"\" width=\"300\" height=\"162\" srcset=\"https:\/\/blogsaverroes.juntadeandalucia.es\/iesluzdelmar\/files\/2019\/05\/coulant-au-chocolat-300x162.jpg 300w, https:\/\/blogsaverroes.juntadeandalucia.es\/iesluzdelmar\/files\/2019\/05\/coulant-au-chocolat-24x13.jpg 24w, https:\/\/blogsaverroes.juntadeandalucia.es\/iesluzdelmar\/files\/2019\/05\/coulant-au-chocolat-36x19.jpg 36w, https:\/\/blogsaverroes.juntadeandalucia.es\/iesluzdelmar\/files\/2019\/05\/coulant-au-chocolat-48x26.jpg 48w, https:\/\/blogsaverroes.juntadeandalucia.es\/iesluzdelmar\/files\/2019\/05\/coulant-au-chocolat.jpg 700w\" sizes=\"(max-width: 300px) 100vw, 300px\" \/><\/a><\/div>\n<p>&nbsp;<\/p>\n<p><a href=\"https:\/\/blogsaverroes.juntadeandalucia.es\/iesluzdelmar\/files\/2018\/10\/20000-leguas-de-viaje-submarino.jpeg\"><img loading=\"lazy\" decoding=\"async\" class=\"wp-image-2929 alignleft\" src=\"https:\/\/blogsaverroes.juntadeandalucia.es\/iesluzdelmar\/files\/2018\/10\/20000-leguas-de-viaje-submarino-300x169.jpeg\" alt=\"\" width=\"257\" height=\"145\" srcset=\"https:\/\/blogsaverroes.juntadeandalucia.es\/iesluzdelmar\/files\/2018\/10\/20000-leguas-de-viaje-submarino-300x169.jpeg 300w, https:\/\/blogsaverroes.juntadeandalucia.es\/iesluzdelmar\/files\/2018\/10\/20000-leguas-de-viaje-submarino-768x432.jpeg 768w, https:\/\/blogsaverroes.juntadeandalucia.es\/iesluzdelmar\/files\/2018\/10\/20000-leguas-de-viaje-submarino-24x13.jpeg 24w, https:\/\/blogsaverroes.juntadeandalucia.es\/iesluzdelmar\/files\/2018\/10\/20000-leguas-de-viaje-submarino-36x20.jpeg 36w, https:\/\/blogsaverroes.juntadeandalucia.es\/iesluzdelmar\/files\/2018\/10\/20000-leguas-de-viaje-submarino-48x27.jpeg 48w, https:\/\/blogsaverroes.juntadeandalucia.es\/iesluzdelmar\/files\/2018\/10\/20000-leguas-de-viaje-submarino.jpeg 980w\" sizes=\"(max-width: 257px) 100vw, 257px\" \/><\/a><\/p>\n<p>Nuestro alumnado ha asistido, en el EMMA de Almer\u00eda, a la representaci\u00f3n de la pieza teatral de Julio Verne: 20000 leguas de viaje submarino.<\/p>\n<p>&nbsp;<\/p>\n<p>&nbsp;<\/p>\n<p>&nbsp;<\/p>\n<p>Acto seguido, hemos visitado los Aljibes \u00e1rabes y el Centro de interpretaci\u00f3n patrimonial de Almer\u00eda.&nbsp;<\/p>\n<p><a href=\"https:\/\/blogsaverroes.juntadeandalucia.es\/iesluzdelmar\/files\/2018\/10\/aljibes-arabes.jpg\"><img loading=\"lazy\" decoding=\"async\" class=\"alignnone wp-image-2931\" src=\"https:\/\/blogsaverroes.juntadeandalucia.es\/iesluzdelmar\/files\/2018\/10\/aljibes-arabes-300x202.jpg\" alt=\"\" width=\"211\" height=\"142\" srcset=\"https:\/\/blogsaverroes.juntadeandalucia.es\/iesluzdelmar\/files\/2018\/10\/aljibes-arabes-300x202.jpg 300w, https:\/\/blogsaverroes.juntadeandalucia.es\/iesluzdelmar\/files\/2018\/10\/aljibes-arabes-24x16.jpg 24w, https:\/\/blogsaverroes.juntadeandalucia.es\/iesluzdelmar\/files\/2018\/10\/aljibes-arabes-36x24.jpg 36w, https:\/\/blogsaverroes.juntadeandalucia.es\/iesluzdelmar\/files\/2018\/10\/aljibes-arabes-48x32.jpg 48w, https:\/\/blogsaverroes.juntadeandalucia.es\/iesluzdelmar\/files\/2018\/10\/aljibes-arabes.jpg 549w\" sizes=\"(max-width: 211px) 100vw, 211px\" \/><\/a>&nbsp; <a href=\"https:\/\/blogsaverroes.juntadeandalucia.es\/iesluzdelmar\/files\/2018\/10\/centro-de-interpretacion.jpg\"><img loading=\"lazy\" decoding=\"async\" class=\"alignnone wp-image-2932\" src=\"https:\/\/blogsaverroes.juntadeandalucia.es\/iesluzdelmar\/files\/2018\/10\/centro-de-interpretacion-300x169.jpg\" alt=\"\" width=\"256\" height=\"144\" srcset=\"https:\/\/blogsaverroes.juntadeandalucia.es\/iesluzdelmar\/files\/2018\/10\/centro-de-interpretacion-300x169.jpg 300w, https:\/\/blogsaverroes.juntadeandalucia.es\/iesluzdelmar\/files\/2018\/10\/centro-de-interpretacion-24x13.jpg 24w, https:\/\/blogsaverroes.juntadeandalucia.es\/iesluzdelmar\/files\/2018\/10\/centro-de-interpretacion-36x20.jpg 36w, https:\/\/blogsaverroes.juntadeandalucia.es\/iesluzdelmar\/files\/2018\/10\/centro-de-interpretacion-48x27.jpg 48w, https:\/\/blogsaverroes.juntadeandalucia.es\/iesluzdelmar\/files\/2018\/10\/centro-de-interpretacion.jpg 550w\" sizes=\"(max-width: 256px) 100vw, 256px\" \/><\/a><\/p>\n<p>&nbsp;<\/p>\n","protected":false},"excerpt":{"rendered":"<p>Programaci\u00f3n curso 2024\/2025 &nbsp; Visita el&nbsp;blog de franc\u00e9s para consultar contenidos de la materia.<\/p>\n","protected":false},"author":5200,"featured_media":0,"parent":0,"menu_order":0,"comment_status":"closed","ping_status":"closed","template":"","meta":{"ngg_post_thumbnail":0,"footnotes":"","_mc_calendar":[]},"aioseo_notices":[],"_links":{"self":[{"href":"https:\/\/blogsaverroes.juntadeandalucia.es\/iesluzdelmar\/wp-json\/wp\/v2\/pages\/2734"}],"collection":[{"href":"https:\/\/blogsaverroes.juntadeandalucia.es\/iesluzdelmar\/wp-json\/wp\/v2\/pages"}],"about":[{"href":"https:\/\/blogsaverroes.juntadeandalucia.es\/iesluzdelmar\/wp-json\/wp\/v2\/types\/page"}],"author":[{"embeddable":true,"href":"https:\/\/blogsaverroes.juntadeandalucia.es\/iesluzdelmar\/wp-json\/wp\/v2\/users\/5200"}],"replies":[{"embeddable":true,"href":"https:\/\/blogsaverroes.juntadeandalucia.es\/iesluzdelmar\/wp-json\/wp\/v2\/comments?post=2734"}],"version-history":[{"count":17,"href":"https:\/\/blogsaverroes.juntadeandalucia.es\/iesluzdelmar\/wp-json\/wp\/v2\/pages\/2734\/revisions"}],"predecessor-version":[{"id":6131,"href":"https:\/\/blogsaverroes.juntadeandalucia.es\/iesluzdelmar\/wp-json\/wp\/v2\/pages\/2734\/revisions\/6131"}],"wp:attachment":[{"href":"https:\/\/blogsaverroes.juntadeandalucia.es\/iesluzdelmar\/wp-json\/wp\/v2\/media?parent=2734"}],"curies":[{"name":"wp","href":"https:\/\/api.w.org\/{rel}","templated":true}]}}