{"id":4722,"date":"2021-12-02T15:57:39","date_gmt":"2021-12-02T14:57:39","guid":{"rendered":"https:\/\/blogsaverroes.juntadeandalucia.es\/iesluzdelmar\/?page_id=4722"},"modified":"2022-05-29T17:28:24","modified_gmt":"2022-05-29T15:28:24","slug":"buenas-practicas","status":"publish","type":"page","link":"https:\/\/blogsaverroes.juntadeandalucia.es\/iesluzdelmar\/buenas-practicas\/","title":{"rendered":"Buenas Pr\u00e1cticas"},"content":{"rendered":"<p>Desde esta p\u00e1gina puede acceder a algunas de las buenas pr\u00e1cticas que se llevan a cabo en el Centro:<\/p>\n<figure id=\"attachment_5122\" aria-describedby=\"caption-attachment-5122\" style=\"width: 146px\" class=\"wp-caption alignleft\"><a href=\"https:\/\/wp.me\/PaZPyT-1eu\"><img loading=\"lazy\" decoding=\"async\" class=\"wp-image-5122 size-thumbnail\" src=\"https:\/\/blogsaverroes.juntadeandalucia.es\/iesluzdelmar\/files\/2022\/05\/LV-e1653817364650-146x150.png\" alt=\"\" width=\"146\" height=\"150\" srcset=\"https:\/\/blogsaverroes.juntadeandalucia.es\/iesluzdelmar\/files\/2022\/05\/LV-e1653817364650-146x150.png 146w, https:\/\/blogsaverroes.juntadeandalucia.es\/iesluzdelmar\/files\/2022\/05\/LV-e1653817364650-292x300.png 292w, https:\/\/blogsaverroes.juntadeandalucia.es\/iesluzdelmar\/files\/2022\/05\/LV-e1653817364650-50x50.png 50w, https:\/\/blogsaverroes.juntadeandalucia.es\/iesluzdelmar\/files\/2022\/05\/LV-e1653817364650.png 568w\" sizes=\"(max-width: 146px) 100vw, 146px\" \/><\/a><figcaption id=\"caption-attachment-5122\" class=\"wp-caption-text\">Grupo de trabajo 2021\/2022<\/figcaption><\/figure>\n<figure id=\"attachment_5130\" aria-describedby=\"caption-attachment-5130\" style=\"width: 204px\" class=\"wp-caption alignleft\"><a href=\"https:\/\/wp.me\/PaZPyT-1kO\"><img loading=\"lazy\" decoding=\"async\" class=\"wp-image-5130\" src=\"https:\/\/blogsaverroes.juntadeandalucia.es\/iesluzdelmar\/files\/2022\/05\/CIL-150x111.png\" alt=\"\" width=\"204\" height=\"151\" srcset=\"https:\/\/blogsaverroes.juntadeandalucia.es\/iesluzdelmar\/files\/2022\/05\/CIL-150x111.png 150w, https:\/\/blogsaverroes.juntadeandalucia.es\/iesluzdelmar\/files\/2022\/05\/CIL-300x221.png 300w, https:\/\/blogsaverroes.juntadeandalucia.es\/iesluzdelmar\/files\/2022\/05\/CIL.png 687w\" sizes=\"(max-width: 204px) 100vw, 204px\" \/><\/a><figcaption id=\"caption-attachment-5130\" class=\"wp-caption-text\">Curr\u00edculo Integrado de Las Lenguas 2021\/2022<\/figcaption><\/figure>\n","protected":false},"excerpt":{"rendered":"<p>Desde esta p\u00e1gina puede acceder a algunas de las buenas pr\u00e1cticas que se llevan a cabo en el Centro:<\/p>\n","protected":false},"author":5200,"featured_media":0,"parent":0,"menu_order":0,"comment_status":"closed","ping_status":"closed","template":"","meta":{"ngg_post_thumbnail":0,"footnotes":"","_mc_calendar":[]},"aioseo_notices":[],"_links":{"self":[{"href":"https:\/\/blogsaverroes.juntadeandalucia.es\/iesluzdelmar\/wp-json\/wp\/v2\/pages\/4722"}],"collection":[{"href":"https:\/\/blogsaverroes.juntadeandalucia.es\/iesluzdelmar\/wp-json\/wp\/v2\/pages"}],"about":[{"href":"https:\/\/blogsaverroes.juntadeandalucia.es\/iesluzdelmar\/wp-json\/wp\/v2\/types\/page"}],"author":[{"embeddable":true,"href":"https:\/\/blogsaverroes.juntadeandalucia.es\/iesluzdelmar\/wp-json\/wp\/v2\/users\/5200"}],"replies":[{"embeddable":true,"href":"https:\/\/blogsaverroes.juntadeandalucia.es\/iesluzdelmar\/wp-json\/wp\/v2\/comments?post=4722"}],"version-history":[{"count":8,"href":"https:\/\/blogsaverroes.juntadeandalucia.es\/iesluzdelmar\/wp-json\/wp\/v2\/pages\/4722\/revisions"}],"predecessor-version":[{"id":5219,"href":"https:\/\/blogsaverroes.juntadeandalucia.es\/iesluzdelmar\/wp-json\/wp\/v2\/pages\/4722\/revisions\/5219"}],"wp:attachment":[{"href":"https:\/\/blogsaverroes.juntadeandalucia.es\/iesluzdelmar\/wp-json\/wp\/v2\/media?parent=4722"}],"curies":[{"name":"wp","href":"https:\/\/api.w.org\/{rel}","templated":true}]}}