{"id":49,"date":"2024-12-12T08:47:05","date_gmt":"2024-12-12T07:47:05","guid":{"rendered":"http:\/\/blogsaverroes.juntadeandalucia.es\/pre\/ceip\/?page_id=49"},"modified":"2025-06-06T11:31:24","modified_gmt":"2025-06-06T09:31:24","slug":"plan-de-centro","status":"publish","type":"page","link":"https:\/\/blogsaverroes.juntadeandalucia.es\/iesluzdelmar\/plan-de-centro\/","title":{"rendered":"El Plan de Centro"},"content":{"rendered":"<p><img loading=\"lazy\" decoding=\"async\" class=\" wp-image-1662 alignleft\" src=\"https:\/\/blogsaverroes.juntadeandalucia.es\/iesluzdelmar\/files\/2015\/03\/proyecto-300x266.png\" alt=\"proyecto\" width=\"373\" height=\"331\" srcset=\"https:\/\/blogsaverroes.juntadeandalucia.es\/iesluzdelmar\/files\/2015\/03\/proyecto-300x266.png 300w, https:\/\/blogsaverroes.juntadeandalucia.es\/iesluzdelmar\/files\/2015\/03\/proyecto.png 640w\" sizes=\"(max-width: 373px) 100vw, 373px\" \/><\/p>\n<p style=\"text-align: justify\">Un centro se define en gran medida por su <strong>Plan de Centro<\/strong>. En \u00e9l se plasma el modelo educativo y la concreci\u00f3n de la normativa que un centro realiza respecto a las ense\u00f1anzas que imparte. Aspectos tales como las finalidades educativas, objetivos, atenci\u00f3n a la diversidad, etc.<\/p>\n<p style=\"text-align: justify\">En este documento puede consultar nuestro proyecto educativo, el plan de convivencia, el reglamento de ordenaci\u00f3n y funcionamiento del centro, el proyecto de gesti\u00f3n y el plan de comunicaci\u00f3n.&nbsp;<\/p>\n<p>&nbsp;<\/p>\n<ul>\n<li><a href=\"https:\/\/blogsaverroes.juntadeandalucia.es\/iesluzdelmar\/files\/2025\/05\/Plan-de-Centro-24-25.pdf\">Plan de Centro 24-25<\/a><\/li>\n<li><a href=\"https:\/\/www.tudecideseninternet.es\/aepd\/images\/guias\/GuiaCentros\/GuiaCentrosEducativos.pdf\">Gu\u00eda de protecci\u00f3n de datos.<\/a><\/li>\n<\/ul>\n<p>&nbsp;<\/p>\n","protected":false},"excerpt":{"rendered":"<p>Un centro se define en gran medida por su Plan de Centro. En \u00e9l se plasma el modelo educativo y la concreci\u00f3n de la normativa&hellip;<\/p>\n","protected":false},"author":1,"featured_media":1662,"parent":0,"menu_order":0,"comment_status":"closed","ping_status":"open","template":"","meta":{"ngg_post_thumbnail":0,"footnotes":"","_mc_calendar":[]},"aioseo_notices":[],"_links":{"self":[{"href":"https:\/\/blogsaverroes.juntadeandalucia.es\/iesluzdelmar\/wp-json\/wp\/v2\/pages\/49"}],"collection":[{"href":"https:\/\/blogsaverroes.juntadeandalucia.es\/iesluzdelmar\/wp-json\/wp\/v2\/pages"}],"about":[{"href":"https:\/\/blogsaverroes.juntadeandalucia.es\/iesluzdelmar\/wp-json\/wp\/v2\/types\/page"}],"author":[{"embeddable":true,"href":"https:\/\/blogsaverroes.juntadeandalucia.es\/iesluzdelmar\/wp-json\/wp\/v2\/users\/1"}],"replies":[{"embeddable":true,"href":"https:\/\/blogsaverroes.juntadeandalucia.es\/iesluzdelmar\/wp-json\/wp\/v2\/comments?post=49"}],"version-history":[{"count":33,"href":"https:\/\/blogsaverroes.juntadeandalucia.es\/iesluzdelmar\/wp-json\/wp\/v2\/pages\/49\/revisions"}],"predecessor-version":[{"id":6310,"href":"https:\/\/blogsaverroes.juntadeandalucia.es\/iesluzdelmar\/wp-json\/wp\/v2\/pages\/49\/revisions\/6310"}],"wp:featuredmedia":[{"embeddable":true,"href":"https:\/\/blogsaverroes.juntadeandalucia.es\/iesluzdelmar\/wp-json\/wp\/v2\/media\/1662"}],"wp:attachment":[{"href":"https:\/\/blogsaverroes.juntadeandalucia.es\/iesluzdelmar\/wp-json\/wp\/v2\/media?parent=49"}],"curies":[{"name":"wp","href":"https:\/\/api.w.org\/{rel}","templated":true}]}}