{"id":5134,"date":"2022-05-07T17:05:59","date_gmt":"2022-05-07T15:05:59","guid":{"rendered":"https:\/\/blogsaverroes.juntadeandalucia.es\/iesluzdelmar\/?page_id=5134"},"modified":"2022-05-29T17:30:04","modified_gmt":"2022-05-29T15:30:04","slug":"curriculo-integrado-de-las-lenguas","status":"publish","type":"page","link":"https:\/\/blogsaverroes.juntadeandalucia.es\/iesluzdelmar\/curriculo-integrado-de-las-lenguas\/","title":{"rendered":"Curr\u00edculo Integrado De Las Lenguas"},"content":{"rendered":"<p><img loading=\"lazy\" decoding=\"async\" class=\"aligncenter wp-image-5130\" src=\"https:\/\/blogsaverroes.juntadeandalucia.es\/iesluzdelmar\/files\/2022\/05\/CIL.png\" alt=\"\" width=\"423\" height=\"312\" srcset=\"https:\/\/blogsaverroes.juntadeandalucia.es\/iesluzdelmar\/files\/2022\/05\/CIL.png 687w, https:\/\/blogsaverroes.juntadeandalucia.es\/iesluzdelmar\/files\/2022\/05\/CIL-300x221.png 300w, https:\/\/blogsaverroes.juntadeandalucia.es\/iesluzdelmar\/files\/2022\/05\/CIL-150x111.png 150w\" sizes=\"(max-width: 423px) 100vw, 423px\" \/><\/p>\n<table style=\"border-collapse: collapse;width: 100%\">\n<tbody>\n<tr>\n<td style=\"width: 23.1127%\">\n<ul>\n<li>2021\/2022<\/li>\n<\/ul>\n<\/td>\n<td style=\"width: 76.8873%\">\n<ul>\n<li><a href=\"https:\/\/wp.me\/paZPyT-1kQ\">Urban Tribes (1\u00baE.S.O.)<\/a><\/li>\n<li><a href=\"https:\/\/wp.me\/saZPyT-cartas\">Cartas (3\u00ba E.S.O.)<\/a><\/li>\n<li><a href=\"https:\/\/wp.me\/paZPyT-1lU\">Galer\u00eda de tr\u00edpticos sobre literatura en la Edad Media y l\u00e1minas sobre sonetos de Garcilaso De La Vega (3\u00ba E.S.O.).<\/a><\/li>\n<li><a href=\"https:\/\/wp.me\/paZPyT-1m4\">Biograf\u00edas.<\/a><\/li>\n<\/ul>\n<\/td>\n<\/tr>\n<\/tbody>\n<\/table>\n","protected":false},"excerpt":{"rendered":"<p>2021\/2022 Urban Tribes (1\u00baE.S.O.) Cartas (3\u00ba E.S.O.) Galer\u00eda de tr\u00edpticos sobre literatura en la Edad Media y l\u00e1minas sobre sonetos de Garcilaso De La Vega&hellip;<\/p>\n","protected":false},"author":5200,"featured_media":0,"parent":0,"menu_order":0,"comment_status":"closed","ping_status":"closed","template":"","meta":{"ngg_post_thumbnail":0,"footnotes":"","_mc_calendar":[]},"aioseo_notices":[],"_links":{"self":[{"href":"https:\/\/blogsaverroes.juntadeandalucia.es\/iesluzdelmar\/wp-json\/wp\/v2\/pages\/5134"}],"collection":[{"href":"https:\/\/blogsaverroes.juntadeandalucia.es\/iesluzdelmar\/wp-json\/wp\/v2\/pages"}],"about":[{"href":"https:\/\/blogsaverroes.juntadeandalucia.es\/iesluzdelmar\/wp-json\/wp\/v2\/types\/page"}],"author":[{"embeddable":true,"href":"https:\/\/blogsaverroes.juntadeandalucia.es\/iesluzdelmar\/wp-json\/wp\/v2\/users\/5200"}],"replies":[{"embeddable":true,"href":"https:\/\/blogsaverroes.juntadeandalucia.es\/iesluzdelmar\/wp-json\/wp\/v2\/comments?post=5134"}],"version-history":[{"count":5,"href":"https:\/\/blogsaverroes.juntadeandalucia.es\/iesluzdelmar\/wp-json\/wp\/v2\/pages\/5134\/revisions"}],"predecessor-version":[{"id":5220,"href":"https:\/\/blogsaverroes.juntadeandalucia.es\/iesluzdelmar\/wp-json\/wp\/v2\/pages\/5134\/revisions\/5220"}],"wp:attachment":[{"href":"https:\/\/blogsaverroes.juntadeandalucia.es\/iesluzdelmar\/wp-json\/wp\/v2\/media?parent=5134"}],"curies":[{"name":"wp","href":"https:\/\/api.w.org\/{rel}","templated":true}]}}