{"id":42,"date":"2015-03-13T08:40:47","date_gmt":"2015-03-13T08:40:47","guid":{"rendered":"http:\/\/blogsaverroes.juntadeandalucia.es\/pre\/ceip\/?page_id=42"},"modified":"2019-12-02T13:10:16","modified_gmt":"2019-12-02T12:10:16","slug":"equipo-directivo","status":"publish","type":"page","link":"https:\/\/blogsaverroes.juntadeandalucia.es\/iesmacarena\/equipo-directivo\/","title":{"rendered":"Equipo directivo"},"content":{"rendered":"<h1><strong>CURSO 2019-20<\/strong><\/h1>\n<h2><strong>Directora: Rosa \u00c1lvarez M\u00e1rquez<\/strong><\/h2>\n<h2><strong>Vicedirector: Manuel Yruela Guerrero<\/strong><\/h2>\n<h2><strong>Jefa de estudios: M\u00aa \u00c1ngeles Cantis\u00e1n Serrano<\/strong><\/h2>\n<h2><strong>Jefa de estudios adjunta: M\u00aa Teresa Fern\u00e1ndez Mart\u00ednez<\/strong><\/h2>\n<h2><strong>Jefe de estudios de Adultos: Jos\u00e9 Mu\u00f1oz Santonja<\/strong><\/h2>\n<h2><strong>Secretaria: Reyes M\u00e9rida Berlanga<\/strong><\/h2>\n<p>&nbsp;<\/p>\n<h2>JEFATURAS DEPARTAMENTOS<\/h2>\n<p>Lengua: Myriam Le\u00f3n<\/p>\n<p>Formaci\u00f3n FEIE: Elena Mora<\/p>\n<p>DACE: Lola Quir\u00f3s<\/p>\n<p>Geograf\u00eda e Historia: Francisco Moreno<\/p>\n<p>Biolog\u00eda: Rosa Su\u00e1rez<\/p>\n<p>F\u00edsica y Qu\u00edmica: Marta Verda<\/p>\n<p>Dibujo: Carmen Prieto<\/p>\n<p>Tecnolog\u00eda: Estrella Moreno<\/p>\n<p>Matem\u00e1ticas: Asunci\u00f3n Garc\u00eda<\/p>\n<p>Ingl\u00e9s: M\u00aa Mar Gij\u00f3n<\/p>\n<p>Franc\u00e9s: \u00c1ngela Pantoja&nbsp;<\/p>\n<p>Educaci\u00f3n F\u00edsica: Rodolfo Rodr\u00edguez<\/p>\n<p>Orientaci\u00f3n: Diega Ruiz<\/p>\n<p>CF-ASCT: Jacinta Osuna<\/p>\n<p>FPB-IP: Auxiliadora Moreno<\/p>\n<p>Cultura Cl\u00e1sica: Daniel Mancera<\/p>\n<p>Filosof\u00eda: Ignacio Mena<\/p>\n","protected":false},"excerpt":{"rendered":"<p>CURSO 2019-20 Directora: Rosa \u00c1lvarez M\u00e1rquez Vicedirector: Manuel Yruela Guerrero Jefa de estudios: M\u00aa \u00c1ngeles Cantis\u00e1n Serrano Jefa de estudios adjunta: M\u00aa Teresa Fern\u00e1ndez Mart\u00ednez Jefe de estudios de Adultos: Jos\u00e9 Mu\u00f1oz Santonja Secretaria:&#46;&#46;&#46;<\/p>\n","protected":false},"author":1,"featured_media":0,"parent":0,"menu_order":0,"comment_status":"closed","ping_status":"open","template":"","meta":{"ngg_post_thumbnail":0,"footnotes":"","_mc_calendar":[]},"aioseo_notices":[],"_links":{"self":[{"href":"https:\/\/blogsaverroes.juntadeandalucia.es\/iesmacarena\/wp-json\/wp\/v2\/pages\/42"}],"collection":[{"href":"https:\/\/blogsaverroes.juntadeandalucia.es\/iesmacarena\/wp-json\/wp\/v2\/pages"}],"about":[{"href":"https:\/\/blogsaverroes.juntadeandalucia.es\/iesmacarena\/wp-json\/wp\/v2\/types\/page"}],"author":[{"embeddable":true,"href":"https:\/\/blogsaverroes.juntadeandalucia.es\/iesmacarena\/wp-json\/wp\/v2\/users\/1"}],"replies":[{"embeddable":true,"href":"https:\/\/blogsaverroes.juntadeandalucia.es\/iesmacarena\/wp-json\/wp\/v2\/comments?post=42"}],"version-history":[{"count":7,"href":"https:\/\/blogsaverroes.juntadeandalucia.es\/iesmacarena\/wp-json\/wp\/v2\/pages\/42\/revisions"}],"predecessor-version":[{"id":3554,"href":"https:\/\/blogsaverroes.juntadeandalucia.es\/iesmacarena\/wp-json\/wp\/v2\/pages\/42\/revisions\/3554"}],"wp:attachment":[{"href":"https:\/\/blogsaverroes.juntadeandalucia.es\/iesmacarena\/wp-json\/wp\/v2\/media?parent=42"}],"curies":[{"name":"wp","href":"https:\/\/api.w.org\/{rel}","templated":true}]}}