{"id":1012,"date":"2017-03-23T11:05:14","date_gmt":"2017-03-23T11:05:14","guid":{"rendered":"https:\/\/themify.me\/demo\/themes\/ultra-accountant\/?page_id=6371"},"modified":"2025-06-18T09:28:32","modified_gmt":"2025-06-18T08:28:32","slug":"home-accountant","status":"publish","type":"page","link":"https:\/\/blogsaverroes.juntadeandalucia.es\/iesmanuelromero\/","title":{"rendered":"Home &#8211; Accountant"},"content":{"rendered":"<!--themify_builder_content-->\n<div id=\"themify_builder_content-1012\" data-postid=\"1012\" class=\"themify_builder_content themify_builder_content-1012 themify_builder tf_clear\">\n                    <div  data-lazy=\"1\" class=\"module_row themify_builder_row tb_pwbr107 tb_first tf_w\">\n                        <div class=\"row_inner col_align_top tb_col_count_1 tf_box tf_rel\">\n                        <div  data-lazy=\"1\" class=\"module_column tb-column col-full tb_i63y109 first\">\n                            <\/div>\n                        <\/div>\n        <\/div>\n                        <div  data-lazy=\"1\" class=\"module_row themify_builder_row accounting-services accounting-services-border tb_e8kl220 tf_w\">\n                        <div class=\"row_inner col_align_top tb_col_count_1 tf_box tf_rel\">\n                        <div  data-lazy=\"1\" class=\"module_column tb-column col-full tb_dydm227 first\">\n                    <!-- module fancy heading -->\n<div  class=\"module module-fancy-heading tb_yh32228  tb_hide_divider\" data-lazy=\"1\">\n        <h2 class=\"fancy-heading tf_textc\">\n    <span class=\"main-head tf_block\">\n                    Consejer\u00eda de Educaci\u00f3n            <\/span>\n\n    \n    <span class=\"sub-head tf_block tf_rel\">\n                    Red de Centros TIC             <\/span>\n    <\/h2>\n<\/div>\n<!-- \/module fancy heading -->\n        <div  data-lazy=\"1\" class=\"module_subrow themify_builder_sub_row tf_w col_align_top gutter-none tb_col_count_3 tb_uyob228\">\n                <div  data-lazy=\"1\" class=\"module_column sub_column col3-1 tb_7wfv229 first\">\n                    <!-- module image -->\n<div  class=\"module module-image tb_6wcg229 image-center   tf_mw wow\" data-tf-animation=\"zoomIn\" data-lazy=\"1\">\n        <div class=\"image-wrap tf_rel tf_mw\">\n            <a href=\"https:\/\/www.juntadeandalucia.es\/educacion\/portals\/web\/ced\/centros\" rel=\"noopener\" target=\"_blank\">\n                   <img loading=\"lazy\" decoding=\"async\" src=\"https:\/\/blogsaverroes.juntadeandalucia.es\/iesmanuelromero\/files\/2025\/06\/computerized-73x70.png\" width=\"73\" height=\"70\" class=\"wp-post-image wp-image-2262\" title=\"Novedades de centros\" alt=\"Novedades de centros\">        <\/a>\n    \n        <\/div>\n    <!-- \/image-wrap -->\n    \n        <div class=\"image-content\">\n                    <h3 class=\"image-title\">\n                                    <a href=\"https:\/\/www.juntadeandalucia.es\/educacion\/portals\/web\/ced\/centros\" rel=\"noopener\" target=\"_blank\">\n                        Novedades de centros                    <\/a>\n                            <\/h3>\n                    <\/div>\n    <!-- \/image-content -->\n        <\/div>\n<!-- \/module image -->        <\/div>\n                    <div  data-lazy=\"1\" class=\"module_column sub_column col3-1 tb_gweq405\">\n                    <!-- module image -->\n<div  class=\"module module-image tb_wd7266 image-center   tf_mw wow\" data-tf-animation=\"zoomIn\" data-tf-animation_delay=\".2\" data-lazy=\"1\">\n        <div class=\"image-wrap tf_rel tf_mw\">\n            <a href=\"https:\/\/www.juntadeandalucia.es\/educacion\/portals\/web\/buenas-practicas-educativas\" rel=\"noopener\" target=\"_blank\">\n                   <img loading=\"lazy\" decoding=\"async\" src=\"https:\/\/blogsaverroes.juntadeandalucia.es\/iesmanuelromero\/files\/2025\/06\/incorporation-76x70.png\" width=\"76\" height=\"70\" class=\"wp-post-image wp-image-2263\" title=\"Buenas Pr\u00e1cticas Educativas\" alt=\"Buenas Pr\u00e1cticas Educativas\">        <\/a>\n    \n        <\/div>\n    <!-- \/image-wrap -->\n    \n        <div class=\"image-content\">\n                    <h3 class=\"image-title\">\n                                    <a href=\"https:\/\/www.juntadeandalucia.es\/educacion\/portals\/web\/buenas-practicas-educativas\" rel=\"noopener\" target=\"_blank\">\n                        Buenas Pr\u00e1cticas Educativas                    <\/a>\n                            <\/h3>\n                    <\/div>\n    <!-- \/image-content -->\n        <\/div>\n<!-- \/module image -->        <\/div>\n                    <div  data-lazy=\"1\" class=\"module_column sub_column col3-1 tb_up7x59 last\">\n                    <!-- module image -->\n<div  class=\"module module-image tb_ms3h848 image-center   tf_mw wow\" data-tf-animation=\"zoomIn\" data-tf-animation_delay=\".4\" data-lazy=\"1\">\n        <div class=\"image-wrap tf_rel tf_mw\">\n            <a href=\"https:\/\/www.juntadeandalucia.es\/organismos\/desarrolloeducativoyformacionprofesional\/areas\/ensenanzas-escolarizacion\/educacion-secundaria-obligatoria.html#toc-normativa-de-aplicaci-n\" rel=\"noopener\" target=\"_blank\">\n                   <img loading=\"lazy\" decoding=\"async\" src=\"https:\/\/blogsaverroes.juntadeandalucia.es\/iesmanuelromero\/files\/2025\/06\/tax-53x70.png\" width=\"53\" height=\"70\" class=\"wp-post-image wp-image-2265\" title=\"Normativa educativa\" alt=\"Normativa educativa\">        <\/a>\n    \n        <\/div>\n    <!-- \/image-wrap -->\n    \n        <div class=\"image-content\">\n                    <h3 class=\"image-title\">\n                                    <a href=\"https:\/\/www.juntadeandalucia.es\/organismos\/desarrolloeducativoyformacionprofesional\/areas\/ensenanzas-escolarizacion\/educacion-secundaria-obligatoria.html#toc-normativa-de-aplicaci-n\" rel=\"noopener\" target=\"_blank\">\n                        Normativa educativa                    <\/a>\n                            <\/h3>\n                    <\/div>\n    <!-- \/image-content -->\n        <\/div>\n<!-- \/module image -->        <\/div>\n                    <\/div>\n                <div  data-lazy=\"1\" class=\"module_subrow themify_builder_sub_row tf_w col_align_top gutter-none tb_col_count_3 tb_gc34231\">\n                <div  data-lazy=\"1\" class=\"module_column sub_column col3-1 tb_gvlm63 first\">\n                    <!-- module image -->\n<div  class=\"module module-image tb_e4tl63 image-center   tf_mw wow\" data-tf-animation=\"zoomIn\" data-tf-animation_delay=\".6\" data-lazy=\"1\">\n        <div class=\"image-wrap tf_rel tf_mw\">\n            <a href=\"https:\/\/juntadeandalucia.es\/organismos\/desarrolloeducativoyformacionprofesional\/areas\/centros-educativos\/innovacion-educativa\/paginas\/portal-averroes.html\" rel=\"noopener\" target=\"_blank\">\n                   <img loading=\"lazy\" decoding=\"async\" src=\"https:\/\/blogsaverroes.juntadeandalucia.es\/iesmanuelromero\/files\/2025\/06\/cra-audit-54x70.png\" width=\"54\" height=\"70\" class=\"wp-post-image wp-image-2260\" title=\"Portal Averroes\" alt=\"Portal Averroes\">        <\/a>\n    \n        <\/div>\n    <!-- \/image-wrap -->\n    \n        <div class=\"image-content\">\n                    <h3 class=\"image-title\">\n                                    <a href=\"https:\/\/juntadeandalucia.es\/organismos\/desarrolloeducativoyformacionprofesional\/areas\/centros-educativos\/innovacion-educativa\/paginas\/portal-averroes.html\" rel=\"noopener\" target=\"_blank\">\n                        Portal Averroes                    <\/a>\n                            <\/h3>\n                    <\/div>\n    <!-- \/image-content -->\n        <\/div>\n<!-- \/module image -->        <\/div>\n                    <div  data-lazy=\"1\" class=\"module_column sub_column col3-1 tb_rqb2894\">\n                    <!-- module image -->\n<div  class=\"module module-image tb_rlvt692 image-center   tf_mw wow\" data-tf-animation=\"zoomIn\" data-tf-animation_delay=\".8\" data-lazy=\"1\">\n        <div class=\"image-wrap tf_rel tf_mw\">\n            <a href=\"https:\/\/seneca.juntadeandalucia.es\/seneca\/jsp\/portalpasen\/\" rel=\"noopener\" target=\"_blank\">\n                   <img loading=\"lazy\" decoding=\"async\" src=\"https:\/\/blogsaverroes.juntadeandalucia.es\/iesmanuelromero\/files\/2025\/06\/business-registration-61x70.png\" width=\"61\" height=\"70\" class=\"wp-post-image wp-image-2261\" title=\"Pasen\" alt=\"Pasen\">        <\/a>\n    \n        <\/div>\n    <!-- \/image-wrap -->\n    \n        <div class=\"image-content\">\n                    <h3 class=\"image-title\">\n                                    <a href=\"https:\/\/seneca.juntadeandalucia.es\/seneca\/jsp\/portalpasen\/\" rel=\"noopener\" target=\"_blank\">\n                        Pasen                    <\/a>\n                            <\/h3>\n                    <\/div>\n    <!-- \/image-content -->\n        <\/div>\n<!-- \/module image -->        <\/div>\n                    <div  data-lazy=\"1\" class=\"module_column sub_column col3-1 tb_0p0i999 last\">\n                    <!-- module image -->\n<div  class=\"module module-image tb_6rx0208 image-center   tf_mw wow\" data-tf-animation=\"zoomIn\" data-tf-animation_delay=\"1\" data-lazy=\"1\">\n        <div class=\"image-wrap tf_rel tf_mw\">\n            <a href=\"https:\/\/www.juntadeandalucia.es\/educacion\/portals\/web\/becas-y-ayudas\" rel=\"noopener\" target=\"_blank\">\n                   <img loading=\"lazy\" decoding=\"async\" src=\"https:\/\/blogsaverroes.juntadeandalucia.es\/iesmanuelromero\/files\/2025\/06\/pay-roll-55x70.png\" width=\"55\" height=\"70\" class=\"wp-post-image wp-image-2264\" title=\"Becas y Ayudas\" alt=\"Becas y Ayudas\">        <\/a>\n    \n        <\/div>\n    <!-- \/image-wrap -->\n    \n        <div class=\"image-content\">\n                    <h3 class=\"image-title\">\n                                    <a href=\"https:\/\/www.juntadeandalucia.es\/educacion\/portals\/web\/becas-y-ayudas\" rel=\"noopener\" target=\"_blank\">\n                        Becas y Ayudas                    <\/a>\n                            <\/h3>\n                    <\/div>\n    <!-- \/image-content -->\n        <\/div>\n<!-- \/module image -->        <\/div>\n                    <\/div>\n                <\/div>\n                        <\/div>\n        <\/div>\n                        <div  data-lazy=\"1\" class=\"module_row themify_builder_row tb_zlpq220 tf_w\">\n                        <div class=\"row_inner col_align_top tb_col_count_1 tf_box tf_rel\">\n                        <div  data-lazy=\"1\" class=\"module_column tb-column col-full tb_990c234 first\">\n                    <!-- module fancy heading -->\n<div  class=\"module module-fancy-heading tb_12g6235  tb_hide_divider wow\" data-tf-animation=\"bounce\" data-lazy=\"1\">\n        <h1 class=\"fancy-heading tf_textc\">\n    <span class=\"main-head tf_block\">\n                    I.E.S. Manuel Romero            <\/span>\n\n    \n    <span class=\"sub-head tf_block tf_rel\">\n                    Redes Sociales            <\/span>\n    <\/h1>\n<\/div>\n<!-- \/module fancy heading -->\n<!-- module buttons -->\n<div  class=\"module module-buttons tb_0trp235 buttons-horizontal solid   circle wow\" data-tf-animation=\"bounce\" data-tf-animation_delay=\".2\" data-lazy=\"1\">\n        <div class=\"module-buttons-item tf_in_flx\">\n                        <a href=\"#appointment\" class=\"ui builder_button tf_in_flx purple\" target=\"_blank\" rel=\"noopener\">\n                                                Informaci\u00f3n de contacto                                        <\/a>\n                <\/div>\n            <\/div>\n<!-- \/module buttons -->\n        <\/div>\n                        <\/div>\n        <\/div>\n                        <div  data-lazy=\"1\" class=\"module_row themify_builder_row free-consultation tb_as2x220 tf_w\">\n                        <div class=\"row_inner col_align_top gutter-none tb_col_count_4 tf_box tf_rel\">\n                        <div  data-lazy=\"1\" class=\"module_column tb-column col4-1 tb_xsyi235 first\">\n                    <!-- module image -->\n<div  class=\"module module-image tb_0keg235 image-center   tf_mw\" data-lazy=\"1\">\n        <div class=\"image-wrap tf_rel tf_mw\">\n            <a href=\"https:\/\/www.facebook.com\/ies.manuelromero.3\" rel=\"noopener\" target=\"_blank\">\n                   <img loading=\"lazy\" decoding=\"async\" src=\"https:\/\/blogsaverroes.juntadeandalucia.es\/iesmanuelromero\/files\/2022\/09\/descarga-3-50x50.png\" width=\"50\" height=\"50\" class=\"wp-post-image wp-image-1464\" title=\"Facebook\" alt=\"Facebook\" srcset=\"https:\/\/blogsaverroes.juntadeandalucia.es\/iesmanuelromero\/files\/2022\/09\/descarga-3-50x50.png 50w, https:\/\/blogsaverroes.juntadeandalucia.es\/iesmanuelromero\/files\/2022\/09\/descarga-3-150x150.png 150w, https:\/\/blogsaverroes.juntadeandalucia.es\/iesmanuelromero\/files\/2022\/09\/descarga-3.png 225w\" sizes=\"(max-width: 50px) 100vw, 50px\" \/>        <\/a>\n    \n        <\/div>\n    <!-- \/image-wrap -->\n    \n        <div class=\"image-content\">\n                    <h3 class=\"image-title\">\n                                    <a href=\"https:\/\/www.facebook.com\/ies.manuelromero.3\" rel=\"noopener\" target=\"_blank\">\n                        Facebook                    <\/a>\n                            <\/h3>\n                    <\/div>\n    <!-- \/image-content -->\n        <\/div>\n<!-- \/module image -->        <\/div>\n                    <div  data-lazy=\"1\" class=\"module_column tb-column col4-1 tb_s2pe236\">\n                    <!-- module image -->\n<div  class=\"module module-image tb_ijw9236 image-center   tf_mw\" data-lazy=\"1\">\n        <div class=\"image-wrap tf_rel tf_mw\">\n            <a href=\"https:\/\/www.instagram.com\/ies_manuel_romero\/\" rel=\"noopener\" target=\"_blank\">\n                   <img loading=\"lazy\" decoding=\"async\" src=\"https:\/\/blogsaverroes.juntadeandalucia.es\/iesmanuelromero\/files\/2022\/09\/descarga-3-50x50.jpg\" width=\"50\" height=\"50\" class=\"wp-post-image wp-image-1459\" title=\"Instagram\" alt=\"Instagram\" srcset=\"https:\/\/blogsaverroes.juntadeandalucia.es\/iesmanuelromero\/files\/2022\/09\/descarga-3-50x50.jpg 50w, https:\/\/blogsaverroes.juntadeandalucia.es\/iesmanuelromero\/files\/2022\/09\/descarga-3-150x150.jpg 150w\" sizes=\"(max-width: 50px) 100vw, 50px\" \/>        <\/a>\n    \n        <\/div>\n    <!-- \/image-wrap -->\n    \n        <div class=\"image-content\">\n                    <h3 class=\"image-title\">\n                                    <a href=\"https:\/\/www.instagram.com\/ies_manuel_romero\/\" rel=\"noopener\" target=\"_blank\">\n                        Instagram                    <\/a>\n                            <\/h3>\n                    <\/div>\n    <!-- \/image-content -->\n        <\/div>\n<!-- \/module image -->        <\/div>\n                    <div  data-lazy=\"1\" class=\"module_column tb-column col4-1 tb_x16q236\">\n                    <!-- module image -->\n<div  class=\"module module-image tb_0wkq236 image-center rounded drop-shadow bordered circle  tf_mw\" data-lazy=\"1\">\n        <div class=\"image-wrap tf_rel tf_mw\">\n            <a href=\"https:\/\/twitter.com\/iesmanuelromer\" rel=\"noopener\" target=\"_blank\">\n                   <img loading=\"lazy\" decoding=\"async\" src=\"https:\/\/blogsaverroes.juntadeandalucia.es\/iesmanuelromero\/files\/2022\/09\/descarga-4-50x50.png\" width=\"50\" height=\"50\" class=\"wp-post-image wp-image-1465\" title=\"Twitter\" alt=\"Twitter\" srcset=\"https:\/\/blogsaverroes.juntadeandalucia.es\/iesmanuelromero\/files\/2022\/09\/descarga-4-50x50.png 50w, https:\/\/blogsaverroes.juntadeandalucia.es\/iesmanuelromero\/files\/2022\/09\/descarga-4-150x150.png 150w, https:\/\/blogsaverroes.juntadeandalucia.es\/iesmanuelromero\/files\/2022\/09\/descarga-4.png 225w\" sizes=\"(max-width: 50px) 100vw, 50px\" \/>        <\/a>\n    \n        <\/div>\n    <!-- \/image-wrap -->\n    \n        <div class=\"image-content\">\n                    <h3 class=\"image-title\">\n                                    <a href=\"https:\/\/twitter.com\/iesmanuelromer\" rel=\"noopener\" target=\"_blank\">\n                        Twitter                    <\/a>\n                            <\/h3>\n                    <\/div>\n    <!-- \/image-content -->\n        <\/div>\n<!-- \/module image -->        <\/div>\n                    <div  data-lazy=\"1\" class=\"module_column tb-column col4-1 tb_8686236 last\">\n                    <!-- module image -->\n<div  class=\"module module-image tb_p0do237 image-center   tf_mw\" data-lazy=\"1\">\n        <div class=\"image-wrap tf_rel tf_mw\">\n            <a href=\"https:\/\/www.youtube.com\/@I.E.S.MANUELROMERO\">\n                   <img loading=\"lazy\" decoding=\"async\" src=\"https:\/\/blogsaverroes.juntadeandalucia.es\/iesmanuelromero\/files\/2022\/09\/descarga-2-50x50.png\" width=\"50\" height=\"50\" class=\"wp-post-image wp-image-1463\" title=\"You Tube\" alt=\"You Tube\" srcset=\"https:\/\/blogsaverroes.juntadeandalucia.es\/iesmanuelromero\/files\/2022\/09\/descarga-2-50x50.png 50w, https:\/\/blogsaverroes.juntadeandalucia.es\/iesmanuelromero\/files\/2022\/09\/descarga-2-150x150.png 150w, https:\/\/blogsaverroes.juntadeandalucia.es\/iesmanuelromero\/files\/2022\/09\/descarga-2.png 225w\" sizes=\"(max-width: 50px) 100vw, 50px\" \/>        <\/a>\n    \n        <\/div>\n    <!-- \/image-wrap -->\n    \n        <div class=\"image-content\">\n                    <h3 class=\"image-title\">\n                                    <a href=\"https:\/\/www.youtube.com\/@I.E.S.MANUELROMERO\">\n                        You Tube                    <\/a>\n                            <\/h3>\n                    <\/div>\n    <!-- \/image-content -->\n        <\/div>\n<!-- \/module image -->        <\/div>\n                        <\/div>\n        <\/div>\n                        <div  data-lazy=\"1\" class=\"module_row themify_builder_row row-newsletter tb_9p6i220 tf_w\">\n                        <div class=\"row_inner col_align_top tb_col_count_1 tf_box tf_rel\">\n                        <div  data-lazy=\"1\" class=\"module_column tb-column col-full tb_h044238 first\">\n                            <div  data-lazy=\"1\" class=\"module_subrow themify_builder_sub_row tf_w col_align_top tb_col_count_3 tb_g5mv181\">\n                <div  data-lazy=\"1\" class=\"module_column sub_column col3-1 tb_lu66182 first\">\n                            <\/div>\n                    <div  data-lazy=\"1\" class=\"module_column sub_column col3-1 tb_bf54183\">\n                            <\/div>\n                    <div  data-lazy=\"1\" class=\"module_column sub_column col3-1 tb_v63b183 last\">\n                            <\/div>\n                    <\/div>\n                <\/div>\n                        <\/div>\n        <\/div>\n                        <div  data-anchor=\"appointment\" data-lazy=\"1\" class=\"module_row themify_builder_row hp-contact tb_has_section tb_section-appointment tb_4714221 tf_w\">\n                        <div class=\"row_inner col_align_top tb_col_count_1 tf_box tf_rel\">\n                        <div  data-lazy=\"1\" class=\"module_column tb-column col-full tb_l2p7239 first\">\n                    <!-- module text -->\n<div  class=\"module module-text tb_s4f8240   \" data-lazy=\"1\">\n        <div  class=\"tb_text_wrap\">\n        <h4>Informaci\u00f3n de contacto<\/h4>    <\/div>\n<\/div>\n<!-- \/module text --><!-- module icon -->\n<div  class=\"module module-icon tb_eqra173    icon_vertical \" data-lazy=\"1\">\n            <div class=\"module-icon-item\">\n                                                                                    <\/div>\n            <div class=\"module-icon-item\">\n                                                                <em class=\"tf_box\"><svg  class=\"tf_fa tf-ti-location-pin\" aria-hidden=\"true\"><use href=\"#tf-ti-location-pin\"><\/use><\/svg><\/em>\n                                                                            <span>C. Cipr\u00e9s, 29230 Villanueva de la Concepci\u00f3n, M\u00e1laga<\/span>\n                                                            <\/div>\n            <div class=\"module-icon-item\">\n                                                                <em class=\"tf_box\"><svg  class=\"tf_fa tf-ti-headphone-alt\" aria-hidden=\"true\"><use href=\"#tf-ti-headphone-alt\"><\/use><\/svg><\/em>\n                                                                            <span>952 71 28 09<\/span>\n                                                            <\/div>\n            <div class=\"module-icon-item\">\n                                                                <em class=\"tf_box\"><svg  class=\"tf_fa tf-ti-email\" aria-hidden=\"true\"><use href=\"#tf-ti-email\"><\/use><\/svg><\/em>\n                                                                            <span>secretario@iesmanuelromero.es<\/span>\n                                                            <\/div>\n    <\/div>\n<!-- \/module icon -->\n        <\/div>\n                        <\/div>\n        <\/div>\n        <\/div>\n<!--\/themify_builder_content-->\n<p>&nbsp;<\/p>\n<p>&nbsp;<\/p>\n<p>&nbsp;<\/p>\n<p>&nbsp;<\/p>\n<p>&nbsp;<\/p>","protected":false},"excerpt":{"rendered":"<p>Consejer\u00eda de Educaci\u00f3nRed de Centros TIC Novedades de centros Buenas Pr\u00e1cticas Educativas Normativa educativa Portal Averroes Pasen Becas y Ayudas I.E.S. Manuel RomeroRedes Sociales Informaci\u00f3n de contacto Facebook Instagram Twitter You Tube Informaci\u00f3n de contacto C. Cipr\u00e9s, 29230 Villanueva de la Concepci\u00f3n, M\u00e1laga 952 71 28 09 secretario@iesmanuelromero.es &nbsp; &nbsp; &nbsp; &nbsp; &nbsp;<\/p>\n","protected":false},"author":15210,"featured_media":0,"parent":0,"menu_order":0,"comment_status":"closed","ping_status":"closed","template":"","meta":{"ngg_post_thumbnail":0,"footnotes":""},"aioseo_notices":[],"post_mailing_queue_ids":[],"_links":{"self":[{"href":"https:\/\/blogsaverroes.juntadeandalucia.es\/iesmanuelromero\/wp-json\/wp\/v2\/pages\/1012"}],"collection":[{"href":"https:\/\/blogsaverroes.juntadeandalucia.es\/iesmanuelromero\/wp-json\/wp\/v2\/pages"}],"about":[{"href":"https:\/\/blogsaverroes.juntadeandalucia.es\/iesmanuelromero\/wp-json\/wp\/v2\/types\/page"}],"author":[{"embeddable":true,"href":"https:\/\/blogsaverroes.juntadeandalucia.es\/iesmanuelromero\/wp-json\/wp\/v2\/users\/15210"}],"replies":[{"embeddable":true,"href":"https:\/\/blogsaverroes.juntadeandalucia.es\/iesmanuelromero\/wp-json\/wp\/v2\/comments?post=1012"}],"version-history":[{"count":115,"href":"https:\/\/blogsaverroes.juntadeandalucia.es\/iesmanuelromero\/wp-json\/wp\/v2\/pages\/1012\/revisions"}],"predecessor-version":[{"id":2285,"href":"https:\/\/blogsaverroes.juntadeandalucia.es\/iesmanuelromero\/wp-json\/wp\/v2\/pages\/1012\/revisions\/2285"}],"wp:attachment":[{"href":"https:\/\/blogsaverroes.juntadeandalucia.es\/iesmanuelromero\/wp-json\/wp\/v2\/media?parent=1012"}],"curies":[{"name":"wp","href":"https:\/\/api.w.org\/{rel}","templated":true}]}}