{"id":1164,"date":"2022-09-09T21:40:21","date_gmt":"2022-09-09T20:40:21","guid":{"rendered":"https:\/\/blogsaverroes.juntadeandalucia.es\/iesmanuelromero\/?page_id=1164"},"modified":"2022-09-09T21:56:51","modified_gmt":"2022-09-09T20:56:51","slug":"inicio","status":"publish","type":"page","link":"https:\/\/blogsaverroes.juntadeandalucia.es\/iesmanuelromero\/inicio\/","title":{"rendered":"Inicio"},"content":{"rendered":"<div id=\"tituloItem\" class=\"blockTituloItem\"><span style=\"font-size: 14pt\"><strong><span class=\"tituloItem\">Presentaci\u00f3n de la Directora<\/span><\/strong><\/span><\/div>\n<div id=\"contenido_sitio\">\n<p>Como representante de toda la comunidad educativa del I.E.S. Manuel Romero os doy la bienvenida.<\/p>\n<div>Esta web se crea con el deseo de que sea una ventana abierta a la vida diaria de nuestro centro, un espacio de intercambio de experiencias, fuente continua de aprendizaje y s\u00edmbolo de las se\u00f1as de identidad que caracterizan al mismo.<\/div>\n<div>\n<div>&nbsp;<\/div>\n<p>Las nuevas Tecnolog\u00edas de la Informaci\u00f3n y la Comunicaci\u00f3n (TIC) conviven actualmente y con total naturalidad con todos sectores de la sociedad; por esta raz\u00f3n, nuestro centro cuenta con una p\u00e1gina web actualizada y puntera en cuanto a recursos y posibilidades educativas, la cual, entre todos, iremos construyendo y mejorando continuamente para beneficio de toda la comunidad educativa y para conocimiento de quien se acerque a ella.<\/p>\n<\/div>\n<div>&nbsp;<\/div>\n<div>Os animo, por tanto, a que hag\u00e1is uso de este nuevo espacio virtual que se pone a vuestra disposici\u00f3n, os invito a que visit\u00e9is el I.E.S. Manuel Romero desde esta ventana que se abre a todo aquel que est\u00e9 interesado en conocernos.<\/div>\n<p>&nbsp;<\/p>\n<div style=\"text-align: right\">&nbsp;FINA CASTRO SARRIA<\/div>\n<div style=\"text-align: right\">&nbsp; &nbsp; &nbsp; &nbsp; &nbsp; &nbsp; DIRECTORA DEL I.E.S. MANUEL ROMERO<\/div>\n<\/div>\n<div>&nbsp;<\/div>\n<!--themify_builder_content-->\n<div id=\"themify_builder_content-1164\" data-postid=\"1164\" class=\"themify_builder_content themify_builder_content-1164 themify_builder tf_clear\">\n    <\/div>\n<!--\/themify_builder_content-->\n","protected":false},"excerpt":{"rendered":"<p>Presentaci\u00f3n de la Directora Como representante de toda la comunidad educativa del I.E.S. Manuel Romero os doy la bienvenida. Esta web se crea con el deseo de que sea una ventana abierta a la vida diaria de nuestro centro, un espacio de intercambio de experiencias, fuente continua de aprendizaje y s\u00edmbolo de las se\u00f1as de [&hellip;]<\/p>\n","protected":false},"author":15210,"featured_media":0,"parent":0,"menu_order":0,"comment_status":"closed","ping_status":"closed","template":"","meta":{"ngg_post_thumbnail":0,"footnotes":""},"aioseo_notices":[],"post_mailing_queue_ids":[],"_links":{"self":[{"href":"https:\/\/blogsaverroes.juntadeandalucia.es\/iesmanuelromero\/wp-json\/wp\/v2\/pages\/1164"}],"collection":[{"href":"https:\/\/blogsaverroes.juntadeandalucia.es\/iesmanuelromero\/wp-json\/wp\/v2\/pages"}],"about":[{"href":"https:\/\/blogsaverroes.juntadeandalucia.es\/iesmanuelromero\/wp-json\/wp\/v2\/types\/page"}],"author":[{"embeddable":true,"href":"https:\/\/blogsaverroes.juntadeandalucia.es\/iesmanuelromero\/wp-json\/wp\/v2\/users\/15210"}],"replies":[{"embeddable":true,"href":"https:\/\/blogsaverroes.juntadeandalucia.es\/iesmanuelromero\/wp-json\/wp\/v2\/comments?post=1164"}],"version-history":[{"count":9,"href":"https:\/\/blogsaverroes.juntadeandalucia.es\/iesmanuelromero\/wp-json\/wp\/v2\/pages\/1164\/revisions"}],"predecessor-version":[{"id":1175,"href":"https:\/\/blogsaverroes.juntadeandalucia.es\/iesmanuelromero\/wp-json\/wp\/v2\/pages\/1164\/revisions\/1175"}],"wp:attachment":[{"href":"https:\/\/blogsaverroes.juntadeandalucia.es\/iesmanuelromero\/wp-json\/wp\/v2\/media?parent=1164"}],"curies":[{"name":"wp","href":"https:\/\/api.w.org\/{rel}","templated":true}]}}