{"id":1515,"date":"2022-09-20T17:19:06","date_gmt":"2022-09-20T16:19:06","guid":{"rendered":"https:\/\/blogsaverroes.juntadeandalucia.es\/iesmanuelromero\/?page_id=1515"},"modified":"2022-09-20T17:28:06","modified_gmt":"2022-09-20T16:28:06","slug":"plan-de-autoproteccion","status":"publish","type":"page","link":"https:\/\/blogsaverroes.juntadeandalucia.es\/iesmanuelromero\/plan-de-autoproteccion\/","title":{"rendered":"Plan de Autoprotecci\u00f3n"},"content":{"rendered":"<p>La profesora Irene Delgado Vera, coordinadora del Plan de Autoprotecci\u00f3n de nuestro Centro, nos ense\u00f1a en la siguiente presentaci\u00f3n cu\u00e1les son las normas a seguir en situaci\u00f3n de emergencia:<\/p>\n<p><iframe loading=\"lazy\" src=\"\/\/www.slideshare.net\/slideshow\/embed_code\/key\/JQrJJkylNL21MU\" width=\"595\" height=\"485\" frameborder=\"0\" marginwidth=\"0\" marginheight=\"0\" scrolling=\"no\"> <\/iframe> <\/p>\n<div style=\"margin-bottom:5px\"> <strong> <a href=\"\/\/www.slideshare.net\/manuromerotic\/powerpoint-sobre-normas-de-evacuacin-fotos-del-ies\" title=\"Powerpoint sobre normas de evacuaci\u00f3n fotos del ies\" target=\"_blank\" rel=\"noopener noreferrer\">Powerpoint sobre normas de evacuaci\u00f3n fotos del ies<\/a> <\/strong> from <strong><a href=\"\/\/www.slideshare.net\/manuromerotic\" target=\"_blank\" rel=\"noopener noreferrer\">manuromerotic<\/a><\/strong> <\/div>\n<!--themify_builder_content-->\n<div id=\"themify_builder_content-1515\" data-postid=\"1515\" class=\"themify_builder_content themify_builder_content-1515 themify_builder tf_clear\">\n    <\/div>\n<!--\/themify_builder_content-->\n","protected":false},"excerpt":{"rendered":"<p>La profesora Irene Delgado Vera, coordinadora del Plan de Autoprotecci\u00f3n de nuestro Centro, nos ense\u00f1a en la siguiente presentaci\u00f3n cu\u00e1les son las normas a seguir en situaci\u00f3n de emergencia: Powerpoint sobre normas de evacuaci\u00f3n fotos del ies from manuromerotic<\/p>\n","protected":false},"author":15210,"featured_media":0,"parent":0,"menu_order":0,"comment_status":"closed","ping_status":"closed","template":"","meta":{"ngg_post_thumbnail":0,"footnotes":""},"aioseo_notices":[],"post_mailing_queue_ids":[],"_links":{"self":[{"href":"https:\/\/blogsaverroes.juntadeandalucia.es\/iesmanuelromero\/wp-json\/wp\/v2\/pages\/1515"}],"collection":[{"href":"https:\/\/blogsaverroes.juntadeandalucia.es\/iesmanuelromero\/wp-json\/wp\/v2\/pages"}],"about":[{"href":"https:\/\/blogsaverroes.juntadeandalucia.es\/iesmanuelromero\/wp-json\/wp\/v2\/types\/page"}],"author":[{"embeddable":true,"href":"https:\/\/blogsaverroes.juntadeandalucia.es\/iesmanuelromero\/wp-json\/wp\/v2\/users\/15210"}],"replies":[{"embeddable":true,"href":"https:\/\/blogsaverroes.juntadeandalucia.es\/iesmanuelromero\/wp-json\/wp\/v2\/comments?post=1515"}],"version-history":[{"count":9,"href":"https:\/\/blogsaverroes.juntadeandalucia.es\/iesmanuelromero\/wp-json\/wp\/v2\/pages\/1515\/revisions"}],"predecessor-version":[{"id":1526,"href":"https:\/\/blogsaverroes.juntadeandalucia.es\/iesmanuelromero\/wp-json\/wp\/v2\/pages\/1515\/revisions\/1526"}],"wp:attachment":[{"href":"https:\/\/blogsaverroes.juntadeandalucia.es\/iesmanuelromero\/wp-json\/wp\/v2\/media?parent=1515"}],"curies":[{"name":"wp","href":"https:\/\/api.w.org\/{rel}","templated":true}]}}