{"id":116,"date":"2015-04-21T07:15:04","date_gmt":"2015-04-21T07:15:04","guid":{"rendered":"http:\/\/www.iesmarazul.es\/?page_id=116"},"modified":"2015-04-21T07:15:04","modified_gmt":"2015-04-21T07:15:04","slug":"el-instituto","status":"publish","type":"page","link":"https:\/\/blogsaverroes.juntadeandalucia.es\/iesmarazul\/el-instituto\/","title":{"rendered":"El Instituto"},"content":{"rendered":"\n<p>El IES Mar Azul se encuentra situado en el l\u00edmite de la localidad costera de Balerma, en la carretera de Guardias Viejas.<\/p>\n\n\n\n<p>Balerma es un pueblo ubicado en la mitad occidental de la provincia de Almer\u00eda, entre la Sierra de G\u00e1dor y el Mar Mediterr\u00e1neo, por lo que, gracias a su privilegiada localizaci\u00f3n geogr\u00e1fica, posee unos parajes naturales ricos en fauna y flora muy diversa<\/p>\n\n\n\n<p>El IES Mar Azul es, hoy en d\u00eda, un centro de Secundaria Obligatoria de adscripci\u00f3n \u00fanica, procediendo todo el alumnado de sus dos l\u00edneas del CEIP Miguel Servet, que es, a su vez, el \u00fanico colegio de la localidad.<\/p>\n\n\n\n<figure class=\"wp-block-image size-large\"><a href=\"https:\/\/blogsaverroes.juntadeandalucia.es\/iesmarazul\/files\/2022\/07\/alumnado.jpg\"><img loading=\"lazy\" decoding=\"async\" width=\"1024\" height=\"768\" src=\"https:\/\/blogsaverroes.juntadeandalucia.es\/iesmarazul\/files\/2022\/07\/alumnado-1024x768.jpg\" alt=\"\" class=\"wp-image-3432\" srcset=\"https:\/\/blogsaverroes.juntadeandalucia.es\/iesmarazul\/files\/2022\/07\/alumnado-1024x768.jpg 1024w, https:\/\/blogsaverroes.juntadeandalucia.es\/iesmarazul\/files\/2022\/07\/alumnado-300x225.jpg 300w, https:\/\/blogsaverroes.juntadeandalucia.es\/iesmarazul\/files\/2022\/07\/alumnado-768x576.jpg 768w, https:\/\/blogsaverroes.juntadeandalucia.es\/iesmarazul\/files\/2022\/07\/alumnado-1536x1152.jpg 1536w, https:\/\/blogsaverroes.juntadeandalucia.es\/iesmarazul\/files\/2022\/07\/alumnado-510x382.jpg 510w, https:\/\/blogsaverroes.juntadeandalucia.es\/iesmarazul\/files\/2022\/07\/alumnado-1080x810.jpg 1080w, https:\/\/blogsaverroes.juntadeandalucia.es\/iesmarazul\/files\/2022\/07\/alumnado-1280x960.jpg 1280w, https:\/\/blogsaverroes.juntadeandalucia.es\/iesmarazul\/files\/2022\/07\/alumnado-980x735.jpg 980w, https:\/\/blogsaverroes.juntadeandalucia.es\/iesmarazul\/files\/2022\/07\/alumnado-480x360.jpg 480w, https:\/\/blogsaverroes.juntadeandalucia.es\/iesmarazul\/files\/2022\/07\/alumnado.jpg 1600w\" sizes=\"(max-width: 1024px) 100vw, 1024px\" \/><\/a><\/figure>\n","protected":false},"excerpt":{"rendered":"<p>El IES Mar Azul se encuentra situado en el l\u00edmite de la localidad costera de Balerma, en la carretera de Guardias Viejas. Balerma es un pueblo ubicado en la mitad occidental de la provincia&#46;&#46;&#46;<\/p>\n","protected":false},"author":16923,"featured_media":0,"parent":0,"menu_order":0,"comment_status":"closed","ping_status":"closed","template":"","meta":{"ngg_post_thumbnail":0,"footnotes":""},"aioseo_notices":[],"_links":{"self":[{"href":"https:\/\/blogsaverroes.juntadeandalucia.es\/iesmarazul\/wp-json\/wp\/v2\/pages\/116"}],"collection":[{"href":"https:\/\/blogsaverroes.juntadeandalucia.es\/iesmarazul\/wp-json\/wp\/v2\/pages"}],"about":[{"href":"https:\/\/blogsaverroes.juntadeandalucia.es\/iesmarazul\/wp-json\/wp\/v2\/types\/page"}],"author":[{"embeddable":true,"href":"https:\/\/blogsaverroes.juntadeandalucia.es\/iesmarazul\/wp-json\/wp\/v2\/users\/16923"}],"replies":[{"embeddable":true,"href":"https:\/\/blogsaverroes.juntadeandalucia.es\/iesmarazul\/wp-json\/wp\/v2\/comments?post=116"}],"version-history":[{"count":0,"href":"https:\/\/blogsaverroes.juntadeandalucia.es\/iesmarazul\/wp-json\/wp\/v2\/pages\/116\/revisions"}],"wp:attachment":[{"href":"https:\/\/blogsaverroes.juntadeandalucia.es\/iesmarazul\/wp-json\/wp\/v2\/media?parent=116"}],"curies":[{"name":"wp","href":"https:\/\/api.w.org\/{rel}","templated":true}]}}