{"id":122,"date":"2015-04-21T07:16:47","date_gmt":"2015-04-21T07:16:47","guid":{"rendered":"http:\/\/www.iesmarazul.es\/?page_id=122"},"modified":"2025-11-03T14:22:44","modified_gmt":"2025-11-03T13:22:44","slug":"consejo-escolar","status":"publish","type":"page","link":"https:\/\/blogsaverroes.juntadeandalucia.es\/iesmarazul\/consejo-escolar\/","title":{"rendered":"Consejo Escolar"},"content":{"rendered":"\r\n<p class=\"has-black-color has-text-color\">El Consejo Escolar es el \u00f3rgano de participaci\u00f3n en el control y gesti\u00f3n del centro de los distintos sectores que constituyen la comunidad educativa y posee las siguientes atribuciones:<\/p>\r\n\r\n\r\n\r\n<p class=\"has-black-color has-text-color\">a)&nbsp;Formular propuestas al equipo directivo sobre la programaci\u00f3n anual del centro y aprobar el proyecto educativo, sin perjuicio de las competencias del Claustro de profesores, en relaci\u00f3n con la planificaci\u00f3n y organizaci\u00f3n docente.<\/p>\r\n\r\n\r\n\r\n<p class=\"has-black-color has-text-color\">b)&nbsp;Elaborar informes, a petici\u00f3n de la Administraci\u00f3n competente, sobre el funcionamiento del centro y sobre aquellos otros aspectos relacionados con la actividad del mismo.<\/p>\r\n\r\n\r\n\r\n<p class=\"has-black-color has-text-color\">c)&nbsp;Participar en el proceso de admisi\u00f3n de alumnos y velar para que se realice con sujeci\u00f3n a lo establecido en esta Ley y disposiciones que la desarrollen.<\/p>\r\n\r\n\r\n\r\n<p class=\"has-black-color has-text-color\">d)&nbsp;Aprobar el reglamento de r\u00e9gimen interior del centro.<\/p>\r\n\r\n\r\n\r\n<p class=\"has-black-color has-text-color\">e)&nbsp;Conocer la resoluci\u00f3n de conflictos disciplinarios y la imposici\u00f3n de sanciones y velar por que \u00e9stas se atengan a la normativa vigente.<\/p>\r\n\r\n\r\n\r\n<p class=\"has-black-color has-text-color\">f)&nbsp;&nbsp;Aprobar el proyecto de presupuesto del centro y su liquidaci\u00f3n.<\/p>\r\n\r\n\r\n\r\n<p class=\"has-black-color has-text-color\">g)&nbsp;Promover la conservaci\u00f3n y renovaci\u00f3n de las instalaciones y equipo escolar.<\/p>\r\n\r\n\r\n\r\n<p class=\"has-black-color has-text-color\">h)&nbsp;Proponer las directrices para la colaboraci\u00f3n, con fines educativos y culturales, con otros centros, entidades y organismos.<\/p>\r\n\r\n\r\n\r\n<p class=\"has-black-color has-text-color\">i)&nbsp;&nbsp;Analizar y valorar el funcionamiento general del centro, la evoluci\u00f3n del rendimiento escolar y los resultados de la evaluaci\u00f3n que del centro realice la Administraci\u00f3n educativa.<\/p>\r\n\r\n\r\n\r\n<p class=\"has-black-color has-text-color\">j)&nbsp;&nbsp;&nbsp;Ser informado de la propuesta a la Administraci\u00f3n educativa del nombramiento y cese de los miembros del equipo directivo.<\/p>\r\n\r\n\r\n\r\n<p class=\"has-black-color has-text-color\">k)&nbsp;&nbsp;&nbsp;Proponer medidas e iniciativas que favorezcan la convivencia en el centro.<\/p>\r\n\r\n\r\n\r\n<p class=\"has-black-color has-text-color\">l)&nbsp;&nbsp;&nbsp;&nbsp;Cualesquiera otras que le sean atribuidas por la Administraci\u00f3n educativa.<\/p>\r\n\r\n\r\n\r\n<p class=\"has-black-color has-text-color\">&nbsp;<\/p>\r\n\r\n\r\n\r\n<p class=\"has-black-color has-text-color\">Actualmente, el Consejo Escolar del IES Mar Azul se encuentra constituido por los siguientes miembros:<\/p>\r\n<p><span style=\"text-decoration: underline;color: #000000\">Equipo Directivo:<\/span><\/p>\r\n<p><span style=\"color: #000000\">\r\n\r\n<\/span><\/p>\r\n<p class=\"has-black-color has-text-color\"><span style=\"color: #000000\"><em>Director: <\/em>D. Antonio Miguel Rodr\u00edguez Gonz\u00e1lez.<\/span><\/p>\r\n<p><span style=\"color: #000000\">\r\n\r\n<\/span><\/p>\r\n<p class=\"has-black-color has-text-color\"><span style=\"color: #000000\"><em>Jefe de Estudios: <\/em>D. Miguel D\u00edaz Le\u00f3n.<\/span><\/p>\r\n<p><span style=\"color: #000000\">\r\n\r\n\r\n\r\n\r\n\r\n\r\n\r\n\r\n\r\n<\/span><\/p>\r\n<p class=\"has-black-color has-text-color\"><span style=\"text-decoration: underline;color: #000000\"><em>Sector Profesorado: <\/em><\/span><\/p>\r\n<p class=\"has-black-color has-text-color\"><span style=\"color: #000000\">D. Miguel Antonio Moreno Navarrete.<\/span><\/p>\r\n<p><span style=\"color: #000000\">D. Marcos Mu\u00f1oz Ruiz.<\/span><\/p>\r\n<p><span style=\"color: #000000\">D\u00aa. Luz Bel\u00e9n Quevedo Romera.<\/span><\/p>\r\n<p><span style=\"color: #000000\">D\u00aa. Lorena Ramos Segura.<\/span><\/p>\r\n<p><span style=\"color: #000000\">D. Alberto Rodr\u00edguez Zorrilla.<\/span><\/p>\r\n<p><span style=\"color: #000000\">D\u00aa. Alejandra Villegas Casta\u00f1eda.<\/span><\/p>\r\n<p><span style=\"text-decoration: underline;color: #000000\">Sector Familias:<\/span><\/p>\r\n<p><span style=\"color: #000000\">D\u00aa. Isabel L\u00f3pez Rivas (AMPA Malerva).<\/span><\/p>\r\n<p><span style=\"color: #000000\">D\u00aa. Mar\u00eda Jos\u00e9 Fern\u00e1ndez Luque.<\/span><\/p>\r\n<p><span style=\"color: #000000\">D\u00aa. Adela Mota L\u00f3pez.<\/span><\/p>\r\n<p><span style=\"color: #000000\">D\u00aa. Tamar Mar\u00eda Rubio Olivencia.<\/span><\/p>\r\n<p><span style=\"color: #000000\">\r\n\r\n\r\n\r\n\r\n\r\n\r\n\r\n\r\n\r\n\r\n\r\n<\/span><\/p>\r\n<p class=\"has-black-color has-text-color\"><span style=\"text-decoration: underline;color: #000000\"><em>Sector Alumnado:<\/em><\/span><\/p>\r\n<p><span style=\"color: #000000\">D\u00aa. Jimena Exp\u00f3sito L\u00f3pez.<\/span><\/p>\r\n<p><span style=\"color: #000000\">D. Gorka Mart\u00edn Molina.<\/span><\/p>\r\n<p><span style=\"color: #000000\">\r\n\r\n\r\n\r\n\r\n\r\n\r\n\r\n<\/span><\/p>\r\n<p class=\"has-black-color has-text-color\"><span style=\"text-decoration: underline;color: #000000\">Sector <em>Personal de Administraci\u00f3n y Servicios: <\/em><\/span><\/p>\r\n<p class=\"has-black-color has-text-color\"><span style=\"color: #000000\">D\u00aa Rosario Garc\u00eda Molina.<\/span><\/p>\r\n<p><span style=\"color: #000000\">\r\n\r\n\r\n\r\n<\/span><\/p>\r\n<p class=\"has-black-color has-text-color\"><span style=\"text-decoration: underline;color: #000000\"><em>Representante del Ayuntamiento: <\/em><\/span><\/p>\r\n<p class=\"has-black-color has-text-color\"><span style=\"color: #000000\">D. David Fern\u00e1ndez Barranco.<\/span><\/p>\r\n\r\n\r\n\r\n\r\n\r\n\r\n","protected":false},"excerpt":{"rendered":"<p>El Consejo Escolar es el \u00f3rgano de participaci\u00f3n en el control y gesti\u00f3n del centro de los distintos sectores que constituyen la comunidad educativa y posee las siguientes atribuciones: a)&nbsp;Formular propuestas al equipo directivo&#46;&#46;&#46;<\/p>\n","protected":false},"author":16923,"featured_media":0,"parent":0,"menu_order":0,"comment_status":"closed","ping_status":"closed","template":"","meta":{"ngg_post_thumbnail":0,"footnotes":""},"aioseo_notices":[],"_links":{"self":[{"href":"https:\/\/blogsaverroes.juntadeandalucia.es\/iesmarazul\/wp-json\/wp\/v2\/pages\/122"}],"collection":[{"href":"https:\/\/blogsaverroes.juntadeandalucia.es\/iesmarazul\/wp-json\/wp\/v2\/pages"}],"about":[{"href":"https:\/\/blogsaverroes.juntadeandalucia.es\/iesmarazul\/wp-json\/wp\/v2\/types\/page"}],"author":[{"embeddable":true,"href":"https:\/\/blogsaverroes.juntadeandalucia.es\/iesmarazul\/wp-json\/wp\/v2\/users\/16923"}],"replies":[{"embeddable":true,"href":"https:\/\/blogsaverroes.juntadeandalucia.es\/iesmarazul\/wp-json\/wp\/v2\/comments?post=122"}],"version-history":[{"count":11,"href":"https:\/\/blogsaverroes.juntadeandalucia.es\/iesmarazul\/wp-json\/wp\/v2\/pages\/122\/revisions"}],"predecessor-version":[{"id":5739,"href":"https:\/\/blogsaverroes.juntadeandalucia.es\/iesmarazul\/wp-json\/wp\/v2\/pages\/122\/revisions\/5739"}],"wp:attachment":[{"href":"https:\/\/blogsaverroes.juntadeandalucia.es\/iesmarazul\/wp-json\/wp\/v2\/media?parent=122"}],"curies":[{"name":"wp","href":"https:\/\/api.w.org\/{rel}","templated":true}]}}