{"id":177,"date":"2015-04-21T10:47:02","date_gmt":"2015-04-21T10:47:02","guid":{"rendered":"http:\/\/www.iesmarazul.es\/?page_id=177"},"modified":"2025-12-06T22:04:49","modified_gmt":"2025-12-06T21:04:49","slug":"educacion-plastica-y-visual","status":"publish","type":"page","link":"https:\/\/blogsaverroes.juntadeandalucia.es\/iesmarazul\/educacion-plastica-y-visual\/","title":{"rendered":"Departamento de Expresi\u00f3n Corporal y Art\u00edstica"},"content":{"rendered":"\r\n<p>En el curso acad\u00e9mico 2025\/2026, el Departamento de Expresi\u00f3n Corporal y Art\u00edstica est\u00e1 formado por:<\/p>\r\n\r\n\r\n\r\n\r\n\r\n\r\n\r\n\r\n\r\n\r\n\r\n<ul>\r\n<li>D. Marcos Mu\u00f1oz Ru\u00edz &#8211; Jefe de Departamento<\/li>\r\n<li>D. Miguel D\u00edaz Le\u00f3n.<\/li>\r\n<li>D\u00aa. Silvia Garrido Asensio.<\/li>\r\n<li>D. Luis Ayala Ortega<\/li>\r\n<\/ul>\r\n<p>A trav\u00e9s del siguiente enlace puede consultarse la Programaci\u00f3n Did\u00e1ctica y Criterios de Evaluaci\u00f3n que el departamento ha establecido para el presente curso:<\/p>\r\n<p>&nbsp;<\/p>\r\n<p style=\"text-align: center\"><a href=\"https:\/\/blogsaverroes.juntadeandalucia.es\/iesmarazul\/files\/2025\/12\/EF.pdf\">Programaci\u00f3n de Educaci\u00f3n F\u00edsica 2025\/2026<\/a><\/p>\r\n<p style=\"text-align: center\"><a title=\"Comienzo del curso 2025\/2026\" href=\"https:\/\/blogsaverroes.juntadeandalucia.es\/iesmarazul\/comienzo-del-curso-2025-2026\/\">Programaci\u00f3n de Expresi\u00f3n Art\u00edstica 2025\/2026<\/a><\/p>\r\n<p style=\"text-align: center\"><a href=\"https:\/\/blogsaverroes.juntadeandalucia.es\/iesmarazul\/files\/2025\/12\/EPVA.pdf\">Programaci\u00f3n de Expresi\u00f3n Pl\u00e1stica, Visual y Audiovisual 2025\/2026<\/a><\/p>\r\n<p style=\"text-align: center\"><a href=\"https:\/\/blogsaverroes.juntadeandalucia.es\/iesmarazul\/files\/2025\/12\/Musica.pdf\">Programaci\u00f3n de M\u00fasica 2025\/2026<\/a><\/p>\r\n\r\n\r\n\r\n<p style=\"text-align: center\"><a title=\"Planes y Programas\" href=\"https:\/\/blogsaverroes.juntadeandalucia.es\/iesmarazul\/planes-y-programas\/\">Programaci\u00f3n de Proyecto de EPA 2025\/2026<\/a><\/p>\r\n<p>&nbsp;<\/p>\r\n\r\n\r\n","protected":false},"excerpt":{"rendered":"<p>En el curso acad\u00e9mico 2025\/2026, el Departamento de Expresi\u00f3n Corporal y Art\u00edstica est\u00e1 formado por: D. Marcos Mu\u00f1oz Ru\u00edz &#8211; Jefe de Departamento D. Miguel D\u00edaz Le\u00f3n. D\u00aa. Silvia Garrido Asensio. D. Luis Ayala&#46;&#46;&#46;<\/p>\n","protected":false},"author":16923,"featured_media":3980,"parent":0,"menu_order":0,"comment_status":"closed","ping_status":"closed","template":"","meta":{"ngg_post_thumbnail":0,"footnotes":""},"aioseo_notices":[],"_links":{"self":[{"href":"https:\/\/blogsaverroes.juntadeandalucia.es\/iesmarazul\/wp-json\/wp\/v2\/pages\/177"}],"collection":[{"href":"https:\/\/blogsaverroes.juntadeandalucia.es\/iesmarazul\/wp-json\/wp\/v2\/pages"}],"about":[{"href":"https:\/\/blogsaverroes.juntadeandalucia.es\/iesmarazul\/wp-json\/wp\/v2\/types\/page"}],"author":[{"embeddable":true,"href":"https:\/\/blogsaverroes.juntadeandalucia.es\/iesmarazul\/wp-json\/wp\/v2\/users\/16923"}],"replies":[{"embeddable":true,"href":"https:\/\/blogsaverroes.juntadeandalucia.es\/iesmarazul\/wp-json\/wp\/v2\/comments?post=177"}],"version-history":[{"count":29,"href":"https:\/\/blogsaverroes.juntadeandalucia.es\/iesmarazul\/wp-json\/wp\/v2\/pages\/177\/revisions"}],"predecessor-version":[{"id":5822,"href":"https:\/\/blogsaverroes.juntadeandalucia.es\/iesmarazul\/wp-json\/wp\/v2\/pages\/177\/revisions\/5822"}],"wp:featuredmedia":[{"embeddable":true,"href":"https:\/\/blogsaverroes.juntadeandalucia.es\/iesmarazul\/wp-json\/wp\/v2\/media\/3980"}],"wp:attachment":[{"href":"https:\/\/blogsaverroes.juntadeandalucia.es\/iesmarazul\/wp-json\/wp\/v2\/media?parent=177"}],"curies":[{"name":"wp","href":"https:\/\/api.w.org\/{rel}","templated":true}]}}