{"id":3168,"date":"2020-10-08T10:53:26","date_gmt":"2020-10-08T10:53:26","guid":{"rendered":"http:\/\/www.iesmarazul.es\/?page_id=3168"},"modified":"2023-01-02T13:46:55","modified_gmt":"2023-01-02T12:46:55","slug":"actividades","status":"publish","type":"page","link":"https:\/\/blogsaverroes.juntadeandalucia.es\/iesmarazul\/actividades\/","title":{"rendered":"ACTIVIDADES"},"content":{"rendered":"\r\n<h2 class=\"wp-block-heading\">25N D\u00eda Internacional para la Eliminaci\u00f3n de la Violencia de G\u00e9nero<\/h2>\r\n<p><iframe loading=\"lazy\" src=\"\/\/www.youtube.com\/embed\/9PK1s9oRmhk\" width=\"560\" height=\"314\"><\/iframe><\/p>\r\n<h2>Charla contra la violencia con Mabel Lozano.<\/h2>\r\n\r\n\r\n\r\n<figure class=\"wp-block-image size-large is-style-rounded\"><img loading=\"lazy\" decoding=\"async\" width=\"624\" height=\"385\" class=\"wp-image-2140\" src=\"https:\/\/blogsaverroes.juntadeandalucia.es\/iesmarazul\/files\/2018\/12\/foto-mabel.png\" alt=\"\" srcset=\"https:\/\/blogsaverroes.juntadeandalucia.es\/iesmarazul\/files\/2018\/12\/foto-mabel.png 624w, https:\/\/blogsaverroes.juntadeandalucia.es\/iesmarazul\/files\/2018\/12\/foto-mabel-300x185.png 300w, https:\/\/blogsaverroes.juntadeandalucia.es\/iesmarazul\/files\/2018\/12\/foto-mabel-480x296.png 480w\" sizes=\"(max-width: 624px) 100vw, 624px\" \/><\/figure>\r\n\r\n\r\n\r\n<p>La actriz Mabel Lozano, muy involucrada en la lucha contra la violencia contra la mujer, acudi\u00f3 a nuestro centro a dar una charla al alumnado de 4\u00ba sobre las diferentes violencias que sufren las mujeres hoy en d\u00eda en nuestro pa\u00eds.<\/p>\r\n\r\n\r\n\r\n\r\n\r\n<p>&nbsp;<\/p>\r\n\r\n\r\n\r\n<h2 class=\"wp-block-heading\">Proyecto de Investigaci\u00f3n sobre la Violencia entre adolescentes de la Universidad de Almer\u00eda<\/h2>\r\n\r\n\r\n\r\n<p>Nuestro centro colabora en una investigaci\u00f3n sobre la Violencia entre parejas adolescentes con el fin de elaborar materiales educativos para eliminar este problema. Pueden consultar la informaci\u00f3n relativa al proyecto en los siguientes documentos que nos ha enviado la Directora del Proyecto.<\/p>\r\n\r\n\r\n\r\n<p class=\"wp-block-pdfemb-pdf-embedder-viewer\">&nbsp;<\/p>\r\n\r\n\r\n\r\n<h2 class=\"wp-block-pdfemb-pdf-embedder-viewer\"><span style=\"font-size: 18pt\"><strong>Jornada J\u00f3venes por la Igualdad<\/strong><\/span><\/h2>\r\n<p><iframe loading=\"lazy\" src=\"\/\/www.youtube.com\/embed\/t4GidQmOx3I\" width=\"560\" height=\"314\"><\/iframe><\/p>\r\n\r\n\r\n\r\n<p class=\"wp-block-pdfemb-pdf-embedder-viewer\">&nbsp;<\/p>\r\n<h2><span style=\"font-size: 18pt\">Amadrinando Aulas en el IES Mar Azul<\/span><\/h2>\r\n<p><a href=\"https:\/\/view.genial.ly\/604608b217d1270d29865391\/interactive-content-amadrinando-aulas-youtube\"><img decoding=\"async\" src=\"https:\/\/blogsaverroes.juntadeandalucia.es\/iesmarazul\/files\/2021\/03\/Captura-de-pantalla-53-1024x573.png\"><\/a><\/p>\r\n\r\n\r\n\r\n<p>&nbsp;<\/p>\r\n<h2>30 de Enero, D\u00eda de la Paz<\/h2>\r\n<p>Para celebrar el d\u00eda de la paz el mi\u00e9rcoles 30 de enero nuestro centro ha realizado una gymkhana por la paz.<\/p>\r\n<p>En dicho juego, el alumnado ha tenido que superar 10 pruebas cuyo principal objetivo ha sido conocer los conceptos relacionados con el vocabulario que se emplea en un conflicto armado. Cada prueba posee una estructura com\u00fan. Primero hay una contextualizaci\u00f3n de la situaci\u00f3n que aparece en la prueba y despu\u00e9s comienza la escenificaci\u00f3n de la misma. En cada prueba superada se obtiene una pieza de un puzle de forma que al finalizar todas las pruebas y al formar el puzle aparece la foto de una persona ganadora del premio nobel de la paz y una frase c\u00e9lebre de dicha persona.<\/p>\r\n<p>A continuaci\u00f3n se han escrito en un muro del patio dichas frases y as\u00ed hemos construido nuestro&nbsp;<strong>\u201c Muro de la Paz\u201d<\/strong>.<\/p>\r\n\n\t\t<style>\n\t\t\t#gallery-1 {\n\t\t\t\tmargin: auto;\n\t\t\t}\n\t\t\t#gallery-1 .gallery-item {\n\t\t\t\tfloat: left;\n\t\t\t\tmargin-top: 10px;\n\t\t\t\ttext-align: center;\n\t\t\t\twidth: 33%;\n\t\t\t}\n\t\t\t#gallery-1 img {\n\t\t\t\tborder: 2px solid #cfcfcf;\n\t\t\t}\n\t\t\t#gallery-1 .gallery-caption {\n\t\t\t\tmargin-left: 0;\n\t\t\t}\n\t\t\t\/* see gallery_shortcode() in wp-includes\/media.php *\/\n\t\t<\/style>\n\t\t<div id='gallery-1' class='gallery galleryid-3168 gallery-columns-3 gallery-size-full'><dl class='gallery-item'>\n\t\t\t<dt class='gallery-icon landscape'>\n\t\t\t\t<a href='https:\/\/blogsaverroes.juntadeandalucia.es\/iesmarazul\/img_20190204_105621_094\/'><img loading=\"lazy\" decoding=\"async\" width=\"2560\" height=\"1920\" src=\"https:\/\/blogsaverroes.juntadeandalucia.es\/iesmarazul\/files\/2019\/02\/IMG_20190204_105621_094-scaled.jpg\" class=\"attachment-full size-full\" alt=\"\" srcset=\"https:\/\/blogsaverroes.juntadeandalucia.es\/iesmarazul\/files\/2019\/02\/IMG_20190204_105621_094-scaled.jpg 2560w, https:\/\/blogsaverroes.juntadeandalucia.es\/iesmarazul\/files\/2019\/02\/IMG_20190204_105621_094-300x225.jpg 300w, https:\/\/blogsaverroes.juntadeandalucia.es\/iesmarazul\/files\/2019\/02\/IMG_20190204_105621_094-1024x768.jpg 1024w, https:\/\/blogsaverroes.juntadeandalucia.es\/iesmarazul\/files\/2019\/02\/IMG_20190204_105621_094-768x576.jpg 768w, https:\/\/blogsaverroes.juntadeandalucia.es\/iesmarazul\/files\/2019\/02\/IMG_20190204_105621_094-1536x1152.jpg 1536w, https:\/\/blogsaverroes.juntadeandalucia.es\/iesmarazul\/files\/2019\/02\/IMG_20190204_105621_094-2048x1536.jpg 2048w, https:\/\/blogsaverroes.juntadeandalucia.es\/iesmarazul\/files\/2019\/02\/IMG_20190204_105621_094-510x382.jpg 510w, https:\/\/blogsaverroes.juntadeandalucia.es\/iesmarazul\/files\/2019\/02\/IMG_20190204_105621_094-1080x810.jpg 1080w, https:\/\/blogsaverroes.juntadeandalucia.es\/iesmarazul\/files\/2019\/02\/IMG_20190204_105621_094-1280x960.jpg 1280w, https:\/\/blogsaverroes.juntadeandalucia.es\/iesmarazul\/files\/2019\/02\/IMG_20190204_105621_094-980x735.jpg 980w, https:\/\/blogsaverroes.juntadeandalucia.es\/iesmarazul\/files\/2019\/02\/IMG_20190204_105621_094-480x360.jpg 480w\" sizes=\"(max-width: 2560px) 100vw, 2560px\" \/><\/a>\n\t\t\t<\/dt><\/dl><dl class='gallery-item'>\n\t\t\t<dt class='gallery-icon portrait'>\n\t\t\t\t<a href='https:\/\/blogsaverroes.juntadeandalucia.es\/iesmarazul\/img_20190204_105607_513\/'><img loading=\"lazy\" decoding=\"async\" width=\"1920\" height=\"2560\" src=\"https:\/\/blogsaverroes.juntadeandalucia.es\/iesmarazul\/files\/2019\/02\/IMG_20190204_105607_513-scaled.jpg\" class=\"attachment-full size-full\" alt=\"\" srcset=\"https:\/\/blogsaverroes.juntadeandalucia.es\/iesmarazul\/files\/2019\/02\/IMG_20190204_105607_513-scaled.jpg 1920w, https:\/\/blogsaverroes.juntadeandalucia.es\/iesmarazul\/files\/2019\/02\/IMG_20190204_105607_513-225x300.jpg 225w, https:\/\/blogsaverroes.juntadeandalucia.es\/iesmarazul\/files\/2019\/02\/IMG_20190204_105607_513-768x1024.jpg 768w, https:\/\/blogsaverroes.juntadeandalucia.es\/iesmarazul\/files\/2019\/02\/IMG_20190204_105607_513-1152x1536.jpg 1152w, https:\/\/blogsaverroes.juntadeandalucia.es\/iesmarazul\/files\/2019\/02\/IMG_20190204_105607_513-1536x2048.jpg 1536w, https:\/\/blogsaverroes.juntadeandalucia.es\/iesmarazul\/files\/2019\/02\/IMG_20190204_105607_513-1080x1440.jpg 1080w, https:\/\/blogsaverroes.juntadeandalucia.es\/iesmarazul\/files\/2019\/02\/IMG_20190204_105607_513-1280x1707.jpg 1280w, https:\/\/blogsaverroes.juntadeandalucia.es\/iesmarazul\/files\/2019\/02\/IMG_20190204_105607_513-980x1307.jpg 980w, https:\/\/blogsaverroes.juntadeandalucia.es\/iesmarazul\/files\/2019\/02\/IMG_20190204_105607_513-480x640.jpg 480w\" sizes=\"(max-width: 1920px) 100vw, 1920px\" \/><\/a>\n\t\t\t<\/dt><\/dl><dl class='gallery-item'>\n\t\t\t<dt class='gallery-icon portrait'>\n\t\t\t\t<a href='https:\/\/blogsaverroes.juntadeandalucia.es\/iesmarazul\/img-20190130-wa0005\/'><img loading=\"lazy\" decoding=\"async\" width=\"1200\" height=\"1600\" src=\"https:\/\/blogsaverroes.juntadeandalucia.es\/iesmarazul\/files\/2019\/02\/IMG-20190130-WA0005.jpg\" class=\"attachment-full size-full\" alt=\"\" srcset=\"https:\/\/blogsaverroes.juntadeandalucia.es\/iesmarazul\/files\/2019\/02\/IMG-20190130-WA0005.jpg 1200w, https:\/\/blogsaverroes.juntadeandalucia.es\/iesmarazul\/files\/2019\/02\/IMG-20190130-WA0005-225x300.jpg 225w, https:\/\/blogsaverroes.juntadeandalucia.es\/iesmarazul\/files\/2019\/02\/IMG-20190130-WA0005-768x1024.jpg 768w, https:\/\/blogsaverroes.juntadeandalucia.es\/iesmarazul\/files\/2019\/02\/IMG-20190130-WA0005-1152x1536.jpg 1152w, https:\/\/blogsaverroes.juntadeandalucia.es\/iesmarazul\/files\/2019\/02\/IMG-20190130-WA0005-1080x1440.jpg 1080w, https:\/\/blogsaverroes.juntadeandalucia.es\/iesmarazul\/files\/2019\/02\/IMG-20190130-WA0005-980x1307.jpg 980w, https:\/\/blogsaverroes.juntadeandalucia.es\/iesmarazul\/files\/2019\/02\/IMG-20190130-WA0005-480x640.jpg 480w\" sizes=\"(max-width: 1200px) 100vw, 1200px\" \/><\/a>\n\t\t\t<\/dt><\/dl><br style=\"clear: both\" \/>\n\t\t<\/div>\n\r\n","protected":false},"excerpt":{"rendered":"<p>25N D\u00eda Internacional para la Eliminaci\u00f3n de la Violencia de G\u00e9nero Charla contra la violencia con Mabel Lozano. La actriz Mabel Lozano, muy involucrada en la lucha contra la violencia contra la mujer, acudi\u00f3&#46;&#46;&#46;<\/p>\n","protected":false},"author":16923,"featured_media":0,"parent":0,"menu_order":0,"comment_status":"closed","ping_status":"closed","template":"","meta":{"ngg_post_thumbnail":0,"footnotes":""},"aioseo_notices":[],"_links":{"self":[{"href":"https:\/\/blogsaverroes.juntadeandalucia.es\/iesmarazul\/wp-json\/wp\/v2\/pages\/3168"}],"collection":[{"href":"https:\/\/blogsaverroes.juntadeandalucia.es\/iesmarazul\/wp-json\/wp\/v2\/pages"}],"about":[{"href":"https:\/\/blogsaverroes.juntadeandalucia.es\/iesmarazul\/wp-json\/wp\/v2\/types\/page"}],"author":[{"embeddable":true,"href":"https:\/\/blogsaverroes.juntadeandalucia.es\/iesmarazul\/wp-json\/wp\/v2\/users\/16923"}],"replies":[{"embeddable":true,"href":"https:\/\/blogsaverroes.juntadeandalucia.es\/iesmarazul\/wp-json\/wp\/v2\/comments?post=3168"}],"version-history":[{"count":5,"href":"https:\/\/blogsaverroes.juntadeandalucia.es\/iesmarazul\/wp-json\/wp\/v2\/pages\/3168\/revisions"}],"predecessor-version":[{"id":4057,"href":"https:\/\/blogsaverroes.juntadeandalucia.es\/iesmarazul\/wp-json\/wp\/v2\/pages\/3168\/revisions\/4057"}],"wp:attachment":[{"href":"https:\/\/blogsaverroes.juntadeandalucia.es\/iesmarazul\/wp-json\/wp\/v2\/media?parent=3168"}],"curies":[{"name":"wp","href":"https:\/\/api.w.org\/{rel}","templated":true}]}}