{"id":333,"date":"2016-02-19T11:59:57","date_gmt":"2016-02-19T11:59:57","guid":{"rendered":"http:\/\/www.iesmarazul.es\/?page_id=333"},"modified":"2016-02-19T11:59:57","modified_gmt":"2016-02-19T11:59:57","slug":"biblioteca-2","status":"publish","type":"page","link":"https:\/\/blogsaverroes.juntadeandalucia.es\/iesmarazul\/biblioteca-2\/","title":{"rendered":"BIBLIOTECA"},"content":{"rendered":"<p style=\"text-align: justify\">Si pinch\u00e1is aqu\u00ed\u00a0\u00a0<a href=\"http:\/\/www.bibliotecaiesmarazul.blogspot.com.es\/\" target=\"_blank\" rel=\"noopener noreferrer\">Biblioteca I.E.S. Mar Azul<\/a>\u00a0pod\u00e9is encontrar las \u00faltimas adquisiciones de libros, escribir vuestras recomendaciones, comentar los que os han gustado,buscar pelis y m\u00fasica, y hacer todas aquellas sugerencias que se os ocurran para nuestra\/vuestra biblioteca.<br \/>\nTenemos un mont\u00f3n de libros que esperan con muchas ganas \u00a0ser le\u00eddos.<br \/>\n\u00a1Vamos a disfrutar con ellos!.<\/p>\n","protected":false},"excerpt":{"rendered":"<p>Si pinch\u00e1is aqu\u00ed\u00a0\u00a0Biblioteca I.E.S. Mar Azul\u00a0pod\u00e9is encontrar las \u00faltimas adquisiciones de libros, escribir vuestras recomendaciones, comentar los que os han gustado,buscar pelis y m\u00fasica, y hacer todas aquellas sugerencias que se os ocurran para&#46;&#46;&#46;<\/p>\n","protected":false},"author":16923,"featured_media":0,"parent":0,"menu_order":0,"comment_status":"closed","ping_status":"closed","template":"","meta":{"ngg_post_thumbnail":0,"footnotes":""},"aioseo_notices":[],"_links":{"self":[{"href":"https:\/\/blogsaverroes.juntadeandalucia.es\/iesmarazul\/wp-json\/wp\/v2\/pages\/333"}],"collection":[{"href":"https:\/\/blogsaverroes.juntadeandalucia.es\/iesmarazul\/wp-json\/wp\/v2\/pages"}],"about":[{"href":"https:\/\/blogsaverroes.juntadeandalucia.es\/iesmarazul\/wp-json\/wp\/v2\/types\/page"}],"author":[{"embeddable":true,"href":"https:\/\/blogsaverroes.juntadeandalucia.es\/iesmarazul\/wp-json\/wp\/v2\/users\/16923"}],"replies":[{"embeddable":true,"href":"https:\/\/blogsaverroes.juntadeandalucia.es\/iesmarazul\/wp-json\/wp\/v2\/comments?post=333"}],"version-history":[{"count":0,"href":"https:\/\/blogsaverroes.juntadeandalucia.es\/iesmarazul\/wp-json\/wp\/v2\/pages\/333\/revisions"}],"wp:attachment":[{"href":"https:\/\/blogsaverroes.juntadeandalucia.es\/iesmarazul\/wp-json\/wp\/v2\/media?parent=333"}],"curies":[{"name":"wp","href":"https:\/\/api.w.org\/{rel}","templated":true}]}}