{"id":3491,"date":"2022-07-04T17:52:15","date_gmt":"2022-07-04T17:52:15","guid":{"rendered":"http:\/\/www.iesmarazul.es\/?page_id=3491"},"modified":"2025-12-06T14:06:18","modified_gmt":"2025-12-06T13:06:18","slug":"orientacion-2","status":"publish","type":"page","link":"https:\/\/blogsaverroes.juntadeandalucia.es\/iesmarazul\/orientacion-2\/","title":{"rendered":"Orientaci\u00f3n"},"content":{"rendered":"\r\n<p>En el curso acad\u00e9mico 2025\/2026, el Departamento de Orientaci\u00f3n est\u00e1 formado por:<\/p>\r\n<ul>\r\n<li>D\u00aa. J\u00e9sica Fern\u00e1ndez Higueras (Orientadora y Jefa de Departamento)<\/li>\r\n<\/ul>\r\n\r\n\r\n\r\n\r\n\r\n<ul>\r\n<li>D. Antonio Miguel Rodr\u00edguez Gonz\u00e1lez.(Pedagog\u00eda Terap\u00e9utica)<\/li>\r\n<\/ul>\r\n\r\n\r\n\r\n<p class=\"wp-block-pdfemb-pdf-embedder-viewer\">A trav\u00e9s del siguiente enlace puede consultarse la Programaci\u00f3n Did\u00e1ctica y Criterios de Evaluaci\u00f3n que el departamento ha establecido para el presente curso:<\/p>\r\n\r\n\r\n\r\n<p class=\"wp-block-pdfemb-pdf-embedder-viewer\" style=\"text-align: center\"><a href=\"https:\/\/blogsaverroes.juntadeandalucia.es\/iesmarazul\/files\/2025\/12\/Programacion-de-FOPP-25-26.pdf\">Programacion-de-FOPP-25-26<\/a><\/p>\r\n<p style=\"text-align: center\"><a href=\"https:\/\/blogsaverroes.juntadeandalucia.es\/iesmarazul\/files\/2025\/01\/Programacion-de-Ambito-Linguistico-y-Social-2024.pdf\">Programaci\u00f3n de \u00c1mbito Ling\u00fc\u00edstico y Social 2024\/2025<\/a><\/p>\r\n<p style=\"text-align: center\"><a href=\"https:\/\/blogsaverroes.juntadeandalucia.es\/iesmarazul\/files\/2025\/12\/PDC-Ambito-C-T-25-26.pdf\">PDC A\u0301mbito C-T 25-26<\/a><\/p>\r\n<p style=\"text-align: center\"><a href=\"https:\/\/blogsaverroes.juntadeandalucia.es\/iesmarazul\/files\/2025\/11\/Programacion-Huerto-25-26.pdf\">Programaci\u00f3n Huerto Escolar y Jard\u00edn 25-26<\/a><\/p>\r\n","protected":false},"excerpt":{"rendered":"<p>En el curso acad\u00e9mico 2025\/2026, el Departamento de Orientaci\u00f3n est\u00e1 formado por: D\u00aa. J\u00e9sica Fern\u00e1ndez Higueras (Orientadora y Jefa de Departamento) D. Antonio Miguel Rodr\u00edguez Gonz\u00e1lez.(Pedagog\u00eda Terap\u00e9utica)<\/p>\n","protected":false},"author":16923,"featured_media":3986,"parent":0,"menu_order":0,"comment_status":"closed","ping_status":"closed","template":"","meta":{"ngg_post_thumbnail":0,"footnotes":""},"aioseo_notices":[],"_links":{"self":[{"href":"https:\/\/blogsaverroes.juntadeandalucia.es\/iesmarazul\/wp-json\/wp\/v2\/pages\/3491"}],"collection":[{"href":"https:\/\/blogsaverroes.juntadeandalucia.es\/iesmarazul\/wp-json\/wp\/v2\/pages"}],"about":[{"href":"https:\/\/blogsaverroes.juntadeandalucia.es\/iesmarazul\/wp-json\/wp\/v2\/types\/page"}],"author":[{"embeddable":true,"href":"https:\/\/blogsaverroes.juntadeandalucia.es\/iesmarazul\/wp-json\/wp\/v2\/users\/16923"}],"replies":[{"embeddable":true,"href":"https:\/\/blogsaverroes.juntadeandalucia.es\/iesmarazul\/wp-json\/wp\/v2\/comments?post=3491"}],"version-history":[{"count":20,"href":"https:\/\/blogsaverroes.juntadeandalucia.es\/iesmarazul\/wp-json\/wp\/v2\/pages\/3491\/revisions"}],"predecessor-version":[{"id":4622,"href":"https:\/\/blogsaverroes.juntadeandalucia.es\/iesmarazul\/wp-json\/wp\/v2\/pages\/3491\/revisions\/4622"}],"wp:featuredmedia":[{"embeddable":true,"href":"https:\/\/blogsaverroes.juntadeandalucia.es\/iesmarazul\/wp-json\/wp\/v2\/media\/3986"}],"wp:attachment":[{"href":"https:\/\/blogsaverroes.juntadeandalucia.es\/iesmarazul\/wp-json\/wp\/v2\/media?parent=3491"}],"curies":[{"name":"wp","href":"https:\/\/api.w.org\/{rel}","templated":true}]}}