{"id":4086,"date":"2023-02-05T12:13:41","date_gmt":"2023-02-05T11:13:41","guid":{"rendered":"https:\/\/blogsaverroes.juntadeandalucia.es\/iesmarazul\/?page_id=4086"},"modified":"2024-02-13T18:00:31","modified_gmt":"2024-02-13T17:00:31","slug":"proa-2","status":"publish","type":"page","link":"https:\/\/blogsaverroes.juntadeandalucia.es\/iesmarazul\/proa-2\/","title":{"rendered":"PROA"},"content":{"rendered":"<p>El <strong>PROA Andaluc\u00eda<\/strong> se concibe como un conjunto de actuaciones dirigidas a mejorar el grado de adquisici\u00f3n de las competencias clave y la motivaci\u00f3n del alumnado con necesidades espec\u00edficas de apoyo educativo que precisan acciones de car\u00e1cter compensatorio.<\/p>\n<p>Dichas acciones est\u00e1n dirigidas a <strong>evitar el riesgo de abandono temprano<\/strong> del sistema educativo, y complementar las acciones encaminadas a la mejora del \u00e9xito escolar, que se desarrollan en los centros docentes p\u00fablicos andaluces.<\/p>\n<p>En el IES Mar Azul, el Programa se lleva a cabo desde el curso 2022\/2023, a trav\u00e9s del <strong>Plan de apoyo y Refuerzo en Centros de Educaci\u00f3n Secundaria (PARCES).<\/strong><\/p>\n<p>Gracias a los fondos recibidos por parte de la Delegaci\u00f3n Territorial de Desarrollo Educativo y Formaci\u00f3n Profesional de Almer\u00eda, el centro pone a disposici\u00f3n de la comunidad educativa las siguientes actividades:<\/p>\n<ul>\n<li><strong>Talleres de Refuerzo de Lengua Castellana y Matem\u00e1ticas:<\/strong> Se desarrollan los martes y jueves.<\/li>\n<li><strong>Taller de Ingl\u00e9s como Lengua Extranjera:<\/strong> El cual se desarrolla los mi\u00e9rcoles.<\/li>\n<\/ul>\n<p>Ambos talleres se desarrollan de 16:00 a 18:00, en grupos no mayores de 15 alumnos y alumnas, dando prioridad al alumnado de 1\u00ba y 2\u00ba de ESO, aunque no se excluye la posibilidad de participaci\u00f3n al alumnado de cursos superiores.<\/p>\n<p>As\u00ed mismo, desarrollamos actividades l\u00fadicas y deportivas, que ayuden a la integraci\u00f3n del alumnado en el centro, la cohesi\u00f3n grupal y el fomento del ocio alternativo y los h\u00e1bitos de vida saludable.<\/p>\n","protected":false},"excerpt":{"rendered":"<p>El PROA Andaluc\u00eda se concibe como un conjunto de actuaciones dirigidas a mejorar el grado de adquisici\u00f3n de las competencias clave y la motivaci\u00f3n del alumnado con necesidades espec\u00edficas de apoyo educativo que precisan&#46;&#46;&#46;<\/p>\n","protected":false},"author":16923,"featured_media":0,"parent":0,"menu_order":0,"comment_status":"closed","ping_status":"closed","template":"","meta":{"ngg_post_thumbnail":0,"footnotes":""},"aioseo_notices":[],"_links":{"self":[{"href":"https:\/\/blogsaverroes.juntadeandalucia.es\/iesmarazul\/wp-json\/wp\/v2\/pages\/4086"}],"collection":[{"href":"https:\/\/blogsaverroes.juntadeandalucia.es\/iesmarazul\/wp-json\/wp\/v2\/pages"}],"about":[{"href":"https:\/\/blogsaverroes.juntadeandalucia.es\/iesmarazul\/wp-json\/wp\/v2\/types\/page"}],"author":[{"embeddable":true,"href":"https:\/\/blogsaverroes.juntadeandalucia.es\/iesmarazul\/wp-json\/wp\/v2\/users\/16923"}],"replies":[{"embeddable":true,"href":"https:\/\/blogsaverroes.juntadeandalucia.es\/iesmarazul\/wp-json\/wp\/v2\/comments?post=4086"}],"version-history":[{"count":4,"href":"https:\/\/blogsaverroes.juntadeandalucia.es\/iesmarazul\/wp-json\/wp\/v2\/pages\/4086\/revisions"}],"predecessor-version":[{"id":4864,"href":"https:\/\/blogsaverroes.juntadeandalucia.es\/iesmarazul\/wp-json\/wp\/v2\/pages\/4086\/revisions\/4864"}],"wp:attachment":[{"href":"https:\/\/blogsaverroes.juntadeandalucia.es\/iesmarazul\/wp-json\/wp\/v2\/media?parent=4086"}],"curies":[{"name":"wp","href":"https:\/\/api.w.org\/{rel}","templated":true}]}}