{"id":4647,"date":"2023-08-15T12:06:52","date_gmt":"2023-08-15T11:06:52","guid":{"rendered":"https:\/\/blogsaverroes.juntadeandalucia.es\/iesmarazul\/?page_id=4647"},"modified":"2025-07-07T12:18:59","modified_gmt":"2025-07-07T11:18:59","slug":"tutoriales-e-impresos","status":"publish","type":"page","link":"https:\/\/blogsaverroes.juntadeandalucia.es\/iesmarazul\/tutoriales-e-impresos\/","title":{"rendered":"Tutoriales e Impresos"},"content":{"rendered":"<p>En esta secci\u00f3n, el profesorado del IES Mar Azul podr\u00e1 encontrar un serie de tutoriales e impresos relacionados con las funciones y tr\u00e1mites m\u00e1s comunes a desarrollara lo largo del curso acad\u00e9mico.<\/p>\n<p><a href=\"https:\/\/blogsaverroes.juntadeandalucia.es\/iesmarazul\/files\/2025\/07\/GUIA-PARA-PROFESORADO-1.pdf\"><img loading=\"lazy\" decoding=\"async\" class=\"aligncenter wp-image-5708 size-full\" src=\"https:\/\/blogsaverroes.juntadeandalucia.es\/iesmarazul\/files\/2025\/07\/Guia-Pfrofesorado.jpg\" alt=\"\" width=\"452\" height=\"640\" srcset=\"https:\/\/blogsaverroes.juntadeandalucia.es\/iesmarazul\/files\/2025\/07\/Guia-Pfrofesorado.jpg 452w, https:\/\/blogsaverroes.juntadeandalucia.es\/iesmarazul\/files\/2025\/07\/Guia-Pfrofesorado-212x300.jpg 212w\" sizes=\"(max-width: 452px) 100vw, 452px\" \/><\/a><\/p>\n<p><a href=\"https:\/\/blogsaverroes.juntadeandalucia.es\/iesmarazul\/files\/2025\/07\/GUIA-PARA-TUTORES-2025.pdf\"><img loading=\"lazy\" decoding=\"async\" class=\"aligncenter wp-image-5713\" src=\"https:\/\/blogsaverroes.juntadeandalucia.es\/iesmarazul\/files\/2025\/07\/Guis-Tutores.jpg\" alt=\"\" width=\"452\" height=\"603\" srcset=\"https:\/\/blogsaverroes.juntadeandalucia.es\/iesmarazul\/files\/2025\/07\/Guis-Tutores.jpg 647w, https:\/\/blogsaverroes.juntadeandalucia.es\/iesmarazul\/files\/2025\/07\/Guis-Tutores-225x300.jpg 225w\" sizes=\"(max-width: 452px) 100vw, 452px\" \/><\/a><\/p>\n<p>&nbsp;<\/p>\n<p>&nbsp;<\/p>\n<p><a href=\"https:\/\/blogsaverroes.juntadeandalucia.es\/iesmarazul\/files\/2023\/08\/Gu\u00eda-Conductas-contrarias-1.pdf\"><img loading=\"lazy\" decoding=\"async\" class=\"wp-image-4654 size-medium aligncenter\" src=\"https:\/\/blogsaverroes.juntadeandalucia.es\/iesmarazul\/files\/2023\/08\/Portada-Sanci\u00f3n-300x101.jpg\" alt=\"\" width=\"300\" height=\"101\" srcset=\"https:\/\/blogsaverroes.juntadeandalucia.es\/iesmarazul\/files\/2023\/08\/Portada-Sanci\u00f3n-300x101.jpg 300w, https:\/\/blogsaverroes.juntadeandalucia.es\/iesmarazul\/files\/2023\/08\/Portada-Sanci\u00f3n.jpg 659w\" sizes=\"(max-width: 300px) 100vw, 300px\" \/><\/a><\/p>\n<p>&nbsp;<\/p>\n<p><a href=\"https:\/\/blogsaverroes.juntadeandalucia.es\/iesmarazul\/files\/2023\/08\/Dec\u00e1logo.pdf\"><img loading=\"lazy\" decoding=\"async\" class=\"wp-image-4691 size-full aligncenter\" src=\"https:\/\/blogsaverroes.juntadeandalucia.es\/iesmarazul\/files\/2023\/08\/Dec\u00e1logo.jpg\" alt=\"\" width=\"820\" height=\"233\" srcset=\"https:\/\/blogsaverroes.juntadeandalucia.es\/iesmarazul\/files\/2023\/08\/Dec\u00e1logo.jpg 820w, https:\/\/blogsaverroes.juntadeandalucia.es\/iesmarazul\/files\/2023\/08\/Dec\u00e1logo-300x85.jpg 300w, https:\/\/blogsaverroes.juntadeandalucia.es\/iesmarazul\/files\/2023\/08\/Dec\u00e1logo-768x218.jpg 768w\" sizes=\"(max-width: 820px) 100vw, 820px\" \/><\/a><\/p>\n<p>&nbsp;<\/p>\n<p>&nbsp;<\/p>\n<p><a href=\"https:\/\/www.juntadeandalucia.es\/educacion\/portales\/es\/web\/educacion\/profesorado\/otra-informacion\/permisos-y-licencias\"><img loading=\"lazy\" decoding=\"async\" class=\"aligncenter wp-image-5709 size-full\" src=\"https:\/\/blogsaverroes.juntadeandalucia.es\/iesmarazul\/files\/2025\/07\/Permisos.jpg\" alt=\"\" width=\"614\" height=\"654\" srcset=\"https:\/\/blogsaverroes.juntadeandalucia.es\/iesmarazul\/files\/2025\/07\/Permisos.jpg 614w, https:\/\/blogsaverroes.juntadeandalucia.es\/iesmarazul\/files\/2025\/07\/Permisos-282x300.jpg 282w\" sizes=\"(max-width: 614px) 100vw, 614px\" \/><\/a><\/p>\n<p>&nbsp;<\/p>\n<p>&nbsp;<\/p>\n<p><strong>Tutoriales sobre el uso de S\u00e9neca e iS\u00e9neca:<\/strong><\/p>\n<p>1) Solicitar la tarjeta DIPA (Documento Identificativo del Profesorado Andaluz):<\/p>\n<p><iframe loading=\"lazy\" src=\"\/\/www.youtube.com\/embed\/fLxrBKtYPxQ\" width=\"560\" height=\"314\"><\/iframe><\/p>\n<p>2) Activar DIPA:<\/p>\n<p><iframe loading=\"lazy\" src=\"\/\/www.youtube.com\/embed\/8-fEuqyi504\" width=\"560\" height=\"314\"><\/iframe><\/p>\n<p>3) Firmar documentos con tarjeta DIPA:<\/p>\n<p><iframe loading=\"lazy\" src=\"\/\/www.youtube.com\/embed\/ypMzP01mQNY\" width=\"560\" height=\"314\"><\/iframe><\/p>\n<p>4) Cargar Nuestro Horario y Crear Grupos en S\u00e9neca<\/p>\n<p><iframe loading=\"lazy\" src=\"\/\/www.youtube.com\/embed\/gW9NzJa0lh4\" width=\"560\" height=\"314\"><\/iframe><\/p>\n<p>5) Generar Observaciones y Vincularlas a una Evaluaci\u00f3n<\/p>\n<p><iframe loading=\"lazy\" src=\"\/\/www.youtube.com\/embed\/1oZAOS5Nfp4\" width=\"560\" height=\"314\"><\/iframe><\/p>\n<p>6) Enviar mensajes a trav\u00e9s de S\u00e9neca:<\/p>\n<p><iframe loading=\"lazy\" src=\"\/\/www.youtube.com\/embed\/l3bV-_7W8u8\" width=\"560\" height=\"314\"><\/iframe><\/p>\n","protected":false},"excerpt":{"rendered":"<p>En esta secci\u00f3n, el profesorado del IES Mar Azul podr\u00e1 encontrar un serie de tutoriales e impresos relacionados con las funciones y tr\u00e1mites m\u00e1s comunes a desarrollara lo largo del curso acad\u00e9mico. &nbsp; &nbsp;&#46;&#46;&#46;<\/p>\n","protected":false},"author":15395,"featured_media":0,"parent":0,"menu_order":0,"comment_status":"closed","ping_status":"closed","template":"","meta":{"ngg_post_thumbnail":0,"footnotes":""},"aioseo_notices":[],"_links":{"self":[{"href":"https:\/\/blogsaverroes.juntadeandalucia.es\/iesmarazul\/wp-json\/wp\/v2\/pages\/4647"}],"collection":[{"href":"https:\/\/blogsaverroes.juntadeandalucia.es\/iesmarazul\/wp-json\/wp\/v2\/pages"}],"about":[{"href":"https:\/\/blogsaverroes.juntadeandalucia.es\/iesmarazul\/wp-json\/wp\/v2\/types\/page"}],"author":[{"embeddable":true,"href":"https:\/\/blogsaverroes.juntadeandalucia.es\/iesmarazul\/wp-json\/wp\/v2\/users\/15395"}],"replies":[{"embeddable":true,"href":"https:\/\/blogsaverroes.juntadeandalucia.es\/iesmarazul\/wp-json\/wp\/v2\/comments?post=4647"}],"version-history":[{"count":22,"href":"https:\/\/blogsaverroes.juntadeandalucia.es\/iesmarazul\/wp-json\/wp\/v2\/pages\/4647\/revisions"}],"predecessor-version":[{"id":5720,"href":"https:\/\/blogsaverroes.juntadeandalucia.es\/iesmarazul\/wp-json\/wp\/v2\/pages\/4647\/revisions\/5720"}],"wp:attachment":[{"href":"https:\/\/blogsaverroes.juntadeandalucia.es\/iesmarazul\/wp-json\/wp\/v2\/media?parent=4647"}],"curies":[{"name":"wp","href":"https:\/\/api.w.org\/{rel}","templated":true}]}}