{"id":4865,"date":"2024-02-13T18:06:28","date_gmt":"2024-02-13T17:06:28","guid":{"rendered":"https:\/\/blogsaverroes.juntadeandalucia.es\/iesmarazul\/?page_id=4865"},"modified":"2025-01-10T10:31:08","modified_gmt":"2025-01-10T09:31:08","slug":"programa-cima","status":"publish","type":"page","link":"https:\/\/blogsaverroes.juntadeandalucia.es\/iesmarazul\/programa-cima\/","title":{"rendered":"Programa CIMA"},"content":{"rendered":"<h2 class=\"h2_cima_sidebar\">\u00bfQu\u00e9 es el programa CIMA?<\/h2>\n<p>Se trata de una herramienta pedag\u00f3gica para impulsar la innovaci\u00f3n y transformaci\u00f3n del proyecto educativo del centro (PE) desde el an\u00e1lisis, reflexi\u00f3n y evaluaci\u00f3n participativa garantizando la mejora continua y la personalizaci\u00f3n de los procesos seg\u00fan los centros de inter\u00e9s y necesidades del centro.<\/p>\n<p>El Programa CIMA surge con la misi\u00f3n de promover:<\/p>\n<ul>\n<li>El fomento y la coordinaci\u00f3n de la innovaci\u00f3n educativa a trav\u00e9s de proyectos integrales de transformaci\u00f3n y mejora de los aprendizajes.<\/li>\n<li>La gesti\u00f3n, coordinaci\u00f3n e integraci\u00f3n de las actuaciones y estrategias relativas a la innovaci\u00f3n educativa.<\/li>\n<li>La colaboraci\u00f3n y coordinaci\u00f3n con las instituciones competentes a nivel auton\u00f3mico, nacional e internacional en las tem\u00e1ticas relacionadas con los diferentes \u00e1mbitos de conocimiento y actuaci\u00f3n.<\/li>\n<li>La selecci\u00f3n, el reconocimiento y la difusi\u00f3n de pr\u00e1cticas educativas innovadoras.<\/li>\n<\/ul>\n<h2>Centros de Inter\u00e9s, \u00e1mbitos de conocimiento y L\u00edneas de Actuaci\u00f3n<\/h2>\n<h2>&nbsp; &nbsp;<a href=\"https:\/\/blogsaverroes.juntadeandalucia.es\/iesmarazul\/proyecto-interdisciplinar-huerto-escolar-y-jardin\/\"><img loading=\"lazy\" decoding=\"async\" class=\"alignnone size-full wp-image-4866\" src=\"https:\/\/blogsaverroes.juntadeandalucia.es\/iesmarazul\/files\/2024\/02\/ALDEA.jpg\" alt=\"\" width=\"382\" height=\"458\" srcset=\"https:\/\/blogsaverroes.juntadeandalucia.es\/iesmarazul\/files\/2024\/02\/ALDEA.jpg 382w, https:\/\/blogsaverroes.juntadeandalucia.es\/iesmarazul\/files\/2024\/02\/ALDEA-250x300.jpg 250w\" sizes=\"(max-width: 382px) 100vw, 382px\" \/><\/a>&nbsp; &nbsp;<a href=\"https:\/\/blogsaverroes.juntadeandalucia.es\/iesmarazul\/proyecto-interdisciplinar-deja-tu-huella\/\"><img loading=\"lazy\" decoding=\"async\" class=\"alignnone size-full wp-image-4867\" src=\"https:\/\/blogsaverroes.juntadeandalucia.es\/iesmarazul\/files\/2024\/02\/ARTE.jpg\" alt=\"\" width=\"385\" height=\"458\" srcset=\"https:\/\/blogsaverroes.juntadeandalucia.es\/iesmarazul\/files\/2024\/02\/ARTE.jpg 385w, https:\/\/blogsaverroes.juntadeandalucia.es\/iesmarazul\/files\/2024\/02\/ARTE-252x300.jpg 252w\" sizes=\"(max-width: 385px) 100vw, 385px\" \/><\/a><a href=\"https:\/\/blogsaverroes.juntadeandalucia.es\/iesmarazul\/programa-steam\/\"><img loading=\"lazy\" decoding=\"async\" class=\"size-full wp-image-4868 alignleft\" src=\"https:\/\/blogsaverroes.juntadeandalucia.es\/iesmarazul\/files\/2024\/02\/STEAM.jpg\" alt=\"\" width=\"384\" height=\"456\" srcset=\"https:\/\/blogsaverroes.juntadeandalucia.es\/iesmarazul\/files\/2024\/02\/STEAM.jpg 384w, https:\/\/blogsaverroes.juntadeandalucia.es\/iesmarazul\/files\/2024\/02\/STEAM-253x300.jpg 253w\" sizes=\"(max-width: 384px) 100vw, 384px\" \/><\/a><\/h2>\n","protected":false},"excerpt":{"rendered":"<p>\u00bfQu\u00e9 es el programa CIMA? Se trata de una herramienta pedag\u00f3gica para impulsar la innovaci\u00f3n y transformaci\u00f3n del proyecto educativo del centro (PE) desde el an\u00e1lisis, reflexi\u00f3n y evaluaci\u00f3n participativa garantizando la mejora continua&#46;&#46;&#46;<\/p>\n","protected":false},"author":15395,"featured_media":0,"parent":0,"menu_order":0,"comment_status":"closed","ping_status":"closed","template":"","meta":{"ngg_post_thumbnail":0,"footnotes":""},"aioseo_notices":[],"_links":{"self":[{"href":"https:\/\/blogsaverroes.juntadeandalucia.es\/iesmarazul\/wp-json\/wp\/v2\/pages\/4865"}],"collection":[{"href":"https:\/\/blogsaverroes.juntadeandalucia.es\/iesmarazul\/wp-json\/wp\/v2\/pages"}],"about":[{"href":"https:\/\/blogsaverroes.juntadeandalucia.es\/iesmarazul\/wp-json\/wp\/v2\/types\/page"}],"author":[{"embeddable":true,"href":"https:\/\/blogsaverroes.juntadeandalucia.es\/iesmarazul\/wp-json\/wp\/v2\/users\/15395"}],"replies":[{"embeddable":true,"href":"https:\/\/blogsaverroes.juntadeandalucia.es\/iesmarazul\/wp-json\/wp\/v2\/comments?post=4865"}],"version-history":[{"count":11,"href":"https:\/\/blogsaverroes.juntadeandalucia.es\/iesmarazul\/wp-json\/wp\/v2\/pages\/4865\/revisions"}],"predecessor-version":[{"id":5390,"href":"https:\/\/blogsaverroes.juntadeandalucia.es\/iesmarazul\/wp-json\/wp\/v2\/pages\/4865\/revisions\/5390"}],"wp:attachment":[{"href":"https:\/\/blogsaverroes.juntadeandalucia.es\/iesmarazul\/wp-json\/wp\/v2\/media?parent=4865"}],"curies":[{"name":"wp","href":"https:\/\/api.w.org\/{rel}","templated":true}]}}