{"id":5546,"date":"2025-04-01T17:01:14","date_gmt":"2025-04-01T16:01:14","guid":{"rendered":"https:\/\/blogsaverroes.juntadeandalucia.es\/iesmarazul\/?page_id=5546"},"modified":"2025-04-02T15:36:40","modified_gmt":"2025-04-02T14:36:40","slug":"programa-mas-deporte","status":"publish","type":"page","link":"https:\/\/blogsaverroes.juntadeandalucia.es\/iesmarazul\/programa-mas-deporte\/","title":{"rendered":"Programa M\u00e1s Deporte"},"content":{"rendered":"<p>El Programa M\u00e1s Deporte da respuesta a las necesidades del alumnado de los centros sostenidos con fondos p\u00fablicos para aumentar la pr\u00e1ctica deportiva y mejorar la conciliaci\u00f3n de la vida familiar y laboral. Viene, en suma, a reforzar las actividades deportivas de los centros docentes en los niveles locales, comarcales, provinciales y auton\u00f3mico, en colaboraci\u00f3n con Ayuntamientos y Diputaciones Provinciales, as\u00ed como con otras entidades colaboradoras y con la Consejer\u00eda de Salud y Consumo y la Consejer\u00eda de Turismo, Cultura y Deporte.<\/p>\n<p>A trav\u00e9s del Programa, la pr\u00e1ctica del deporte tambi\u00e9n debe integrar la actividad l\u00fadica mediante juegos recreativos y populares que desarrollen el contacto del alumnado con el entorno, as\u00ed como con sus compa\u00f1eros para maximizar el trato personal y minimizar el uso negativo que se pueda hacer de las Nuevas Tecnolog\u00edas.<\/p>\n<p>Este a\u00f1o, el IES Mar Azul oferta por primera vez este programa, desarrollando talleres de <strong>Baloncesto<\/strong> y <strong>Ajedrez<\/strong>, en horario de tarde.<\/p>\n\n\t\t<style>\n\t\t\t#gallery-1 {\n\t\t\t\tmargin: auto;\n\t\t\t}\n\t\t\t#gallery-1 .gallery-item {\n\t\t\t\tfloat: left;\n\t\t\t\tmargin-top: 10px;\n\t\t\t\ttext-align: center;\n\t\t\t\twidth: 100%;\n\t\t\t}\n\t\t\t#gallery-1 img {\n\t\t\t\tborder: 2px solid #cfcfcf;\n\t\t\t}\n\t\t\t#gallery-1 .gallery-caption {\n\t\t\t\tmargin-left: 0;\n\t\t\t}\n\t\t\t\/* see gallery_shortcode() in wp-includes\/media.php *\/\n\t\t<\/style>\n\t\t<div id='gallery-1' class='gallery galleryid-5546 gallery-columns-1 gallery-size-full'><dl class='gallery-item'>\n\t\t\t<dt class='gallery-icon landscape'>\n\t\t\t\t<a href='https:\/\/blogsaverroes.juntadeandalucia.es\/iesmarazul\/programa-mas-deporte\/deporte\/'><img loading=\"lazy\" decoding=\"async\" width=\"966\" height=\"767\" src=\"https:\/\/blogsaverroes.juntadeandalucia.es\/iesmarazul\/files\/2025\/04\/deporte.jpeg\" class=\"attachment-full size-full\" alt=\"\" srcset=\"https:\/\/blogsaverroes.juntadeandalucia.es\/iesmarazul\/files\/2025\/04\/deporte.jpeg 966w, https:\/\/blogsaverroes.juntadeandalucia.es\/iesmarazul\/files\/2025\/04\/deporte-300x238.jpeg 300w, https:\/\/blogsaverroes.juntadeandalucia.es\/iesmarazul\/files\/2025\/04\/deporte-768x610.jpeg 768w\" sizes=\"(max-width: 966px) 100vw, 966px\" \/><\/a>\n\t\t\t<\/dt><\/dl><br style=\"clear: both\" \/>\n\t\t<\/div>\n\n<p>&nbsp;<\/p>\n","protected":false},"excerpt":{"rendered":"<p>El Programa M\u00e1s Deporte da respuesta a las necesidades del alumnado de los centros sostenidos con fondos p\u00fablicos para aumentar la pr\u00e1ctica deportiva y mejorar la conciliaci\u00f3n de la vida familiar y laboral. Viene,&#46;&#46;&#46;<\/p>\n","protected":false},"author":15395,"featured_media":0,"parent":0,"menu_order":0,"comment_status":"closed","ping_status":"closed","template":"","meta":{"ngg_post_thumbnail":0,"footnotes":""},"aioseo_notices":[],"_links":{"self":[{"href":"https:\/\/blogsaverroes.juntadeandalucia.es\/iesmarazul\/wp-json\/wp\/v2\/pages\/5546"}],"collection":[{"href":"https:\/\/blogsaverroes.juntadeandalucia.es\/iesmarazul\/wp-json\/wp\/v2\/pages"}],"about":[{"href":"https:\/\/blogsaverroes.juntadeandalucia.es\/iesmarazul\/wp-json\/wp\/v2\/types\/page"}],"author":[{"embeddable":true,"href":"https:\/\/blogsaverroes.juntadeandalucia.es\/iesmarazul\/wp-json\/wp\/v2\/users\/15395"}],"replies":[{"embeddable":true,"href":"https:\/\/blogsaverroes.juntadeandalucia.es\/iesmarazul\/wp-json\/wp\/v2\/comments?post=5546"}],"version-history":[{"count":5,"href":"https:\/\/blogsaverroes.juntadeandalucia.es\/iesmarazul\/wp-json\/wp\/v2\/pages\/5546\/revisions"}],"predecessor-version":[{"id":5562,"href":"https:\/\/blogsaverroes.juntadeandalucia.es\/iesmarazul\/wp-json\/wp\/v2\/pages\/5546\/revisions\/5562"}],"wp:attachment":[{"href":"https:\/\/blogsaverroes.juntadeandalucia.es\/iesmarazul\/wp-json\/wp\/v2\/media?parent=5546"}],"curies":[{"name":"wp","href":"https:\/\/api.w.org\/{rel}","templated":true}]}}