{"id":170,"date":"2015-03-17T07:55:32","date_gmt":"2015-03-17T07:55:32","guid":{"rendered":"http:\/\/blogsaverroes.juntadeandalucia.es\/pre\/ceip\/?page_id=170"},"modified":"2019-02-18T13:27:10","modified_gmt":"2019-02-18T13:27:10","slug":"biologia-y-geologia","status":"publish","type":"page","link":"https:\/\/blogsaverroes.juntadeandalucia.es\/iesmardelsur\/departamentos\/biologia-y-geologia\/","title":{"rendered":"Biolog\u00eda y Geolog\u00eda"},"content":{"rendered":"<p><img loading=\"lazy\" decoding=\"async\" class=\"aligncenter size-medium wp-image-1992\" src=\"http:\/\/blogsaverroes.juntadeandalucia.es\/temafrontieries\/files\/2015\/03\/biologia-300x169.jpg\" alt=\"biologia\" width=\"300\" height=\"169\" srcset=\"https:\/\/blogsaverroes.juntadeandalucia.es\/iesmardelsur\/files\/2015\/03\/biologia-300x169.jpg 300w, https:\/\/blogsaverroes.juntadeandalucia.es\/iesmardelsur\/files\/2015\/03\/biologia.jpg 640w\" sizes=\"(max-width: 300px) 100vw, 300px\" \/><\/p>\n<p><span style=\"font-family: sans-serif\"><span style=\"font-size: medium\">La asignatura de Biolog\u00eda y Geolog\u00eda debe contribuir durante la Educaci\u00f3n Secundaria Obligatoria (ESO) a que el alumnado adquiera unos conocimientos y destrezas b\u00e1sicas que le permitan adquirir una cultura cient\u00edfica; los alumnos y alumnas debe identificarse como agentes activos, y reconocer que de sus actuaciones y conocimientos depender\u00e1 el desarrollo de su entorno. <\/span><\/span><\/p>\n<p><span style=\"font-family: sans-serif\"><span style=\"font-size: medium\">Durante esta etapa se persigue asentar los conocimientos ya adquiridos, para ir construyendo curso a curso conocimientos y destrezas que permitan a alumnos y alumnas ser ciudadanos respetuosos consigo mismos, con los dem\u00e1s y con el medio, con el material que utilizan o que est\u00e1 a su disposici\u00f3n, responsables, capaces de tener criterios propios y de no perder el inter\u00e9s que tienen desde el comienzo de su temprana actividad escolar por no dejar de aprender. <\/span><\/span><\/p>\n<p><span style=\"font-family: sans-serif\"><span style=\"font-size: medium\">En el Bachillerato, la materia de Biolog\u00eda y Geolog\u00eda profundiza en los conocimientos adquiridos en la ESO, analizando con mayor detalle la organizaci\u00f3n de los seres vivos, su biodiversidad, su distribuci\u00f3n y los factores que en ella influyen, as\u00ed como el comportamiento de la Tierra como un planeta en continua actividad.<\/span><\/span><\/p>\n","protected":false},"excerpt":{"rendered":"<p>La asignatura de Biolog\u00eda y Geolog\u00eda debe contribuir durante la Educaci\u00f3n Secundaria Obligatoria (ESO) a que el alumnado adquiera unos conocimientos y destrezas b\u00e1sicas que le permitan adquirir una cultura cient\u00edfica; los alumnos y&#46;&#46;&#46;<\/p>\n","protected":false},"author":1,"featured_media":0,"parent":2539,"menu_order":0,"comment_status":"closed","ping_status":"open","template":"page-c.php","meta":{"ngg_post_thumbnail":0,"footnotes":"","_mc_calendar":[]},"aioseo_notices":[],"_links":{"self":[{"href":"https:\/\/blogsaverroes.juntadeandalucia.es\/iesmardelsur\/wp-json\/wp\/v2\/pages\/170"}],"collection":[{"href":"https:\/\/blogsaverroes.juntadeandalucia.es\/iesmardelsur\/wp-json\/wp\/v2\/pages"}],"about":[{"href":"https:\/\/blogsaverroes.juntadeandalucia.es\/iesmardelsur\/wp-json\/wp\/v2\/types\/page"}],"author":[{"embeddable":true,"href":"https:\/\/blogsaverroes.juntadeandalucia.es\/iesmardelsur\/wp-json\/wp\/v2\/users\/1"}],"replies":[{"embeddable":true,"href":"https:\/\/blogsaverroes.juntadeandalucia.es\/iesmardelsur\/wp-json\/wp\/v2\/comments?post=170"}],"version-history":[{"count":3,"href":"https:\/\/blogsaverroes.juntadeandalucia.es\/iesmardelsur\/wp-json\/wp\/v2\/pages\/170\/revisions"}],"predecessor-version":[{"id":2549,"href":"https:\/\/blogsaverroes.juntadeandalucia.es\/iesmardelsur\/wp-json\/wp\/v2\/pages\/170\/revisions\/2549"}],"up":[{"embeddable":true,"href":"https:\/\/blogsaverroes.juntadeandalucia.es\/iesmardelsur\/wp-json\/wp\/v2\/pages\/2539"}],"wp:attachment":[{"href":"https:\/\/blogsaverroes.juntadeandalucia.es\/iesmardelsur\/wp-json\/wp\/v2\/media?parent=170"}],"curies":[{"name":"wp","href":"https:\/\/api.w.org\/{rel}","templated":true}]}}