{"id":1806,"date":"2015-03-17T07:46:28","date_gmt":"2015-03-17T07:46:28","guid":{"rendered":"http:\/\/blogsaverroes.juntadeandalucia.es\/pre\/ceip\/?page_id=144"},"modified":"2019-02-18T13:20:08","modified_gmt":"2019-02-18T13:20:08","slug":"orientacion-2","status":"publish","type":"page","link":"https:\/\/blogsaverroes.juntadeandalucia.es\/iesmardelsur\/orientacion-2\/","title":{"rendered":"Orientaci\u00f3n"},"content":{"rendered":"<h2><img loading=\"lazy\" decoding=\"async\" class=\"aligncenter wp-image-2155\" src=\"https:\/\/blogsaverroes.juntadeandalucia.es\/iesmardelsur\/files\/2019\/02\/orientacion.jpg\" alt=\"orientacion\" width=\"388\" height=\"125\"><\/h2>\n<h4>Orientaci\u00f3n educativa<\/h4>\n<p>La orientaci\u00f3n contribuye al desarrollo de las facetas personal, acad\u00e9mica y profesional de los alumnos y alumnas. Es un proceso en el que deben involucrarse las familias y para el cual pueden acudir a los tutores y al asesoramiento y apoyo de los orientadores de los centros educativos. Entre sus objetivos principales se encuentran los siguientes:<\/p>\n<ul>\n<li style=\"list-style-type: none\">\n<ul>\n<li>Resolver problemas de la vida acad\u00e9mica, como dificultades durante el proceso de aprendizaje, ausencia de motivaci\u00f3n, etc.<\/li>\n<li>Tomar decisiones sobre itinerarios de estudio e incorporaci\u00f3n al mundo laboral.<\/li>\n<li>Convivencia y educaci\u00f3n en valores.<\/li>\n<\/ul>\n<\/li>\n<\/ul>\n<p>&nbsp;<\/p>\n<p style=\"text-align: justify\">En el cuaderno de orientaci\u00f3n que se edita cada a\u00f1o, nuestro alumnado encuentra informaci\u00f3n sobre las diferentes&nbsp;<strong>alternativas a las que puede optar el alumnado de 4\u00ba de E.S.O<\/strong>. (con o sin t\u00edtulo de Graduado), al finalizar su periodo de escolaridad obligatoria.<\/p>\n<p><img decoding=\"async\" class=\"aligncenter\" src=\"https:\/\/1.bp.blogspot.com\/-rObiwubh0Nc\/XFvLthvLiFI\/AAAAAAAAIx8\/SsW-aHkBmoQm0crlTR-bCNfLVmirpvijwCLcBGAs\/s320\/cuaderno%2Bde%2Borientacion%2B2019.jpg\" alt=\"null\"><\/p>\n<div>&nbsp;<\/div>\n<div><a href=\"https:\/\/drive.google.com\/file\/d\/1GgoQNP0VW3fTg836ugt7VukFkaWJDpNo\/view?usp=sharing\" target=\"_blank\" rel=\"noopener\">-Sistema Educativo<\/a><br \/>\n<a href=\"https:\/\/drive.google.com\/file\/d\/1C07QqhuxeET9jP1P244PxUXjNeX1Uu1k\/view?usp=sharing\">-E.S.O.<\/a><br \/>\n<a href=\"https:\/\/drive.google.com\/file\/d\/10duzlo6nM11LeZfiFTcRcFpyyA7ND5AG\/view?usp=sharing\" target=\"_blank\" rel=\"noopener\">-Bachillerato<\/a><br \/>\n<a href=\"https:\/\/drive.google.com\/file\/d\/1ZJFDQpl6PBpFTNHQIBwi6VdDJ3GTJxRb\/view?usp=sharing\">-Formaci\u00f3n Profesional<\/a><br \/>\n<a href=\"https:\/\/drive.google.com\/file\/d\/1QwF9PIZ-dsIdlQeAAXCyILHjl_Oftezh\/view?usp=sharing\">-Universidad<\/a><br \/>\n<a href=\"https:\/\/drive.google.com\/file\/d\/13k5ldL7IGn8AvGySc1qj2T5XCrxWH9Pc\/view?usp=sharing\">-Otras Ense\u00f1anzas<\/a><br \/>\n<a href=\"https:\/\/drive.google.com\/file\/d\/1qvVhb2sWnZyg4x2sP06Npn_zGoSa78GX\/view?usp=sharing\">-Otras Cuestiones<\/a><br \/>\n<a href=\"https:\/\/drive.google.com\/file\/d\/1hrGCIB9rDttF_EnhZN4bW29eUYuCUrwf\/view?usp=sharing\">-Direcciones de Inter\u00e9s<\/a><br \/>\n<a href=\"https:\/\/drive.google.com\/file\/d\/1cBsfl6z5kWKKNBRLvh7DngyxUxybWD0C\/view?usp=sharing\">-Calendario<\/a><br \/>\n<a href=\"https:\/\/drive.google.com\/file\/d\/1MWUGejFDsPLz0m6PYYf5MT0V0TsmKzbE\/view?usp=sharing\">-Inserci\u00f3n laboral alumnado de N.E.A.E.<\/a><\/div>\n<p><a href=\"https:\/\/drive.google.com\/file\/d\/0B-dzfXgHabhkb0lwelNiN2h4WVU\/view?usp=sharing\" target=\"_blank\" rel=\"noopener\"><br \/>\n<\/a><b><i>&#8211;<a href=\"https:\/\/drive.google.com\/file\/d\/1MWecFsCJBzlVAdUF_oCLWI3yXXHyQ6Sv\/view?usp=sharing\">DESCARGA EL CUADERNO DE ORIENTACI\u00d3N 2019-20&nbsp;&nbsp;<u>COMPLETO<\/u>&nbsp;EN FORMATO PDF<\/a><\/i><\/b><\/p>\n","protected":false},"excerpt":{"rendered":"<p>Orientaci\u00f3n educativa La orientaci\u00f3n contribuye al desarrollo de las facetas personal, acad\u00e9mica y profesional de los alumnos y alumnas. Es un proceso en el que deben involucrarse las familias y para el cual pueden&#46;&#46;&#46;<\/p>\n","protected":false},"author":1,"featured_media":0,"parent":0,"menu_order":0,"comment_status":"closed","ping_status":"open","template":"page-c.php","meta":{"ngg_post_thumbnail":0,"footnotes":"","_mc_calendar":[]},"aioseo_notices":[],"_links":{"self":[{"href":"https:\/\/blogsaverroes.juntadeandalucia.es\/iesmardelsur\/wp-json\/wp\/v2\/pages\/1806"}],"collection":[{"href":"https:\/\/blogsaverroes.juntadeandalucia.es\/iesmardelsur\/wp-json\/wp\/v2\/pages"}],"about":[{"href":"https:\/\/blogsaverroes.juntadeandalucia.es\/iesmardelsur\/wp-json\/wp\/v2\/types\/page"}],"author":[{"embeddable":true,"href":"https:\/\/blogsaverroes.juntadeandalucia.es\/iesmardelsur\/wp-json\/wp\/v2\/users\/1"}],"replies":[{"embeddable":true,"href":"https:\/\/blogsaverroes.juntadeandalucia.es\/iesmardelsur\/wp-json\/wp\/v2\/comments?post=1806"}],"version-history":[{"count":8,"href":"https:\/\/blogsaverroes.juntadeandalucia.es\/iesmardelsur\/wp-json\/wp\/v2\/pages\/1806\/revisions"}],"predecessor-version":[{"id":2538,"href":"https:\/\/blogsaverroes.juntadeandalucia.es\/iesmardelsur\/wp-json\/wp\/v2\/pages\/1806\/revisions\/2538"}],"wp:attachment":[{"href":"https:\/\/blogsaverroes.juntadeandalucia.es\/iesmardelsur\/wp-json\/wp\/v2\/media?parent=1806"}],"curies":[{"name":"wp","href":"https:\/\/api.w.org\/{rel}","templated":true}]}}