{"id":2785,"date":"2020-11-11T19:56:56","date_gmt":"2020-11-11T19:56:56","guid":{"rendered":"https:\/\/blogsaverroes.juntadeandalucia.es\/iesmardelsur\/?page_id=2785"},"modified":"2021-01-19T19:14:53","modified_gmt":"2021-01-19T19:14:53","slug":"programaciones","status":"publish","type":"page","link":"https:\/\/blogsaverroes.juntadeandalucia.es\/iesmardelsur\/programaciones\/","title":{"rendered":"Programaciones"},"content":{"rendered":"<p style=\"text-align: center\"><span style=\"font-size: 16px\">Aqu\u00ed podr\u00e1s encontrar las Programaciones de los diferentes Departamentos del IES Mar del Sur para este curso.&nbsp;<\/span><\/p>\n<ul style=\"list-style-type: circle\">\n<li><strong><em>Departamento de Artes<\/em><\/strong>\n<ul style=\"list-style-type: disc\">\n<li><a href=\"https:\/\/blogsaverroes.juntadeandalucia.es\/iesmardelsur\/files\/2020\/11\/PROGRAMACI\u00d3N-EF-MAR-DEL-SUR.pdf\">Educaci\u00f3n F\u00edsica<\/a><\/li>\n<li><a href=\"https:\/\/blogsaverroes.juntadeandalucia.es\/iesmardelsur\/files\/2021\/01\/Programacio\u0301n-Mu\u0301sica-20-21.pdf\">M\u00fasica<\/a><\/li>\n<\/ul>\n<\/li>\n<\/ul>\n<ul style=\"list-style-type: circle\">\n<li><strong><span style=\"font-family: georgia, palatino, serif;font-size: 16px\"><em><a href=\"https:\/\/blogsaverroes.juntadeandalucia.es\/iesmardelsur\/files\/2020\/11\/Programaci\u00f3n-Ciencias-20-21.pdf\">Departamento de Ciencias<\/a><\/em><\/span><\/strong>\n<ul style=\"list-style-type: disc\">\n<li>Biolog\u00eda y Geolog\u00eda<\/li>\n<li>F\u00edsica y Qu\u00edmica<\/li>\n<li>Huerto escolar en 1\u00baESO<\/li>\n<li>Taller de ciencias en 3\u00baESO<\/li>\n<\/ul>\n<\/li>\n<\/ul>\n<ul style=\"list-style-type: circle\">\n<li><strong><em>Departamento de Geograf\u00eda e Historia<\/em><\/strong>\n<ul style=\"list-style-type: disc\">\n<li><a href=\"https:\/\/blogsaverroes.juntadeandalucia.es\/iesmardelsur\/files\/2020\/11\/Programaci\u00f3n-Geograf\u00eda-e-Historia-2020-2021.pdf\">Geograf\u00eda e Historia<\/a><\/li>\n<li><a href=\"https:\/\/blogsaverroes.juntadeandalucia.es\/iesmardelsur\/files\/2020\/11\/Programaci\u00f3n-Ciudadan\u00eda-2020-2021.pdf\">Ciudadan\u00eda<\/a><\/li>\n<li><a href=\"https:\/\/blogsaverroes.juntadeandalucia.es\/iesmardelsur\/files\/2020\/11\/CULTURA-CL\u00c1SICA-2020-2021.pdf\">Cultura Cl\u00e1sica<\/a><\/li>\n<li><a href=\"https:\/\/blogsaverroes.juntadeandalucia.es\/iesmardelsur\/files\/2020\/11\/Econom\u00eda-2020-2021-pdf.pdf\">Econom\u00eda<\/a><\/li>\n<li><a href=\"https:\/\/blogsaverroes.juntadeandalucia.es\/iesmardelsur\/files\/2020\/11\/Valores-\u00c9ticos-2020-2021-pdf.pdf\">Valores \u00c9ticos<\/a><\/li>\n<li><a href=\"https:\/\/blogsaverroes.juntadeandalucia.es\/iesmardelsur\/files\/2020\/11\/Programaci\u00f3n-PMAR-3\u00ba-ESO-2020-2021.pdf\">\u00c1mbito socioling\u00fc\u00edstico en 3\u00baESO PMAR<\/a><\/li>\n<\/ul>\n<\/li>\n<\/ul>\n<ul style=\"list-style-type: circle\">\n<li><strong><em>Departamento de Lengua Castellana y Literatura<\/em><\/strong>\n<ul style=\"list-style-type: disc\">\n<li><a href=\"https:\/\/blogsaverroes.juntadeandalucia.es\/iesmardelsur\/files\/2020\/11\/PROGRAMACION-DE-LENGUA-CASTELLANA-Y-LITERATURA-CURSO-2020-2021.pdf\">Lengua Castellana y Literatura<\/a><\/li>\n<li><a href=\"https:\/\/blogsaverroes.juntadeandalucia.es\/iesmardelsur\/files\/2020\/11\/PROGRAMACION-LATIN-CURSO-2020-2021.pdf\">Lat\u00edn<\/a><\/li>\n<li><a href=\"https:\/\/blogsaverroes.juntadeandalucia.es\/iesmardelsur\/files\/2020\/11\/PROGRAMACION-\u00c1MBITO-SOCIOLING\u00dc\u00cdSTICO-PMAR-2\u00ba-ESO-CURSO-2020-2021.pdf\">\u00c1mbito socioling\u00fc\u00edstico en 2\u00baESO PMAR<\/a><\/li>\n<li><a href=\"https:\/\/blogsaverroes.juntadeandalucia.es\/iesmardelsur\/files\/2020\/11\/PROGRAMA-DE-REFUERZO-DE-LENGUA-1\u00ba-Y-2\u00ba-ESO-CURSO-2020-2021.pdf\">Refuerzo de Lengua en 1\u00baESO<\/a><\/li>\n<li><a href=\"https:\/\/blogsaverroes.juntadeandalucia.es\/iesmardelsur\/files\/2020\/11\/PROGRAMA-DE-REFUERZO-DE-LENGUA-1\u00ba-Y-2\u00ba-ESO-CURSO-2020-2021.pdf\">Refuerzo de Lengua en 2\u00baESO<\/a><\/li>\n<li><a href=\"https:\/\/blogsaverroes.juntadeandalucia.es\/iesmardelsur\/files\/2020\/11\/PROGRAMA-DE-REFUERZO-MATERIAS-INSTRUMENTALES-4\u00ba-ESO-CURSO-2020-2021.pdf\">Refuerzo de Lengua en 4\u00baESO<\/a><\/li>\n<li><a href=\"https:\/\/blogsaverroes.juntadeandalucia.es\/iesmardelsur\/files\/2020\/11\/TALLER-DE-LECTURA-Y-ESCRITURA-CREATIVA-2\u00baC-CURSO-2020-2021.pdf\">Taller de lectura y escritura creativa en 2\u00baESO<\/a><\/li>\n<\/ul>\n<\/li>\n<\/ul>\n<ul style=\"list-style-type: circle\">\n<li><strong><em>Departamento de Lenguas Extranjeras<\/em><\/strong>\n<ul style=\"list-style-type: disc\">\n<li><a href=\"https:\/\/blogsaverroes.juntadeandalucia.es\/iesmardelsur\/files\/2020\/11\/FRANC\u00c9S-2020-21.pdf\">Franc\u00e9s<\/a><\/li>\n<li><a href=\"https:\/\/blogsaverroes.juntadeandalucia.es\/iesmardelsur\/files\/2020\/11\/Programaci\u00f3n-ingl\u00e9s-2020-2021-con-anexo.pdf\">Ingl\u00e9s<\/a><\/li>\n<\/ul>\n<\/li>\n<\/ul>\n<ul style=\"list-style-type: circle\">\n<li><strong><em>Departamento de Matem\u00e1ticas<\/em><\/strong>\n<ul style=\"list-style-type: disc\">\n<li><a href=\"https:\/\/blogsaverroes.juntadeandalucia.es\/iesmardelsur\/files\/2020\/11\/Programaci\u00f3n-Matem\u00e1ticas-20-21.pdf\">Matem\u00e1ticas<\/a><\/li>\n<li><a href=\"https:\/\/blogsaverroes.juntadeandalucia.es\/iesmardelsur\/files\/2020\/11\/1\u00baESO_Refuerzo-de-Matem\u00e1ticas.pdf\">Refuerzo de Matem\u00e1ticas en 1\u00ba ESO<\/a><\/li>\n<li><a href=\"https:\/\/blogsaverroes.juntadeandalucia.es\/iesmardelsur\/files\/2020\/11\/3\u00baESO_Refuerzo-de-Matem\u00e1ticas.pdf\">Refuerzo de Matem\u00e1ticas en 3\u00ba ESO<\/a><\/li>\n<li><a href=\"https:\/\/blogsaverroes.juntadeandalucia.es\/iesmardelsur\/files\/2020\/11\/4\u00baESO_Refuerzo-de-Materias-instrumentales-Matem\u00e1ticas.pdf\">Refuerzo de Matem\u00e1ticas en 4\u00ba ESO<\/a><\/li>\n<li><a href=\"https:\/\/blogsaverroes.juntadeandalucia.es\/iesmardelsur\/files\/2020\/11\/PROG-2\u00ba-PMAR-ACM.pdf\">\u00c1mbito cient\u00edfico\u2010matem\u00e1tico en 2\u00ba ESO PMAR<\/a><\/li>\n<li><a href=\"https:\/\/blogsaverroes.juntadeandalucia.es\/iesmardelsur\/files\/2020\/11\/PROG-3\u00ba-PMAR-ACM.pdf\">\u00c1mbito cient\u00edfico\u2010matem\u00e1tico en 3\u00ba ESO PMAR<\/a><\/li>\n<li><a href=\"https:\/\/blogsaverroes.juntadeandalucia.es\/iesmardelsur\/files\/2020\/11\/Taller-de-matem\u00e1ticas-avanzadas-2\u00baA.pdf\">Taller de Matem\u00e1ticas avanzadas en 2\u00ba ESO<\/a><\/li>\n<\/ul>\n<\/li>\n<li><strong><em>Departamento de Tecnolog\u00eda<\/em><\/strong>\n<ul style=\"list-style-type: disc\">\n<li><a href=\"https:\/\/blogsaverroes.juntadeandalucia.es\/iesmardelsur\/files\/2020\/11\/Programacion-Tecnologia-20-21.pdf\">Tecnolog\u00eda<\/a><\/li>\n<li><a href=\"https:\/\/blogsaverroes.juntadeandalucia.es\/iesmardelsur\/files\/2020\/11\/Programaci\u00f3n-TIC-4-ESO-20-21.pdf\">TIC en 4\u00baESO<\/a><\/li>\n<li><a href=\"https:\/\/blogsaverroes.juntadeandalucia.es\/iesmardelsur\/files\/2020\/11\/Taller-de-Inform\u00e1tica-2-ESO-B-2020-21.pdf\">Taller de inform\u00e1tica en 2\u00baESO<\/a><\/li>\n<li><a href=\"https:\/\/blogsaverroes.juntadeandalucia.es\/iesmardelsur\/files\/2020\/11\/Taller-de-Ofim\u00e1tica-1-ESO-2020-21.pdf\">Taller de ofim\u00e1tica en 1\u00baESO<\/a><\/li>\n<\/ul>\n<\/li>\n<\/ul>\n","protected":false},"excerpt":{"rendered":"<p>Aqu\u00ed podr\u00e1s encontrar las Programaciones de los diferentes Departamentos del IES Mar del Sur para este curso.&nbsp; Departamento de Artes Educaci\u00f3n F\u00edsica M\u00fasica Departamento de Ciencias Biolog\u00eda y Geolog\u00eda F\u00edsica y Qu\u00edmica Huerto escolar&#46;&#46;&#46;<\/p>\n","protected":false},"author":7100,"featured_media":0,"parent":0,"menu_order":0,"comment_status":"closed","ping_status":"closed","template":"page-sc.php","meta":{"ngg_post_thumbnail":0,"footnotes":"","_mc_calendar":[]},"aioseo_notices":[],"_links":{"self":[{"href":"https:\/\/blogsaverroes.juntadeandalucia.es\/iesmardelsur\/wp-json\/wp\/v2\/pages\/2785"}],"collection":[{"href":"https:\/\/blogsaverroes.juntadeandalucia.es\/iesmardelsur\/wp-json\/wp\/v2\/pages"}],"about":[{"href":"https:\/\/blogsaverroes.juntadeandalucia.es\/iesmardelsur\/wp-json\/wp\/v2\/types\/page"}],"author":[{"embeddable":true,"href":"https:\/\/blogsaverroes.juntadeandalucia.es\/iesmardelsur\/wp-json\/wp\/v2\/users\/7100"}],"replies":[{"embeddable":true,"href":"https:\/\/blogsaverroes.juntadeandalucia.es\/iesmardelsur\/wp-json\/wp\/v2\/comments?post=2785"}],"version-history":[{"count":12,"href":"https:\/\/blogsaverroes.juntadeandalucia.es\/iesmardelsur\/wp-json\/wp\/v2\/pages\/2785\/revisions"}],"predecessor-version":[{"id":2857,"href":"https:\/\/blogsaverroes.juntadeandalucia.es\/iesmardelsur\/wp-json\/wp\/v2\/pages\/2785\/revisions\/2857"}],"wp:attachment":[{"href":"https:\/\/blogsaverroes.juntadeandalucia.es\/iesmardelsur\/wp-json\/wp\/v2\/media?parent=2785"}],"curies":[{"name":"wp","href":"https:\/\/api.w.org\/{rel}","templated":true}]}}