{"id":2826,"date":"2020-11-17T17:26:43","date_gmt":"2020-11-17T17:26:43","guid":{"rendered":"https:\/\/blogsaverroes.juntadeandalucia.es\/iesmardelsur\/?page_id=2826"},"modified":"2021-04-08T15:50:35","modified_gmt":"2021-04-08T15:50:35","slug":"protocolo-de-actuacion-covid-19","status":"publish","type":"page","link":"https:\/\/blogsaverroes.juntadeandalucia.es\/iesmardelsur\/protocolo-de-actuacion-covid-19\/","title":{"rendered":"Protocolo de Actuaci\u00f3n COVID 19"},"content":{"rendered":"<p>&nbsp;<\/p>\n<p style=\"text-align: justify\">El presente Plan de Contingencia ha sido elaborado por la Comisi\u00f3n Espec\u00edfica COVID 19, regulada por las Instrucciones 6 de julio de la Viceconsejer\u00eda de Educaci\u00f3n y Deporte relativas a la organizaci\u00f3n de los centros docentes para el curso escolar 2020\/2021, motivada por la crisis sanitaria de la COVID 19, del IES MAR DEL SUR seg\u00fan modelo homologado facilitado por la Consejer\u00eda de Educaci\u00f3n y Deporte.<br \/>\nEste documento incluye recomendaciones y directrices en relaci\u00f3n a las medidas de prevenci\u00f3n e higiene frente a la COVID 19 para las actividades e instalaciones del Centro, durante el curso 2020\/21, las cuales podr\u00e1n ser actualizadas cuando los cambios de la situaci\u00f3n epidemiol\u00f3gica as\u00ed lo requieran.<\/p>\n<ul>\n<li><a href=\"https:\/\/blogsaverroes.juntadeandalucia.es\/iesmardelsur\/files\/2021\/04\/PROTOCOLO-DE-ACTUACION-COVID19-modificaciones-8-MARZO.pdf\">Protocolo de Actuaci\u00f3n COVID 19<\/a><\/li>\n<\/ul>\n","protected":false},"excerpt":{"rendered":"<p>&nbsp; El presente Plan de Contingencia ha sido elaborado por la Comisi\u00f3n Espec\u00edfica COVID 19, regulada por las Instrucciones 6 de julio de la Viceconsejer\u00eda de Educaci\u00f3n y Deporte relativas a la organizaci\u00f3n de&#46;&#46;&#46;<\/p>\n","protected":false},"author":7100,"featured_media":0,"parent":0,"menu_order":0,"comment_status":"closed","ping_status":"closed","template":"page-cs.php","meta":{"ngg_post_thumbnail":0,"footnotes":"","_mc_calendar":[]},"aioseo_notices":[],"_links":{"self":[{"href":"https:\/\/blogsaverroes.juntadeandalucia.es\/iesmardelsur\/wp-json\/wp\/v2\/pages\/2826"}],"collection":[{"href":"https:\/\/blogsaverroes.juntadeandalucia.es\/iesmardelsur\/wp-json\/wp\/v2\/pages"}],"about":[{"href":"https:\/\/blogsaverroes.juntadeandalucia.es\/iesmardelsur\/wp-json\/wp\/v2\/types\/page"}],"author":[{"embeddable":true,"href":"https:\/\/blogsaverroes.juntadeandalucia.es\/iesmardelsur\/wp-json\/wp\/v2\/users\/7100"}],"replies":[{"embeddable":true,"href":"https:\/\/blogsaverroes.juntadeandalucia.es\/iesmardelsur\/wp-json\/wp\/v2\/comments?post=2826"}],"version-history":[{"count":9,"href":"https:\/\/blogsaverroes.juntadeandalucia.es\/iesmardelsur\/wp-json\/wp\/v2\/pages\/2826\/revisions"}],"predecessor-version":[{"id":2964,"href":"https:\/\/blogsaverroes.juntadeandalucia.es\/iesmardelsur\/wp-json\/wp\/v2\/pages\/2826\/revisions\/2964"}],"wp:attachment":[{"href":"https:\/\/blogsaverroes.juntadeandalucia.es\/iesmardelsur\/wp-json\/wp\/v2\/media?parent=2826"}],"curies":[{"name":"wp","href":"https:\/\/api.w.org\/{rel}","templated":true}]}}