{"id":42,"date":"2015-03-13T08:40:47","date_gmt":"2015-03-13T08:40:47","guid":{"rendered":"http:\/\/blogsaverroes.juntadeandalucia.es\/pre\/ceip\/?page_id=42"},"modified":"2019-02-05T15:54:32","modified_gmt":"2019-02-05T15:54:32","slug":"equipo-directivo","status":"publish","type":"page","link":"https:\/\/blogsaverroes.juntadeandalucia.es\/iesmardelsur\/equipo-directivo\/","title":{"rendered":"Equipo directivo"},"content":{"rendered":"<p>&nbsp;<\/p>\n<p><strong>Directora:<\/strong><br \/>\nMar\u00eda Jos\u00e9 Mar\u00edn Pecci<\/p>\n<p><strong>Jefa de estudios:<\/strong><br \/>\nRosa Quijada Rond\u00f3n<\/p>\n<p><strong>Secretaria:<\/strong><br \/>\nPaloma Gim\u00e9nez Ruiz<\/p>\n","protected":false},"excerpt":{"rendered":"<p>&nbsp; Directora: Mar\u00eda Jos\u00e9 Mar\u00edn Pecci Jefa de estudios: Rosa Quijada Rond\u00f3n Secretaria: Paloma Gim\u00e9nez Ruiz<\/p>\n","protected":false},"author":1,"featured_media":0,"parent":0,"menu_order":0,"comment_status":"closed","ping_status":"open","template":"page-cs.php","meta":{"ngg_post_thumbnail":0,"footnotes":"","_mc_calendar":[]},"aioseo_notices":[],"_links":{"self":[{"href":"https:\/\/blogsaverroes.juntadeandalucia.es\/iesmardelsur\/wp-json\/wp\/v2\/pages\/42"}],"collection":[{"href":"https:\/\/blogsaverroes.juntadeandalucia.es\/iesmardelsur\/wp-json\/wp\/v2\/pages"}],"about":[{"href":"https:\/\/blogsaverroes.juntadeandalucia.es\/iesmardelsur\/wp-json\/wp\/v2\/types\/page"}],"author":[{"embeddable":true,"href":"https:\/\/blogsaverroes.juntadeandalucia.es\/iesmardelsur\/wp-json\/wp\/v2\/users\/1"}],"replies":[{"embeddable":true,"href":"https:\/\/blogsaverroes.juntadeandalucia.es\/iesmardelsur\/wp-json\/wp\/v2\/comments?post=42"}],"version-history":[{"count":5,"href":"https:\/\/blogsaverroes.juntadeandalucia.es\/iesmardelsur\/wp-json\/wp\/v2\/pages\/42\/revisions"}],"predecessor-version":[{"id":2482,"href":"https:\/\/blogsaverroes.juntadeandalucia.es\/iesmardelsur\/wp-json\/wp\/v2\/pages\/42\/revisions\/2482"}],"wp:attachment":[{"href":"https:\/\/blogsaverroes.juntadeandalucia.es\/iesmardelsur\/wp-json\/wp\/v2\/media?parent=42"}],"curies":[{"name":"wp","href":"https:\/\/api.w.org\/{rel}","templated":true}]}}