{"id":869,"date":"2015-03-16T07:03:52","date_gmt":"2015-03-16T07:03:52","guid":{"rendered":"http:\/\/blogsaverroes.juntadeandalucia.es\/pre\/ceip\/?page_id=84"},"modified":"2020-11-11T19:46:43","modified_gmt":"2020-11-11T19:46:43","slug":"calendario-escolar","status":"publish","type":"page","link":"https:\/\/blogsaverroes.juntadeandalucia.es\/iesmardelsur\/calendario-escolar\/","title":{"rendered":"Calendario escolar"},"content":{"rendered":"<h4 style=\"text-align: center\"><strong>D\u00edas lectivos y festivos de la localidad<\/strong><\/h4>\n<p><a href=\"https:\/\/blogsaverroes.juntadeandalucia.es\/iesmardelsur\/files\/2020\/11\/calendario_escolar_cadiz_20-21.png\"><img loading=\"lazy\" decoding=\"async\" class=\" wp-image-2789 aligncenter\" src=\"https:\/\/blogsaverroes.juntadeandalucia.es\/iesmardelsur\/files\/2020\/11\/calendario_escolar_cadiz_20-21-227x300.png\" alt=\"\" width=\"536\" height=\"709\" srcset=\"https:\/\/blogsaverroes.juntadeandalucia.es\/iesmardelsur\/files\/2020\/11\/calendario_escolar_cadiz_20-21-227x300.png 227w, https:\/\/blogsaverroes.juntadeandalucia.es\/iesmardelsur\/files\/2020\/11\/calendario_escolar_cadiz_20-21-768x1014.png 768w, https:\/\/blogsaverroes.juntadeandalucia.es\/iesmardelsur\/files\/2020\/11\/calendario_escolar_cadiz_20-21-18x24.png 18w, https:\/\/blogsaverroes.juntadeandalucia.es\/iesmardelsur\/files\/2020\/11\/calendario_escolar_cadiz_20-21-27x36.png 27w, https:\/\/blogsaverroes.juntadeandalucia.es\/iesmardelsur\/files\/2020\/11\/calendario_escolar_cadiz_20-21-36x48.png 36w, https:\/\/blogsaverroes.juntadeandalucia.es\/iesmardelsur\/files\/2020\/11\/calendario_escolar_cadiz_20-21.png 1212w\" sizes=\"(max-width: 536px) 100vw, 536px\" \/><\/a><br \/>\nA este calendario hay que a\u00f1adir los d\u00edas que corresponden a la localidad como no lectivos: 3 y 4 de diciembre<\/p>\n","protected":false},"excerpt":{"rendered":"<p>D\u00edas lectivos y festivos de la localidad A este calendario hay que a\u00f1adir los d\u00edas que corresponden a la localidad como no lectivos: 3 y 4 de diciembre<\/p>\n","protected":false},"author":1,"featured_media":0,"parent":0,"menu_order":0,"comment_status":"closed","ping_status":"open","template":"page-cs.php","meta":{"ngg_post_thumbnail":0,"footnotes":"","_mc_calendar":[]},"aioseo_notices":[],"_links":{"self":[{"href":"https:\/\/blogsaverroes.juntadeandalucia.es\/iesmardelsur\/wp-json\/wp\/v2\/pages\/869"}],"collection":[{"href":"https:\/\/blogsaverroes.juntadeandalucia.es\/iesmardelsur\/wp-json\/wp\/v2\/pages"}],"about":[{"href":"https:\/\/blogsaverroes.juntadeandalucia.es\/iesmardelsur\/wp-json\/wp\/v2\/types\/page"}],"author":[{"embeddable":true,"href":"https:\/\/blogsaverroes.juntadeandalucia.es\/iesmardelsur\/wp-json\/wp\/v2\/users\/1"}],"replies":[{"embeddable":true,"href":"https:\/\/blogsaverroes.juntadeandalucia.es\/iesmardelsur\/wp-json\/wp\/v2\/comments?post=869"}],"version-history":[{"count":11,"href":"https:\/\/blogsaverroes.juntadeandalucia.es\/iesmardelsur\/wp-json\/wp\/v2\/pages\/869\/revisions"}],"predecessor-version":[{"id":2790,"href":"https:\/\/blogsaverroes.juntadeandalucia.es\/iesmardelsur\/wp-json\/wp\/v2\/pages\/869\/revisions\/2790"}],"wp:attachment":[{"href":"https:\/\/blogsaverroes.juntadeandalucia.es\/iesmardelsur\/wp-json\/wp\/v2\/media?parent=869"}],"curies":[{"name":"wp","href":"https:\/\/api.w.org\/{rel}","templated":true}]}}