{"id":200,"date":"2015-03-17T10:04:24","date_gmt":"2015-03-17T10:04:24","guid":{"rendered":"http:\/\/blogsaverroes.juntadeandalucia.es\/pre\/ceip\/?page_id=200"},"modified":"2025-03-11T11:38:01","modified_gmt":"2025-03-11T11:38:01","slug":"quienes-formamos-el-ampa","status":"publish","type":"page","link":"https:\/\/blogsaverroes.juntadeandalucia.es\/iesmargaritasalas\/quienes-formamos-el-ampa\/","title":{"rendered":"\u00bfQuienes formamos el AMPA? Contacto"},"content":{"rendered":"<p>La Asociaci\u00f3n de Madres y Padres <em>Flor de papel<\/em>, est\u00e1 gestionada por<br \/>\nla siguiente&nbsp;<strong>Junta Directiva:<\/strong><\/p>\n<h2>AMPA Flor de papel<\/h2>\n<h3>Junta Directiva<\/h3>\n<table class=\"tablas_prin\" style=\"width: 25.0137%\">\n<tbody>\n<tr style=\"height: 24px\">\n<th style=\"height: 24px;width: 24.8744%\">Presidencia:<\/th>\n<td style=\"height: 24px;width: 72.6131%\">D. Joseba L\u00f3pez Hervella<\/td>\n<td style=\"width: 1.00503%\">&nbsp;<\/td>\n<\/tr>\n<tr style=\"height: 24px\">\n<th style=\"height: 24px;width: 24.8744%\">Secretaria:<\/th>\n<td style=\"height: 24px;width: 72.6131%\">&nbsp;<\/td>\n<td style=\"width: 1.00503%\">&nbsp;<\/td>\n<\/tr>\n<tr style=\"height: 24px\">\n<th style=\"height: 24px;width: 24.8744%\">Tesorer\u00eda:<\/th>\n<td style=\"height: 24px;width: 72.6131%\">D\u00aa. Mar\u00eda Bel\u00e9n G\u00f3mez D\u00edaz<\/td>\n<td style=\"width: 1.00503%\">&nbsp;<\/td>\n<\/tr>\n<tr style=\"height: 24px\">\n<th style=\"height: 24px;width: 24.8744%\">&nbsp;<\/th>\n<td style=\"height: 24px;width: 72.6131%\">&nbsp;<\/td>\n<td style=\"width: 1.00503%\">&nbsp;<\/td>\n<\/tr>\n<tr style=\"height: 24px\">\n<th style=\"height: 24px;width: 24.8744%\">&nbsp;CONTACTO:<\/th>\n<td style=\"height: 24px;width: 72.6131%\">&nbsp;<\/td>\n<td style=\"width: 1.00503%\">&nbsp;<\/td>\n<\/tr>\n<tr style=\"height: 24px\">\n<th style=\"height: 24px;width: 24.8744%\">\n<div>e-mail:<\/div>\n<\/th>\n<td style=\"height: 24px;width: 72.6131%\">ampaflordepapel05@gmail.com<\/td>\n<td style=\"width: 1.00503%\">&nbsp;<\/td>\n<\/tr>\n<tr style=\"height: 24px\">\n<th style=\"height: 24px;width: 24.8744%\">&nbsp;<\/th>\n<td style=\"height: 24px;width: 72.6131%\">&nbsp;<\/td>\n<td style=\"width: 1.00503%\">&nbsp;<\/td>\n<\/tr>\n<tr style=\"height: 24px\">\n<th style=\"height: 24px;width: 24.8744%\">tel\u00e9fonos:<\/th>\n<td style=\"height: 24px;width: 72.6131%\">&nbsp;955 65 66 08&nbsp; &nbsp; &nbsp; &nbsp; &nbsp; &nbsp; &nbsp; y&nbsp; &nbsp; &nbsp; &nbsp; &nbsp; &nbsp;955 65 66 14<\/td>\n<td style=\"width: 1.00503%\">&nbsp;<\/td>\n<\/tr>\n<\/tbody>\n<\/table>\n<p>&nbsp;<\/p>\n","protected":false},"excerpt":{"rendered":"<p>La Asociaci\u00f3n de Madres y Padres Flor de papel, est\u00e1 gestionada por la siguiente&nbsp;Junta Directiva: AMPA Flor de papel Junta Directiva Presidencia: D. Joseba L\u00f3pez Hervella &nbsp; Secretaria: &nbsp; &nbsp; Tesorer\u00eda: D\u00aa. Mar\u00eda Bel\u00e9n&#46;&#46;&#46;<\/p>\n","protected":false},"author":1,"featured_media":0,"parent":0,"menu_order":0,"comment_status":"closed","ping_status":"open","template":"","meta":{"ngg_post_thumbnail":0,"footnotes":"","_mc_calendar":[]},"aioseo_notices":[],"_links":{"self":[{"href":"https:\/\/blogsaverroes.juntadeandalucia.es\/iesmargaritasalas\/wp-json\/wp\/v2\/pages\/200"}],"collection":[{"href":"https:\/\/blogsaverroes.juntadeandalucia.es\/iesmargaritasalas\/wp-json\/wp\/v2\/pages"}],"about":[{"href":"https:\/\/blogsaverroes.juntadeandalucia.es\/iesmargaritasalas\/wp-json\/wp\/v2\/types\/page"}],"author":[{"embeddable":true,"href":"https:\/\/blogsaverroes.juntadeandalucia.es\/iesmargaritasalas\/wp-json\/wp\/v2\/users\/1"}],"replies":[{"embeddable":true,"href":"https:\/\/blogsaverroes.juntadeandalucia.es\/iesmargaritasalas\/wp-json\/wp\/v2\/comments?post=200"}],"version-history":[{"count":9,"href":"https:\/\/blogsaverroes.juntadeandalucia.es\/iesmargaritasalas\/wp-json\/wp\/v2\/pages\/200\/revisions"}],"predecessor-version":[{"id":5716,"href":"https:\/\/blogsaverroes.juntadeandalucia.es\/iesmargaritasalas\/wp-json\/wp\/v2\/pages\/200\/revisions\/5716"}],"wp:attachment":[{"href":"https:\/\/blogsaverroes.juntadeandalucia.es\/iesmargaritasalas\/wp-json\/wp\/v2\/media?parent=200"}],"curies":[{"name":"wp","href":"https:\/\/api.w.org\/{rel}","templated":true}]}}