{"id":2437,"date":"2018-01-17T09:42:33","date_gmt":"2018-01-17T09:42:33","guid":{"rendered":"https:\/\/blogsaverroes.juntadeandalucia.es\/iesmargaritasalas\/?page_id=2437"},"modified":"2025-01-20T08:28:29","modified_gmt":"2025-01-20T08:28:29","slug":"documentos-del-centro","status":"publish","type":"page","link":"https:\/\/blogsaverroes.juntadeandalucia.es\/iesmargaritasalas\/documentos-del-centro\/","title":{"rendered":"Documentos del Centro"},"content":{"rendered":"<h1>DOCUMENTOS DEL CENTRO<\/h1>\n<table class=\"tablas_prin\" style=\"width: 71.0583%;height: 116px\">\n<tbody>\n<tr style=\"height: 26px\">\n<td style=\"text-align: left;width: 78.6452%;height: 26px\">Proyecto educativo de centro (PEC)<\/td>\n<td style=\"width: 14.0706%;height: 26px\"><a href=\"https:\/\/drive.google.com\/file\/d\/15jymx8cPnekqIPBwbk94pBT4Azf2gbl4\/view?usp=sharing\">Descarga<\/a><\/td>\n<\/tr>\n<tr style=\"height: 22px\">\n<td style=\"text-align: left;width: 78.6452%;height: 22px\">Reglamento de organizaci\u00f3n y Funcionamiento (ROF)<\/td>\n<td style=\"width: 14.0706%;height: 22px\"><a href=\"https:\/\/drive.google.com\/file\/d\/15faDH-UdCUCC_-eJCnTa7ofzitaE0hvc\/view?usp=sharing\">Descarga<\/a><\/td>\n<\/tr>\n<tr style=\"height: 22px\">\n<td style=\"text-align: left;width: 78.6452%;height: 22px\">Proyecto de Gesti\u00f3n Econ\u00f3mica del centro<\/td>\n<td style=\"width: 14.0706%;height: 22px\"><a href=\"https:\/\/drive.google.com\/file\/d\/15pTxGjf6Wkmonp2EBcrWZT8NOhluAuGH\/view?usp=sharing\">Descarga<\/a><\/td>\n<\/tr>\n<tr style=\"height: 22px\">\n<td style=\"text-align: left;width: 78.6452%;height: 22px\">Plan autoprotecci\u00f3n (PAE)<\/td>\n<td style=\"width: 14.0706%;height: 22px\"><a href=\"https:\/\/drive.google.com\/file\/d\/13-5JkZgcVQgn36ojrpC_TFcRBTg5M7LM\/view?usp=sharing\">Descarga<\/a><\/td>\n<\/tr>\n<tr style=\"height: 24px\">\n<td style=\"text-align: left;width: 78.6452%;height: 24px\">Plan de Formaci\u00f3n<\/td>\n<td style=\"width: 14.0706%;height: 24px\"><a href=\"https:\/\/drive.google.com\/file\/d\/1apN91byXq5j1lOAmKb34wMpZ70MGasHd\/view?usp=sharing\">Descarga<\/a><\/td>\n<\/tr>\n<tr>\n<td style=\"text-align: left;width: 78.6452%\">Plan de Mejora&nbsp;<\/td>\n<td style=\"width: 14.0706%\"><a href=\"https:\/\/drive.google.com\/file\/d\/1617XTW6Q2GNZAxA9iiZWDUYhGBM7m0Bw\/view?usp=sharing\">Descarga<\/a><\/td>\n<\/tr>\n<tr>\n<td style=\"text-align: left;width: 78.6452%\">Plan de Convivencia<\/td>\n<td style=\"width: 14.0706%\"><a href=\"https:\/\/drive.google.com\/file\/d\/15GzjmP5nZvsF8Ghv-dGNMP1p3esXVUhl\/view?usp=sharing\">Descarga<\/a><\/td>\n<\/tr>\n<\/tbody>\n<\/table>\n<p>&nbsp;<\/p>\n<p>&nbsp;<\/p>\n","protected":false},"excerpt":{"rendered":"<p>DOCUMENTOS DEL CENTRO Proyecto educativo de centro (PEC) Descarga Reglamento de organizaci\u00f3n y Funcionamiento (ROF) Descarga Proyecto de Gesti\u00f3n Econ\u00f3mica del centro Descarga Plan autoprotecci\u00f3n (PAE) Descarga Plan de Formaci\u00f3n Descarga Plan de Mejora&nbsp;&#46;&#46;&#46;<\/p>\n","protected":false},"author":5450,"featured_media":0,"parent":0,"menu_order":0,"comment_status":"closed","ping_status":"closed","template":"","meta":{"ngg_post_thumbnail":0,"footnotes":"","_mc_calendar":[]},"aioseo_notices":[],"_links":{"self":[{"href":"https:\/\/blogsaverroes.juntadeandalucia.es\/iesmargaritasalas\/wp-json\/wp\/v2\/pages\/2437"}],"collection":[{"href":"https:\/\/blogsaverroes.juntadeandalucia.es\/iesmargaritasalas\/wp-json\/wp\/v2\/pages"}],"about":[{"href":"https:\/\/blogsaverroes.juntadeandalucia.es\/iesmargaritasalas\/wp-json\/wp\/v2\/types\/page"}],"author":[{"embeddable":true,"href":"https:\/\/blogsaverroes.juntadeandalucia.es\/iesmargaritasalas\/wp-json\/wp\/v2\/users\/5450"}],"replies":[{"embeddable":true,"href":"https:\/\/blogsaverroes.juntadeandalucia.es\/iesmargaritasalas\/wp-json\/wp\/v2\/comments?post=2437"}],"version-history":[{"count":49,"href":"https:\/\/blogsaverroes.juntadeandalucia.es\/iesmargaritasalas\/wp-json\/wp\/v2\/pages\/2437\/revisions"}],"predecessor-version":[{"id":5570,"href":"https:\/\/blogsaverroes.juntadeandalucia.es\/iesmargaritasalas\/wp-json\/wp\/v2\/pages\/2437\/revisions\/5570"}],"wp:attachment":[{"href":"https:\/\/blogsaverroes.juntadeandalucia.es\/iesmargaritasalas\/wp-json\/wp\/v2\/media?parent=2437"}],"curies":[{"name":"wp","href":"https:\/\/api.w.org\/{rel}","templated":true}]}}