{"id":35,"date":"2015-03-13T08:21:43","date_gmt":"2015-03-13T08:21:43","guid":{"rendered":"http:\/\/blogsaverroes.juntadeandalucia.es\/pre\/ceip\/?page_id=35"},"modified":"2022-07-10T17:33:39","modified_gmt":"2022-07-10T17:33:39","slug":"el-centro-2","status":"publish","type":"page","link":"https:\/\/blogsaverroes.juntadeandalucia.es\/iesmargaritasalas\/el-centro-2\/","title":{"rendered":"Nuestro centro"},"content":{"rendered":"<h3><strong>Ubicaci\u00f3n y tel\u00e9fonos<\/strong><\/h3>\n<table style=\"width: 62.3618%;border-color: #000000\">\n<tbody>\n<tr style=\"height: 22px\">\n<td style=\"height: 22px;width: 101.219%\" colspan=\"2\">&nbsp;<strong>Instituto de Educaci\u00f3n Secundaria Margarita Salas<\/strong><\/p>\n<p><a href=\"https:\/\/goo.gl\/maps\/SmEZaseGRwGCc9sW6\"><img loading=\"lazy\" decoding=\"async\" class=\"aligncenter size-full wp-image-4776\" src=\"https:\/\/blogsaverroes.juntadeandalucia.es\/iesmargaritasalas\/files\/2022\/07\/Mapa-IMS.jpg\" alt=\"\" width=\"404\" height=\"381\" srcset=\"https:\/\/blogsaverroes.juntadeandalucia.es\/iesmargaritasalas\/files\/2022\/07\/Mapa-IMS.jpg 404w, https:\/\/blogsaverroes.juntadeandalucia.es\/iesmargaritasalas\/files\/2022\/07\/Mapa-IMS-300x283.jpg 300w\" sizes=\"(max-width: 404px) 100vw, 404px\" \/><\/a><\/td>\n<\/tr>\n<tr style=\"height: 22px\">\n<td style=\"height: 22px;width: 99.5408%\">\n<p style=\"text-align: left\"><strong>Direcci\u00f3n:<\/strong> Calle Flor de Papel s\/n&nbsp;41020 Sevilla<\/p>\n<p style=\"text-align: left\"><strong>Email: <\/strong>41010824.edu@juntadeandalucia.es<\/p>\n<\/td>\n<td style=\"height: 22px;width: 1.67785%\">&nbsp;<\/td>\n<\/tr>\n<\/tbody>\n<\/table>\n<table style=\"height: 285px;width: 612px\">\n<tbody>\n<tr>\n<td style=\"width: 612px;text-align: left\"><strong>Tel\u00e9fonos:<br \/>\n<\/strong><\/p>\n<table style=\"width: 608px\">\n<tbody>\n<tr>\n<td style=\"text-align: left;width: 455.556px\">Conserjer\u00eda<\/td>\n<td style=\"width: 150.444px\">955656608&nbsp;<\/td>\n<\/tr>\n<tr>\n<td style=\"text-align: left;width: 455.556px\">Secretar\u00eda\/Administraci\u00f3n<\/td>\n<td style=\"width: 150.444px\">671534765&nbsp;<\/td>\n<\/tr>\n<tr>\n<td style=\"text-align: left;width: 455.556px\">Sala de profesores<\/td>\n<td style=\"width: 150.444px\">671534766&nbsp;<\/td>\n<\/tr>\n<tr>\n<td style=\"text-align: left;width: 455.556px\">Jefatura de Estudios<\/td>\n<td style=\"width: 150.444px\">671534764&nbsp;<\/td>\n<\/tr>\n<tr>\n<td style=\"text-align: left;width: 455.556px\">Vicedirecci\u00f3n<\/td>\n<td style=\"width: 150.444px\">671534762<\/td>\n<\/tr>\n<tr>\n<td style=\"text-align: left;width: 455.556px\">Orientador<\/td>\n<td style=\"width: 150.444px\">671534763&nbsp;<\/td>\n<\/tr>\n<tr>\n<td style=\"text-align: left;width: 455.556px\">FAX<\/td>\n<td style=\"width: 150.444px\">955656614&nbsp;<\/td>\n<\/tr>\n<\/tbody>\n<\/table>\n<\/td>\n<\/tr>\n<\/tbody>\n<\/table>\n<h3>&nbsp;<strong>Horarios<\/strong><\/h3>\n<table class=\"tablas_prin\">\n<thead>\n<tr>\n<th>Horario Lectivo<\/th>\n<th>Biblioteca<\/th>\n<\/tr>\n<\/thead>\n<tbody>\n<tr>\n<td>Lunes a viernes de 8:15 a 14:45<\/td>\n<td>Lunes a viernes 11:15 a 11:45: Estudio y trabajo en sala<\/td>\n<\/tr>\n<tr>\n<td>Recreo: 11:15 a 11:45<\/td>\n<td>&nbsp;<\/td>\n<\/tr>\n<\/tbody>\n<\/table>\n<p>&nbsp;<\/p>\n<table class=\"tablas_prin\">\n<tbody>\n<tr>\n<th>Programa de acompa\u00f1amiento<\/th>\n<th>Tutor\u00edas<\/th>\n<\/tr>\n<tr>\n<td>Lunes y mi\u00e9rcoles de 16:00 a 18:00<\/td>\n<td>Martes de 16:00 a 18:00.&nbsp;<u>Previa cita.<\/u><\/td>\n<\/tr>\n<\/tbody>\n<\/table>\n<p>&nbsp;<\/p>\n<table class=\"tablas_prin\">\n<tbody>\n<tr>\n<th>Clases de Chino<\/th>\n<th>Escuelas Deportivas<\/th>\n<\/tr>\n<tr>\n<td>Martes y jueves de 16:00 a 19:00<\/td>\n<td>De lunes a jueves de 16:00 a 18:00<\/td>\n<\/tr>\n<\/tbody>\n<\/table>\n<h3><strong>Oferta educativa<\/strong><\/h3>\n<table class=\"tablas_prin\">\n<thead>\n<tr>\n<th>Educaci\u00f3n Secundaria Obligatoria<\/th>\n<\/tr>\n<\/thead>\n<tbody>\n<tr>\n<td>ESO<\/td>\n<td>Pluriling\u00fce de Espa\u00f1ol-Franc\u00e9s-Ingl\u00e9s<\/td>\n<\/tr>\n<\/tbody>\n<\/table>\n<p>&nbsp;<\/p>\n<table class=\"tablas_prin\">\n<tbody>\n<tr>\n<th>Bachillerato<\/th>\n<\/tr>\n<tr>\n<td>Humanidades y Ciencias Sociales<\/td>\n<td>Biling\u00fce de Espa\u00f1ol-Franc\u00e9s<\/td>\n<\/tr>\n<tr>\n<td>Ciencias de la Naturaleza y la Salud<\/td>\n<\/tr>\n<\/tbody>\n<\/table>\n<p>&nbsp;<\/p>\n<table class=\"tablas_prin\">\n<tbody>\n<tr>\n<th>Formaci\u00f3n Profesional<\/th>\n<\/tr>\n<tr>\n<td>F.P. Grado Medio \u00abT\u00e9cnico en Farmacia y Parafarmacia\u00bb<\/td>\n<\/tr>\n<\/tbody>\n<\/table>\n<h3><strong>El centro<\/strong><\/h3>\nngg_shortcode_0_placeholder\n","protected":false},"excerpt":{"rendered":"<p>Ubicaci\u00f3n y tel\u00e9fonos &nbsp;Instituto de Educaci\u00f3n Secundaria Margarita Salas Direcci\u00f3n: Calle Flor de Papel s\/n&nbsp;41020 Sevilla Email: 41010824.edu@juntadeandalucia.es &nbsp; Tel\u00e9fonos: Conserjer\u00eda 955656608&nbsp; Secretar\u00eda\/Administraci\u00f3n 671534765&nbsp; Sala de profesores 671534766&nbsp; Jefatura de Estudios 671534764&nbsp; Vicedirecci\u00f3n 671534762&#46;&#46;&#46;<\/p>\n","protected":false},"author":1,"featured_media":0,"parent":0,"menu_order":0,"comment_status":"closed","ping_status":"open","template":"","meta":{"ngg_post_thumbnail":0,"footnotes":"","_mc_calendar":[]},"aioseo_notices":[],"_links":{"self":[{"href":"https:\/\/blogsaverroes.juntadeandalucia.es\/iesmargaritasalas\/wp-json\/wp\/v2\/pages\/35"}],"collection":[{"href":"https:\/\/blogsaverroes.juntadeandalucia.es\/iesmargaritasalas\/wp-json\/wp\/v2\/pages"}],"about":[{"href":"https:\/\/blogsaverroes.juntadeandalucia.es\/iesmargaritasalas\/wp-json\/wp\/v2\/types\/page"}],"author":[{"embeddable":true,"href":"https:\/\/blogsaverroes.juntadeandalucia.es\/iesmargaritasalas\/wp-json\/wp\/v2\/users\/1"}],"replies":[{"embeddable":true,"href":"https:\/\/blogsaverroes.juntadeandalucia.es\/iesmargaritasalas\/wp-json\/wp\/v2\/comments?post=35"}],"version-history":[{"count":53,"href":"https:\/\/blogsaverroes.juntadeandalucia.es\/iesmargaritasalas\/wp-json\/wp\/v2\/pages\/35\/revisions"}],"predecessor-version":[{"id":4780,"href":"https:\/\/blogsaverroes.juntadeandalucia.es\/iesmargaritasalas\/wp-json\/wp\/v2\/pages\/35\/revisions\/4780"}],"wp:attachment":[{"href":"https:\/\/blogsaverroes.juntadeandalucia.es\/iesmargaritasalas\/wp-json\/wp\/v2\/media?parent=35"}],"curies":[{"name":"wp","href":"https:\/\/api.w.org\/{rel}","templated":true}]}}