{"id":77,"date":"2015-03-16T06:54:56","date_gmt":"2015-03-16T06:54:56","guid":{"rendered":"http:\/\/blogsaverroes.juntadeandalucia.es\/pre\/ceip\/?page_id=77"},"modified":"2024-04-01T10:10:13","modified_gmt":"2024-04-01T10:10:13","slug":"secretaria","status":"publish","type":"page","link":"https:\/\/blogsaverroes.juntadeandalucia.es\/iesmargaritasalas\/secretaria\/","title":{"rendered":"Coordinadores de \u00c1reas"},"content":{"rendered":"<table class=\"tablas_prin\" style=\"width: 657px\">\n<tbody>\n<tr>\n<th style=\"text-align: left\"><strong>\u00c1rea Socioling\u00fc\u00edstica:<\/strong><\/th>\n<td style=\"width: 268px;text-align: left\">D\u00f1a. Mabel Carrizo&nbsp;<\/td>\n<\/tr>\n<tr>\n<th style=\"width: 159px;text-align: left\"><strong>\u00c1rea Cient\u00edfico-T\u00e9cnica:<\/strong><\/th>\n<td style=\"width: 268px;text-align: left\">D\u00f1a. Roc\u00edo Antequera&nbsp;<\/td>\n<\/tr>\n<tr>\n<th style=\"width: 159px;text-align: left\"><strong>\u00c1rea Art\u00edstica:<\/strong><\/th>\n<td style=\"width: 268px;text-align: left\">D\u00f1a. Lola Serrano&nbsp;<\/td>\n<\/tr>\n<tr>\n<th style=\"width: 159px;text-align: left\">\u00c1rea Sanitaria:&nbsp;<\/th>\n<td style=\"width: 268px;text-align: left\">D\u00f1a. Isabel Gil<\/td>\n<\/tr>\n<\/tbody>\n<\/table>\n<p>&nbsp;<\/p>\n","protected":false},"excerpt":{"rendered":"<p>\u00c1rea Socioling\u00fc\u00edstica: D\u00f1a. Mabel Carrizo&nbsp; \u00c1rea Cient\u00edfico-T\u00e9cnica: D\u00f1a. Roc\u00edo Antequera&nbsp; \u00c1rea Art\u00edstica: D\u00f1a. Lola Serrano&nbsp; \u00c1rea Sanitaria:&nbsp; D\u00f1a. Isabel Gil &nbsp;<\/p>\n","protected":false},"author":1,"featured_media":0,"parent":0,"menu_order":0,"comment_status":"closed","ping_status":"open","template":"","meta":{"ngg_post_thumbnail":0,"footnotes":"","_mc_calendar":[]},"aioseo_notices":[],"_links":{"self":[{"href":"https:\/\/blogsaverroes.juntadeandalucia.es\/iesmargaritasalas\/wp-json\/wp\/v2\/pages\/77"}],"collection":[{"href":"https:\/\/blogsaverroes.juntadeandalucia.es\/iesmargaritasalas\/wp-json\/wp\/v2\/pages"}],"about":[{"href":"https:\/\/blogsaverroes.juntadeandalucia.es\/iesmargaritasalas\/wp-json\/wp\/v2\/types\/page"}],"author":[{"embeddable":true,"href":"https:\/\/blogsaverroes.juntadeandalucia.es\/iesmargaritasalas\/wp-json\/wp\/v2\/users\/1"}],"replies":[{"embeddable":true,"href":"https:\/\/blogsaverroes.juntadeandalucia.es\/iesmargaritasalas\/wp-json\/wp\/v2\/comments?post=77"}],"version-history":[{"count":14,"href":"https:\/\/blogsaverroes.juntadeandalucia.es\/iesmargaritasalas\/wp-json\/wp\/v2\/pages\/77\/revisions"}],"predecessor-version":[{"id":5374,"href":"https:\/\/blogsaverroes.juntadeandalucia.es\/iesmargaritasalas\/wp-json\/wp\/v2\/pages\/77\/revisions\/5374"}],"wp:attachment":[{"href":"https:\/\/blogsaverroes.juntadeandalucia.es\/iesmargaritasalas\/wp-json\/wp\/v2\/media?parent=77"}],"curies":[{"name":"wp","href":"https:\/\/api.w.org\/{rel}","templated":true}]}}