{"id":199,"date":"2024-09-28T10:58:12","date_gmt":"2024-09-28T08:58:12","guid":{"rendered":"https:\/\/blogsaverroes.juntadeandalucia.es\/iesmariamolinersevilla\/?page_id=199"},"modified":"2025-11-05T19:55:17","modified_gmt":"2025-11-05T18:55:17","slug":"bienvenidos-al-ies-maria-moliner-sevilla","status":"publish","type":"page","link":"https:\/\/blogsaverroes.juntadeandalucia.es\/iesmariamolinersevilla\/","title":{"rendered":"Bienvenidos al IES Mar\u00eda Moliner &#8211; Sevilla"},"content":{"rendered":"\t\t<div data-elementor-type=\"wp-page\" data-elementor-id=\"199\" class=\"elementor elementor-199\">\n\t\t\t\t<div class=\"elementor-element elementor-element-5297a27b e-flex e-con-boxed e-con e-parent\" data-id=\"5297a27b\" data-element_type=\"container\">\n\t\t\t\t\t<div class=\"e-con-inner\">\n\t\t\t\t<div class=\"elementor-element elementor-element-4a8d71b elementor-widget elementor-widget-text-editor\" data-id=\"4a8d71b\" data-element_type=\"widget\" data-widget_type=\"text-editor.default\">\n\t\t\t\t<div class=\"elementor-widget-container\">\n\t\t\t\t\t\t\t\t\t<p><img decoding=\"async\" class=\"alignleft\" src=\"https:\/\/blogsaverroes.juntadeandalucia.es\/iesmariamolinersevilla\/files\/2024\/09\/slide1-1.jpg\" \/><\/p><p><strong style=\"color: var( --e-global-color-text );font-family: var( --e-global-typography-text-font-family ), Sans-serif;text-align: var(--text-align);font-size: 0.938rem\">Bienvenidos al IES Mar\u00eda Moliner de Sevilla<\/strong><\/p><hr \/><p>\u00a0<\/p><p>Nuestro centro se encuentra situado en el barrio de El Parque Alcosa, distrito Sevilla Este, en Sevilla, Andaluc\u00eda.<\/p><table style=\"border-collapse: collapse;border: none;width: 100%\"><tbody><tr><td style=\"width: 77.0875%\"><p>El IES Mar\u00eda Moliner se encuentra en la Avenida Ciudad de Chiva, su arteria principal. Este centro educativo fue construido a mediados de los a\u00f1os 60, inicialmente conocido como el colegio Romero de la Quintana. En 2003, adopt\u00f3 su nombre actual, IES Mar\u00eda Moliner. Ofrece educaci\u00f3n secundaria obligatoria (ESO) desde primero hasta cuarto curso.<\/p><p>Nuestro Instituto cambi\u00f3 de nombre en honor a Mar\u00eda Moliner, destacada lexic\u00f3grafa y bibliotecaria espa\u00f1ola, conocida principalmente por su obra \u201cDiccionario de uso del espa\u00f1ol\u201d.<\/p><\/td><td style=\"width: 22.9125%\"><img decoding=\"async\" src=\"https:\/\/blogsaverroes.juntadeandalucia.es\/iesmariamolinersevilla\/files\/2024\/09\/MMOLINER1.jpg\" alt=\"Mar\u00eda Moliner\" width=\"400\" \/><\/td><\/tr><\/tbody><\/table>\t\t\t\t\t\t\t\t<\/div>\n\t\t\t\t<\/div>\n\t\t\t\t\t<\/div>\n\t\t\t\t<\/div>\n\t\t<div class=\"elementor-element elementor-element-4a790bd e-grid e-con-boxed e-con e-parent\" data-id=\"4a790bd\" data-element_type=\"container\">\n\t\t\t\t\t<div class=\"e-con-inner\">\n\t\t\t\t<div class=\"elementor-element elementor-element-011414e elementor-widget elementor-widget-text-editor\" data-id=\"011414e\" data-element_type=\"widget\" data-widget_type=\"text-editor.default\">\n\t\t\t\t<div class=\"elementor-widget-container\">\n\t\t\t\t\t\t\t\t\t<table style=\"border-collapse: collapse;width: 100%\">\n<tbody>\n<tr>\n<td colspan=\"2\">\n<h2>Charla \u00abBanco de Alimentos\u00bb 2025<\/h2>\n<\/td>\n<\/tr>\n<tr>\n<td style=\"width: 50%\"><img decoding=\"async\" src=\"https:\/\/blogger.googleusercontent.com\/img\/a\/AVvXsEjqohVGMn0j-PS3MnVaNdbqDeUvAb2qCO3Puk-KhwAQxLbeQ16WJozgzls6RdFvf-fxFczGwdKWbhK-nIQcji6lWdQiY9IhWiKM9lHBYzusCWifd3iHMRwY1vSRr_7AorXw7mb4U1iI9DJLo_fyxiwY4PZ_5EikkqFtvYU9WACAIxx54XHv-ctYXRUrcHQ\" width=\"300\" \/><\/td>\n<td style=\"width: 50%\"><span style=\"font-size: 15.008px\">El pasado mi\u00e9rcoles 22 de octubre los alumnos de 4\u00b0 de ESO asistieron a una charla informativa sobre las actividades que desarrolla el Banco de Alimentos.\u00a0<\/span><span style=\"font-family: var( --e-global-typography-text-font-family ), Sans-serif;font-weight: var( --e-global-typography-text-font-weight );text-align: var(--text-align);color: var( --e-global-color-text );font-size: 15.008px\">[\u2026]<\/span>\n<p style=\"font-size: 15.008px\"><a style=\"color: #0000ee\" href=\"https:\/\/iesmariamolinersevilla.blogspot.com\/2025\/11\/charla-banco-de-alimentos-2025.html\" target=\"_blank\" rel=\"noopener\">Ir a enlace<\/a><\/p>\n<\/td>\n<\/tr>\n<\/tbody>\n<\/table>\t\t\t\t\t\t\t\t<\/div>\n\t\t\t\t<\/div>\n\t\t\t\t<div class=\"elementor-element elementor-element-a7d7cb2 elementor-widget elementor-widget-text-editor\" data-id=\"a7d7cb2\" data-element_type=\"widget\" data-widget_type=\"text-editor.default\">\n\t\t\t\t<div class=\"elementor-widget-container\">\n\t\t\t\t\t\t\t\t\t<table style=\"border-collapse: collapse;width: 100%\">\n<tbody>\n<tr>\n<td colspan=\"2\">\n<h2>Carrera solidaria &#8216;Unoentrecienmil&#8217; 2025<\/h2>\n<\/td>\n<\/tr>\n<tr>\n<td style=\"width: 50%\"><img decoding=\"async\" src=\"https:\/\/blogger.googleusercontent.com\/img\/a\/AVvXsEhwwY3Wa5oaY2J0FC8P4odZDDx-9DaGFeGFzk8tP8X2BRwdXk8vxfQ6Dddl_eFh2i7ok0pyWcvmSLbw1Ouw6FpEZdBSvQfKzOdwoIAPfj35Ke4vWQIVCspgeeuUD2ZTh3m5kwWuSNz8F7xS5dxgZ_nZ8a-_dRbTTnUIb14mQMMsT8cFk7MPQMhLHGS84zg\" width=\"300\" \/><\/td>\n<td style=\"width: 50%\"><span style=\"font-size: 15.008px\">El pasado 17 de octubre, el IES Mar\u00eda Moliner particip\u00f3 en la XI Edici\u00f3n de La Vuelta al Cole, 3\u00aa para nosotros.\u00a0<\/span><span style=\"font-family: var( --e-global-typography-text-font-family ), Sans-serif;font-weight: var( --e-global-typography-text-font-weight );text-align: var(--text-align);color: var( --e-global-color-text );font-size: 15.008px\">[\u2026]<\/span>\n<p style=\"font-size: 15.008px\"><a style=\"color: #0000ee\" href=\"https:\/\/iesmariamolinersevilla.blogspot.com\/2025\/11\/carrera-solidaria-unoentrecienmil-2025.html\" target=\"_blank\" rel=\"noopener\">Ir a enlace<\/a><\/p>\n<\/td>\n<\/tr>\n<\/tbody>\n<\/table>\t\t\t\t\t\t\t\t<\/div>\n\t\t\t\t<\/div>\n\t\t\t\t<div class=\"elementor-element elementor-element-ee52337 elementor-widget elementor-widget-text-editor\" data-id=\"ee52337\" data-element_type=\"widget\" data-widget_type=\"text-editor.default\">\n\t\t\t\t<div class=\"elementor-widget-container\">\n\t\t\t\t\t\t\t\t\t<table style=\"border-collapse: collapse;width: 100%\">\n<tbody>\n<tr>\n<td colspan=\"2\">\n<h2>Igualdad, Respeto y Paz (2025)<\/h2>\n<\/td>\n<\/tr>\n<tr>\n<td style=\"width: 50%\"><img decoding=\"async\" src=\"https:\/\/blogsaverroes.juntadeandalucia.es\/iesmariamolinersevilla\/files\/2025\/03\/LipDub25.jpg\" width=\"250\" \/><\/td>\n<td style=\"width: 50%\"><span style=\"font-size: 15.008px\">Querida comunidad educativa.\u00a0<\/span><span style=\"font-size: 15.008px;color: var( --e-global-color-text );font-family: var( --e-global-typography-text-font-family ), Sans-serif;font-weight: var( --e-global-typography-text-font-weight );text-align: var(--text-align)\">Todas las efem\u00e9rides son importantes, pero el 8M es especial: es el D\u00eda Internacional de la Mujer Trabajadora<\/span><span style=\"color: var( --e-global-color-text );font-family: var( --e-global-typography-text-font-family ), Sans-serif;font-weight: var( --e-global-typography-text-font-weight );text-align: var(--text-align);font-size: 15.008px\">\u00a0[\u2026]<\/span>\n<p style=\"font-size: 15.008px\"><a style=\"color: #0000ee\" href=\"https:\/\/iesmariamolinersevilla.blogspot.com\/2025\/03\/igualdad-respeto-y-paz-2025.html\" target=\"_blank\" rel=\"noopener\">Ir a enlace<\/a><\/p>\n<\/td>\n<\/tr>\n<\/tbody>\n<\/table>\t\t\t\t\t\t\t\t<\/div>\n\t\t\t\t<\/div>\n\t\t\t\t<div class=\"elementor-element elementor-element-96097be elementor-widget elementor-widget-text-editor\" data-id=\"96097be\" data-element_type=\"widget\" data-widget_type=\"text-editor.default\">\n\t\t\t\t<div class=\"elementor-widget-container\">\n\t\t\t\t\t\t\t\t\t<table style=\"border-collapse: collapse;width: 100%\">\n<tbody>\n<tr>\n<td colspan=\"2\">\n<h2>Actividades de Tr\u00e1nsito en el IES Mar\u00eda Moliner (2025)<\/h2>\n<\/td>\n<\/tr>\n<tr>\n<td style=\"width: 50%\"><img decoding=\"async\" src=\"https:\/\/blogger.googleusercontent.com\/img\/b\/R29vZ2xl\/AVvXsEh7nuhI47ZEYkzi7eAPaWxnjrH1-0BSpNfb5Bm3bfcN8oFWmAqpYTaFdN4K_4qjOzYzNARBFYAa1-SQwI6ETd9gc6wivYB2ZzMSg3RQAc6HnIeUb-a7v5yjlGUkvKdXhLbKPgG29KsR8_ZFmOGuwBl3WGnXuJjNGiWJvgI81b6AoKwI17wT2irIFOAQdoU\/s320\/14_transi25.jpg\" width=\"170\" \/><\/td>\n<td style=\"width: 50%\"><span style=\"text-align: var(--text-align);font-size: 15.008px\">La semana pasada recibimos en nuestras instalaciones la visita del alumnado de sexto de primaria de los colegios Lope de Rueda y Concepci\u00f3n Estevarena<\/span><span style=\"color: var( --e-global-color-text );font-family: var( --e-global-typography-text-font-family ), Sans-serif;font-size: 15.008px;font-weight: var( --e-global-typography-text-font-weight );text-align: var(--text-align)\">\u00a0[\u2026]<\/span>\n<p style=\"font-size: 15.008px\"><a style=\"color: #0000ee\" href=\"https:\/\/iesmariamolinersevilla.blogspot.com\/2025\/03\/actividades-de-transito-en-el-ies-maria.html\" target=\"_blank\" rel=\"noopener\">Ir a enlace<\/a><\/p>\n<\/td>\n<\/tr>\n<\/tbody>\n<\/table>\t\t\t\t\t\t\t\t<\/div>\n\t\t\t\t<\/div>\n\t\t\t\t\t<\/div>\n\t\t\t\t<\/div>\n\t\t<div class=\"elementor-element elementor-element-ac81831 e-grid e-con-boxed e-con e-parent\" data-id=\"ac81831\" data-element_type=\"container\">\n\t\t\t\t\t<div class=\"e-con-inner\">\n\t\t\t\t<div class=\"elementor-element elementor-element-d77c801 elementor-widget elementor-widget-text-editor\" data-id=\"d77c801\" data-element_type=\"widget\" data-widget_type=\"text-editor.default\">\n\t\t\t\t<div class=\"elementor-widget-container\">\n\t\t\t\t\t\t\t\t\t<table style=\"border-collapse: collapse;width: 100%\">\n<tbody>\n<tr>\n<td colspan=\"2\">\n<h2>Jornada de Puertas Abiertas &#8211; 2025<\/h2>\n<\/td>\n<\/tr>\n<tr>\n<td style=\"width: 50%\"><img decoding=\"async\" src=\"https:\/\/blogger.googleusercontent.com\/img\/b\/R29vZ2xl\/AVvXsEhmafcU5TWOWiylWxbwVg_yf_fAPnvVF0BDpmraGa4_6lLqu60DY4S4ZzXh61ieSA2oG5kYk-yLYC9MsLzYjN5Rl_teAqvd9aS1xMD168tVQRjSes8BjRRXjAow5oO1EKfhpFpp7erGuIf1Tvh8Z7eYZJLZ57mIuQNPZS4VvpTXpjSQok1olym_SoxA2Ok\/w451-h640\/Cartel%20tr%C3%A1nsito%2025-26.png\" width=\"170\" \/><\/td>\n<td style=\"width: 50%\"><span style=\"text-align: var(--text-align);font-size: 15.008px\">El pr\u00f3ximo lunes 24 de febrero estaremos encantados de recibir en nuestras instalaciones a todas las familias que quieran conocernos y deseen matricular a sus hijos\/as el pr\u00f3ximo curso escolar 2025\/26<\/span><span style=\"color: var( --e-global-color-text );font-family: var( --e-global-typography-text-font-family ), Sans-serif;font-size: 15.008px;font-weight: var( --e-global-typography-text-font-weight );text-align: var(--text-align)\">\u00a0[\u2026]<\/span>\n<p style=\"font-size: 15.008px\"><a style=\"color: #0000ee\" href=\"https:\/\/blogsaverroes.juntadeandalucia.es\/iesmariamolinersevilla\/2025\/02\/04\/jornada-de-puertas-abiertas-2025\/\" target=\"_blank\" rel=\"noopener\">Ir a enlace<\/a><\/p>\n<\/td>\n<\/tr>\n<\/tbody>\n<\/table>\t\t\t\t\t\t\t\t<\/div>\n\t\t\t\t<\/div>\n\t\t\t\t<div class=\"elementor-element elementor-element-bbbb25e elementor-widget elementor-widget-text-editor\" data-id=\"bbbb25e\" data-element_type=\"widget\" data-widget_type=\"text-editor.default\">\n\t\t\t\t<div class=\"elementor-widget-container\">\n\t\t\t\t\t\t\t\t\t<table style=\"border-collapse: collapse;width: 100%\">\n<tbody>\n<tr>\n<td colspan=\"2\">\n<h2>Haikus por la Paz &#8211; 2025<\/h2>\n<\/td>\n<\/tr>\n<tr>\n<td style=\"width: 50%\"><img decoding=\"async\" src=\"https:\/\/blogsaverroes.juntadeandalucia.es\/iesmariamolinersevilla\/files\/2025\/02\/haiku.jpg\" width=\"170\" \/><\/td>\n<td style=\"width: 50%\"><span style=\"font-size: 15.008px\">Nuestro alumnado de 4\u00ba de ESO ha elaborado distintos haikus con motivo del D\u00eda de la Paz.<\/span>\n\n<span style=\"color: var( --e-global-color-text );font-family: var( --e-global-typography-text-font-family ), Sans-serif;font-weight: var( --e-global-typography-text-font-weight );text-align: var(--text-align);font-size: 15.008px\">Aqu\u00ed os dejamos varios enlaces donde se recoge su trabajo<\/span><span style=\"color: var( --e-global-color-text );font-family: var( --e-global-typography-text-font-family ), Sans-serif;font-weight: var( --e-global-typography-text-font-weight );text-align: var(--text-align);font-size: 15.008px\">\u00a0[\u2026]<\/span>\n<p style=\"font-size: 15.008px\"><a style=\"color: #0000ee\" href=\"https:\/\/iesmariamolinersevilla.blogspot.com\/2025\/02\/haikus-por-la-paz-2025.html\" target=\"_blank\" rel=\"noopener\">Ir a enlace<\/a><\/p>\n<\/td>\n<\/tr>\n<\/tbody>\n<\/table>\t\t\t\t\t\t\t\t<\/div>\n\t\t\t\t<\/div>\n\t\t\t\t\t<\/div>\n\t\t\t\t<\/div>\n\t\t\t\t<\/div>\n\t\t","protected":false},"excerpt":{"rendered":"<p>Bienvenidos al IES Mar\u00eda Moliner de Sevilla \u00a0 Nuestro centro se encuentra situado en el barrio de El Parque Alcosa, distrito Sevilla Este, en Sevilla, Andaluc\u00eda. El IES Mar\u00eda Moliner se encuentra en la&#46;&#46;&#46;<\/p>\n","protected":false},"author":19900,"featured_media":0,"parent":0,"menu_order":0,"comment_status":"closed","ping_status":"closed","template":"","meta":{"footnotes":""},"aioseo_notices":[],"_links":{"self":[{"href":"https:\/\/blogsaverroes.juntadeandalucia.es\/iesmariamolinersevilla\/wp-json\/wp\/v2\/pages\/199"}],"collection":[{"href":"https:\/\/blogsaverroes.juntadeandalucia.es\/iesmariamolinersevilla\/wp-json\/wp\/v2\/pages"}],"about":[{"href":"https:\/\/blogsaverroes.juntadeandalucia.es\/iesmariamolinersevilla\/wp-json\/wp\/v2\/types\/page"}],"author":[{"embeddable":true,"href":"https:\/\/blogsaverroes.juntadeandalucia.es\/iesmariamolinersevilla\/wp-json\/wp\/v2\/users\/19900"}],"replies":[{"embeddable":true,"href":"https:\/\/blogsaverroes.juntadeandalucia.es\/iesmariamolinersevilla\/wp-json\/wp\/v2\/comments?post=199"}],"version-history":[{"count":113,"href":"https:\/\/blogsaverroes.juntadeandalucia.es\/iesmariamolinersevilla\/wp-json\/wp\/v2\/pages\/199\/revisions"}],"predecessor-version":[{"id":1248,"href":"https:\/\/blogsaverroes.juntadeandalucia.es\/iesmariamolinersevilla\/wp-json\/wp\/v2\/pages\/199\/revisions\/1248"}],"wp:attachment":[{"href":"https:\/\/blogsaverroes.juntadeandalucia.es\/iesmariamolinersevilla\/wp-json\/wp\/v2\/media?parent=199"}],"curies":[{"name":"wp","href":"https:\/\/api.w.org\/{rel}","templated":true}]}}