{"id":407,"date":"2024-09-30T23:55:10","date_gmt":"2024-09-30T21:55:10","guid":{"rendered":"https:\/\/blogsaverroes.juntadeandalucia.es\/iesmariamolinersevilla\/?page_id=407"},"modified":"2025-03-08T13:19:26","modified_gmt":"2025-03-08T12:19:26","slug":"plan-coeducacion-igualdad","status":"publish","type":"page","link":"https:\/\/blogsaverroes.juntadeandalucia.es\/iesmariamolinersevilla\/organizacion\/planes-proyectos\/plan-coeducacion-igualdad\/","title":{"rendered":"Plan de Coeducaci\u00f3n e Igualdad"},"content":{"rendered":"\t\t<div data-elementor-type=\"wp-page\" data-elementor-id=\"407\" class=\"elementor elementor-407\">\n\t\t\t\t<div class=\"elementor-element elementor-element-2f14ae9 e-flex e-con-boxed e-con e-parent\" data-id=\"2f14ae9\" data-element_type=\"container\">\n\t\t\t\t\t<div class=\"e-con-inner\">\n\t\t\t\t<div class=\"elementor-element elementor-element-1b1db61 elementor-widget elementor-widget-text-editor\" data-id=\"1b1db61\" data-element_type=\"widget\" data-widget_type=\"text-editor.default\">\n\t\t\t\t<div class=\"elementor-widget-container\">\n\t\t\t\t\t\t\t\t\t<img decoding=\"async\" class=\"alignleft\" src=\"https:\/\/openmoji.org\/data\/color\/svg\/2640.svg\" width=\"100\" \/><img decoding=\"async\" class=\"alignleft\" src=\"https:\/\/openmoji.org\/data\/color\/svg\/1F7F0.svg\" width=\"100\" \/><img decoding=\"async\" class=\"alignleft\" style=\"border-right: solid 1px #000\" src=\"https:\/\/openmoji.org\/data\/color\/svg\/2642.svg\" width=\"100\" \/>\n<span style=\"color: var( --e-global-color-text );font-family: var( --e-global-typography-text-font-family ), Sans-serif;font-size: 0.938rem;font-weight: var( --e-global-typography-text-font-weight );text-align: var(--text-align)\">Aqu\u00ed se recoger\u00e1n todas las actividades del <strong>Plan de Coeducaci\u00f3n e Igualdad<\/strong> realizadas en nuestro Centro.<\/span>\t\t\t\t\t\t\t\t<\/div>\n\t\t\t\t<\/div>\n\t\t\t\t\t<\/div>\n\t\t\t\t<\/div>\n\t\t<div class=\"elementor-element elementor-element-166668a e-grid e-con-boxed e-con e-parent\" data-id=\"166668a\" data-element_type=\"container\">\n\t\t\t\t\t<div class=\"e-con-inner\">\n\t\t\t\t<div class=\"elementor-element elementor-element-eb322b1 elementor-widget elementor-widget-text-editor\" data-id=\"eb322b1\" data-element_type=\"widget\" data-widget_type=\"text-editor.default\">\n\t\t\t\t<div class=\"elementor-widget-container\">\n\t\t\t\t\t\t\t\t\t<table style=\"border-collapse: collapse;width: 100%\">\n<tbody>\n<tr>\n<td colspan=\"2\">\n<h2>Igualdad, Respeto y Paz (2025)<\/h2>\n<\/td>\n<\/tr>\n<tr>\n<td style=\"width: 50%\"><img decoding=\"async\" src=\"https:\/\/blogsaverroes.juntadeandalucia.es\/iesmariamolinersevilla\/files\/2025\/03\/LipDub25.jpg\" width=\"250\" \/><\/td>\n<td style=\"width: 50%\"><span style=\"font-size: 15.008px\">Querida comunidad educativa.\u00a0<\/span><span style=\"font-size: 15.008px;color: var( --e-global-color-text );font-family: var( --e-global-typography-text-font-family ), Sans-serif;font-weight: var( --e-global-typography-text-font-weight );text-align: var(--text-align)\">Todas las efem\u00e9rides son importantes, pero el 8M es especial: es el D\u00eda Internacional de la Mujer Trabajadora<\/span><span style=\"color: var( --e-global-color-text );font-family: var( --e-global-typography-text-font-family ), Sans-serif;font-weight: var( --e-global-typography-text-font-weight );text-align: var(--text-align);font-size: 15.008px\">\u00a0[\u2026]<\/span>\n<p style=\"font-size: 15.008px\"><a style=\"color: #0000ee\" href=\"https:\/\/iesmariamolinersevilla.blogspot.com\/2025\/03\/igualdad-respeto-y-paz-2025.html\" target=\"_blank\" rel=\"noopener\">Ir a enlace<\/a><\/p>\n<\/td>\n<\/tr>\n<\/tbody>\n<\/table>\t\t\t\t\t\t\t\t<\/div>\n\t\t\t\t<\/div>\n\t\t\t\t<div class=\"elementor-element elementor-element-b80ec33 elementor-widget elementor-widget-text-editor\" data-id=\"b80ec33\" data-element_type=\"widget\" data-widget_type=\"text-editor.default\">\n\t\t\t\t<div class=\"elementor-widget-container\">\n\t\t\t\t\t\t\t\t\t<table style=\"border-collapse: collapse;width: 100%\">\n<tbody>\n<tr>\n<td colspan=\"2\">\n<h2>8 marzo 2022<\/h2>\n<\/td>\n<\/tr>\n<tr>\n<td style=\"width: 50%\"><img decoding=\"async\" src=\"https:\/\/blogsaverroes.juntadeandalucia.es\/iesmariamolinersevilla\/files\/2024\/10\/video8m.jpg\" width=\"220\" \/><\/td>\n<td style=\"width: 50%\"><span style=\"text-align: var(--text-align);font-size: 15.008px\">Aqu\u00ed pod\u00e9is visualizar el v\u00eddeo elaborado por nuestra coordinadora de igualdad, Reyes L\u00f3pez, para conmemorar el d\u00eda internacional de las mujeres.<\/span><span style=\"font-size: 15.008px;color: var( --e-global-color-text );font-family: var( --e-global-typography-text-font-family ), Sans-serif;font-weight: var( --e-global-typography-text-font-weight );text-align: var(--text-align)\">\u00a0[\u2026]<\/span>\n<p style=\"font-size: 15.008px\"><a style=\"color: #0000ee\" href=\"https:\/\/iesmariamolinersevilla.blogspot.com\/2022\/03\/8-marzo.html\" target=\"_blank\" rel=\"noopener\">Ir a enlace<\/a><\/p>\n<\/td>\n<\/tr>\n<\/tbody>\n<\/table>\t\t\t\t\t\t\t\t<\/div>\n\t\t\t\t<\/div>\n\t\t\t\t\t<\/div>\n\t\t\t\t<\/div>\n\t\t<div class=\"elementor-element elementor-element-178b837 e-grid e-con-boxed e-con e-parent\" data-id=\"178b837\" data-element_type=\"container\">\n\t\t\t\t\t<div class=\"e-con-inner\">\n\t\t\t\t<div class=\"elementor-element elementor-element-c550d87 elementor-widget elementor-widget-text-editor\" data-id=\"c550d87\" data-element_type=\"widget\" data-widget_type=\"text-editor.default\">\n\t\t\t\t<div class=\"elementor-widget-container\">\n\t\t\t\t\t\t\t\t\t<table style=\"border-collapse: collapse;width: 100%\">\n<tbody>\n<tr>\n<td colspan=\"2\">\n<h2>V\u00eddeo 25 de noviembre 2021<\/h2>\n<\/td>\n<\/tr>\n<tr>\n<td style=\"width: 50%\"><img decoding=\"async\" src=\"https:\/\/blogsaverroes.juntadeandalucia.es\/iesmariamolinersevilla\/files\/2024\/10\/video25n.jpg\" width=\"220\" \/><\/td>\n<td style=\"width: 50%\"><span style=\"text-align: var(--text-align);font-size: 15.008px\">Nuestra coordinadora de igualdad ha estado trabajando con nuestro alumnado el tema de la prevenci\u00f3n de la violencia de g\u00e9nero. Os dejamos el v\u00eddeo del montaje de nuestro \u00e1rbol<\/span><span style=\"color: var( --e-global-color-text );font-family: var( --e-global-typography-text-font-family ), Sans-serif;font-weight: var( --e-global-typography-text-font-weight );text-align: var(--text-align);font-size: 15.008px\">\u00a0[\u2026]<\/span>\n<p style=\"font-size: 15.008px\"><a style=\"color: #0000ee\" href=\"https:\/\/iesmariamolinersevilla.blogspot.com\/2022\/03\/8-marzo.html\" target=\"_blank\" rel=\"noopener\">Ir a enlace<\/a><\/p>\n<\/td>\n<\/tr>\n<\/tbody>\n<\/table>\t\t\t\t\t\t\t\t<\/div>\n\t\t\t\t<\/div>\n\t\t\t\t<div class=\"elementor-element elementor-element-4b7dd0c elementor-widget elementor-widget-text-editor\" data-id=\"4b7dd0c\" data-element_type=\"widget\" data-widget_type=\"text-editor.default\">\n\t\t\t\t<div class=\"elementor-widget-container\">\n\t\t\t\t\t\t\t\t\t<table style=\"border-collapse: collapse;width: 100%\">\n<tbody>\n<tr>\n<td colspan=\"2\">\n<h2>Biblioteca coeducativa<\/h2>\n<\/td>\n<\/tr>\n<tr>\n<td style=\"width: 50%\"><img decoding=\"async\" src=\"https:\/\/blogger.googleusercontent.com\/img\/b\/R29vZ2xl\/AVvXsEhzQdWulOG627CG3nBzvghMJqY9mRN6J53LHOv6qadktKjJU2pyMC1sQIQrMrEma84YeLavYgUoxA_nJ-Jbu9AS8YrSxrTKnhEDvHi62g272ivac3-w83MQZQUwNnKlaBl4XOhqrlFo1u0\/w400-h208\/biblioteca.jpg\" width=\"220\" \/><\/td>\n<td style=\"width: 50%\"><span style=\"text-align: var(--text-align);font-size: 15.008px\">Desde el curso 19\/20, nuestra biblioteca cuenta con un espacio morado dedicado a la literatura y tem\u00e1tica feministas<\/span><span style=\"font-size: 15.008px;color: var( --e-global-color-text );font-family: var( --e-global-typography-text-font-family ), Sans-serif;font-weight: var( --e-global-typography-text-font-weight );text-align: var(--text-align)\">\u00a0[\u2026]<\/span>\n<p style=\"font-size: 15.008px\"><a style=\"color: #0000ee\" href=\"https:\/\/iesmariamolinersevilla.blogspot.com\/2020\/03\/biblioteca-de-igualdad.html\" target=\"_blank\" rel=\"noopener\">Ir a enlace<\/a><\/p>\n<\/td>\n<\/tr>\n<\/tbody>\n<\/table>\t\t\t\t\t\t\t\t<\/div>\n\t\t\t\t<\/div>\n\t\t\t\t\t<\/div>\n\t\t\t\t<\/div>\n\t\t<div class=\"elementor-element elementor-element-68e6798 e-grid e-con-boxed e-con e-parent\" data-id=\"68e6798\" data-element_type=\"container\">\n\t\t\t\t\t<div class=\"e-con-inner\">\n\t\t\t\t<div class=\"elementor-element elementor-element-553bbf0 elementor-widget elementor-widget-text-editor\" data-id=\"553bbf0\" data-element_type=\"widget\" data-widget_type=\"text-editor.default\">\n\t\t\t\t<div class=\"elementor-widget-container\">\n\t\t\t\t\t\t\t\t\t<table style=\"border-collapse: collapse;width: 100%\">\n<tbody>\n<tr>\n<td colspan=\"2\">\n<h2>Finalistas del Concurso \u00abDiversidad Sexual e Identidad de G\u00e9nero\u00bb<span style=\"font-size: 1.375rem;font-weight: inherit;color: var( --e-global-color-text );text-align: var(--text-align)\">\u00a0<\/span><\/h2>\n<\/td>\n<\/tr>\n<tr>\n<td style=\"width: 50%\"><img decoding=\"async\" src=\"https:\/\/blogger.googleusercontent.com\/img\/b\/R29vZ2xl\/AVvXsEik0sYECuXMdLO_jGdlKTXmgLkdqNViW0BUu3OKFpMRXUkd7LT1XfF2Ebo0Fu2itW4PQJibQo_yL9ZAEgJGM-k5w6IFhFPLkmCQuCGXYFfiVvpTS-AsSDhmYu_Zn_ZVy_rsIHkc2y8E5tzM\/s640\/Finalistas+concurso+escuela+espacio+paz.JPG\" width=\"220\" \/><\/td>\n<td style=\"width: 50%\"><span style=\"text-align: var(--text-align);font-size: 15.008px\">Os dejamos una imagen de los lemas finalistas del II Concurso desarrollado dentro del Proyecto Escuela Espacio de Paz: \u00abDIVERSIDAD SEXUAL E IDENTIDAD DE G\u00c9NERO\u00bb<\/span><span style=\"font-size: 15.008px;color: var( --e-global-color-text );font-family: var( --e-global-typography-text-font-family ), Sans-serif;font-weight: var( --e-global-typography-text-font-weight );text-align: var(--text-align)\">\u00a0[\u2026]<\/span>\n<p style=\"font-size: 15.008px\"><a style=\"color: #0000ee\" href=\"https:\/\/iesmariamolinersevilla.blogspot.com\/2019\/01\/finalistas-concurso-diversidad-sexual-e.html\" target=\"_blank\" rel=\"noopener\">Ir a enlace<\/a><\/p>\n<\/td>\n<\/tr>\n<\/tbody>\n<\/table>\t\t\t\t\t\t\t\t<\/div>\n\t\t\t\t<\/div>\n\t\t\t\t<div class=\"elementor-element elementor-element-eab5ebb elementor-widget elementor-widget-text-editor\" data-id=\"eab5ebb\" data-element_type=\"widget\" data-widget_type=\"text-editor.default\">\n\t\t\t\t<div class=\"elementor-widget-container\">\n\t\t\t\t\t\t\t\t\t<table style=\"border-collapse: collapse;width: 100%\">\n<tbody>\n<tr>\n<td colspan=\"2\">\n<h2>Entrega carteles concurso \u00abconsentimiento en las relaciones sexuales\u00bb<\/h2>\n<\/td>\n<\/tr>\n<tr>\n<td style=\"width: 50%\"><img decoding=\"async\" src=\"https:\/\/blogger.googleusercontent.com\/img\/b\/R29vZ2xl\/AVvXsEgqo4qnbR9s7XQmWJdZ7P7lEaFkVV9dEeIuzzVczoZyQspAzf2LFKH1JWfuNJb2BV21yG6P64i-_MVZAT7jX6XDSk8n05tp9xnXKwrjt1jws7EyL877LojSYRy50BFg1o704UdU9j8aWlJf\/s320\/IMG_4168.jpg\" width=\"220\" \/><\/td>\n<td style=\"width: 50%\"><span style=\"text-align: var(--text-align);font-size: 15.008px\">El pasado mi\u00e9rcoles en el centro c\u00edvico del Parque Alcosa, se puso el broche final a la actividad que el curso pasado organizaron en el centro las compa\u00f1eras coordinadoras del plan de igualdad y<\/span><span style=\"font-size: 15.008px;color: var( --e-global-color-text );font-family: var( --e-global-typography-text-font-family ), Sans-serif;font-weight: var( --e-global-typography-text-font-weight );text-align: var(--text-align)\">\u00a0[\u2026]<\/span>\n<p style=\"font-size: 15.008px\"><a style=\"color: #0000ee\" href=\"https:\/\/iesmariamolinersevilla.blogspot.com\/2020\/03\/biblioteca-de-igualdad.html\" target=\"_blank\" rel=\"noopener\">Ir a enlace<\/a><\/p>\n<\/td>\n<\/tr>\n<\/tbody>\n<\/table>\t\t\t\t\t\t\t\t<\/div>\n\t\t\t\t<\/div>\n\t\t\t\t\t<\/div>\n\t\t\t\t<\/div>\n\t\t\t\t<\/div>\n\t\t","protected":false},"excerpt":{"rendered":"<p>Aqu\u00ed se recoger\u00e1n todas las actividades del Plan de Coeducaci\u00f3n e Igualdad realizadas en nuestro Centro. Igualdad, Respeto y Paz (2025) Querida comunidad educativa.\u00a0Todas las efem\u00e9rides son importantes, pero el 8M es especial: es&#46;&#46;&#46;<\/p>\n","protected":false},"author":19900,"featured_media":0,"parent":390,"menu_order":1,"comment_status":"closed","ping_status":"closed","template":"","meta":{"footnotes":""},"aioseo_notices":[],"_links":{"self":[{"href":"https:\/\/blogsaverroes.juntadeandalucia.es\/iesmariamolinersevilla\/wp-json\/wp\/v2\/pages\/407"}],"collection":[{"href":"https:\/\/blogsaverroes.juntadeandalucia.es\/iesmariamolinersevilla\/wp-json\/wp\/v2\/pages"}],"about":[{"href":"https:\/\/blogsaverroes.juntadeandalucia.es\/iesmariamolinersevilla\/wp-json\/wp\/v2\/types\/page"}],"author":[{"embeddable":true,"href":"https:\/\/blogsaverroes.juntadeandalucia.es\/iesmariamolinersevilla\/wp-json\/wp\/v2\/users\/19900"}],"replies":[{"embeddable":true,"href":"https:\/\/blogsaverroes.juntadeandalucia.es\/iesmariamolinersevilla\/wp-json\/wp\/v2\/comments?post=407"}],"version-history":[{"count":34,"href":"https:\/\/blogsaverroes.juntadeandalucia.es\/iesmariamolinersevilla\/wp-json\/wp\/v2\/pages\/407\/revisions"}],"predecessor-version":[{"id":1165,"href":"https:\/\/blogsaverroes.juntadeandalucia.es\/iesmariamolinersevilla\/wp-json\/wp\/v2\/pages\/407\/revisions\/1165"}],"up":[{"embeddable":true,"href":"https:\/\/blogsaverroes.juntadeandalucia.es\/iesmariamolinersevilla\/wp-json\/wp\/v2\/pages\/390"}],"wp:attachment":[{"href":"https:\/\/blogsaverroes.juntadeandalucia.es\/iesmariamolinersevilla\/wp-json\/wp\/v2\/media?parent=407"}],"curies":[{"name":"wp","href":"https:\/\/api.w.org\/{rel}","templated":true}]}}