{"id":11536,"date":"2023-11-26T19:37:12","date_gmt":"2023-11-26T18:37:12","guid":{"rendered":"https:\/\/blogsaverroes.juntadeandalucia.es\/iesmarquesdecomares\/?page_id=11536"},"modified":"2023-11-26T19:37:12","modified_gmt":"2023-11-26T18:37:12","slug":"mas-deporte","status":"publish","type":"page","link":"https:\/\/blogsaverroes.juntadeandalucia.es\/iesmarquesdecomares\/mas-deporte\/","title":{"rendered":"M\u00e1s Deporte"},"content":{"rendered":"<p style=\"text-align: center\"><a href=\"https:\/\/blogsaverroes.juntadeandalucia.es\/iesmarquesdecomares\/files\/2023\/11\/iamgen.png\"><img fetchpriority=\"high\" decoding=\"async\" class=\"aligncenter wp-image-11537 size-large\" src=\"https:\/\/blogsaverroes.juntadeandalucia.es\/iesmarquesdecomares\/files\/2023\/11\/iamgen-1024x585.png\" alt=\"\" width=\"1024\" height=\"585\" srcset=\"https:\/\/blogsaverroes.juntadeandalucia.es\/iesmarquesdecomares\/files\/2023\/11\/iamgen-1024x585.png 1024w, https:\/\/blogsaverroes.juntadeandalucia.es\/iesmarquesdecomares\/files\/2023\/11\/iamgen-300x171.png 300w, https:\/\/blogsaverroes.juntadeandalucia.es\/iesmarquesdecomares\/files\/2023\/11\/iamgen-768x439.png 768w, https:\/\/blogsaverroes.juntadeandalucia.es\/iesmarquesdecomares\/files\/2023\/11\/iamgen-1536x878.png 1536w, https:\/\/blogsaverroes.juntadeandalucia.es\/iesmarquesdecomares\/files\/2023\/11\/iamgen.png 1792w\" sizes=\"(max-width: 1024px) 100vw, 1024px\" \/><\/a><\/p>\n<p>En nuestro centro, nos enorgullecemos de participar en el Programa <strong>M\u00e1s Deporte<\/strong>, una iniciativa destinada a aumentar la pr\u00e1ctica deportiva entre nuestro alumnado y mejorar la conciliaci\u00f3n de la vida familiar y laboral. Este programa responde a la necesidad de reforzar las actividades deportivas en los centros docentes, trabajando en colaboraci\u00f3n con entidades locales y auton\u00f3micas, incluyendo Ayuntamientos, Diputaciones Provinciales, y las Consejer\u00edas de Salud y Consumo y de Turismo, Cultura y Deporte.<\/p>\n<p>El Programa M\u00e1s Deporte no solo se enfoca en el deporte como actividad f\u00edsica, sino tambi\u00e9n en su aspecto l\u00fadico, integrando juegos recreativos y populares que promueven la interacci\u00f3n social y el contacto con el entorno. Estamos comprometidos con educar a nuestros estudiantes en h\u00e1bitos saludables para combatir el sobrepeso y la obesidad, y promover valores como la tolerancia, el respeto, la solidaridad y la igualdad de g\u00e9nero.<\/p>\n<p>Los objetivos espec\u00edficos del programa incluyen:<\/p>\n<ol>\n<li>Educar en salud din\u00e1mica y calidad de vida.<\/li>\n<li>Reforzar valores positivos y competencias sociales a trav\u00e9s del deporte.<\/li>\n<li>Contribuir a una buena convivencia escolar valorando la multiculturalidad y las diferencias individuales.<\/li>\n<li>Fomentar una postura cr\u00edtica ante fen\u00f3menos an\u00f3malos en el deporte.<\/li>\n<li>Desarrollar habilidades y destrezas f\u00edsicas, t\u00e9cnicas y t\u00e1cticas.<\/li>\n<li>Ense\u00f1ar los fundamentos del juego y promover la toma de decisiones aut\u00f3nomas.<\/li>\n<li>Favorecer la cultura deportiva y el asociacionismo en el centro.<\/li>\n<li>Introducir y practicar actividades l\u00fadicas para fortalecer el contacto con el entorno y los compa\u00f1eros.<\/li>\n<\/ol>\n<p>En nuestro centro, el Programa M\u00e1s Deporte es una parte esencial de nuestra educaci\u00f3n integral, proporcionando a los estudiantes herramientas para un desarrollo saludable y arm\u00f3nico.<\/p>\n","protected":false},"excerpt":{"rendered":"<p>En nuestro centro, nos enorgullecemos de participar en el Programa M\u00e1s Deporte, una iniciativa destinada a aumentar la pr\u00e1ctica deportiva entre nuestro alumnado y mejorar la conciliaci\u00f3n de la vida familiar y laboral. Este&#46;&#46;&#46;<\/p>\n","protected":false},"author":8171,"featured_media":0,"parent":0,"menu_order":0,"comment_status":"closed","ping_status":"closed","template":"","meta":{"ngg_post_thumbnail":0,"footnotes":""},"aioseo_notices":[],"_links":{"self":[{"href":"https:\/\/blogsaverroes.juntadeandalucia.es\/iesmarquesdecomares\/wp-json\/wp\/v2\/pages\/11536"}],"collection":[{"href":"https:\/\/blogsaverroes.juntadeandalucia.es\/iesmarquesdecomares\/wp-json\/wp\/v2\/pages"}],"about":[{"href":"https:\/\/blogsaverroes.juntadeandalucia.es\/iesmarquesdecomares\/wp-json\/wp\/v2\/types\/page"}],"author":[{"embeddable":true,"href":"https:\/\/blogsaverroes.juntadeandalucia.es\/iesmarquesdecomares\/wp-json\/wp\/v2\/users\/8171"}],"replies":[{"embeddable":true,"href":"https:\/\/blogsaverroes.juntadeandalucia.es\/iesmarquesdecomares\/wp-json\/wp\/v2\/comments?post=11536"}],"version-history":[{"count":1,"href":"https:\/\/blogsaverroes.juntadeandalucia.es\/iesmarquesdecomares\/wp-json\/wp\/v2\/pages\/11536\/revisions"}],"predecessor-version":[{"id":11540,"href":"https:\/\/blogsaverroes.juntadeandalucia.es\/iesmarquesdecomares\/wp-json\/wp\/v2\/pages\/11536\/revisions\/11540"}],"wp:attachment":[{"href":"https:\/\/blogsaverroes.juntadeandalucia.es\/iesmarquesdecomares\/wp-json\/wp\/v2\/media?parent=11536"}],"curies":[{"name":"wp","href":"https:\/\/api.w.org\/{rel}","templated":true}]}}