{"id":13020,"date":"2024-07-03T16:12:51","date_gmt":"2024-07-03T15:12:51","guid":{"rendered":"https:\/\/blogsaverroes.juntadeandalucia.es\/iesmarquesdecomares\/?page_id=13020"},"modified":"2024-07-03T16:12:51","modified_gmt":"2024-07-03T15:12:51","slug":"acreditacion-erasmus-formacion-profesional","status":"publish","type":"page","link":"https:\/\/blogsaverroes.juntadeandalucia.es\/iesmarquesdecomares\/acreditacion-erasmus-formacion-profesional\/","title":{"rendered":"Acreditaci\u00f3n Erasmus+ Formaci\u00f3n Profesional"},"content":{"rendered":"<table style=\"border-collapse: collapse;width: 100%;height: 73px\">\n<tbody>\n<tr style=\"height: 73px\">\n<td style=\"width: 50%;height: 73px\"><a href=\"https:\/\/blogsaverroes.juntadeandalucia.es\/iesmarquesdecomares\/files\/2024\/07\/ES_H_Cofinanciado_Union_Europea.png\"><img decoding=\"async\" class=\" wp-image-13007 alignleft\" src=\"https:\/\/blogsaverroes.juntadeandalucia.es\/iesmarquesdecomares\/files\/2024\/07\/ES_H_Cofinanciado_Union_Europea-300x63.png\" alt=\"\" width=\"210\" height=\"44\" srcset=\"https:\/\/blogsaverroes.juntadeandalucia.es\/iesmarquesdecomares\/files\/2024\/07\/ES_H_Cofinanciado_Union_Europea-300x63.png 300w, https:\/\/blogsaverroes.juntadeandalucia.es\/iesmarquesdecomares\/files\/2024\/07\/ES_H_Cofinanciado_Union_Europea-1024x215.png 1024w, https:\/\/blogsaverroes.juntadeandalucia.es\/iesmarquesdecomares\/files\/2024\/07\/ES_H_Cofinanciado_Union_Europea-768x161.png 768w, https:\/\/blogsaverroes.juntadeandalucia.es\/iesmarquesdecomares\/files\/2024\/07\/ES_H_Cofinanciado_Union_Europea-1536x322.png 1536w, https:\/\/blogsaverroes.juntadeandalucia.es\/iesmarquesdecomares\/files\/2024\/07\/ES_H_Cofinanciado_Union_Europea-2048x429.png 2048w\" sizes=\"(max-width: 210px) 100vw, 210px\" \/><\/a><\/td>\n<td style=\"width: 50%;text-align: right;height: 73px\"><a href=\"https:\/\/blogsaverroes.juntadeandalucia.es\/iesmarquesdecomares\/files\/2024\/07\/derecha_ES.png\"><img decoding=\"async\" class=\"wp-image-13008 alignright\" src=\"https:\/\/blogsaverroes.juntadeandalucia.es\/iesmarquesdecomares\/files\/2024\/07\/derecha_ES-300x169.png\" alt=\"\" width=\"138\" height=\"78\" srcset=\"https:\/\/blogsaverroes.juntadeandalucia.es\/iesmarquesdecomares\/files\/2024\/07\/derecha_ES-300x169.png 300w, https:\/\/blogsaverroes.juntadeandalucia.es\/iesmarquesdecomares\/files\/2024\/07\/derecha_ES-1024x576.png 1024w, https:\/\/blogsaverroes.juntadeandalucia.es\/iesmarquesdecomares\/files\/2024\/07\/derecha_ES-768x432.png 768w, https:\/\/blogsaverroes.juntadeandalucia.es\/iesmarquesdecomares\/files\/2024\/07\/derecha_ES-1536x864.png 1536w, https:\/\/blogsaverroes.juntadeandalucia.es\/iesmarquesdecomares\/files\/2024\/07\/derecha_ES.png 1920w\" sizes=\"(max-width: 138px) 100vw, 138px\" \/><\/a><\/td>\n<\/tr>\n<\/tbody>\n<\/table>\n<div dir=\"ltr\">&nbsp;<\/div>\n<div dir=\"ltr\">La participaci\u00f3n de nuestro centro en el programa Erasmus+ busca <strong>la mejora de las posibilidades de empleo y habilidades personales de nuestro alumnado y profesorado<\/strong>. Nuestro centro ha obtenido la acreditaci\u00f3n en un proyecto K120-VET con la Carta Erasmus de Educaci\u00f3n Superior para los a\u00f1os 2021-2027 que nos permite acceder a los proyectos de movilidad Erasmus+ en el \u00e1mbito de la formaci\u00f3n profesional.<\/div>\n<ul>\n<li><a href=\"https:\/\/blogsaverroes.juntadeandalucia.es\/iesmarquesdecomares\/files\/2021\/06\/ERASMUS-CHARTER-21-27.pdf\">ERASMUS CHARTER 21-27<\/a><\/li>\n<li><a href=\"https:\/\/blogsaverroes.juntadeandalucia.es\/iesmarquesdecomares\/files\/2021\/06\/CARTA-ERASMUS-21-27-ES.pdf\">CARTA ERASMUS 21-27 ES<\/a><\/li>\n<li><a href=\"https:\/\/blogsaverroes.juntadeandalucia.es\/iesmarquesdecomares\/erasmus\/erasmus-policy-statament\/\" rel=\"attachment wp-att-2961\">Erasmus Policy Statament<\/a><\/li>\n<\/ul>\n<p>&nbsp;<\/p>\n<p style=\"text-align: center\"><a href=\"https:\/\/blogsaverroes.juntadeandalucia.es\/iesmarquesdecomares\/files\/2024\/07\/VET_webbanner_transparentblue.png\"><img fetchpriority=\"high\" decoding=\"async\" class=\"aligncenter size-medium wp-image-13021\" src=\"https:\/\/blogsaverroes.juntadeandalucia.es\/iesmarquesdecomares\/files\/2024\/07\/VET_webbanner_transparentblue-300x176.png\" alt=\"\" width=\"300\" height=\"176\" srcset=\"https:\/\/blogsaverroes.juntadeandalucia.es\/iesmarquesdecomares\/files\/2024\/07\/VET_webbanner_transparentblue-300x176.png 300w, https:\/\/blogsaverroes.juntadeandalucia.es\/iesmarquesdecomares\/files\/2024\/07\/VET_webbanner_transparentblue.png 716w\" sizes=\"(max-width: 300px) 100vw, 300px\" \/><\/a><\/p>\n","protected":false},"excerpt":{"rendered":"<p>&nbsp; La participaci\u00f3n de nuestro centro en el programa Erasmus+ busca la mejora de las posibilidades de empleo y habilidades personales de nuestro alumnado y profesorado. Nuestro centro ha obtenido la acreditaci\u00f3n en un&#46;&#46;&#46;<\/p>\n","protected":false},"author":356,"featured_media":0,"parent":0,"menu_order":0,"comment_status":"closed","ping_status":"closed","template":"","meta":{"ngg_post_thumbnail":0,"footnotes":""},"aioseo_notices":[],"_links":{"self":[{"href":"https:\/\/blogsaverroes.juntadeandalucia.es\/iesmarquesdecomares\/wp-json\/wp\/v2\/pages\/13020"}],"collection":[{"href":"https:\/\/blogsaverroes.juntadeandalucia.es\/iesmarquesdecomares\/wp-json\/wp\/v2\/pages"}],"about":[{"href":"https:\/\/blogsaverroes.juntadeandalucia.es\/iesmarquesdecomares\/wp-json\/wp\/v2\/types\/page"}],"author":[{"embeddable":true,"href":"https:\/\/blogsaverroes.juntadeandalucia.es\/iesmarquesdecomares\/wp-json\/wp\/v2\/users\/356"}],"replies":[{"embeddable":true,"href":"https:\/\/blogsaverroes.juntadeandalucia.es\/iesmarquesdecomares\/wp-json\/wp\/v2\/comments?post=13020"}],"version-history":[{"count":1,"href":"https:\/\/blogsaverroes.juntadeandalucia.es\/iesmarquesdecomares\/wp-json\/wp\/v2\/pages\/13020\/revisions"}],"predecessor-version":[{"id":13022,"href":"https:\/\/blogsaverroes.juntadeandalucia.es\/iesmarquesdecomares\/wp-json\/wp\/v2\/pages\/13020\/revisions\/13022"}],"wp:attachment":[{"href":"https:\/\/blogsaverroes.juntadeandalucia.es\/iesmarquesdecomares\/wp-json\/wp\/v2\/media?parent=13020"}],"curies":[{"name":"wp","href":"https:\/\/api.w.org\/{rel}","templated":true}]}}