{"id":14396,"date":"2025-08-14T07:58:49","date_gmt":"2025-08-14T06:58:49","guid":{"rendered":"https:\/\/blogsaverroes.juntadeandalucia.es\/iesmarquesdecomares\/?page_id=14396"},"modified":"2025-08-14T08:14:21","modified_gmt":"2025-08-14T07:14:21","slug":"biblioguia-comares","status":"publish","type":"page","link":"https:\/\/blogsaverroes.juntadeandalucia.es\/iesmarquesdecomares\/biblioguia-comares\/","title":{"rendered":"BiblioGu\u00eda Comares"},"content":{"rendered":"\t\t<div data-elementor-type=\"wp-page\" data-elementor-id=\"14396\" class=\"elementor elementor-14396\">\n\t\t\t\t\t\t<section class=\"elementor-section elementor-top-section elementor-element elementor-element-a0154c2 elementor-section-boxed elementor-section-height-default elementor-section-height-default\" data-id=\"a0154c2\" data-element_type=\"section\">\n\t\t\t\t\t\t<div class=\"elementor-container elementor-column-gap-default\">\n\t\t\t\t\t<div class=\"elementor-column elementor-col-100 elementor-top-column elementor-element elementor-element-17e09a3\" data-id=\"17e09a3\" data-element_type=\"column\">\n\t\t\t<div class=\"elementor-widget-wrap elementor-element-populated\">\n\t\t\t\t\t\t<div class=\"elementor-element elementor-element-58a93e1 elementor-widget elementor-widget-image\" data-id=\"58a93e1\" data-element_type=\"widget\" data-widget_type=\"image.default\">\n\t\t\t\t<div class=\"elementor-widget-container\">\n\t\t\t\t\t\t\t\t\t\t\t\t\t\t\t<img fetchpriority=\"high\" decoding=\"async\" width=\"300\" height=\"300\" src=\"https:\/\/blogsaverroes.juntadeandalucia.es\/iesmarquesdecomares\/files\/2025\/08\/ChatGPT_Image_14_ago_2025__08_44_52-removebg-preview-300x300.png\" class=\"attachment-medium size-medium wp-image-14398\" alt=\"\" srcset=\"https:\/\/blogsaverroes.juntadeandalucia.es\/iesmarquesdecomares\/files\/2025\/08\/ChatGPT_Image_14_ago_2025__08_44_52-removebg-preview-300x300.png 300w, https:\/\/blogsaverroes.juntadeandalucia.es\/iesmarquesdecomares\/files\/2025\/08\/ChatGPT_Image_14_ago_2025__08_44_52-removebg-preview-150x150.png 150w, https:\/\/blogsaverroes.juntadeandalucia.es\/iesmarquesdecomares\/files\/2025\/08\/ChatGPT_Image_14_ago_2025__08_44_52-removebg-preview-80x80.png 80w, https:\/\/blogsaverroes.juntadeandalucia.es\/iesmarquesdecomares\/files\/2025\/08\/ChatGPT_Image_14_ago_2025__08_44_52-removebg-preview-320x320.png 320w, https:\/\/blogsaverroes.juntadeandalucia.es\/iesmarquesdecomares\/files\/2025\/08\/ChatGPT_Image_14_ago_2025__08_44_52-removebg-preview.png 500w\" sizes=\"(max-width: 300px) 100vw, 300px\" \/>\t\t\t\t\t\t\t\t\t\t\t\t\t\t\t<\/div>\n\t\t\t\t<\/div>\n\t\t\t\t<div class=\"elementor-element elementor-element-d94f39f elementor-widget elementor-widget-text-editor\" data-id=\"d94f39f\" data-element_type=\"widget\" data-widget_type=\"text-editor.default\">\n\t\t\t\t<div class=\"elementor-widget-container\">\n\t\t\t\t\t\t\t\t\t<p style=\"text-align: center\">Nuestro Chatbot te guiar\u00e1 por el cat\u00e1logo de nuestro biblioteca y te dar\u00e1 recomendaciones de lectura personalizadas.<\/p>\t\t\t\t\t\t\t\t<\/div>\n\t\t\t\t<\/div>\n\t\t\t\t<div class=\"elementor-element elementor-element-b45d9ca elementor-align-center elementor-widget elementor-widget-button\" data-id=\"b45d9ca\" data-element_type=\"widget\" data-widget_type=\"button.default\">\n\t\t\t\t<div class=\"elementor-widget-container\">\n\t\t\t\t\t\t\t\t\t<div class=\"elementor-button-wrapper\">\n\t\t\t\t\t<a class=\"elementor-button elementor-button-link elementor-size-sm\" href=\"https:\/\/chatgpt.com\/g\/g-689d81870f1c81919a1c7a18e20e0aba-biblioguia-comares\">\n\t\t\t\t\t\t<span class=\"elementor-button-content-wrapper\">\n\t\t\t\t\t\t\t\t\t<span class=\"elementor-button-text\">ACCEDER<\/span>\n\t\t\t\t\t<\/span>\n\t\t\t\t\t<\/a>\n\t\t\t\t<\/div>\n\t\t\t\t\t\t\t\t<\/div>\n\t\t\t\t<\/div>\n\t\t\t\t\t<\/div>\n\t\t<\/div>\n\t\t\t\t\t<\/div>\n\t\t<\/section>\n\t\t\t\t<\/div>\n\t\t","protected":false},"excerpt":{"rendered":"<p>Nuestro Chatbot te guiar\u00e1 por el cat\u00e1logo de nuestro biblioteca y te dar\u00e1 recomendaciones de lectura personalizadas. ACCEDER<\/p>\n","protected":false},"author":8171,"featured_media":0,"parent":0,"menu_order":0,"comment_status":"closed","ping_status":"closed","template":"","meta":{"ngg_post_thumbnail":0,"footnotes":""},"aioseo_notices":[],"_links":{"self":[{"href":"https:\/\/blogsaverroes.juntadeandalucia.es\/iesmarquesdecomares\/wp-json\/wp\/v2\/pages\/14396"}],"collection":[{"href":"https:\/\/blogsaverroes.juntadeandalucia.es\/iesmarquesdecomares\/wp-json\/wp\/v2\/pages"}],"about":[{"href":"https:\/\/blogsaverroes.juntadeandalucia.es\/iesmarquesdecomares\/wp-json\/wp\/v2\/types\/page"}],"author":[{"embeddable":true,"href":"https:\/\/blogsaverroes.juntadeandalucia.es\/iesmarquesdecomares\/wp-json\/wp\/v2\/users\/8171"}],"replies":[{"embeddable":true,"href":"https:\/\/blogsaverroes.juntadeandalucia.es\/iesmarquesdecomares\/wp-json\/wp\/v2\/comments?post=14396"}],"version-history":[{"count":4,"href":"https:\/\/blogsaverroes.juntadeandalucia.es\/iesmarquesdecomares\/wp-json\/wp\/v2\/pages\/14396\/revisions"}],"predecessor-version":[{"id":14404,"href":"https:\/\/blogsaverroes.juntadeandalucia.es\/iesmarquesdecomares\/wp-json\/wp\/v2\/pages\/14396\/revisions\/14404"}],"wp:attachment":[{"href":"https:\/\/blogsaverroes.juntadeandalucia.es\/iesmarquesdecomares\/wp-json\/wp\/v2\/media?parent=14396"}],"curies":[{"name":"wp","href":"https:\/\/api.w.org\/{rel}","templated":true}]}}