{"id":200,"date":"2015-03-17T10:04:24","date_gmt":"2015-03-17T09:04:24","guid":{"rendered":"http:\/\/blogsaverroes.juntadeandalucia.es\/pre\/ceip\/?page_id=200"},"modified":"2022-02-12T16:40:30","modified_gmt":"2022-02-12T15:40:30","slug":"quienes-formamos-el-ampa","status":"publish","type":"page","link":"https:\/\/blogsaverroes.juntadeandalucia.es\/iesmarquesdecomares\/quienes-formamos-el-ampa\/","title":{"rendered":"\u00bfQui\u00e9nes formamos el AMPA?"},"content":{"rendered":"<p>La Asociaci\u00f3n de Madres y Padres <em>del IES Marqu\u00e9s de Comares<\/em>, est\u00e1 constituida por ___________familias, y gestionada por una &nbsp;<strong>Junta Directiva<\/strong>.<\/p>\n<p>Puedes ponerte en contacto con nosotros\/as en el email:&nbsp;________________________<\/p>\n<p>Relaci\u00f3n de las personas que forman parte de la Junta Directiva:<\/p>\n","protected":false},"excerpt":{"rendered":"<p>La Asociaci\u00f3n de Madres y Padres del IES Marqu\u00e9s de Comares, est\u00e1 constituida por ___________familias, y gestionada por una &nbsp;Junta Directiva. Puedes ponerte en contacto con nosotros\/as en el email:&nbsp;________________________ Relaci\u00f3n de las personas&#46;&#46;&#46;<\/p>\n","protected":false},"author":1,"featured_media":0,"parent":0,"menu_order":0,"comment_status":"open","ping_status":"closed","template":"page-templates\/child-menu.php","meta":{"ngg_post_thumbnail":0,"footnotes":""},"aioseo_notices":[],"_links":{"self":[{"href":"https:\/\/blogsaverroes.juntadeandalucia.es\/iesmarquesdecomares\/wp-json\/wp\/v2\/pages\/200"}],"collection":[{"href":"https:\/\/blogsaverroes.juntadeandalucia.es\/iesmarquesdecomares\/wp-json\/wp\/v2\/pages"}],"about":[{"href":"https:\/\/blogsaverroes.juntadeandalucia.es\/iesmarquesdecomares\/wp-json\/wp\/v2\/types\/page"}],"author":[{"embeddable":true,"href":"https:\/\/blogsaverroes.juntadeandalucia.es\/iesmarquesdecomares\/wp-json\/wp\/v2\/users\/1"}],"replies":[{"embeddable":true,"href":"https:\/\/blogsaverroes.juntadeandalucia.es\/iesmarquesdecomares\/wp-json\/wp\/v2\/comments?post=200"}],"version-history":[{"count":4,"href":"https:\/\/blogsaverroes.juntadeandalucia.es\/iesmarquesdecomares\/wp-json\/wp\/v2\/pages\/200\/revisions"}],"predecessor-version":[{"id":6008,"href":"https:\/\/blogsaverroes.juntadeandalucia.es\/iesmarquesdecomares\/wp-json\/wp\/v2\/pages\/200\/revisions\/6008"}],"wp:attachment":[{"href":"https:\/\/blogsaverroes.juntadeandalucia.es\/iesmarquesdecomares\/wp-json\/wp\/v2\/media?parent=200"}],"curies":[{"name":"wp","href":"https:\/\/api.w.org\/{rel}","templated":true}]}}