{"id":2958,"date":"2019-12-05T12:58:55","date_gmt":"2019-12-05T11:58:55","guid":{"rendered":"https:\/\/blogsaverroes.juntadeandalucia.es\/iesmarquesdecomares\/?page_id=2958"},"modified":"2024-07-17T15:04:23","modified_gmt":"2024-07-17T14:04:23","slug":"erasmus","status":"publish","type":"page","link":"https:\/\/blogsaverroes.juntadeandalucia.es\/iesmarquesdecomares\/erasmus\/","title":{"rendered":"ERASMUS+"},"content":{"rendered":"<table style=\"border-collapse: collapse;width: 100%;height: 61px\">\n<tbody>\n<tr style=\"height: 61px\">\n<td style=\"width: 50%;height: 61px\"><a href=\"https:\/\/blogsaverroes.juntadeandalucia.es\/iesmarquesdecomares\/files\/2024\/07\/ES_H_Cofinanciado_Union_Europea.png\"><img decoding=\"async\" class=\"wp-image-13007 alignleft\" src=\"https:\/\/blogsaverroes.juntadeandalucia.es\/iesmarquesdecomares\/files\/2024\/07\/ES_H_Cofinanciado_Union_Europea.png\" alt=\"\" width=\"328\" height=\"69\" srcset=\"https:\/\/blogsaverroes.juntadeandalucia.es\/iesmarquesdecomares\/files\/2024\/07\/ES_H_Cofinanciado_Union_Europea.png 8493w, https:\/\/blogsaverroes.juntadeandalucia.es\/iesmarquesdecomares\/files\/2024\/07\/ES_H_Cofinanciado_Union_Europea-300x63.png 300w, https:\/\/blogsaverroes.juntadeandalucia.es\/iesmarquesdecomares\/files\/2024\/07\/ES_H_Cofinanciado_Union_Europea-1024x215.png 1024w, https:\/\/blogsaverroes.juntadeandalucia.es\/iesmarquesdecomares\/files\/2024\/07\/ES_H_Cofinanciado_Union_Europea-768x161.png 768w, https:\/\/blogsaverroes.juntadeandalucia.es\/iesmarquesdecomares\/files\/2024\/07\/ES_H_Cofinanciado_Union_Europea-1536x322.png 1536w, https:\/\/blogsaverroes.juntadeandalucia.es\/iesmarquesdecomares\/files\/2024\/07\/ES_H_Cofinanciado_Union_Europea-2048x429.png 2048w\" sizes=\"(max-width: 328px) 100vw, 328px\" \/><\/a><\/td>\n<td style=\"width: 50%;height: 61px\"><a href=\"https:\/\/blogsaverroes.juntadeandalucia.es\/iesmarquesdecomares\/files\/2024\/07\/derecha_ES.png\"><img decoding=\"async\" class=\"wp-image-13008 alignright\" src=\"https:\/\/blogsaverroes.juntadeandalucia.es\/iesmarquesdecomares\/files\/2024\/07\/derecha_ES-1024x576.png\" alt=\"\" width=\"143\" height=\"80\" srcset=\"https:\/\/blogsaverroes.juntadeandalucia.es\/iesmarquesdecomares\/files\/2024\/07\/derecha_ES-1024x576.png 1024w, https:\/\/blogsaverroes.juntadeandalucia.es\/iesmarquesdecomares\/files\/2024\/07\/derecha_ES-300x169.png 300w, https:\/\/blogsaverroes.juntadeandalucia.es\/iesmarquesdecomares\/files\/2024\/07\/derecha_ES-768x432.png 768w, https:\/\/blogsaverroes.juntadeandalucia.es\/iesmarquesdecomares\/files\/2024\/07\/derecha_ES-1536x864.png 1536w, https:\/\/blogsaverroes.juntadeandalucia.es\/iesmarquesdecomares\/files\/2024\/07\/derecha_ES.png 1920w\" sizes=\"(max-width: 143px) 100vw, 143px\" \/><\/a><\/td>\n<\/tr>\n<\/tbody>\n<\/table>\n<div dir=\"ltr\">\n<p><strong>Erasmus+<\/strong> es el programa de la UE que respalda la educaci\u00f3n, la formaci\u00f3n, la juventud y el deporte en Europa.<a href=\"https:\/\/blogsaverroes.juntadeandalucia.es\/iesmarquesdecomares\/files\/2024\/07\/acrecitacion-erasmus.png\"><img fetchpriority=\"high\" decoding=\"async\" class=\"size-full wp-image-13005 alignright\" src=\"https:\/\/blogsaverroes.juntadeandalucia.es\/iesmarquesdecomares\/files\/2024\/07\/acrecitacion-erasmus.png\" alt=\"\" width=\"300\" height=\"168\"><\/a> Cuenta con un presupuesto estimado de 26&nbsp;200 millones de euros. Esto supone casi el doble de la financiaci\u00f3n del programa que lo precedi\u00f3 en el per\u00edodo 2014-2020.<\/p>\n<p>Para el per\u00edodo 2021-2027, el programa hace especial hincapi\u00e9 en la <em><strong>inclusi\u00f3n social<\/strong><\/em>, la <strong><em>doble transici\u00f3n ecol\u00f3gica y digital<\/em><\/strong> y el <strong><em>fomento de la participaci\u00f3n de las personas j\u00f3venes en la vida democr\u00e1tica.<\/em><\/strong><\/p>\n<\/div>\n<div dir=\"ltr\">\n<div class=\"full-html-body\">\n<div class=\"ecl-container\">\n<div class=\"eac-body lc-stripe-wrapper-text\">\n<p>Erasmus+ ofrece posibilidades de <strong><em>movilidad y cooperaci\u00f3n<\/em><\/strong> en la educaci\u00f3n superior, <strong>la educaci\u00f3n y formaci\u00f3n profesionales<\/strong>, <strong>la educaci\u00f3n escolar<\/strong> -incluida la educaci\u00f3n infantil-, la educaci\u00f3n de adultos, la juventud y el deporte.<\/p>\n<p>Nuestro centro, posee actualmente dos proyectos de acreditaci\u00f3n Erasmus+, uno en el \u00e1mbito de la Formaci\u00f3n Profesional y el otro, en el \u00e1mbito de la educaci\u00f3n escolar.&nbsp;<\/p>\n<\/div>\n<\/div>\n<\/div>\n<div class=\"eac-app\" data-v-app=\"\">\n<div class=\"eac-wrap-container\" data-v-5e79a8ea=\"\">\n<div class=\"lc-stripe-width lc-background-color--white\" data-v-5e79a8ea=\"\">\n<div class=\"ecl-container\" data-v-5e79a8ea=\"\">\n<div class=\"eac-wrap eac-wrap-items-per-row--1\" data-v-5e79a8ea=\"\">\n<div class=\"eac-card-cta-container\" data-v-076908d3=\"\">\n<article class=\"card-cta without clickable\" data-v-076908d3=\"\">\n<div class=\"image\" data-v-076908d3=\"\">\n<div data-v-123da47a=\"\" data-v-076908d3=\"\">\n<div class=\"eac-image eac-image--size-fullwidth\" data-v-123da47a=\"\">\n<table style=\"border-collapse: collapse;width: 97.8916%;height: 351px\">\n<tbody>\n<tr style=\"height: 327px\">\n<td style=\"width: 5.20826%;height: 327px\">&nbsp;<\/td>\n<td style=\"width: 40.3925%;height: 327px\"><a href=\"https:\/\/blogsaverroes.juntadeandalucia.es\/iesmarquesdecomares\/files\/2024\/07\/FORMACION-PROFESIONAL.png\"><img loading=\"lazy\" decoding=\"async\" class=\"aligncenter wp-image-13009\" src=\"https:\/\/blogsaverroes.juntadeandalucia.es\/iesmarquesdecomares\/files\/2024\/07\/FORMACION-PROFESIONAL.png\" alt=\"\" width=\"400\" height=\"400\" srcset=\"https:\/\/blogsaverroes.juntadeandalucia.es\/iesmarquesdecomares\/files\/2024\/07\/FORMACION-PROFESIONAL.png 1024w, https:\/\/blogsaverroes.juntadeandalucia.es\/iesmarquesdecomares\/files\/2024\/07\/FORMACION-PROFESIONAL-300x300.png 300w, https:\/\/blogsaverroes.juntadeandalucia.es\/iesmarquesdecomares\/files\/2024\/07\/FORMACION-PROFESIONAL-150x150.png 150w, https:\/\/blogsaverroes.juntadeandalucia.es\/iesmarquesdecomares\/files\/2024\/07\/FORMACION-PROFESIONAL-768x768.png 768w, https:\/\/blogsaverroes.juntadeandalucia.es\/iesmarquesdecomares\/files\/2024\/07\/FORMACION-PROFESIONAL-80x80.png 80w, https:\/\/blogsaverroes.juntadeandalucia.es\/iesmarquesdecomares\/files\/2024\/07\/FORMACION-PROFESIONAL-320x320.png 320w\" sizes=\"(max-width: 400px) 100vw, 400px\" \/><\/a><\/td>\n<td style=\"width: 2.97933%;height: 327px\">&nbsp;<\/td>\n<td style=\"width: 41.1957%;height: 327px\"><a href=\"https:\/\/blogsaverroes.juntadeandalucia.es\/iesmarquesdecomares\/files\/2024\/07\/EDUCACION-ESCOLAR.png\"><img loading=\"lazy\" decoding=\"async\" class=\"aligncenter wp-image-13010\" src=\"https:\/\/blogsaverroes.juntadeandalucia.es\/iesmarquesdecomares\/files\/2024\/07\/EDUCACION-ESCOLAR.png\" alt=\"\" width=\"400\" height=\"400\" srcset=\"https:\/\/blogsaverroes.juntadeandalucia.es\/iesmarquesdecomares\/files\/2024\/07\/EDUCACION-ESCOLAR.png 1024w, https:\/\/blogsaverroes.juntadeandalucia.es\/iesmarquesdecomares\/files\/2024\/07\/EDUCACION-ESCOLAR-300x300.png 300w, https:\/\/blogsaverroes.juntadeandalucia.es\/iesmarquesdecomares\/files\/2024\/07\/EDUCACION-ESCOLAR-150x150.png 150w, https:\/\/blogsaverroes.juntadeandalucia.es\/iesmarquesdecomares\/files\/2024\/07\/EDUCACION-ESCOLAR-768x768.png 768w, https:\/\/blogsaverroes.juntadeandalucia.es\/iesmarquesdecomares\/files\/2024\/07\/EDUCACION-ESCOLAR-80x80.png 80w, https:\/\/blogsaverroes.juntadeandalucia.es\/iesmarquesdecomares\/files\/2024\/07\/EDUCACION-ESCOLAR-320x320.png 320w\" sizes=\"(max-width: 400px) 100vw, 400px\" \/><\/a><\/td>\n<td style=\"width: 8.11564%;height: 327px\">&nbsp;<\/td>\n<\/tr>\n<tr style=\"height: 24px\">\n<td style=\"width: 5.20826%;height: 24px\">&nbsp;<\/td>\n<td style=\"width: 40.3925%;text-align: center;height: 24px\"><a href=\"https:\/\/blogsaverroes.juntadeandalucia.es\/iesmarquesdecomares\/acreditacion-erasmus-formacion-profesional\/\"><strong>+ INFO<\/strong><\/a><\/td>\n<td style=\"width: 2.97933%;height: 24px\">&nbsp;<\/td>\n<td style=\"width: 41.1957%;text-align: center;height: 24px\"><a href=\"https:\/\/blogsaverroes.juntadeandalucia.es\/erasmuscomares\/\"><strong>+ INFO<\/strong><\/a><\/td>\n<td style=\"width: 8.11564%;height: 24px\">&nbsp;<\/td>\n<\/tr>\n<\/tbody>\n<\/table>\n<\/div>\n<\/div>\n<\/div>\n<\/article>\n<\/div>\n<\/div>\n<\/div>\n<\/div>\n<\/div>\n<\/div>\n<\/div>\n<div dir=\"ltr\">&nbsp;<\/div>\n<p>Ambos proyectos est\u00e1n cofinanciado por el programa Erasmus+ de la Uni\u00f3n Europea. El contenido de publicaci\u00f3n es responsabilidad exclusiva del IES Marqu\u00e9s de Comares y ni la Comisi\u00f3n Europea, ni el Servicio Espa\u00f1ol para la Internacionalizaci\u00f3n de la Educaci\u00f3n (SEPIE) son responsables del uso que pueda hacerse de la informaci\u00f3n aqu\u00ed difundida.<\/p>\n<p>&nbsp;<\/p>\n<table style=\"border-collapse: collapse;width: 100%\">\n<tbody>\n<tr>\n<td style=\"width: 25%\"><a href=\"https:\/\/erasmus-plus.ec.europa.eu\/es\"><img loading=\"lazy\" decoding=\"async\" class=\"aligncenter wp-image-13012\" src=\"https:\/\/blogsaverroes.juntadeandalucia.es\/iesmarquesdecomares\/files\/2024\/07\/comision_europeax300b.jpg\" alt=\"\" width=\"141\" height=\"81\"><\/a><\/td>\n<td style=\"width: 25%\"><a href=\"http:\/\/www.sepie.es\/\"><img loading=\"lazy\" decoding=\"async\" class=\"aligncenter wp-image-13011 size-full\" src=\"https:\/\/blogsaverroes.juntadeandalucia.es\/iesmarquesdecomares\/files\/2024\/07\/SEPIE_erasmus_plus.gif\" alt=\"\" width=\"400\" height=\"148\"><\/a><\/td>\n<td style=\"width: 25%\"><a href=\"https:\/\/school-education.ec.europa.eu\/en\/etwinning\"><img loading=\"lazy\" decoding=\"async\" class=\"aligncenter wp-image-13013 \" src=\"https:\/\/blogsaverroes.juntadeandalucia.es\/iesmarquesdecomares\/files\/2024\/07\/etwinning_logo_656x369.png\" alt=\"\" width=\"139\" height=\"78\" srcset=\"https:\/\/blogsaverroes.juntadeandalucia.es\/iesmarquesdecomares\/files\/2024\/07\/etwinning_logo_656x369.png 600w, https:\/\/blogsaverroes.juntadeandalucia.es\/iesmarquesdecomares\/files\/2024\/07\/etwinning_logo_656x369-300x169.png 300w\" sizes=\"(max-width: 139px) 100vw, 139px\" \/><\/a><\/td>\n<td style=\"width: 25%\"><a href=\"https:\/\/www.juntadeandalucia.es\/educacion\/portals\/web\/formacion-profesional-andaluza\/estudiante\/formarme-extranjero\/erasmus-plus\"><img loading=\"lazy\" decoding=\"async\" class=\"aligncenter wp-image-13014\" src=\"https:\/\/blogsaverroes.juntadeandalucia.es\/iesmarquesdecomares\/files\/2024\/07\/images.jpg\" alt=\"\" width=\"148\" height=\"83\"><\/a><\/td>\n<\/tr>\n<\/tbody>\n<\/table>\n<p>&nbsp;<\/p>\n","protected":false},"excerpt":{"rendered":"<p>Erasmus+ es el programa de la UE que respalda la educaci\u00f3n, la formaci\u00f3n, la juventud y el deporte en Europa. Cuenta con un presupuesto estimado de 26&nbsp;200 millones de euros. Esto supone casi el&#46;&#46;&#46;<\/p>\n","protected":false},"author":7792,"featured_media":0,"parent":0,"menu_order":0,"comment_status":"closed","ping_status":"closed","template":"","meta":{"ngg_post_thumbnail":0,"footnotes":""},"aioseo_notices":[],"_links":{"self":[{"href":"https:\/\/blogsaverroes.juntadeandalucia.es\/iesmarquesdecomares\/wp-json\/wp\/v2\/pages\/2958"}],"collection":[{"href":"https:\/\/blogsaverroes.juntadeandalucia.es\/iesmarquesdecomares\/wp-json\/wp\/v2\/pages"}],"about":[{"href":"https:\/\/blogsaverroes.juntadeandalucia.es\/iesmarquesdecomares\/wp-json\/wp\/v2\/types\/page"}],"author":[{"embeddable":true,"href":"https:\/\/blogsaverroes.juntadeandalucia.es\/iesmarquesdecomares\/wp-json\/wp\/v2\/users\/7792"}],"replies":[{"embeddable":true,"href":"https:\/\/blogsaverroes.juntadeandalucia.es\/iesmarquesdecomares\/wp-json\/wp\/v2\/comments?post=2958"}],"version-history":[{"count":20,"href":"https:\/\/blogsaverroes.juntadeandalucia.es\/iesmarquesdecomares\/wp-json\/wp\/v2\/pages\/2958\/revisions"}],"predecessor-version":[{"id":13082,"href":"https:\/\/blogsaverroes.juntadeandalucia.es\/iesmarquesdecomares\/wp-json\/wp\/v2\/pages\/2958\/revisions\/13082"}],"wp:attachment":[{"href":"https:\/\/blogsaverroes.juntadeandalucia.es\/iesmarquesdecomares\/wp-json\/wp\/v2\/media?parent=2958"}],"curies":[{"name":"wp","href":"https:\/\/api.w.org\/{rel}","templated":true}]}}