{"id":3019,"date":"2019-12-11T23:18:54","date_gmt":"2019-12-11T22:18:54","guid":{"rendered":"https:\/\/blogsaverroes.juntadeandalucia.es\/iesmarquesdecomares\/?page_id=3019"},"modified":"2026-01-22T19:20:02","modified_gmt":"2026-01-22T18:20:02","slug":"solicitud-de-titulos","status":"publish","type":"page","link":"https:\/\/blogsaverroes.juntadeandalucia.es\/iesmarquesdecomares\/solicitud-de-titulos\/","title":{"rendered":"Solicitud de t\u00edtulos"},"content":{"rendered":"<p>Administrativamente hay dos opciones para realizar la petici\u00f3n del t\u00edtulo.<\/p>\n<h2>OPCI\u00d3N 1<\/h2>\n<p>Realizarlo a trav\u00e9s de la <a href=\"https:\/\/www.juntadeandalucia.es\/educacion\/secretariavirtual\/accesoTramite\/302\/\" target=\"_blank\" rel=\"noopener noreferrer\">Secretar\u00eda Virtual<\/a>, esta opci\u00f3n es la m\u00e1s r\u00e1pida y permite cumplimentar el modelo 046 de forma autom\u00e1tica.<\/p>\n<h2>OPCI\u00d3N 2<\/h2>\n<p style=\"text-align: center\"><strong>Instrucciones para cumplimentar los impresos de solicitud de t\u00edtulo<\/strong><\/p>\n<p><strong><a href=\"https:\/\/blogsaverroes.juntadeandalucia.es\/iesmarquesdecomares\/files\/2022\/03\/002797-A00-V02-00.pdf\">Impreso de solicitud<\/a><\/strong><\/p>\n<ul>\n<li>Rellenar con MAY\u00daSCULAS<\/li>\n<li>Los datos personales deben corresponderse con los datos del DNI.<\/li>\n<\/ul>\n<p><strong>Modelo Tasa 046<\/strong><\/p>\n<p>Cumplimentar los siguientes apartados:<\/p>\n<ul>\n<li>Consejer\u00eda de EDUCACI\u00d3N<\/li>\n<li>DELEGACI\u00d3N DE\/\u00d3RGANO GESTOR: IES Marqu\u00e9s de Comares<\/li>\n<li>C\u00d3DIGO TERRITORIAL: ED 14 D3<\/li>\n<li>CONCEPTO: 0049<\/li>\n<li>Apartado (A) Obligado al pago:&nbsp;<strong>datos personales del alumno\/a<\/strong><\/li>\n<li>Apartado (C) Liquidaci\u00f3n, describir seg\u00fan el t\u00edtulo que se trate:\n<ul>\n<li>\u00abExpedici\u00f3n del T\u00edtulo de Bachiller\u00bb<\/li>\n<li>\u00abExpedici\u00f3n del T\u00edtulo de T\u00e9cnico en Sistemas Microinform\u00e1ticos y Redes\u00bb<\/li>\n<li>\u00abExpedici\u00f3n del T\u00edtulo de T\u00e9cnico Superior en Desarrollo de Aplicaciones Web\u00bb<\/li>\n<li>\u00abExpedici\u00f3n del T\u00edtulo de T\u00e9cnico Superior en Eficiencia Energ\u00e9tica y Energ\u00eda Solar T\u00e9rmica\u00bb<\/li>\n<\/ul>\n<\/li>\n<li>Total a ingresar (casilla 37), seg\u00fan TARIFA: normal o familia numerosa*.<\/li>\n<\/ul>\n<table style=\"width: 61.0818%;height: 96px\" border=\"1\" cellspacing=\"1\" cellpadding=\"1\">\n<tbody>\n<tr style=\"height: 24px\">\n<td style=\"height: 24px\">&nbsp;<\/td>\n<td style=\"height: 24px\">NORMAL<\/td>\n<td style=\"height: 24px\">Familia Numerosa<\/td>\n<td style=\"height: 24px\">Familia Numerosa Especial<\/td>\n<\/tr>\n<tr style=\"height: 24px\">\n<td style=\"height: 24px\">Bachiller<\/td>\n<td style=\"height: 24px\">58,33\u20ac<\/td>\n<td style=\"height: 24px\">29,17\u20ac<\/td>\n<td style=\"height: 24px\">0\u20ac<\/td>\n<\/tr>\n<tr style=\"height: 24px\">\n<td style=\"height: 24px\">T\u00e9cnico FP (Grado medio)<\/td>\n<td style=\"height: 24px\">23,76\u20ac<\/td>\n<td style=\"height: 24px\">11,88\u20ac<\/td>\n<td style=\"height: 24px\">0\u20ac<\/td>\n<\/tr>\n<tr style=\"height: 24px\">\n<td style=\"height: 24px\">T\u00e9cnico Superior FP (Grado superior)<\/td>\n<td style=\"height: 24px\">&nbsp;58,33\u20ac<\/td>\n<td style=\"height: 24px\">29,17\u20ac<\/td>\n<td style=\"height: 24px\">0\u20ac<\/td>\n<\/tr>\n<\/tbody>\n<\/table>\n<p><strong>Precios 2025<\/strong>.<\/p>\n<p>El modelo 046 se podr\u00e1 obtener en la p\u00e1gina web de la Consejer\u00eda de Hacienda de la Junta de Andaluc\u00eda en el siguiente enlace:<\/p>\n<p><a href=\"https:\/\/www.google.es\/url?sa=t&amp;rct=j&amp;q=&amp;esrc=s&amp;source=web&amp;cd=1&amp;cad=rja&amp;uact=8&amp;ved=0ahUKEwj7qPHv64XUAhXIwBQKHW3BDrAQFggmMAA&amp;url=https%3A%2F%2Fwww.juntadeandalucia.es%2Feconomiayhacienda%2Fapl%2Fsurweb%2Fmodelos%2Fmodelo046%2F046.jsp&amp;usg=AFQjCNEQW7dPeYwu1N66g3wIlyd0HidSMQ&amp;sig2=O1ZON4t5lCnHyVU0MkclWQ\" target=\"_blank\" rel=\"noopener noreferrer\">Tributos &#8211; Modelo 046 &#8211; Junta de Andaluc\u00eda<\/a><\/p>\n<p>Puede ver un ejemplo del modelo 046 cumplimentado <a href=\"https:\/\/blogsaverroes.juntadeandalucia.es\/iesmarquesdecomares\/files\/2020\/06\/ejempo_046.pdf\" target=\"_blank\" rel=\"noopener noreferrer\">aqu\u00ed<\/a>.<\/p>\n<p>&nbsp;<\/p>\n<p><strong>IMPORTANTE:<\/strong><\/p>\n<p>Una vez cumplimentada la documentaci\u00f3n y abonada la tasa debe presentarse en la secretar\u00eda del centro.<\/p>\n","protected":false},"excerpt":{"rendered":"<p>Administrativamente hay dos opciones para realizar la petici\u00f3n del t\u00edtulo. OPCI\u00d3N 1 Realizarlo a trav\u00e9s de la Secretar\u00eda Virtual, esta opci\u00f3n es la m\u00e1s r\u00e1pida y permite cumplimentar el modelo 046 de forma autom\u00e1tica.&#46;&#46;&#46;<\/p>\n","protected":false},"author":7792,"featured_media":0,"parent":0,"menu_order":0,"comment_status":"closed","ping_status":"closed","template":"","meta":{"ngg_post_thumbnail":0,"footnotes":""},"aioseo_notices":[],"_links":{"self":[{"href":"https:\/\/blogsaverroes.juntadeandalucia.es\/iesmarquesdecomares\/wp-json\/wp\/v2\/pages\/3019"}],"collection":[{"href":"https:\/\/blogsaverroes.juntadeandalucia.es\/iesmarquesdecomares\/wp-json\/wp\/v2\/pages"}],"about":[{"href":"https:\/\/blogsaverroes.juntadeandalucia.es\/iesmarquesdecomares\/wp-json\/wp\/v2\/types\/page"}],"author":[{"embeddable":true,"href":"https:\/\/blogsaverroes.juntadeandalucia.es\/iesmarquesdecomares\/wp-json\/wp\/v2\/users\/7792"}],"replies":[{"embeddable":true,"href":"https:\/\/blogsaverroes.juntadeandalucia.es\/iesmarquesdecomares\/wp-json\/wp\/v2\/comments?post=3019"}],"version-history":[{"count":17,"href":"https:\/\/blogsaverroes.juntadeandalucia.es\/iesmarquesdecomares\/wp-json\/wp\/v2\/pages\/3019\/revisions"}],"predecessor-version":[{"id":3402,"href":"https:\/\/blogsaverroes.juntadeandalucia.es\/iesmarquesdecomares\/wp-json\/wp\/v2\/pages\/3019\/revisions\/3402"}],"wp:attachment":[{"href":"https:\/\/blogsaverroes.juntadeandalucia.es\/iesmarquesdecomares\/wp-json\/wp\/v2\/media?parent=3019"}],"curies":[{"name":"wp","href":"https:\/\/api.w.org\/{rel}","templated":true}]}}