{"id":3030,"date":"2019-12-11T23:30:03","date_gmt":"2019-12-11T22:30:03","guid":{"rendered":"https:\/\/blogsaverroes.juntadeandalucia.es\/iesmarquesdecomares\/?page_id=3030"},"modified":"2023-06-02T10:46:09","modified_gmt":"2023-06-02T09:46:09","slug":"eso","status":"publish","type":"page","link":"https:\/\/blogsaverroes.juntadeandalucia.es\/iesmarquesdecomares\/eso\/","title":{"rendered":"E.S.O."},"content":{"rendered":"<h2 style=\"text-align: center\">E.S.O.<\/h2>\n<h3>1\u00ba de E.S.O.<\/h3>\n<div class=\"osc-res-tab tabbable   osc-tabs-left\"><div style=\"clear:both;width: 100%;\"><ul class=\"nav osc-res-nav nav-tabs osc-tabs-left-ul\" id=\"oscitas-restabs-1-eso-58402\"><li class=\"active\"><a href=\"#ert_pane1-0\" data-toggle=\"tab\">Materias comunes obligatorias<\/a><\/li><li class=\"\"><a href=\"#ert_pane1-1\" data-toggle=\"tab\">Materias optativas auton\u00f3micas<\/a><\/li><li class=\"\"><a href=\"#ert_pane1-2\" data-toggle=\"tab\">Religi\u00f3n \/ Atenci\u00f3n Educativa<\/a><\/li><\/ul><\/div><div style=\"clear:both;width: 100%;\"><ul class=\"tab-content\" id=\"oscitas-restabcontent-1-eso-58402\"><li class=\"tab-pane active\" id=\"ert_pane1-0\"><\/p>\n<ul>\n<li>Lengua Castellana y Literatura (4 h)<\/li>\n<li>Matem\u00e1ticas (4 h)<\/li>\n<li>Ingl\u00e9s (4 h)<\/li>\n<li>Geograf\u00eda e Historia (3 h)<\/li>\n<li>Biolog\u00eda y Geolog\u00eda (3 h)<\/li>\n<li>M\u00fasica (2 h)<\/li>\n<li>Educaci\u00f3n F\u00edsica (3 h)<\/li>\n<li>Franc\u00e9s (2\u00ba Idioma) o Refuerzo Ling\u00fc\u00edstico (2 h)<\/li>\n<li>Educaci\u00f3n Pl\u00e1stica, Visual y Audiovisual (1 h)<\/li>\n<\/ul>\n<p><\/li><li class=\"tab-pane \" id=\"ert_pane1-1\"><\/p>\n<p>(Se cursa s\u00f3lo una de las siguientes)<\/p>\n<ul>\n<li>Computaci\u00f3n y Rob\u00f3tica (2 h)<\/li>\n<li>Cultura Cl\u00e1sica (2 h)<\/li>\n<li>Oratoria y Debate (2 h)<\/li>\n<li>Proyecto Interdisciplinar (2 h)<\/li>\n<\/ul>\n<p><\/li><li class=\"tab-pane \" id=\"ert_pane1-2\"><\/p>\n<p>(Se cursa s\u00f3lo una de las siguientes)<\/p>\n<ul>\n<li>Atenci\u00f3n Educativa (1 h)<\/li>\n<li>Religi\u00f3n (1 h)<\/li>\n<\/ul>\n<p><\/li><\/ul><\/div><\/div>\n<h3>2\u00ba de E.S.O.<\/h3>\n<div class=\"osc-res-tab tabbable   osc-tabs-left\"><div style=\"clear:both;width: 100%;\"><ul class=\"nav osc-res-nav nav-tabs osc-tabs-left-ul\" id=\"oscitas-restabs-2-eso-88919\"><li class=\"active\"><a href=\"#ert_pane2-0\" data-toggle=\"tab\">Materias comunes obligatorias<\/a><\/li><li class=\"\"><a href=\"#ert_pane2-1\" data-toggle=\"tab\">Materias optativas auton\u00f3micas<\/a><\/li><li class=\"\"><a href=\"#ert_pane2-2\" data-toggle=\"tab\">Religi\u00f3n \/ Atenci\u00f3n Educativa<\/a><\/li><\/ul><\/div><div style=\"clear:both;width: 100%;\"><ul class=\"tab-content\" id=\"oscitas-restabcontent-2-eso-88919\"><li class=\"tab-pane active\" id=\"ert_pane2-0\"><\/p>\n<ul>\n<li>Lengua Castellana y Literatura (4 h)<\/li>\n<li>Matem\u00e1ticas (4 h)<\/li>\n<li>Ingl\u00e9s (4 h)<\/li>\n<li>Geograf\u00eda e Historia (3 h)<\/li>\n<li>F\u00edsica y Qu\u00edmica (3 h)<\/li>\n<li>Tecnolog\u00eda y Digitalizaci\u00f3n (3 h)<\/li>\n<li>Educaci\u00f3n F\u00edsica (2 h)<\/li>\n<li>M\u00fasica (2 h)<\/li>\n<li>Valores C\u00edvicos y \u00c9ticos (1 h)<\/li>\n<\/ul>\n<p><\/li><li class=\"tab-pane \" id=\"ert_pane2-1\"><\/p>\n<p>(Se cursa s\u00f3lo una de las siguientes)<\/p>\n<ul>\n<li>Computaci\u00f3n y Rob\u00f3tica (2 h)<\/li>\n<li>Cultura Cl\u00e1sica (2 h)<\/li>\n<li>Oratoria y Debate (2 h)<\/li>\n<li>Proyecto Interdisciplinar (2 h)<\/li>\n<li>Franc\u00e9s (2\u00ba Idioma) (2 h)<\/li>\n<li>Proyecto de Educaci\u00f3n Pl\u00e1stica, Visual y Audiovisual (2 h)<\/li>\n<\/ul>\n<p><\/li><li class=\"tab-pane \" id=\"ert_pane2-2\"><\/p>\n<p>(Se cursa s\u00f3lo una de las siguientes)<\/p>\n<ul>\n<li>Atenci\u00f3n Educativa (1 h)<\/li>\n<li>Religi\u00f3n (1 h)<\/li>\n<\/ul>\n<p><\/li><\/ul><\/div><\/div>\n<h3>3\u00ba de E.S.O.<\/h3>\n<div class=\"osc-res-tab tabbable   osc-tabs-left\"><div style=\"clear:both;width: 100%;\"><ul class=\"nav osc-res-nav nav-tabs osc-tabs-left-ul\" id=\"oscitas-restabs-3-eso-52877\"><li class=\"active\"><a href=\"#ert_pane3-0\" data-toggle=\"tab\">Materias comunes obligatorias<\/a><\/li><li class=\"\"><a href=\"#ert_pane3-1\" data-toggle=\"tab\">Materias optativas auton\u00f3micas<\/a><\/li><li class=\"\"><a href=\"#ert_pane3-2\" data-toggle=\"tab\">Religi\u00f3n \/ Atenci\u00f3n Educativa<\/a><\/li><\/ul><\/div><div style=\"clear:both;width: 100%;\"><ul class=\"tab-content\" id=\"oscitas-restabcontent-3-eso-52877\"><li class=\"tab-pane active\" id=\"ert_pane3-0\"><\/p>\n<ul>\n<li>Lengua Castellana y Literatura (4 h)<\/li>\n<li>Matem\u00e1ticas (4 h)<\/li>\n<li>Ingl\u00e9s (4 h)<\/li>\n<li>F\u00edsica y Qu\u00edmica (3 h)<\/li>\n<li>Geograf\u00eda e Historia (3 h)<\/li>\n<li>Biolog\u00eda y Geolog\u00eda (2 h)<\/li>\n<li>Educaci\u00f3n Pl\u00e1stica, Visual y Audiovisual (2 h)<\/li>\n<li>Educaci\u00f3n F\u00edsica (2 h)<\/li>\n<li>Tecnolog\u00eda y Digitalizaci\u00f3n (2 h)<\/li>\n<\/ul>\n<p><\/li><li class=\"tab-pane \" id=\"ert_pane3-1\"><\/p>\n<p>(Se cursa s\u00f3lo una de las siguientes)<\/p>\n<ul>\n<li>Computaci\u00f3n y Rob\u00f3tica (2 h)<\/li>\n<li>Cultura Cl\u00e1sica (2 h)<\/li>\n<li>Cultura del Flamenco (2 h)<\/li>\n<li>Filosof\u00eda y Argumentaci\u00f3n (2 h)<\/li>\n<li>Oratoria y Debate (2 h)<\/li>\n<li>Iniciativa y actividad emprendedora y empresarial (2 h)<\/li>\n<li>Proyecto Interdisciplinar (2 h)<\/li>\n<li>Franc\u00e9s (2\u00ba Idioma) (2 h)<\/li>\n<\/ul>\n<p><\/li><li class=\"tab-pane \" id=\"ert_pane3-2\"><\/p>\n<p>(Se cursa s\u00f3lo una de las siguientes)<\/p>\n<ul>\n<li>Atenci\u00f3n Educativa (1 h)<\/li>\n<li>Religi\u00f3n (1 h)<\/li>\n<\/ul>\n<p><\/li><\/ul><\/div><\/div>\n<h3>3\u00ba de E.S.O. (DIVERSIFICACI\u00d3N)<\/h3>\n<div class=\"osc-res-tab tabbable   osc-tabs-left\"><div style=\"clear:both;width: 100%;\"><ul class=\"nav osc-res-nav nav-tabs osc-tabs-left-ul\" id=\"oscitas-restabs-4-eso-18039\"><li class=\"active\"><a href=\"#ert_pane4-0\" data-toggle=\"tab\">Materias comunes obligatorias<\/a><\/li><li class=\"\"><a href=\"#ert_pane4-1\" data-toggle=\"tab\">Materias optativas auton\u00f3micas<\/a><\/li><li class=\"\"><a href=\"#ert_pane4-2\" data-toggle=\"tab\">Religi\u00f3n \/ Atenci\u00f3n Educativa<\/a><\/li><\/ul><\/div><div style=\"clear:both;width: 100%;\"><ul class=\"tab-content\" id=\"oscitas-restabcontent-4-eso-18039\"><li class=\"tab-pane active\" id=\"ert_pane4-0\"><\/p>\n<ul>\n<li>\u00c1mbito Cient\u00edfico-Tecnol\u00f3gico (8 h)<\/li>\n<li>\u00c1mbito Ling\u00fc\u00edstico y Social (9 h)<\/li>\n<li>Educaci\u00f3n Pl\u00e1stica, Visual y Audiovisual (2 h)<\/li>\n<li>Educaci\u00f3n F\u00edsica (2 h)<\/li>\n<li>Tecnolog\u00eda y Digitalizaci\u00f3n (2 h)<\/li>\n<\/ul>\n<p><\/li><li class=\"tab-pane \" id=\"ert_pane4-1\"><\/p>\n<p>(Se cursan s\u00f3lo dos de las siguientes)<\/p>\n<ul>\n<li>Computaci\u00f3n y Rob\u00f3tica (2 h)<\/li>\n<li>Cultura Cl\u00e1sica (2 h)<\/li>\n<li>Cultura del Flamenco (2 h)<\/li>\n<li>Filosof\u00eda y Argumentaci\u00f3n (2 h)<\/li>\n<li>Oratoria y Debate (2 h)<\/li>\n<li>Proyecto Interdisciplinar (2 h)<\/li>\n<li>Franc\u00e9s (2\u00ba Idioma) (2 h)<\/li>\n<li>Iniciativa y actividad emprendedora y empresarial (2 h)<\/li>\n<\/ul>\n<p><\/li><li class=\"tab-pane \" id=\"ert_pane4-2\"><\/p>\n<p>(Se cursa s\u00f3lo una de las siguientes)<\/p>\n<ul>\n<li>Atenci\u00f3n Educativa (1 h)<\/li>\n<li>Religi\u00f3n (1 h)<\/li>\n<\/ul>\n<p><\/li><\/ul><\/div><\/div>\n<h3>&nbsp;<\/h3>\n<h3>4\u00ba de E.S.O.<\/h3>\n<div class=\"osc-res-tab tabbable   osc-tabs-left\"><div style=\"clear:both;width: 100%;\"><ul class=\"nav osc-res-nav nav-tabs osc-tabs-left-ul\" id=\"oscitas-restabs-5-eso-46863\"><li class=\"active\"><a href=\"#ert_pane5-0\" data-toggle=\"tab\">Materias comunes obligatorias<\/a><\/li><li class=\"\"><a href=\"#ert_pane5-1\" data-toggle=\"tab\">Materias optativas<\/a><\/li><li class=\"\"><a href=\"#ert_pane5-2\" data-toggle=\"tab\">Materias optativas de la comunidad<\/a><\/li><li class=\"\"><a href=\"#ert_pane5-3\" data-toggle=\"tab\">Religi\u00f3n \/ Atenci\u00f3n Educativa<\/a><\/li><\/ul><\/div><div style=\"clear:both;width: 100%;\"><ul class=\"tab-content\" id=\"oscitas-restabcontent-5-eso-46863\"><li class=\"tab-pane active\" id=\"ert_pane5-0\"><\/p>\n<ul>\n<li>Lengua Castellana y Literatura (4 h)<\/li>\n<li>Matem\u00e1ticas A \/ Matem\u00e1ticas B (4 h)<\/li>\n<li>Ingl\u00e9s (4 h)<\/li>\n<li>Geograf\u00eda e Historia (3 h)<\/li>\n<li>Educaci\u00f3n F\u00edsica (2 h)<\/li>\n<\/ul>\n<p><\/li><li class=\"tab-pane \" id=\"ert_pane5-1\"><\/p>\n<p>(Se cursan s\u00f3lo tres de las siguientes)<\/p>\n<ul>\n<li>Biolog\u00eda y Geolog\u00eda (3 h)<\/li>\n<li>Digitalizaci\u00f3n (3 h)<\/li>\n<li>Econom\u00eda y Emprendimiento (3 h)<\/li>\n<li>Expresi\u00f3n Art\u00edstica (3 h)<\/li>\n<li>F\u00edsica y Qu\u00edmica (3 h)<\/li>\n<li>Formaci\u00f3n y Orientaci\u00f3n Personal y Profesional (3 h)<\/li>\n<li>Lat\u00edn (3 h)<\/li>\n<li>M\u00fasica (3 h)<\/li>\n<li>Franc\u00e9s (2\u00ba Idioma) (3 h)<\/li>\n<li>Tecnolog\u00eda (3 h)<\/li>\n<\/ul>\n<p><\/li><li class=\"tab-pane \" id=\"ert_pane5-2\"><\/p>\n<p>(Se cursan s\u00f3lo una de las siguientes)<\/p>\n<ul>\n<li>Ampliaci\u00f3n de Cultura Cl\u00e1sica (2 h)<\/li>\n<li>Aprendizaje Social y Emocional (2 h)<\/li>\n<li>Artes Esc\u00e9nicas y Danza (2 h)<\/li>\n<li>Cultura Cient\u00edfica (2 h)<\/li>\n<li>Filosof\u00eda (2 h)<\/li>\n<li>Proyecto Interdisciplinar (2 h)<\/li>\n<li>Dibujo T\u00e9cnico (2 h)<\/li>\n<\/ul>\n<p><\/li><li class=\"tab-pane \" id=\"ert_pane5-3\"><\/p>\n<p>(Se cursa s\u00f3lo una de las siguientes)<\/p>\n<ul>\n<li>Atenci\u00f3n Educativa (1 h)<\/li>\n<li>Religi\u00f3n (1 h)<\/li>\n<\/ul>\n<p><\/li><\/ul><\/div><\/div>\n<h3>4\u00ba de E.S.O. (DIVERSIFICACI\u00d3N)<\/h3>\n<div class=\"osc-res-tab tabbable   osc-tabs-left\"><div style=\"clear:both;width: 100%;\"><ul class=\"nav osc-res-nav nav-tabs osc-tabs-left-ul\" id=\"oscitas-restabs-6-eso-53736\"><li class=\"active\"><a href=\"#ert_pane6-0\" data-toggle=\"tab\">Materias comunes obligatorias<\/a><\/li><li class=\"\"><a href=\"#ert_pane6-1\" data-toggle=\"tab\">Materias optativas<\/a><\/li><li class=\"\"><a href=\"#ert_pane6-2\" data-toggle=\"tab\">Materias optativas de la comunidad<\/a><\/li><li class=\"\"><a href=\"#ert_pane6-3\" data-toggle=\"tab\">Religi\u00f3n \/ Atenci\u00f3n Educativa<\/a><\/li><\/ul><\/div><div style=\"clear:both;width: 100%;\"><ul class=\"tab-content\" id=\"oscitas-restabcontent-6-eso-53736\"><li class=\"tab-pane active\" id=\"ert_pane6-0\"><\/p>\n<ul>\n<li>\u00c1mbito Cient\u00edfico-Tecnol\u00f3gico (8 h)<\/li>\n<li>\u00c1mbito Ling\u00fc\u00edstico y Social (9 h)<\/li>\n<li>Educaci\u00f3n F\u00edsica (2 h)<\/li>\n<\/ul>\n<p><\/li><li class=\"tab-pane \" id=\"ert_pane6-1\"><\/p>\n<p>(Se cursan s\u00f3lo tres de las siguientes)<\/p>\n<ul>\n<li>Digitalizaci\u00f3n (3 h)<\/li>\n<li>Econom\u00eda y Emprendimiento (3 h)<\/li>\n<li>Expresi\u00f3n Art\u00edstica (3 h)<\/li>\n<li>Formaci\u00f3n y Orientaci\u00f3n Personal y Profesional (3 h)<\/li>\n<li>Lat\u00edn (3 h)<\/li>\n<li>M\u00fasica (3 h)<\/li>\n<li>Franc\u00e9s (2\u00ba Idioma) (3 h)<\/li>\n<li>Tecnolog\u00eda \/ \u00c1mbito Pr\u00e1ctico (3 h)<\/li>\n<\/ul>\n<p><\/li><li class=\"tab-pane \" id=\"ert_pane6-2\"><\/p>\n<p>(Se cursan s\u00f3lo una de las siguientes)<\/p>\n<ul>\n<li>Ampliaci\u00f3n de Cultura Cl\u00e1sica (2 h)<\/li>\n<li>Aprendizaje Social y Emocional (2 h)<\/li>\n<li>Artes Esc\u00e9nicas y Danza (2 h)<\/li>\n<li>Cultura Cient\u00edfica (2 h)<\/li>\n<li>Filosof\u00eda (2 h)<\/li>\n<li>Proyecto Interdisciplinar (2 h)<\/li>\n<\/ul>\n<p><\/li><li class=\"tab-pane \" id=\"ert_pane6-3\"><\/p>\n<p>(Se cursa s\u00f3lo una de las siguientes)<\/p>\n<ul>\n<li>Atenci\u00f3n Educativa (1 h)<\/li>\n<li>Religi\u00f3n (1 h)<\/li>\n<\/ul>\n<p><\/li><\/ul><\/div><\/div>\n<p>&nbsp;<\/p>\n","protected":false},"excerpt":{"rendered":"<p>E.S.O. 1\u00ba de E.S.O. 2\u00ba de E.S.O. 3\u00ba de E.S.O. 3\u00ba de E.S.O. (DIVERSIFICACI\u00d3N) &nbsp; 4\u00ba de E.S.O. 4\u00ba de E.S.O. (DIVERSIFICACI\u00d3N) &nbsp;<\/p>\n","protected":false},"author":7792,"featured_media":0,"parent":0,"menu_order":0,"comment_status":"closed","ping_status":"closed","template":"","meta":{"ngg_post_thumbnail":0,"footnotes":""},"aioseo_notices":[],"_links":{"self":[{"href":"https:\/\/blogsaverroes.juntadeandalucia.es\/iesmarquesdecomares\/wp-json\/wp\/v2\/pages\/3030"}],"collection":[{"href":"https:\/\/blogsaverroes.juntadeandalucia.es\/iesmarquesdecomares\/wp-json\/wp\/v2\/pages"}],"about":[{"href":"https:\/\/blogsaverroes.juntadeandalucia.es\/iesmarquesdecomares\/wp-json\/wp\/v2\/types\/page"}],"author":[{"embeddable":true,"href":"https:\/\/blogsaverroes.juntadeandalucia.es\/iesmarquesdecomares\/wp-json\/wp\/v2\/users\/7792"}],"replies":[{"embeddable":true,"href":"https:\/\/blogsaverroes.juntadeandalucia.es\/iesmarquesdecomares\/wp-json\/wp\/v2\/comments?post=3030"}],"version-history":[{"count":23,"href":"https:\/\/blogsaverroes.juntadeandalucia.es\/iesmarquesdecomares\/wp-json\/wp\/v2\/pages\/3030\/revisions"}],"predecessor-version":[{"id":10764,"href":"https:\/\/blogsaverroes.juntadeandalucia.es\/iesmarquesdecomares\/wp-json\/wp\/v2\/pages\/3030\/revisions\/10764"}],"wp:attachment":[{"href":"https:\/\/blogsaverroes.juntadeandalucia.es\/iesmarquesdecomares\/wp-json\/wp\/v2\/media?parent=3030"}],"curies":[{"name":"wp","href":"https:\/\/api.w.org\/{rel}","templated":true}]}}