{"id":3048,"date":"2019-12-12T10:59:58","date_gmt":"2019-12-12T09:59:58","guid":{"rendered":"https:\/\/blogsaverroes.juntadeandalucia.es\/iesmarquesdecomares\/?page_id=3048"},"modified":"2025-02-26T23:15:14","modified_gmt":"2025-02-26T22:15:14","slug":"bachillerato","status":"publish","type":"page","link":"https:\/\/blogsaverroes.juntadeandalucia.es\/iesmarquesdecomares\/bachillerato\/","title":{"rendered":"Bachillerato"},"content":{"rendered":"\t\t<div data-elementor-type=\"wp-page\" data-elementor-id=\"3048\" class=\"elementor elementor-3048\">\n\t\t\t\t\t\t<section class=\"elementor-section elementor-top-section elementor-element elementor-element-6f5a0175 elementor-section-boxed elementor-section-height-default elementor-section-height-default\" data-id=\"6f5a0175\" data-element_type=\"section\">\n\t\t\t\t\t\t<div class=\"elementor-container elementor-column-gap-default\">\n\t\t\t\t\t<div class=\"elementor-column elementor-col-100 elementor-top-column elementor-element elementor-element-49b08b3b\" data-id=\"49b08b3b\" data-element_type=\"column\">\n\t\t\t<div class=\"elementor-widget-wrap elementor-element-populated\">\n\t\t\t\t\t\t<div class=\"elementor-element elementor-element-1bddf36 elementor-widget elementor-widget-text-editor\" data-id=\"1bddf36\" data-element_type=\"widget\" data-widget_type=\"text-editor.default\">\n\t\t\t\t<div class=\"elementor-widget-container\">\n\t\t\t\t\t\t\t\t\t<p>Bachillerato<\/p><h3>Modalidad de Artes Pl\u00e1sticas, Imagen y Dise\u00f1o<\/h3><h4>1<sup>er<\/sup> Curso (LOMLOE)<\/h4><p><div class=\"osc-res-tab tabbable   osc-tabs-left\"><div style=\"clear:both;width: 100%;\"><ul class=\"nav osc-res-nav nav-tabs osc-tabs-left-ul\" id=\"oscitas-restabs-1-bachillerato-56391\"><li class=\"active\"><a href=\"#ert_pane1-0\" data-toggle=\"tab\">Materias comunes<\/a><\/li><li class=\"\"><a href=\"#ert_pane1-1\" data-toggle=\"tab\">Materias de modalidad<\/a><\/li><li class=\"\"><a href=\"#ert_pane1-2\" data-toggle=\"tab\">Materias propias de la comunidad<\/a><\/li><li class=\"\"><a href=\"#ert_pane1-3\" data-toggle=\"tab\">Religi\u00f3n \/ Atenci\u00f3n Educativa<\/a><\/li><\/ul><\/div><div style=\"clear:both;width: 100%;\"><ul class=\"tab-content\" id=\"oscitas-restabcontent-1-bachillerato-56391\"><li class=\"tab-pane active\" id=\"ert_pane1-0\"><\/p><ul><li>Filosof\u00eda (3 h)<\/li><li>Lengua Castellana y Literatura I (4 h)<\/li><li>Primera Lengua Extranjera I (4 h)<\/li><li>Educaci\u00f3n F\u00edsica (2 h)<\/li><\/ul><p><\/li><li class=\"tab-pane \" id=\"ert_pane1-1\"><\/p><ul><li>Dibujo Art\u00edstico I (4 h)\u00a0<\/li><\/ul><p>Se cursan adem\u00e1s dos de las siguientes:<\/p><ul><li>Cultura Audiovisual I (4 h)<\/li><li>Dibujo T\u00e9cnico Aplicado I (4 h)<\/li><li>Proyectos Art\u00edsticos (4 h)<\/li><li>Volumen (4 h)<\/li><\/ul><p><\/li><li class=\"tab-pane \" id=\"ert_pane1-2\"><\/p><p>Se cursan tres de las siguientes:\u00a0<\/p><ul><li>Antropolog\u00eda y Sociolog\u00eda (2 h)<\/li><li>Creaci\u00f3n Digital y Pensamiento Computacional (2 h)<\/li><li>Patrimonio Cultural de Andaluc\u00eda (2 h)<\/li><li>Segunda Lengua Extranjera I (2 h)<\/li><li>Tecnolog\u00edas de la Informaci\u00f3n y la Comunicaci\u00f3n I (2 h)<\/li><li>Educaci\u00f3n para la Convivencia Democr\u00e1tica (2 h)<\/li><li>Aula de Debate (2 h)<\/li><li>Cultura Emprendedora y Empresarial (2 h)<\/li><\/ul><p><\/li><li class=\"tab-pane \" id=\"ert_pane1-3\"><\/p><ul><li>Religi\u00f3n \/ Proyectos transversales de educaci\u00f3n en valores (1 h)<\/li><\/ul><p><\/li><\/ul><\/div><\/div><\/p><h4>2\u00ba Curso (LOMLOE)<\/h4><p><div class=\"osc-res-tab tabbable   osc-tabs-left\"><div style=\"clear:both;width: 100%;\"><ul class=\"nav osc-res-nav nav-tabs osc-tabs-left-ul\" id=\"oscitas-restabs-2-bachillerato-33580\"><li class=\"active\"><a href=\"#ert_pane2-0\" data-toggle=\"tab\">Materias comunes<\/a><\/li><li class=\"\"><a href=\"#ert_pane2-1\" data-toggle=\"tab\">Materias de modalidad<\/a><\/li><li class=\"\"><a href=\"#ert_pane2-2\" data-toggle=\"tab\">Materias propias de la comunidad<\/a><\/li><li class=\"\"><a href=\"#ert_pane2-3\" data-toggle=\"tab\">Religi\u00f3n \/ Atenci\u00f3n Educativa<\/a><\/li><\/ul><\/div><div style=\"clear:both;width: 100%;\"><ul class=\"tab-content\" id=\"oscitas-restabcontent-2-bachillerato-33580\"><li class=\"tab-pane active\" id=\"ert_pane2-0\"><\/p><ul><li>Historia de Espa\u00f1a (4 h)<\/li><li>Historia de la Filosof\u00eda (3 h)<\/li><li>Lengua Castellana y Literatura II (3 h)<\/li><li>Primera Lengua Extranjera II (3 h)<\/li><\/ul><p><\/li><li class=\"tab-pane \" id=\"ert_pane2-1\"><\/p><ul><li>Dibujo Art\u00edstico II (4 h)\u00a0<\/li><\/ul><p>Se cursan adem\u00e1s dos de las siguientes:<\/p><ul><li>Dibujo T\u00e9cnico Aplicado II (4 h)<\/li><li>Dise\u00f1o (4 h)<\/li><li>Fundamentos Art\u00edsticos (4 h)<\/li><li>T\u00e9cnicas de Expresi\u00f3n Gr\u00e1fico-Pl\u00e1sticas (4 h)<\/li><\/ul><p><\/li><li class=\"tab-pane \" id=\"ert_pane2-2\"><\/p><p>Se cursan tres de las siguientes:\u00a0<\/p><ul><li>Actividad F\u00edsica, Salud y Sociedad (2 h)<\/li><li>Delf de Franc\u00e9s B1-B2 (2 h)<\/li><li>Imagen y Sonido (2 h)<\/li><li>Mitolog\u00eda Cl\u00e1sica (2 h)<\/li><li>Tecnolog\u00edas de la Informaci\u00f3n y Comunicaci\u00f3n II (2 h)<\/li><li>An\u00e1lisis y Comentario de Texto (2 h)<\/li><li>Educaci\u00f3n para la Convivencia Democr\u00e1tica II (2 h)<\/li><li>M\u00e9todos y T\u00e9cnicas de An\u00e1lisis Hist\u00f3rico (2 h)<\/li><li>Segunda Lengua Extranjera II (2 h)<\/li><\/ul><p><\/li><li class=\"tab-pane \" id=\"ert_pane2-3\"><\/p><ul><li>Religi\u00f3n \/ Atenci\u00f3n Educativa (1 h)<\/li><\/ul><p><\/li><\/ul><\/div><\/div><\/p><hr \/><h3>\u00a0<\/h3>\t\t\t\t\t\t\t\t<\/div>\n\t\t\t\t<\/div>\n\t\t\t\t<div class=\"elementor-element elementor-element-ca1a474 elementor-widget elementor-widget-html\" data-id=\"ca1a474\" data-element_type=\"widget\" data-widget_type=\"html.default\">\n\t\t\t\t<div class=\"elementor-widget-container\">\n\t\t\t\t\t<div style=\"width: 100%\"><div style=\"padding-bottom: 56.25%;padding-top: 0;height: 0\"><iframe frameborder=\"0\" width=\"1200\" height=\"675\" src=\"https:\/\/view.genial.ly\/646f1bb364e53f00195c3ec5\" scrolling=\"yes\"><\/iframe> <\/div> <\/div>\t\t\t\t<\/div>\n\t\t\t\t<\/div>\n\t\t\t\t<div class=\"elementor-element elementor-element-64fc8d7 elementor-widget elementor-widget-spacer\" data-id=\"64fc8d7\" data-element_type=\"widget\" data-widget_type=\"spacer.default\">\n\t\t\t\t<div class=\"elementor-widget-container\">\n\t\t\t\t\t\t\t<div class=\"elementor-spacer\">\n\t\t\t<div class=\"elementor-spacer-inner\"><\/div>\n\t\t<\/div>\n\t\t\t\t\t\t<\/div>\n\t\t\t\t<\/div>\n\t\t\t\t<div class=\"elementor-element elementor-element-28b75e2 elementor-widget elementor-widget-video\" data-id=\"28b75e2\" data-element_type=\"widget\" data-settings=\"{&quot;youtube_url&quot;:&quot;https:\\\/\\\/youtu.be\\\/zgUXErQupog&quot;,&quot;video_type&quot;:&quot;youtube&quot;,&quot;controls&quot;:&quot;yes&quot;}\" data-widget_type=\"video.default\">\n\t\t\t\t<div class=\"elementor-widget-container\">\n\t\t\t\t\t\t\t<div class=\"elementor-wrapper elementor-open-inline\">\n\t\t\t<div class=\"elementor-video\"><\/div>\t\t<\/div>\n\t\t\t\t\t\t<\/div>\n\t\t\t\t<\/div>\n\t\t\t\t<div class=\"elementor-element elementor-element-5776b8c elementor-widget elementor-widget-text-editor\" data-id=\"5776b8c\" data-element_type=\"widget\" data-widget_type=\"text-editor.default\">\n\t\t\t\t<div class=\"elementor-widget-container\">\n\t\t\t\t\t\t\t\t\t<h3>Modalidad de Ciencias e Ingenier\u00eda<\/h3><h4>1<sup>er<\/sup> Curso (LOMLOE)<\/h4><p><div class=\"osc-res-tab tabbable   osc-tabs-left\"><div style=\"clear:both;width: 100%;\"><ul class=\"nav osc-res-nav nav-tabs osc-tabs-left-ul\" id=\"oscitas-restabs-3-bachillerato-69433\"><li class=\"active\"><a href=\"#ert_pane3-0\" data-toggle=\"tab\">Materias comunes<\/a><\/li><li class=\"\"><a href=\"#ert_pane3-1\" data-toggle=\"tab\">Materias de modalidad<\/a><\/li><li class=\"\"><a href=\"#ert_pane3-2\" data-toggle=\"tab\">Materias propias de la comunidad<\/a><\/li><li class=\"\"><a href=\"#ert_pane3-3\" data-toggle=\"tab\">Religi\u00f3n \/ Educaci\u00f3n en Valores<\/a><\/li><\/ul><\/div><div style=\"clear:both;width: 100%;\"><ul class=\"tab-content\" id=\"oscitas-restabcontent-3-bachillerato-69433\"><li class=\"tab-pane active\" id=\"ert_pane3-0\"><\/p><ul><li>Filosof\u00eda (3 h)<\/li><li>Lengua Castellana y Literatura I (4 h)<\/li><li>Primera Lengua Extranjera I (4 h)<\/li><li>Educaci\u00f3n F\u00edsica (2 h)<\/li><\/ul><p><\/li><li class=\"tab-pane \" id=\"ert_pane3-1\"><\/p><ul><li>Matem\u00e1ticas I (4 h)<\/li><\/ul><p>Se cursan adem\u00e1s dos de las siguientes:<\/p><ul><li>Biolog\u00eda, Geolog\u00eda y Ciencias Ambientales (4 h)<\/li><li>Dibujo T\u00e9cnico I (4 h)<\/li><li>F\u00edsica y Qu\u00edmica (4 h)<\/li><li>Tecnolog\u00eda e Ingenier\u00eda I (4 h)<\/li><\/ul><p><\/li><li class=\"tab-pane \" id=\"ert_pane3-2\"><\/p><p>Se cursan 3 de las siguientes:<\/p><ul><li>Anatom\u00eda Aplicada (2 h)<\/li><li>Antropolog\u00eda y Sociolog\u00eda (2 h)<\/li><li>Creaci\u00f3n Digital y Pensamiento Computacional (2 h)<\/li><li>Patrimonio Cultural de Andaluc\u00eda (2 h)<\/li><li>Segunda Lengua Extranjera I (2 h)<\/li><li>Tecnolog\u00edas de la Informaci\u00f3n y la Comunicaci\u00f3n I (2 h)<\/li><li>Aula de Debate (2 h)<\/li><li>Cultura Emprendedora y Empresarial (2 h)<\/li><li>Educaci\u00f3n para la Convivencia Democr\u00e1tica I (2 h)<\/li><\/ul><p><\/li><li class=\"tab-pane \" id=\"ert_pane3-3\"><\/p><ul><li>Religi\u00f3n \/ Proyectos transversales de Educaci\u00f3n en Valores (1 h)<\/li><\/ul><p><\/li><\/ul><\/div><\/div><\/p><h4>2\u00ba Curso (LOMLOE)<\/h4><p><div class=\"osc-res-tab tabbable   osc-tabs-left\"><div style=\"clear:both;width: 100%;\"><ul class=\"nav osc-res-nav nav-tabs osc-tabs-left-ul\" id=\"oscitas-restabs-4-bachillerato-71252\"><li class=\"active\"><a href=\"#ert_pane4-0\" data-toggle=\"tab\">Materias comunes<\/a><\/li><li class=\"\"><a href=\"#ert_pane4-1\" data-toggle=\"tab\">Materias de modalidad<\/a><\/li><li class=\"\"><a href=\"#ert_pane4-2\" data-toggle=\"tab\">Materias propias de la comunidad<\/a><\/li><li class=\"\"><a href=\"#ert_pane4-3\" data-toggle=\"tab\">Religi\u00f3n \/ Ed. Valores<\/a><\/li><\/ul><\/div><div style=\"clear:both;width: 100%;\"><ul class=\"tab-content\" id=\"oscitas-restabcontent-4-bachillerato-71252\"><li class=\"tab-pane active\" id=\"ert_pane4-0\"><\/p><ul><li>Historia de Espa\u00f1a (4 h)<\/li><li>Historia de la Filosof\u00eda (3 h)<\/li><li>Lengua Castellana y Literatura II (3 h)<\/li><li>Primera Lengua Extranjera II (3 h)<\/li><\/ul><p><\/li><li class=\"tab-pane \" id=\"ert_pane4-1\"><\/p><ul><li>Matem\u00e1ticas II (4 h) o Matem\u00e1ticas aplicadas a las Ciencias Sociales II (4 h)<\/li><\/ul><p>Se cursan adem\u00e1s dos de las siguientes:<\/p><ul><li>Biolog\u00eda (4 h)<\/li><li>Dibujo T\u00e9cnico II (4 h)<\/li><li>F\u00edsica (4 h)<\/li><li>Geolog\u00eda y Ciencias Ambientales (4 h)<\/li><li>Qu\u00edmica (4 h)<\/li><li>Tecnolog\u00eda e Ingenier\u00eda II (4 h)<\/li><\/ul><p><\/li><li class=\"tab-pane \" id=\"ert_pane4-2\"><\/p><p>Se cursan 3 de las siguientes:<\/p><ul><li>Actividad F\u00edsica, Salud y Sociedad (2 h)<\/li><li>Ciencias de la Tierra y el Medio Ambiente (2 h)<\/li><li>Electrotecnia (2 h)<\/li><li>Programaci\u00f3n y Computaci\u00f3n (2 h)<\/li><li>Psicolog\u00eda (2 h)<\/li><li>Segunda Lengua Extranjera II (2 h)<\/li><li>Tecnolog\u00edas de la Informaci\u00f3n y la Comunicaci\u00f3n II (2 h)<\/li><li>Educaci\u00f3n en la Convivencia Democr\u00e1tica II (2 h)<\/li><li>Estad\u00edstica (2 h)<\/li><li>An\u00e1lisis y Comentario de Texto (2 h)<\/li><li>Delf de Franc\u00e9s B1-B2 (2 h)<\/li><\/ul><p><\/li><li class=\"tab-pane \" id=\"ert_pane4-3\"><\/p><ul><li>Religi\u00f3n \/ Proyectos transversales de Educaci\u00f3n en Valores (1 h)<\/li><\/ul><p><\/li><\/ul><\/div><\/div><\/p>\t\t\t\t\t\t\t\t<\/div>\n\t\t\t\t<\/div>\n\t\t\t\t<div class=\"elementor-element elementor-element-ba73c99 elementor-widget elementor-widget-text-editor\" data-id=\"ba73c99\" data-element_type=\"widget\" data-widget_type=\"text-editor.default\">\n\t\t\t\t<div class=\"elementor-widget-container\">\n\t\t\t\t\t\t\t\t\t<h3>Modalidad de Humanidades y Ciencias Sociales<\/h3><h4>1<sup>er<\/sup> Curso (LOMLOE)<\/h4><p><div class=\"osc-res-tab tabbable   osc-tabs-left\"><div style=\"clear:both;width: 100%;\"><ul class=\"nav osc-res-nav nav-tabs osc-tabs-left-ul\" id=\"oscitas-restabs-5-bachillerato-83656\"><li class=\"active\"><a href=\"#ert_pane5-0\" data-toggle=\"tab\">Materias comunes<\/a><\/li><li class=\"\"><a href=\"#ert_pane5-1\" data-toggle=\"tab\">Materias de modalidad<\/a><\/li><li class=\"\"><a href=\"#ert_pane5-2\" data-toggle=\"tab\">Materias propias de la comunidad<\/a><\/li><li class=\"\"><a href=\"#ert_pane5-3\" data-toggle=\"tab\">Religi\u00f3n \/ Educaci\u00f3n en Valores<\/a><\/li><\/ul><\/div><div style=\"clear:both;width: 100%;\"><ul class=\"tab-content\" id=\"oscitas-restabcontent-5-bachillerato-83656\"><li class=\"tab-pane active\" id=\"ert_pane5-0\"><\/p><ul><li>Filosof\u00eda (3 h)<\/li><li>Lengua Castellana y Literatura I (4 h)<\/li><li>Primera Lengua Extranjera I (4 h)<\/li><li>Educaci\u00f3n F\u00edsica (2 h)<\/li><\/ul><p><\/li><li class=\"tab-pane \" id=\"ert_pane5-1\"><\/p><ul><li>Lat\u00edn I (4 h) o Matem\u00e1ticas aplicadas a las Ciencias Sociales I (4 h)<\/li><\/ul><p>Se cursan adem\u00e1s dos de las siguientes:<\/p><ul><li>Econom\u00eda (4 h)<\/li><li>Griego I (4 h)<\/li><li>Historia del Mundo Contempor\u00e1neo (4 h)<\/li><li>Literatura Universal (4 h)<\/li><\/ul><p><\/li><li class=\"tab-pane \" id=\"ert_pane5-2\"><\/p><ul><li>Antropolog\u00eda y Sociolog\u00eda (2 h)<\/li><li>Creaci\u00f3n Digital y Pensamiento Computacional (2 h)<\/li><li>Patrimonio Cultural de Andaluc\u00eda (2 h)<\/li><li>Segunda Lengua Extranjera I (2 h)<\/li><li>Tecnolog\u00edas de la Informaci\u00f3n y la Comunicaci\u00f3n I (2 h)<\/li><li>Educaci\u00f3n para la Convivencia Democr\u00e1tica I (2 h)<\/li><li>Aula de Debate (2 h)<\/li><li>Cultura Emprendedora y Empresarial (2 h)<\/li><\/ul><p><\/li><li class=\"tab-pane \" id=\"ert_pane5-3\"><\/p><ul><li>Religi\u00f3n \/ Proyectos transversales de Educaci\u00f3n en Valores (1 h)<\/li><\/ul><p><\/li><\/ul><\/div><\/div><\/p><h4>2\u00ba Curso (LOMLOE)<\/h4><p><div class=\"osc-res-tab tabbable   osc-tabs-left\"><div style=\"clear:both;width: 100%;\"><ul class=\"nav osc-res-nav nav-tabs osc-tabs-left-ul\" id=\"oscitas-restabs-6-bachillerato-46850\"><li class=\"active\"><a href=\"#ert_pane6-0\" data-toggle=\"tab\">Materias comunes<\/a><\/li><li class=\"\"><a href=\"#ert_pane6-1\" data-toggle=\"tab\">Materias de modalidad<\/a><\/li><li class=\"\"><a href=\"#ert_pane6-2\" data-toggle=\"tab\">Materias propias de la comunidad<\/a><\/li><li class=\"\"><a href=\"#ert_pane6-3\" data-toggle=\"tab\">Religi\u00f3n \/ Educaci\u00f3n en Valores<\/a><\/li><\/ul><\/div><div style=\"clear:both;width: 100%;\"><ul class=\"tab-content\" id=\"oscitas-restabcontent-6-bachillerato-46850\"><li class=\"tab-pane active\" id=\"ert_pane6-0\"><\/p><ul><li>Historia de Espa\u00f1a (4 h)<\/li><li>Historia de la Filosof\u00eda (3 h)<\/li><li>Lengua Castellana y Literatura II (3 h)<\/li><li>Primera Lengua Extranjera II (3 h)<\/li><\/ul><p><\/li><li class=\"tab-pane \" id=\"ert_pane6-1\"><\/p><ul><li>Lat\u00edn II (4 h) o Matem\u00e1ticas aplicadas a las Ciencias Sociales II (4 h)<\/li><\/ul><p>Se cursan adem\u00e1s dos de las siguientes:<\/p><ul><li>Empresa y Dise\u00f1o de Modelos de Negocio (4 h)<\/li><li>Geograf\u00eda (4 h)<\/li><li>Griego II (4 h)<\/li><li>Historia del Arte (4 h)<\/li><\/ul><p><\/li><li class=\"tab-pane \" id=\"ert_pane6-2\"><\/p><p>Se cursan 3 de las siguientes:<\/p><ul><li>Actividad F\u00edsica, Salud y Sociedad (2 h)<\/li><li>Finanzas y Econom\u00eda (2 h)<\/li><li>Mitolog\u00eda Cl\u00e1sica (2 h)<\/li><li>Psicolog\u00eda (2 h)<\/li><li>Segunda Lengua Extranjera II (2 h)<\/li><li>Tecnolog\u00edas de la Informaci\u00f3n y la Comunicaci\u00f3n II (2 h)<\/li><li>Delf de Franc\u00e9s B1-B2 (2 h )<\/li><li>Estad\u00edstica (2 h)<\/li><li>M\u00e9todos y T\u00e9cnicas de An\u00e1lisis Hist\u00f3rico (2 h)<\/li><li>An\u00e1lisis y Comentario de Texto (2 h)<\/li><li>Educaci\u00f3n en la Convivencia Democr\u00e1tica (2 h)<\/li><\/ul><p><\/li><li class=\"tab-pane \" id=\"ert_pane6-3\"><\/p><ul><li>Religi\u00f3n \/ Proyectos transversales de Educaci\u00f3n en Valores (1 h)<\/li><\/ul><p><\/li><\/ul><\/div><\/div><\/p><h3>\u00a0<\/h3><hr \/>\t\t\t\t\t\t\t\t<\/div>\n\t\t\t\t<\/div>\n\t\t\t\t\t<\/div>\n\t\t<\/div>\n\t\t\t\t\t<\/div>\n\t\t<\/section>\n\t\t\t\t<\/div>\n\t\t","protected":false},"excerpt":{"rendered":"<p>Bachillerato Modalidad de Artes Pl\u00e1sticas, Imagen y Dise\u00f1o 1er Curso (LOMLOE) 2\u00ba Curso (LOMLOE) \u00a0 https:\/\/youtu.be\/zgUXErQupog Modalidad de Ciencias e Ingenier\u00eda 1er Curso (LOMLOE) 2\u00ba Curso (LOMLOE) Modalidad de Humanidades y Ciencias Sociales 1er&#46;&#46;&#46;<\/p>\n","protected":false},"author":7792,"featured_media":0,"parent":0,"menu_order":0,"comment_status":"closed","ping_status":"closed","template":"","meta":{"ngg_post_thumbnail":0,"footnotes":""},"aioseo_notices":[],"_links":{"self":[{"href":"https:\/\/blogsaverroes.juntadeandalucia.es\/iesmarquesdecomares\/wp-json\/wp\/v2\/pages\/3048"}],"collection":[{"href":"https:\/\/blogsaverroes.juntadeandalucia.es\/iesmarquesdecomares\/wp-json\/wp\/v2\/pages"}],"about":[{"href":"https:\/\/blogsaverroes.juntadeandalucia.es\/iesmarquesdecomares\/wp-json\/wp\/v2\/types\/page"}],"author":[{"embeddable":true,"href":"https:\/\/blogsaverroes.juntadeandalucia.es\/iesmarquesdecomares\/wp-json\/wp\/v2\/users\/7792"}],"replies":[{"embeddable":true,"href":"https:\/\/blogsaverroes.juntadeandalucia.es\/iesmarquesdecomares\/wp-json\/wp\/v2\/comments?post=3048"}],"version-history":[{"count":120,"href":"https:\/\/blogsaverroes.juntadeandalucia.es\/iesmarquesdecomares\/wp-json\/wp\/v2\/pages\/3048\/revisions"}],"predecessor-version":[{"id":13662,"href":"https:\/\/blogsaverroes.juntadeandalucia.es\/iesmarquesdecomares\/wp-json\/wp\/v2\/pages\/3048\/revisions\/13662"}],"wp:attachment":[{"href":"https:\/\/blogsaverroes.juntadeandalucia.es\/iesmarquesdecomares\/wp-json\/wp\/v2\/media?parent=3048"}],"curies":[{"name":"wp","href":"https:\/\/api.w.org\/{rel}","templated":true}]}}