{"id":3109,"date":"2020-01-23T23:35:26","date_gmt":"2020-01-23T22:35:26","guid":{"rendered":"https:\/\/blogsaverroes.juntadeandalucia.es\/iesmarquesdecomares\/?page_id=3109"},"modified":"2020-01-23T23:44:32","modified_gmt":"2020-01-23T22:44:32","slug":"profesorado","status":"publish","type":"page","link":"https:\/\/blogsaverroes.juntadeandalucia.es\/iesmarquesdecomares\/profesorado\/","title":{"rendered":"Claustro"},"content":{"rendered":"\t\t<div data-elementor-type=\"wp-post\" data-elementor-id=\"3109\" class=\"elementor elementor-3109\">\n\t\t\t\t\t\t<section class=\"elementor-section elementor-top-section elementor-element elementor-element-49115b0 elementor-section-boxed elementor-section-height-default elementor-section-height-default\" data-id=\"49115b0\" data-element_type=\"section\">\n\t\t\t\t\t\t<div class=\"elementor-container elementor-column-gap-default\">\n\t\t\t\t\t<div class=\"elementor-column elementor-col-100 elementor-top-column elementor-element elementor-element-0afbf36\" data-id=\"0afbf36\" data-element_type=\"column\">\n\t\t\t<div class=\"elementor-widget-wrap elementor-element-populated\">\n\t\t\t\t\t\t<div class=\"elementor-element elementor-element-16af9ca elementor-widget elementor-widget-heading\" data-id=\"16af9ca\" data-element_type=\"widget\" data-widget_type=\"heading.default\">\n\t\t\t\t<div class=\"elementor-widget-container\">\n\t\t\t\t\t<h2 class=\"elementor-heading-title elementor-size-default\">Claustro 2019\/2020<\/h2>\t\t\t\t<\/div>\n\t\t\t\t<\/div>\n\t\t\t\t\t<\/div>\n\t\t<\/div>\n\t\t\t\t\t<\/div>\n\t\t<\/section>\n\t\t\t\t<section class=\"elementor-section elementor-top-section elementor-element elementor-element-935ab10 elementor-section-boxed elementor-section-height-default elementor-section-height-default\" data-id=\"935ab10\" data-element_type=\"section\">\n\t\t\t\t\t\t<div class=\"elementor-container elementor-column-gap-default\">\n\t\t\t\t\t<div class=\"elementor-column elementor-col-25 elementor-top-column elementor-element elementor-element-9d67c60\" data-id=\"9d67c60\" data-element_type=\"column\">\n\t\t\t<div class=\"elementor-widget-wrap elementor-element-populated\">\n\t\t\t\t\t\t<div class=\"elementor-element elementor-element-f0170bd elementor-position-top elementor-widget elementor-widget-image-box\" data-id=\"f0170bd\" data-element_type=\"widget\" data-widget_type=\"image-box.default\">\n\t\t\t\t<div class=\"elementor-widget-container\">\n\t\t\t\t\t<div class=\"elementor-image-box-wrapper\"><figure class=\"elementor-image-box-img\"><img fetchpriority=\"high\" decoding=\"async\" width=\"425\" height=\"588\" src=\"https:\/\/blogsaverroes.juntadeandalucia.es\/iesmarquesdecomares\/files\/2020\/01\/Algar-Mar\u00edn-Salvador.png\" class=\"elementor-animation-shrink attachment-full size-full wp-image-3112\" alt=\"\" srcset=\"https:\/\/blogsaverroes.juntadeandalucia.es\/iesmarquesdecomares\/files\/2020\/01\/Algar-Mar\u00edn-Salvador.png 425w, https:\/\/blogsaverroes.juntadeandalucia.es\/iesmarquesdecomares\/files\/2020\/01\/Algar-Mar\u00edn-Salvador-217x300.png 217w, https:\/\/blogsaverroes.juntadeandalucia.es\/iesmarquesdecomares\/files\/2020\/01\/Algar-Mar\u00edn-Salvador-17x24.png 17w, https:\/\/blogsaverroes.juntadeandalucia.es\/iesmarquesdecomares\/files\/2020\/01\/Algar-Mar\u00edn-Salvador-26x36.png 26w, https:\/\/blogsaverroes.juntadeandalucia.es\/iesmarquesdecomares\/files\/2020\/01\/Algar-Mar\u00edn-Salvador-35x48.png 35w\" sizes=\"(max-width: 425px) 100vw, 425px\" \/><\/figure><div class=\"elementor-image-box-content\"><h5 class=\"elementor-image-box-title\">Salvador Algar Mar\u00edn<\/h5><p class=\"elementor-image-box-description\">Dpto. de Inform\u00e1tica<\/p><\/div><\/div>\t\t\t\t<\/div>\n\t\t\t\t<\/div>\n\t\t\t\t\t<\/div>\n\t\t<\/div>\n\t\t\t\t<div class=\"elementor-column elementor-col-25 elementor-top-column elementor-element elementor-element-40e5079\" data-id=\"40e5079\" data-element_type=\"column\">\n\t\t\t<div class=\"elementor-widget-wrap elementor-element-populated\">\n\t\t\t\t\t\t<div class=\"elementor-element elementor-element-42a3bb0 elementor-position-top elementor-widget elementor-widget-image-box\" data-id=\"42a3bb0\" data-element_type=\"widget\" data-widget_type=\"image-box.default\">\n\t\t\t\t<div class=\"elementor-widget-container\">\n\t\t\t\t\t<div class=\"elementor-image-box-wrapper\"><figure class=\"elementor-image-box-img\"><img fetchpriority=\"high\" decoding=\"async\" width=\"425\" height=\"588\" src=\"https:\/\/blogsaverroes.juntadeandalucia.es\/iesmarquesdecomares\/files\/2020\/01\/Algar-Mar\u00edn-Salvador.png\" class=\"elementor-animation-shrink attachment-full size-full wp-image-3112\" alt=\"\" srcset=\"https:\/\/blogsaverroes.juntadeandalucia.es\/iesmarquesdecomares\/files\/2020\/01\/Algar-Mar\u00edn-Salvador.png 425w, https:\/\/blogsaverroes.juntadeandalucia.es\/iesmarquesdecomares\/files\/2020\/01\/Algar-Mar\u00edn-Salvador-217x300.png 217w, https:\/\/blogsaverroes.juntadeandalucia.es\/iesmarquesdecomares\/files\/2020\/01\/Algar-Mar\u00edn-Salvador-17x24.png 17w, https:\/\/blogsaverroes.juntadeandalucia.es\/iesmarquesdecomares\/files\/2020\/01\/Algar-Mar\u00edn-Salvador-26x36.png 26w, https:\/\/blogsaverroes.juntadeandalucia.es\/iesmarquesdecomares\/files\/2020\/01\/Algar-Mar\u00edn-Salvador-35x48.png 35w\" sizes=\"(max-width: 425px) 100vw, 425px\" \/><\/figure><div class=\"elementor-image-box-content\"><h5 class=\"elementor-image-box-title\">Salvador Algar Mar\u00edn<\/h5><p class=\"elementor-image-box-description\">Dpto. de Inform\u00e1tica<\/p><\/div><\/div>\t\t\t\t<\/div>\n\t\t\t\t<\/div>\n\t\t\t\t\t<\/div>\n\t\t<\/div>\n\t\t\t\t<div class=\"elementor-column elementor-col-25 elementor-top-column elementor-element elementor-element-dacfc67\" data-id=\"dacfc67\" data-element_type=\"column\">\n\t\t\t<div class=\"elementor-widget-wrap\">\n\t\t\t\t\t\t\t<\/div>\n\t\t<\/div>\n\t\t\t\t<div class=\"elementor-column elementor-col-25 elementor-top-column elementor-element elementor-element-cd406f6\" data-id=\"cd406f6\" data-element_type=\"column\">\n\t\t\t<div class=\"elementor-widget-wrap\">\n\t\t\t\t\t\t\t<\/div>\n\t\t<\/div>\n\t\t\t\t\t<\/div>\n\t\t<\/section>\n\t\t\t\t<\/div>\n\t\t","protected":false},"excerpt":{"rendered":"<p>Claustro 2019\/2020 Salvador Algar Mar\u00edn Dpto. de Inform\u00e1tica Salvador Algar Mar\u00edn Dpto. de Inform\u00e1tica<\/p>\n","protected":false},"author":8171,"featured_media":0,"parent":0,"menu_order":0,"comment_status":"closed","ping_status":"closed","template":"","meta":{"ngg_post_thumbnail":0,"footnotes":""},"aioseo_notices":[],"_links":{"self":[{"href":"https:\/\/blogsaverroes.juntadeandalucia.es\/iesmarquesdecomares\/wp-json\/wp\/v2\/pages\/3109"}],"collection":[{"href":"https:\/\/blogsaverroes.juntadeandalucia.es\/iesmarquesdecomares\/wp-json\/wp\/v2\/pages"}],"about":[{"href":"https:\/\/blogsaverroes.juntadeandalucia.es\/iesmarquesdecomares\/wp-json\/wp\/v2\/types\/page"}],"author":[{"embeddable":true,"href":"https:\/\/blogsaverroes.juntadeandalucia.es\/iesmarquesdecomares\/wp-json\/wp\/v2\/users\/8171"}],"replies":[{"embeddable":true,"href":"https:\/\/blogsaverroes.juntadeandalucia.es\/iesmarquesdecomares\/wp-json\/wp\/v2\/comments?post=3109"}],"version-history":[{"count":5,"href":"https:\/\/blogsaverroes.juntadeandalucia.es\/iesmarquesdecomares\/wp-json\/wp\/v2\/pages\/3109\/revisions"}],"predecessor-version":[{"id":3120,"href":"https:\/\/blogsaverroes.juntadeandalucia.es\/iesmarquesdecomares\/wp-json\/wp\/v2\/pages\/3109\/revisions\/3120"}],"wp:attachment":[{"href":"https:\/\/blogsaverroes.juntadeandalucia.es\/iesmarquesdecomares\/wp-json\/wp\/v2\/media?parent=3109"}],"curies":[{"name":"wp","href":"https:\/\/api.w.org\/{rel}","templated":true}]}}