{"id":35,"date":"2015-03-13T08:21:43","date_gmt":"2015-03-13T08:21:43","guid":{"rendered":"http:\/\/blogsaverroes.juntadeandalucia.es\/pre\/ceip\/?page_id=35"},"modified":"2021-02-22T13:02:39","modified_gmt":"2021-02-22T12:02:39","slug":"el-centro-2","status":"publish","type":"page","link":"https:\/\/blogsaverroes.juntadeandalucia.es\/iesmarquesdecomares\/el-centro-2\/","title":{"rendered":"Datos del centro"},"content":{"rendered":"<p><iframe src=\"https:\/\/www.google.com\/maps\/embed?pb=!1m14!1m12!1m3!1d1120.445741824062!2d-4.477484352102321!3d37.41113181879982!2m3!1f0!2f0!3f0!3m2!1i1024!2i768!4f13.1!5e0!3m2!1ses!2ses!4v1613995342826!5m2!1ses!2ses\" width=\"600\" height=\"450\"><\/iframe><\/p>\n<h4>Datos de contacto<\/h4>\n<p>IES Marqu\u00e9s de Comares<\/p>\n<p><strong>Direcci\u00f3n:<\/strong> &nbsp;Calle Juego de Pelota, 54. 14900 Lucena, C\u00f3rdoba.&nbsp;<br \/>\n<strong>Tel\u00e9fono \/ FAX: <\/strong>957 59 69 15 \/ 957 59 69 16<br \/>\n<strong>Email:<\/strong> 14004580.edu@juntadeandalucia.es<\/p>\n<h4><strong>Horarios<\/strong><\/h4>\n<ul>\n<li>Oficina: de lunes a viernes de 9:30 a 13:00.<\/li>\n<li>Clases en diurno: de 8:30 a 15:00<\/li>\n<li>Clases en nocturno: de 16:30 a 22:30, var\u00edan en funci\u00f3n de la ense\u00f1anza.<\/li>\n<\/ul>\n","protected":false},"excerpt":{"rendered":"<p>Datos de contacto IES Marqu\u00e9s de Comares Direcci\u00f3n: &nbsp;Calle Juego de Pelota, 54. 14900 Lucena, C\u00f3rdoba.&nbsp; Tel\u00e9fono \/ FAX: 957 59 69 15 \/ 957 59 69 16 Email: 14004580.edu@juntadeandalucia.es Horarios Oficina: de lunes&#46;&#46;&#46;<\/p>\n","protected":false},"author":1,"featured_media":0,"parent":0,"menu_order":0,"comment_status":"open","ping_status":"open","template":"","meta":{"ngg_post_thumbnail":0,"footnotes":""},"aioseo_notices":[],"_links":{"self":[{"href":"https:\/\/blogsaverroes.juntadeandalucia.es\/iesmarquesdecomares\/wp-json\/wp\/v2\/pages\/35"}],"collection":[{"href":"https:\/\/blogsaverroes.juntadeandalucia.es\/iesmarquesdecomares\/wp-json\/wp\/v2\/pages"}],"about":[{"href":"https:\/\/blogsaverroes.juntadeandalucia.es\/iesmarquesdecomares\/wp-json\/wp\/v2\/types\/page"}],"author":[{"embeddable":true,"href":"https:\/\/blogsaverroes.juntadeandalucia.es\/iesmarquesdecomares\/wp-json\/wp\/v2\/users\/1"}],"replies":[{"embeddable":true,"href":"https:\/\/blogsaverroes.juntadeandalucia.es\/iesmarquesdecomares\/wp-json\/wp\/v2\/comments?post=35"}],"version-history":[{"count":24,"href":"https:\/\/blogsaverroes.juntadeandalucia.es\/iesmarquesdecomares\/wp-json\/wp\/v2\/pages\/35\/revisions"}],"predecessor-version":[{"id":4038,"href":"https:\/\/blogsaverroes.juntadeandalucia.es\/iesmarquesdecomares\/wp-json\/wp\/v2\/pages\/35\/revisions\/4038"}],"wp:attachment":[{"href":"https:\/\/blogsaverroes.juntadeandalucia.es\/iesmarquesdecomares\/wp-json\/wp\/v2\/media?parent=35"}],"curies":[{"name":"wp","href":"https:\/\/api.w.org\/{rel}","templated":true}]}}