{"id":3675,"date":"2020-09-15T20:52:33","date_gmt":"2020-09-15T19:52:33","guid":{"rendered":"https:\/\/blogsaverroes.juntadeandalucia.es\/iesmarquesdecomares\/?page_id=3675"},"modified":"2025-10-20T20:52:37","modified_gmt":"2025-10-20T19:52:37","slug":"emails-del-profesorado","status":"publish","type":"page","link":"https:\/\/blogsaverroes.juntadeandalucia.es\/iesmarquesdecomares\/emails-del-profesorado\/","title":{"rendered":"Emails del profesorado"},"content":{"rendered":"\t\t<div data-elementor-type=\"wp-page\" data-elementor-id=\"3675\" class=\"elementor elementor-3675\">\n\t\t\t\t\t\t<section class=\"elementor-section elementor-top-section elementor-element elementor-element-59c2ad5 elementor-section-boxed elementor-section-height-default elementor-section-height-default\" data-id=\"59c2ad5\" data-element_type=\"section\">\n\t\t\t\t\t\t<div class=\"elementor-container elementor-column-gap-default\">\n\t\t\t\t\t<div class=\"elementor-column elementor-col-100 elementor-top-column elementor-element elementor-element-8410c5b\" data-id=\"8410c5b\" data-element_type=\"column\">\n\t\t\t<div class=\"elementor-widget-wrap\">\n\t\t\t\t\t\t\t<\/div>\n\t\t<\/div>\n\t\t\t\t\t<\/div>\n\t\t<\/section>\n\t\t\t\t<section class=\"elementor-section elementor-top-section elementor-element elementor-element-dfc7446 elementor-section-boxed elementor-section-height-default elementor-section-height-default\" data-id=\"dfc7446\" data-element_type=\"section\">\n\t\t\t\t\t\t<div class=\"elementor-container elementor-column-gap-default\">\n\t\t\t\t\t<div class=\"elementor-column elementor-col-100 elementor-top-column elementor-element elementor-element-1842e65\" data-id=\"1842e65\" data-element_type=\"column\">\n\t\t\t<div class=\"elementor-widget-wrap elementor-element-populated\">\n\t\t\t\t\t\t<div class=\"elementor-element elementor-element-209193e elementor-widget elementor-widget-image\" data-id=\"209193e\" data-element_type=\"widget\" data-widget_type=\"image.default\">\n\t\t\t\t<div class=\"elementor-widget-container\">\n\t\t\t\t\t\t\t\t\t\t\t\t\t\t\t<img fetchpriority=\"high\" decoding=\"async\" width=\"1268\" height=\"469\" src=\"https:\/\/blogsaverroes.juntadeandalucia.es\/iesmarquesdecomares\/files\/2025\/10\/Screenshot_16.jpg\" class=\"attachment-1536x1536 size-1536x1536 wp-image-14548\" alt=\"\" srcset=\"https:\/\/blogsaverroes.juntadeandalucia.es\/iesmarquesdecomares\/files\/2025\/10\/Screenshot_16.jpg 1268w, https:\/\/blogsaverroes.juntadeandalucia.es\/iesmarquesdecomares\/files\/2025\/10\/Screenshot_16-300x111.jpg 300w, https:\/\/blogsaverroes.juntadeandalucia.es\/iesmarquesdecomares\/files\/2025\/10\/Screenshot_16-1024x379.jpg 1024w, https:\/\/blogsaverroes.juntadeandalucia.es\/iesmarquesdecomares\/files\/2025\/10\/Screenshot_16-768x284.jpg 768w\" sizes=\"(max-width: 1268px) 100vw, 1268px\" \/>\t\t\t\t\t\t\t\t\t\t\t\t\t\t\t<\/div>\n\t\t\t\t<\/div>\n\t\t\t\t\t<\/div>\n\t\t<\/div>\n\t\t\t\t\t<\/div>\n\t\t<\/section>\n\t\t\t\t<section class=\"elementor-section elementor-top-section elementor-element elementor-element-612a426 elementor-section-boxed elementor-section-height-default elementor-section-height-default\" data-id=\"612a426\" data-element_type=\"section\">\n\t\t\t\t\t\t<div class=\"elementor-container elementor-column-gap-default\">\n\t\t\t\t\t<div class=\"elementor-column elementor-col-100 elementor-top-column elementor-element elementor-element-1014ec6\" data-id=\"1014ec6\" data-element_type=\"column\">\n\t\t\t<div class=\"elementor-widget-wrap elementor-element-populated\">\n\t\t\t\t\t\t<div class=\"elementor-element elementor-element-d7fbc14 elementor-widget elementor-widget-text-editor\" data-id=\"d7fbc14\" data-element_type=\"widget\" data-widget_type=\"text-editor.default\">\n\t\t\t\t<div class=\"elementor-widget-container\">\n\t\t\t\t\t\t\t\t\t<p><!--td {border: 1px solid #cccccc;}br {mso-data-placement:same-cell;}--><\/p><p><!--td {border: 1px solid #cccccc;}br {mso-data-placement:same-cell;}--><\/p><table dir=\"ltr\" style=\"width: 100%\" border=\"1\" cellspacing=\"0\" cellpadding=\"0\"><colgroup> <col width=\"202\" \/> <col width=\"333\" \/><\/colgroup><tbody><tr><td style=\"width: 29.104%\" data-sheets-value=\"{&quot;1&quot;:2,&quot;2&quot;:&quot;Profesor\/a&quot;}\"><strong>Profesor\/a<\/strong><\/td><td style=\"width: 53.6748%\" data-sheets-value=\"{&quot;1&quot;:2,&quot;2&quot;:&quot;Correo corporativo&quot;}\"><strong>Correo corporativo<\/strong><\/td><\/tr><tr><td style=\"width: 29.104%\">Adamuz Almir\u00f3n, Israel<\/td><td style=\"width: 53.6748%\">israeladamuz@iesmarquesdecomares.org<\/td><\/tr><tr><td style=\"width: 29.104%\">Alarc\u00f3n S\u00e1nchez, Alberto de<\/td><td style=\"width: 53.6748%\">alberto.dealarcon.pro@iesmarquesdecomares.org<\/td><\/tr><tr><td style=\"width: 29.104%\">Algar Mar\u00edn, Salvador<\/td><td style=\"width: 53.6748%\">secretaria@iesmarquesdecomares.org<\/td><\/tr><tr><td style=\"width: 29.104%\">Angulo Moreno, Pedro Manuel<\/td><td style=\"width: 53.6748%\">pm.angulo.moreno.pro@iesmarquesdecomares.org<\/td><\/tr><tr><td style=\"width: 29.104%\">Arroyo Tom\u00e9, Jes\u00fas Manuel<\/td><td style=\"width: 53.6748%\">jm.arroyo.tome.pro@iesmarquesdecomares.org<\/td><\/tr><tr><td style=\"width: 29.104%\">Ayala Henares, Mar\u00eda del Carmen<\/td><td style=\"width: 53.6748%\">mc.ayala.henares.pro@iesmarquesdecomares.org<\/td><\/tr><tr><td style=\"width: 29.104%\">Bueno Oliveros, Mar\u00eda Teresa<\/td><td style=\"width: 53.6748%\">teresa.bueno.oliveros.pro@iesmarquesdecomares.org<\/td><\/tr><tr><td style=\"width: 29.104%\">Cabezas Doblas, Mar\u00eda del Carmen<\/td><td style=\"width: 53.6748%\">mccabezas@iesmarquesdecomares.org<\/td><\/tr><tr><td style=\"width: 29.104%\">Cabrera Moscoso, Rafael<\/td><td style=\"width: 53.6748%\">rcabreratic@iesmarquesdecomares.org<\/td><\/tr><tr><td style=\"width: 29.104%\">Cano Lucena, Mar\u00eda Cristina<\/td><td style=\"width: 53.6748%\">ccano@iesmarquesdecomares.org<\/td><\/tr><tr><td style=\"width: 29.104%\">Cano Montoro, Encarnaci\u00f3n<\/td><td style=\"width: 53.6748%\">encarnacioncano@iesmarquesdecomares.org<\/td><\/tr><tr><td style=\"width: 29.104%\">Cano P\u00e9rez, Rafael<\/td><td style=\"width: 53.6748%\">rafael.cano@iesmarquesdecomares.org<\/td><\/tr><tr><td style=\"width: 29.104%\">Cantero Beato, Mar\u00eda Josefa<\/td><td style=\"width: 53.6748%\">mjcanterobeato@iesmarquesdecomares.org<\/td><\/tr><tr><td style=\"width: 29.104%\">Cantizani Bujalance, Jos\u00e9<\/td><td style=\"width: 53.6748%\">jcantizani@iesmarquesdecomares.org<\/td><\/tr><tr><td style=\"width: 29.104%\">Cantizani Ruiz, Araceli<\/td><td style=\"width: 53.6748%\">aracelicantizani@iesmarquesdecomares.org<\/td><\/tr><tr><td style=\"width: 29.104%\">Ca\u00f1adas Fern\u00e1ndez, Cristina<\/td><td style=\"width: 53.6748%\">cristinacanadas@iesmarquesdecomares.org<\/td><\/tr><tr><td style=\"width: 29.104%\">Castillo Vega, Rafael<\/td><td style=\"width: 53.6748%\">rafaelcastillo@iesmarquesdecomares.org<\/td><\/tr><tr><td style=\"width: 29.104%\">Checa G\u00f3mez, Laura<\/td><td style=\"width: 53.6748%\">lauracheca@iesmarquesdecomares.org<\/td><\/tr><tr><td style=\"width: 29.104%\">Comino Vilches, Teresa<\/td><td style=\"width: 53.6748%\">t.comino.vilches.pro@iesmarquesdecomares.org<\/td><\/tr><tr><td style=\"width: 29.104%\">Contreras Arroyo, Beatriz<\/td><td style=\"width: 53.6748%\">beatrizcontreras@iesmarquesdecomares.org<\/td><\/tr><tr><td style=\"width: 29.104%\">C\u00f3rdoba Sarmiento, Ana Jade<\/td><td style=\"width: 53.6748%\">anacordoba@iesmarquesdecomares.org<\/td><\/tr><tr><td style=\"width: 29.104%\">Criado Rodr\u00edguez-Carretero, Joaqu\u00edn<\/td><td style=\"width: 53.6748%\">joaquincriado@iesmarquesdecomares.org<\/td><\/tr><tr><td style=\"width: 29.104%\">Delgado Ige\u00f1o, Francisco Manuel<\/td><td style=\"width: 53.6748%\">fmdelgadoigeno@iesmarquesdecomares.org<\/td><\/tr><tr><td style=\"width: 29.104%\">Delgado Moreno, \u00c1ngel<\/td><td style=\"width: 53.6748%\">angeldelgado@iesmarquesdecomares.org<\/td><\/tr><tr><td style=\"width: 29.104%\">Exp\u00f3sito Carrillo, Jos\u00e9 Antonio<\/td><td style=\"width: 53.6748%\">jaexposito@iesmarquesdecomares.org<\/td><\/tr><tr><td style=\"width: 29.104%\">Fern\u00e1ndez Fern\u00e1ndez, Rafael<\/td><td style=\"width: 53.6748%\">r.fernandez.fernandez.pro@iesmarquesdecomares.org<\/td><\/tr><tr><td style=\"width: 29.104%\">Fern\u00e1ndez Gordillo, Rut Mar\u00eda<\/td><td style=\"width: 53.6748%\">rutfernandez@iesmarquesdecomares.org<\/td><\/tr><tr><td style=\"width: 29.104%\">Florido Ag\u00fcera, Mar\u00eda del Carmen<\/td><td style=\"width: 53.6748%\">mcflorido.pro@iesmarquesdecomares.org<\/td><\/tr><tr><td style=\"width: 29.104%\">Fontiveros Guerrero, Mar\u00eda Josefa<\/td><td style=\"width: 53.6748%\">mjfontiveros@iesmarquesdecomares.org<\/td><\/tr><tr><td style=\"width: 29.104%\">Garc\u00eda G\u00e1lvez, Mar\u00eda Sandra<\/td><td style=\"width: 53.6748%\">sandragarcia@iesmarquesdecomares.org<\/td><\/tr><tr><td style=\"width: 29.104%\">Garc\u00eda S\u00e1nchez, L\u00e1zaro<\/td><td style=\"width: 53.6748%\">l.garcia.sanchez.pro@iesmarquesdecomares.org<\/td><\/tr><tr><td style=\"width: 29.104%\">Garz\u00f3n Ariza, Alicia<\/td><td style=\"width: 53.6748%\">aliciagarzon@iesmarquesdecomares.org<\/td><\/tr><tr><td style=\"width: 29.104%\">G\u00f3mez Henares, Manuel<\/td><td style=\"width: 53.6748%\">manuelgomezhenares@iesmarquesdecomares.org<\/td><\/tr><tr><td style=\"width: 29.104%\">G\u00f3mez Santacristina, Juan<\/td><td style=\"width: 53.6748%\">jgomez@iesmarquesdecomares.org<\/td><\/tr><tr><td style=\"width: 29.104%\">Herrera \u00c1lvarez, \u00c1ngel<\/td><td style=\"width: 53.6748%\">angelherrera@iesmarquesdecomares.org<\/td><\/tr><tr><td style=\"width: 29.104%\">Hidalgo Oteros, Santiago Jos\u00e9<\/td><td style=\"width: 53.6748%\">sj.hidalgo.oteros.pro@iesmarquesdecomares.org<\/td><\/tr><tr><td style=\"width: 29.104%\">Hige\u00f1o Delgado, Araceli Ana<\/td><td style=\"width: 53.6748%\">aa.higueno.delgado.pro@iesmarquesdecomares.org<\/td><\/tr><tr><td style=\"width: 29.104%\">Jim\u00e9nez Molina, Silvia<\/td><td style=\"width: 53.6748%\">silviajimenez@iesmarquesdecomares.org<\/td><\/tr><tr><td style=\"width: 29.104%\">Jodral Estepa, Sergio<\/td><td style=\"width: 53.6748%\">sergiojodral@iesmarquesdecomares.org<\/td><\/tr><tr><td style=\"width: 29.104%\">Lamarca Rosales, Alberto<\/td><td style=\"width: 53.6748%\">a.lamarca.rosales.pro@iesmarquesdecomares.org<\/td><\/tr><tr><td style=\"width: 29.104%\">Lavela Jim\u00e9nez, Jos\u00e9 Fernando<\/td><td style=\"width: 53.6748%\">director@iesmarquesdecomares.org<\/td><\/tr><tr><td style=\"width: 29.104%\">Le\u00f3n Carmona, Miguel \u00c1ngel<\/td><td style=\"width: 53.6748%\">mianlecar@iesmarquesdecomares.org<\/td><\/tr><tr><td style=\"width: 29.104%\">Lopera Rodr\u00edguez, Rafael<\/td><td style=\"width: 53.6748%\">jefaturanocturno@iesmarquesdecomares.org<\/td><\/tr><tr><td style=\"width: 29.104%\">L\u00f3pez Jim\u00e9nez, Antonio Jes\u00fas<\/td><td style=\"width: 53.6748%\">ajlopezjimenez@iesmarquesdecomares.org<\/td><\/tr><tr><td style=\"width: 29.104%\">Luque Castro, Antonio Rafael<\/td><td style=\"width: 53.6748%\">aluque.pro@iesmarquesdecomares.org<\/td><\/tr><tr><td style=\"width: 29.104%\">Luque Villatoro, Pedro Antonio<\/td><td style=\"width: 53.6748%\">pa.luque.villatoro.pro@iesmarquesdecomares.org<\/td><\/tr><tr><td style=\"width: 29.104%\">Manzano Rueda, \u00c1lvaro<\/td><td style=\"width: 53.6748%\">alvaromanzano@iesmarquesdecomares.org<\/td><\/tr><tr><td style=\"width: 29.104%\">Mart\u00ednez Escudero, Antonio<\/td><td style=\"width: 53.6748%\">antoniomartinez@iesmarquesdecomares.org<\/td><\/tr><tr><td style=\"width: 29.104%\">Mart\u00ednez Ma\u00edllo, Marina<\/td><td style=\"width: 53.6748%\">marinamartinez@iesmarquesdecomares.org<\/td><\/tr><tr><td style=\"width: 29.104%\">Molina Bl\u00e1zquez, Mar\u00eda Araceli<\/td><td style=\"width: 53.6748%\">ma.molina.blazquez.pro@iesmarquesdecomares.org<\/td><\/tr><tr><td style=\"width: 29.104%\">Molina Caballero, Joaqu\u00edn<\/td><td style=\"width: 53.6748%\">joaquinmolina@iesmarquesdecomares.org<\/td><\/tr><tr><td style=\"width: 29.104%\">Molina L\u00e9rida, Rosa Mar\u00eda<\/td><td style=\"width: 53.6748%\">rm.molina.lerida.pro@iesmarquesdecomares.org<\/td><\/tr><tr><td style=\"width: 29.104%\">Monta\u00f1o G\u00f3mez, Jos\u00e9 Antonio<\/td><td style=\"width: 53.6748%\">joseantoniomontano@iesmarquesdecomares.org<\/td><\/tr><tr><td style=\"width: 29.104%\">Moreno Garc\u00eda, Mar\u00eda Dolores<\/td><td style=\"width: 53.6748%\">d.moreno.garcia.pro@iesmarquesdecomares.org<\/td><\/tr><tr><td style=\"width: 29.104%\">Moreno Ruiz, Germ\u00e1n<\/td><td style=\"width: 53.6748%\">gmoreno@iesmarquesdecomares.org<\/td><\/tr><tr><td style=\"width: 29.104%\">Moreno Torrecillas, M\u00f3nica<\/td><td style=\"width: 53.6748%\">mmoreno@iesmarquesdecomares.org<\/td><\/tr><tr><td style=\"width: 29.104%\">Mu\u00f1oz Ruiz, Rafael Carlos<\/td><td style=\"width: 53.6748%\">rafael.munoz@iesmarquesdecomares.org<\/td><\/tr><tr><td style=\"width: 29.104%\">Muriel Salas, Jorge<\/td><td style=\"width: 53.6748%\">jorgemuriel@iesmarquesdecomares.org<\/td><\/tr><tr><td style=\"width: 29.104%\">Ord\u00f3\u00f1ez Montes, Israel<\/td><td style=\"width: 53.6748%\">israelordonez@iesmarquesdecomares.org<\/td><\/tr><tr><td style=\"width: 29.104%\">Ortiz Rodr\u00edguez, Matilde<\/td><td style=\"width: 53.6748%\">m.ortiz.rodriguez.pro@iesmarquesdecomares.org<\/td><\/tr><tr><td style=\"width: 29.104%\">Ortiz Rodr\u00edguez, Sara<\/td><td style=\"width: 53.6748%\">saraortiz@iesmarquesdecomares.org<\/td><\/tr><tr><td style=\"width: 29.104%\">Paniego Fern\u00e1ndez, Alejandro Isaac<\/td><td style=\"width: 53.6748%\">apaniego.pro@iesmarquesdecomares.org<\/td><\/tr><tr><td style=\"width: 29.104%\">Pareja Jaime, Yolanda<\/td><td style=\"width: 53.6748%\">yolandapareja@iesmarquesdecomares.org<\/td><\/tr><tr><td style=\"width: 29.104%\">Parra Luna, Juan Pedro<\/td><td style=\"width: 53.6748%\">juanpedro.parra.luna.pro@iesmarquesdecomares.org<\/td><\/tr><tr><td style=\"width: 29.104%\">Parra Mart\u00edn, Sonia<\/td><td style=\"width: 53.6748%\">soniaparra@iesmarquesdecomares.org<\/td><\/tr><tr><td style=\"width: 29.104%\">Pedraza Garc\u00eda, Adolfo Jos\u00e9<\/td><td style=\"width: 53.6748%\">aj.pedraza.garcia.pro@iesmarquesdecomares.org<\/td><\/tr><tr><td style=\"width: 29.104%\">P\u00e9rez Agudo, Mar\u00eda Carmen<\/td><td style=\"width: 53.6748%\">mcperezagudo@iesmarquesdecomares.org<\/td><\/tr><tr><td style=\"width: 29.104%\">P\u00e9rez Guerrero, Juan Francisco<\/td><td style=\"width: 53.6748%\">juanpergue62@iesmarquesdecomares.org<\/td><\/tr><tr><td style=\"width: 29.104%\">Pina Torres, Mar\u00eda Esther<\/td><td style=\"width: 53.6748%\">estherpina@iesmarquesdecomares.org<\/td><\/tr><tr><td style=\"width: 29.104%\">Pino Ortiz, Mar\u00eda Araceli<\/td><td style=\"width: 53.6748%\">aracelipino@iesmarquesdecomares.org<\/td><\/tr><tr><td style=\"width: 29.104%\">Pizarro Berenjena, Guadalupe<\/td><td style=\"width: 53.6748%\">guadalupepizarro@iesmarquesdecomares.org<\/td><\/tr><tr><td style=\"width: 29.104%\">Quero Piernagorda, Javier<\/td><td style=\"width: 53.6748%\">javierquero@iesmarquesdecomares.org<\/td><\/tr><tr><td style=\"width: 29.104%\">Ram\u00edrez Comino, Aurora<\/td><td style=\"width: 53.6748%\">auroraramirez@iesmarquesdecomares.org<\/td><\/tr><tr><td style=\"width: 29.104%\">Ram\u00edrez Zurita, Juan Luis<\/td><td style=\"width: 53.6748%\">juanluisramirez@iesmarquesdecomares.org<\/td><\/tr><tr><td style=\"width: 29.104%\">Ramos Infante, Jos\u00e9 Antonio<\/td><td style=\"width: 53.6748%\">ja.ramos.infante.pro@iesmarquesdecomares.org<\/td><\/tr><tr><td style=\"width: 29.104%\">Regal Mu\u00f1oz, Manuel<\/td><td style=\"width: 53.6748%\">manuelregal@iesmarquesdecomares.org<\/td><\/tr><tr><td style=\"width: 29.104%\">Reyes Quintero, Rafael<\/td><td style=\"width: 53.6748%\">rafaelreyes@iesmarquesdecomares.org<\/td><\/tr><tr><td style=\"width: 29.104%\">Rold\u00e1n Garc\u00eda, Lourdes<\/td><td style=\"width: 53.6748%\">l.roldan.garcia.pro@iesmarquesdecomares.org<\/td><\/tr><tr><td style=\"width: 29.104%\">Rold\u00e1n Ruiz, Gema<\/td><td style=\"width: 53.6748%\">g.roldan.ruiz.pro@iesmarquesdecomares.org<\/td><\/tr><tr><td style=\"width: 29.104%\">Rosa Jim\u00e9nez, Antonio Jes\u00fas de la<\/td><td style=\"width: 53.6748%\">antoniorosa.pro@iesmarquesdecomares.org<\/td><\/tr><tr><td style=\"width: 29.104%\">Ruiz Granados, Antonio<\/td><td style=\"width: 53.6748%\">aruiz@iesmarquesdecomares.org<\/td><\/tr><tr><td style=\"width: 29.104%\">Sabariego del Castillo, Jos\u00e9 Mar\u00eda<\/td><td style=\"width: 53.6748%\">sabariegodelcastillo@iesmarquesdecomares.org<\/td><\/tr><tr><td style=\"width: 29.104%\">S\u00e1ez Escobar, Juan Luis<\/td><td style=\"width: 53.6748%\">jlsaezescobar@iesmarquesdecomares.org<\/td><\/tr><tr><td style=\"width: 29.104%\">S\u00e1nchez Borox, Jes\u00fas<\/td><td style=\"width: 53.6748%\">jsanchezborox@iesmarquesdecomares.org<\/td><\/tr><tr><td style=\"width: 29.104%\">S\u00e1nchez Guti\u00e9rrez, Violeta<\/td><td style=\"width: 53.6748%\">violetasanchez@iesmarquesdecomares.org<\/td><\/tr><tr><td style=\"width: 29.104%\">S\u00e1nchez Mar\u00edn, Luc\u00eda<\/td><td style=\"width: 53.6748%\">luciasanchez@iesmarquesdecomares.org<\/td><\/tr><tr><td style=\"width: 29.104%\">S\u00e9gall, Val\u00e9rie Sylvie<\/td><td style=\"width: 53.6748%\">vs.segall.pro@iesmarquesdecomares.org<\/td><\/tr><tr><td style=\"width: 29.104%\">Servi\u00e1n Fern\u00e1ndez, Rosario<\/td><td style=\"width: 53.6748%\">rosarioservian@iesmarquesdecomares.org<\/td><\/tr><tr><td style=\"width: 29.104%\">Stelmach, Jolanta<\/td><td style=\"width: 53.6748%\">jolantastelmach@iesmarquesdecomares.org<\/td><\/tr><tr><td style=\"width: 29.104%\">Toboso Garc\u00eda, Carmen Gloria<\/td><td style=\"width: 53.6748%\">carmengloriatoboso@iesmarquesdecomares.org<\/td><\/tr><tr><td style=\"width: 29.104%\">Valenzuela Maga\u00f1a, Juan Fernando<\/td><td style=\"width: 53.6748%\">jf.valenzuela.magana.pro@iesmarquesdecomares.org<\/td><\/tr><tr><td style=\"width: 29.104%\">Vi\u00f1uelas Mosquera, Carlos<\/td><td style=\"width: 53.6748%\">carlosvinuelas@iesmarquesdecomares.org<\/td><\/tr><tr><td style=\"width: 29.104%\">Yedra Castro, Juan de Dios<\/td><td style=\"width: 53.6748%\">jdyedra@iesmarquesdecomares.org<\/td><\/tr><tr><td style=\"width: 29.104%\">\u00a0<\/td><td style=\"width: 53.6748%\">\u00a0<\/td><\/tr><tr><td style=\"width: 29.104%\">\u00a0<\/td><td style=\"width: 53.6748%\">\u00a0<\/td><\/tr><tr><td style=\"width: 29.104%\">\u00a0<\/td><td style=\"width: 53.6748%\">\u00a0<\/td><\/tr><\/tbody><\/table>\t\t\t\t\t\t\t\t<\/div>\n\t\t\t\t<\/div>\n\t\t\t\t\t<\/div>\n\t\t<\/div>\n\t\t\t\t\t<\/div>\n\t\t<\/section>\n\t\t\t\t<\/div>\n\t\t","protected":false},"excerpt":{"rendered":"<p>Profesor\/a Correo corporativo Adamuz Almir\u00f3n, Israel israeladamuz@iesmarquesdecomares.org Alarc\u00f3n S\u00e1nchez, Alberto de alberto.dealarcon.pro@iesmarquesdecomares.org Algar Mar\u00edn, Salvador secretaria@iesmarquesdecomares.org Angulo Moreno, Pedro Manuel pm.angulo.moreno.pro@iesmarquesdecomares.org Arroyo Tom\u00e9, Jes\u00fas Manuel jm.arroyo.tome.pro@iesmarquesdecomares.org Ayala Henares, Mar\u00eda del Carmen mc.ayala.henares.pro@iesmarquesdecomares.org Bueno Oliveros,&#46;&#46;&#46;<\/p>\n","protected":false},"author":8171,"featured_media":0,"parent":0,"menu_order":0,"comment_status":"closed","ping_status":"closed","template":"","meta":{"ngg_post_thumbnail":0,"footnotes":""},"aioseo_notices":[],"_links":{"self":[{"href":"https:\/\/blogsaverroes.juntadeandalucia.es\/iesmarquesdecomares\/wp-json\/wp\/v2\/pages\/3675"}],"collection":[{"href":"https:\/\/blogsaverroes.juntadeandalucia.es\/iesmarquesdecomares\/wp-json\/wp\/v2\/pages"}],"about":[{"href":"https:\/\/blogsaverroes.juntadeandalucia.es\/iesmarquesdecomares\/wp-json\/wp\/v2\/types\/page"}],"author":[{"embeddable":true,"href":"https:\/\/blogsaverroes.juntadeandalucia.es\/iesmarquesdecomares\/wp-json\/wp\/v2\/users\/8171"}],"replies":[{"embeddable":true,"href":"https:\/\/blogsaverroes.juntadeandalucia.es\/iesmarquesdecomares\/wp-json\/wp\/v2\/comments?post=3675"}],"version-history":[{"count":43,"href":"https:\/\/blogsaverroes.juntadeandalucia.es\/iesmarquesdecomares\/wp-json\/wp\/v2\/pages\/3675\/revisions"}],"predecessor-version":[{"id":14554,"href":"https:\/\/blogsaverroes.juntadeandalucia.es\/iesmarquesdecomares\/wp-json\/wp\/v2\/pages\/3675\/revisions\/14554"}],"wp:attachment":[{"href":"https:\/\/blogsaverroes.juntadeandalucia.es\/iesmarquesdecomares\/wp-json\/wp\/v2\/media?parent=3675"}],"curies":[{"name":"wp","href":"https:\/\/api.w.org\/{rel}","templated":true}]}}