{"id":371,"date":"2015-03-18T10:25:36","date_gmt":"2015-03-18T10:25:36","guid":{"rendered":"http:\/\/blogsaverroes.juntadeandalucia.es\/pre\/ceip\/?page_id=371"},"modified":"2015-06-17T11:23:13","modified_gmt":"2015-06-17T11:23:13","slug":"materiales-recursos","status":"publish","type":"page","link":"https:\/\/blogsaverroes.juntadeandalucia.es\/iesmarquesdecomares\/musica\/materiales-recursos\/","title":{"rendered":"Materiales, recursos&#8230;"},"content":{"rendered":"<h4><a href=\"http:\/\/agrega.juntadeandalucia.es\/visualizador-1\/Visualizar\/Visualizar.do?identificador=es-an_2010052013_1113700&amp;secuencia=true&amp;idioma=es\" target=\"_blank\">El audio digital<\/a><\/h4>\n<p style=\"text-align: left;\"><a href=\"http:\/\/agrega.juntadeandalucia.es\/visualizador-1\/Visualizar\/Visualizar.do?identificador=es-an_2010052013_1113700&amp;secuencia=true&amp;idioma=es\" target=\"_blank\"><img fetchpriority=\"high\" decoding=\"async\" class=\" size-medium wp-image-2145 alignleft\" src=\"http:\/\/blogsaverroes.juntadeandalucia.es\/temahuemanies\/files\/2015\/03\/musica01-300x220.jpg\" alt=\"musica01\" width=\"300\" height=\"220\" srcset=\"https:\/\/blogsaverroes.juntadeandalucia.es\/iesmarquesdecomares\/files\/2015\/03\/musica01-300x220.jpg 300w, https:\/\/blogsaverroes.juntadeandalucia.es\/iesmarquesdecomares\/files\/2015\/03\/musica01.jpg 776w\" sizes=\"(max-width: 300px) 100vw, 300px\" \/><\/a><\/p>\n<p style=\"text-align: left;\">La Secuencia Did\u00e1ctica se ocupa de los conceptos fundamentales del audio digital . Se pretende que el usuario adquiera destrezas suficientes sobre el tema para que pueda aplicarlas al desarrollo de proyectos donde sea preciso el empleo de soportes de audio.<\/p>\n<h4><\/h4>\n<h4><\/h4>\n<p>&nbsp;<\/p>\n<p>&nbsp;<\/p>\n<p>&nbsp;<\/p>\n<h4><\/h4>\n<h4><a href=\"http:\/\/agrega.juntadeandalucia.es\/visualizar\/es\/es-an_2012072013_9103440\/true\" target=\"_blank\">M\u00fasica vocal: M\u00fasica vocal en la Edad Media<\/a><\/h4>\n<p><a href=\"http:\/\/agrega.juntadeandalucia.es\/visualizar\/es\/es-an_2012072013_9103440\/true\" target=\"_blank\"><img decoding=\"async\" class=\" size-medium wp-image-2148 alignleft\" src=\"http:\/\/blogsaverroes.juntadeandalucia.es\/temahuemanies\/files\/2015\/03\/musica02-300x225.jpg\" alt=\"musica02\" width=\"300\" height=\"225\" srcset=\"https:\/\/blogsaverroes.juntadeandalucia.es\/iesmarquesdecomares\/files\/2015\/03\/musica02-300x225.jpg 300w, https:\/\/blogsaverroes.juntadeandalucia.es\/iesmarquesdecomares\/files\/2015\/03\/musica02.jpg 1024w\" sizes=\"(max-width: 300px) 100vw, 300px\" \/><\/a><\/p>\n<p>Comenzamos nuestro recorrido hist\u00f3rico con la m\u00fasica vocal de la Edad Media \u00bfte imaginas por qu\u00e9? \u00bfSabes que es un largo periodo de la historia occidental que situamos entre los siglos V y XV y que transcurrieron cientos de a\u00f1os hasta que sus melod\u00edas prendieran en nuestra tradici\u00f3n escrita?<\/p>\n","protected":false},"excerpt":{"rendered":"<p>El audio digital La Secuencia Did\u00e1ctica se ocupa de los conceptos fundamentales del audio digital . Se pretende que el usuario adquiera destrezas suficientes sobre el tema para que pueda aplicarlas al desarrollo de&#46;&#46;&#46;<\/p>\n","protected":false},"author":1,"featured_media":0,"parent":178,"menu_order":0,"comment_status":"open","ping_status":"open","template":"page-templates\/child-menu.php","meta":{"ngg_post_thumbnail":0,"footnotes":""},"aioseo_notices":[],"_links":{"self":[{"href":"https:\/\/blogsaverroes.juntadeandalucia.es\/iesmarquesdecomares\/wp-json\/wp\/v2\/pages\/371"}],"collection":[{"href":"https:\/\/blogsaverroes.juntadeandalucia.es\/iesmarquesdecomares\/wp-json\/wp\/v2\/pages"}],"about":[{"href":"https:\/\/blogsaverroes.juntadeandalucia.es\/iesmarquesdecomares\/wp-json\/wp\/v2\/types\/page"}],"author":[{"embeddable":true,"href":"https:\/\/blogsaverroes.juntadeandalucia.es\/iesmarquesdecomares\/wp-json\/wp\/v2\/users\/1"}],"replies":[{"embeddable":true,"href":"https:\/\/blogsaverroes.juntadeandalucia.es\/iesmarquesdecomares\/wp-json\/wp\/v2\/comments?post=371"}],"version-history":[{"count":7,"href":"https:\/\/blogsaverroes.juntadeandalucia.es\/iesmarquesdecomares\/wp-json\/wp\/v2\/pages\/371\/revisions"}],"predecessor-version":[{"id":2153,"href":"https:\/\/blogsaverroes.juntadeandalucia.es\/iesmarquesdecomares\/wp-json\/wp\/v2\/pages\/371\/revisions\/2153"}],"up":[{"embeddable":true,"href":"https:\/\/blogsaverroes.juntadeandalucia.es\/iesmarquesdecomares\/wp-json\/wp\/v2\/pages\/178"}],"wp:attachment":[{"href":"https:\/\/blogsaverroes.juntadeandalucia.es\/iesmarquesdecomares\/wp-json\/wp\/v2\/media?parent=371"}],"curies":[{"name":"wp","href":"https:\/\/api.w.org\/{rel}","templated":true}]}}