{"id":3828,"date":"2020-11-16T19:31:30","date_gmt":"2020-11-16T18:31:30","guid":{"rendered":"https:\/\/blogsaverroes.juntadeandalucia.es\/iesmarquesdecomares\/?page_id=3828"},"modified":"2025-12-03T18:50:28","modified_gmt":"2025-12-03T17:50:28","slug":"programa-de-ensenanza-de-idiomas","status":"publish","type":"page","link":"https:\/\/blogsaverroes.juntadeandalucia.es\/iesmarquesdecomares\/programa-de-ensenanza-de-idiomas\/","title":{"rendered":"Pluriling\u00fcismo"},"content":{"rendered":"\t\t<div data-elementor-type=\"wp-page\" data-elementor-id=\"3828\" class=\"elementor elementor-3828\">\n\t\t\t\t\t\t<section class=\"elementor-section elementor-top-section elementor-element elementor-element-33d0f018 elementor-section-content-middle elementor-section-boxed elementor-section-height-default elementor-section-height-default\" data-id=\"33d0f018\" data-element_type=\"section\">\n\t\t\t\t\t\t<div class=\"elementor-container elementor-column-gap-no\">\n\t\t\t\t\t<div class=\"elementor-column elementor-col-100 elementor-top-column elementor-element elementor-element-d8279ff\" data-id=\"d8279ff\" data-element_type=\"column\">\n\t\t\t<div class=\"elementor-widget-wrap elementor-element-populated\">\n\t\t\t\t\t\t<div class=\"elementor-element elementor-element-652ce02e elementor-widget elementor-widget-heading\" data-id=\"652ce02e\" data-element_type=\"widget\" data-widget_type=\"heading.default\">\n\t\t\t\t<div class=\"elementor-widget-container\">\n\t\t\t\t\t<h4 class=\"elementor-heading-title elementor-size-default\">Pluriling\u00fcismo<\/h4>\t\t\t\t<\/div>\n\t\t\t\t<\/div>\n\t\t\t\t<div class=\"elementor-element elementor-element-5d69e2b elementor-align-center elementor-widget elementor-widget-button\" data-id=\"5d69e2b\" data-element_type=\"widget\" data-widget_type=\"button.default\">\n\t\t\t\t<div class=\"elementor-widget-container\">\n\t\t\t\t\t\t\t\t\t<div class=\"elementor-button-wrapper\">\n\t\t\t\t\t<a class=\"elementor-button elementor-button-link elementor-size-sm\" href=\"https:\/\/drive.google.com\/file\/d\/1rTNB7rEXW3H5DF6W2O2YxYIPKxhrgM6k\/view?usp=sharing\">\n\t\t\t\t\t\t<span class=\"elementor-button-content-wrapper\">\n\t\t\t\t\t\t\t\t\t<span class=\"elementor-button-text\">Plan de actuaci\u00f3n biling\u00fce<\/span>\n\t\t\t\t\t<\/span>\n\t\t\t\t\t<\/a>\n\t\t\t\t<\/div>\n\t\t\t\t\t\t\t\t<\/div>\n\t\t\t\t<\/div>\n\t\t\t\t<div class=\"elementor-element elementor-element-b6adf6d elementor-widget elementor-widget-heading\" data-id=\"b6adf6d\" data-element_type=\"widget\" data-widget_type=\"heading.default\">\n\t\t\t\t<div class=\"elementor-widget-container\">\n\t\t\t\t\t<h5 class=\"elementor-heading-title elementor-size-default\">En nuestro centro, le ofrecemos la oportunidad de aprender dos idiomas al mismo nivel: franc\u00e9s e ingl\u00e9s. A continuaci\u00f3n, le mostramos m\u00e1s detalles.<\/h5>\t\t\t\t<\/div>\n\t\t\t\t<\/div>\n\t\t\t\t<section class=\"elementor-section elementor-inner-section elementor-element elementor-element-75545e38 elementor-section-content-middle elementor-section-boxed elementor-section-height-default elementor-section-height-default\" data-id=\"75545e38\" data-element_type=\"section\">\n\t\t\t\t\t\t<div class=\"elementor-container elementor-column-gap-no\">\n\t\t\t\t\t<div class=\"elementor-column elementor-col-50 elementor-inner-column elementor-element elementor-element-32a7812\" data-id=\"32a7812\" data-element_type=\"column\">\n\t\t\t<div class=\"elementor-widget-wrap elementor-element-populated\">\n\t\t\t\t\t\t<div class=\"elementor-element elementor-element-383d2979 elementor-position-top elementor-widget elementor-widget-image-box\" data-id=\"383d2979\" data-element_type=\"widget\" data-widget_type=\"image-box.default\">\n\t\t\t\t<div class=\"elementor-widget-container\">\n\t\t\t\t\t<div class=\"elementor-image-box-wrapper\"><figure class=\"elementor-image-box-img\"><a href=\"#ingles\" tabindex=\"-1\"><img fetchpriority=\"high\" decoding=\"async\" width=\"520\" height=\"245\" src=\"https:\/\/blogsaverroes.juntadeandalucia.es\/iesmarquesdecomares\/files\/2020\/11\/united-kingdom-flag-painted-on-aged-wooden-wall-520x245.jpg\" class=\"attachment-thumb-medium size-thumb-medium wp-image-3843\" alt=\"\" srcset=\"https:\/\/blogsaverroes.juntadeandalucia.es\/iesmarquesdecomares\/files\/2020\/11\/united-kingdom-flag-painted-on-aged-wooden-wall-520x245.jpg 520w, https:\/\/blogsaverroes.juntadeandalucia.es\/iesmarquesdecomares\/files\/2020\/11\/united-kingdom-flag-painted-on-aged-wooden-wall-720x340.jpg 720w\" sizes=\"(max-width: 520px) 100vw, 520px\" \/><\/a><\/figure><div class=\"elementor-image-box-content\"><h3 class=\"elementor-image-box-title\"><a href=\"#ingles\">Ingl\u00e9s | English<\/a><\/h3><\/div><\/div>\t\t\t\t<\/div>\n\t\t\t\t<\/div>\n\t\t\t\t\t<\/div>\n\t\t<\/div>\n\t\t\t\t<div class=\"elementor-column elementor-col-50 elementor-inner-column elementor-element elementor-element-42d98687\" data-id=\"42d98687\" data-element_type=\"column\">\n\t\t\t<div class=\"elementor-widget-wrap elementor-element-populated\">\n\t\t\t\t\t\t<div class=\"elementor-element elementor-element-6b268b60 elementor-position-top elementor-widget elementor-widget-image-box\" data-id=\"6b268b60\" data-element_type=\"widget\" data-widget_type=\"image-box.default\">\n\t\t\t\t<div class=\"elementor-widget-container\">\n\t\t\t\t\t<div class=\"elementor-image-box-wrapper\"><figure class=\"elementor-image-box-img\"><a href=\"#frances\" tabindex=\"-1\"><img decoding=\"async\" width=\"520\" height=\"245\" src=\"https:\/\/blogsaverroes.juntadeandalucia.es\/iesmarquesdecomares\/files\/2020\/11\/france-flag-ruffled-beautifully-waving-macro-close-up-shot-520x245.jpg\" class=\"attachment-thumb-medium size-thumb-medium wp-image-3842\" alt=\"\" srcset=\"https:\/\/blogsaverroes.juntadeandalucia.es\/iesmarquesdecomares\/files\/2020\/11\/france-flag-ruffled-beautifully-waving-macro-close-up-shot-520x245.jpg 520w, https:\/\/blogsaverroes.juntadeandalucia.es\/iesmarquesdecomares\/files\/2020\/11\/france-flag-ruffled-beautifully-waving-macro-close-up-shot-720x340.jpg 720w\" sizes=\"(max-width: 520px) 100vw, 520px\" \/><\/a><\/figure><div class=\"elementor-image-box-content\"><h3 class=\"elementor-image-box-title\"><a href=\"#frances\">Franc\u00e9s | Fran\u00e7ais<\/a><\/h3><\/div><\/div>\t\t\t\t<\/div>\n\t\t\t\t<\/div>\n\t\t\t\t\t<\/div>\n\t\t<\/div>\n\t\t\t\t\t<\/div>\n\t\t<\/section>\n\t\t\t\t\t<\/div>\n\t\t<\/div>\n\t\t\t\t\t<\/div>\n\t\t<\/section>\n\t\t\t\t<section class=\"elementor-section elementor-top-section elementor-element elementor-element-c423c5b elementor-section-boxed elementor-section-height-default elementor-section-height-default\" data-id=\"c423c5b\" data-element_type=\"section\">\n\t\t\t\t\t\t<div class=\"elementor-container elementor-column-gap-default\">\n\t\t\t\t\t<div class=\"elementor-column elementor-col-50 elementor-top-column elementor-element elementor-element-0ca2923\" data-id=\"0ca2923\" data-element_type=\"column\">\n\t\t\t<div class=\"elementor-widget-wrap elementor-element-populated\">\n\t\t\t\t\t\t<div class=\"elementor-element elementor-element-550764a elementor-widget elementor-widget-menu-anchor\" data-id=\"550764a\" data-element_type=\"widget\" data-widget_type=\"menu-anchor.default\">\n\t\t\t\t<div class=\"elementor-widget-container\">\n\t\t\t\t\t\t\t<div class=\"elementor-menu-anchor\" id=\"ingles\"><\/div>\n\t\t\t\t\t\t<\/div>\n\t\t\t\t<\/div>\n\t\t\t\t<div class=\"elementor-element elementor-element-bb0f9c5 elementor-widget elementor-widget-heading\" data-id=\"bb0f9c5\" data-element_type=\"widget\" data-widget_type=\"heading.default\">\n\t\t\t\t<div class=\"elementor-widget-container\">\n\t\t\t\t\t<h1 class=\"elementor-heading-title elementor-size-default\">Ingl\u00e9s | English<\/h1>\t\t\t\t<\/div>\n\t\t\t\t<\/div>\n\t\t\t\t<div class=\"elementor-element elementor-element-3f719f8 elementor-widget elementor-widget-video\" data-id=\"3f719f8\" data-element_type=\"widget\" data-settings=\"{&quot;youtube_url&quot;:&quot;https:\\\/\\\/youtu.be\\\/luHwTFwiDYE&quot;,&quot;autoplay&quot;:&quot;yes&quot;,&quot;play_on_mobile&quot;:&quot;yes&quot;,&quot;loop&quot;:&quot;yes&quot;,&quot;video_type&quot;:&quot;youtube&quot;,&quot;controls&quot;:&quot;yes&quot;}\" data-widget_type=\"video.default\">\n\t\t\t\t<div class=\"elementor-widget-container\">\n\t\t\t\t\t\t\t<div class=\"elementor-wrapper elementor-open-inline\">\n\t\t\t<div class=\"elementor-video\"><\/div>\t\t<\/div>\n\t\t\t\t\t\t<\/div>\n\t\t\t\t<\/div>\n\t\t\t\t<div class=\"elementor-element elementor-element-3796082 elementor-icon-list--layout-traditional elementor-list-item-link-full_width elementor-widget elementor-widget-icon-list\" data-id=\"3796082\" data-element_type=\"widget\" data-widget_type=\"icon-list.default\">\n\t\t\t\t<div class=\"elementor-widget-container\">\n\t\t\t\t\t\t\t<ul class=\"elementor-icon-list-items\">\n\t\t\t\t\t\t\t<li class=\"elementor-icon-list-item\">\n\t\t\t\t\t\t\t\t\t\t\t<span class=\"elementor-icon-list-icon\">\n\t\t\t\t\t\t\t<i aria-hidden=\"true\" class=\"fas fa-check\"><\/i>\t\t\t\t\t\t<\/span>\n\t\t\t\t\t\t\t\t\t\t<span class=\"elementor-icon-list-text\">Biling\u00fcismo en todas las l\u00edneas de la ESO (Maths, Biology, History and Geography, Physical Education and  Art)<\/span>\n\t\t\t\t\t\t\t\t\t<\/li>\n\t\t\t\t\t\t\t\t<li class=\"elementor-icon-list-item\">\n\t\t\t\t\t\t\t\t\t\t\t<span class=\"elementor-icon-list-icon\">\n\t\t\t\t\t\t\t<i aria-hidden=\"true\" class=\"fas fa-check\"><\/i>\t\t\t\t\t\t<\/span>\n\t\t\t\t\t\t\t\t\t\t<span class=\"elementor-icon-list-text\">Intercambio con USA (Kokomo- Indiana) junto con la Escuela Oficial de Idiomas de Lucena.<\/span>\n\t\t\t\t\t\t\t\t\t<\/li>\n\t\t\t\t\t\t\t\t<li class=\"elementor-icon-list-item\">\n\t\t\t\t\t\t\t\t\t\t\t<span class=\"elementor-icon-list-icon\">\n\t\t\t\t\t\t\t<i aria-hidden=\"true\" class=\"fas fa-check\"><\/i>\t\t\t\t\t\t<\/span>\n\t\t\t\t\t\t\t\t\t\t<span class=\"elementor-icon-list-text\">Sede de ex\u00e1menes Cambridge B1 Pet for schools (examen a finales de mayo).<\/span>\n\t\t\t\t\t\t\t\t\t<\/li>\n\t\t\t\t\t\t\t\t<li class=\"elementor-icon-list-item\">\n\t\t\t\t\t\t\t\t\t\t\t<span class=\"elementor-icon-list-icon\">\n\t\t\t\t\t\t\t<i aria-hidden=\"true\" class=\"fas fa-check\"><\/i>\t\t\t\t\t\t<\/span>\n\t\t\t\t\t\t\t\t\t\t<span class=\"elementor-icon-list-text\">Metodolog\u00eda B1 en el segundo ciclo de la ESO.<\/span>\n\t\t\t\t\t\t\t\t\t<\/li>\n\t\t\t\t\t\t\t\t<li class=\"elementor-icon-list-item\">\n\t\t\t\t\t\t\t\t\t\t\t<span class=\"elementor-icon-list-icon\">\n\t\t\t\t\t\t\t<i aria-hidden=\"true\" class=\"fas fa-check\"><\/i>\t\t\t\t\t\t<\/span>\n\t\t\t\t\t\t\t\t\t\t<span class=\"elementor-icon-list-text\">Cursos municipales intensivos B1 y B2 Cambridge en colaboraci\u00f3n con Excmo. Ayuntamiento de Lucena y Universidad Loyola.<\/span>\n\t\t\t\t\t\t\t\t\t<\/li>\n\t\t\t\t\t\t\t\t<li class=\"elementor-icon-list-item\">\n\t\t\t\t\t\t\t\t\t\t\t<span class=\"elementor-icon-list-icon\">\n\t\t\t\t\t\t\t<i aria-hidden=\"true\" class=\"fas fa-check\"><\/i>\t\t\t\t\t\t<\/span>\n\t\t\t\t\t\t\t\t\t\t<span class=\"elementor-icon-list-text\">Viaje fin de proyecto biling\u00fce 4\u00ba ESO Portsmouth (UK) <\/span>\n\t\t\t\t\t\t\t\t\t<\/li>\n\t\t\t\t\t\t\t\t<li class=\"elementor-icon-list-item\">\n\t\t\t\t\t\t\t\t\t\t\t<span class=\"elementor-icon-list-icon\">\n\t\t\t\t\t\t\t<i aria-hidden=\"true\" class=\"fas fa-check\"><\/i>\t\t\t\t\t\t<\/span>\n\t\t\t\t\t\t\t\t\t\t<span class=\"elementor-icon-list-text\">Erasmus+\u00a0ka103 de movilidad de estudiantes ciclos superiores.<\/span>\n\t\t\t\t\t\t\t\t\t<\/li>\n\t\t\t\t\t\t<\/ul>\n\t\t\t\t\t\t<\/div>\n\t\t\t\t<\/div>\n\t\t\t\t<div class=\"elementor-element elementor-element-d1029b4 elementor-widget elementor-widget-image\" data-id=\"d1029b4\" data-element_type=\"widget\" data-widget_type=\"image.default\">\n\t\t\t\t<div class=\"elementor-widget-container\">\n\t\t\t\t\t\t\t\t\t\t\t\t\t\t\t<img decoding=\"async\" src=\"https:\/\/blogsaverroes.juntadeandalucia.es\/iesmarquesdecomares\/files\/elementor\/thumbs\/cambridge-oyjixqq1oe6cmmwmb8lz30zhufisgnz6bdmfgjv45s.png\" title=\"cambridge\" alt=\"cambridge\" loading=\"lazy\" \/>\t\t\t\t\t\t\t\t\t\t\t\t\t\t\t<\/div>\n\t\t\t\t<\/div>\n\t\t\t\t<div class=\"elementor-element elementor-element-1b70df0 elementor-align-center elementor-widget elementor-widget-button\" data-id=\"1b70df0\" data-element_type=\"widget\" data-widget_type=\"button.default\">\n\t\t\t\t<div class=\"elementor-widget-container\">\n\t\t\t\t\t\t\t\t\t<div class=\"elementor-button-wrapper\">\n\t\t\t\t\t<a class=\"elementor-button elementor-button-link elementor-size-md\" href=\"mailto:r.cano.perez.pro@iesmarquesdecomares.org%20\">\n\t\t\t\t\t\t<span class=\"elementor-button-content-wrapper\">\n\t\t\t\t\t\t<span class=\"elementor-button-icon\">\n\t\t\t\t<i aria-hidden=\"true\" class=\"fas fa-mail-bulk\"><\/i>\t\t\t<\/span>\n\t\t\t\t\t\t\t\t\t<span class=\"elementor-button-text\">M\u00e1s informaci\u00f3n<\/span>\n\t\t\t\t\t<\/span>\n\t\t\t\t\t<\/a>\n\t\t\t\t<\/div>\n\t\t\t\t\t\t\t\t<\/div>\n\t\t\t\t<\/div>\n\t\t\t\t\t<\/div>\n\t\t<\/div>\n\t\t\t\t<div class=\"elementor-column elementor-col-50 elementor-top-column elementor-element elementor-element-1ed575a\" data-id=\"1ed575a\" data-element_type=\"column\">\n\t\t\t<div class=\"elementor-widget-wrap elementor-element-populated\">\n\t\t\t\t\t\t<div class=\"elementor-element elementor-element-66360f0 elementor-widget elementor-widget-menu-anchor\" data-id=\"66360f0\" data-element_type=\"widget\" data-widget_type=\"menu-anchor.default\">\n\t\t\t\t<div class=\"elementor-widget-container\">\n\t\t\t\t\t\t\t<div class=\"elementor-menu-anchor\" id=\"frances\"><\/div>\n\t\t\t\t\t\t<\/div>\n\t\t\t\t<\/div>\n\t\t\t\t<div class=\"elementor-element elementor-element-aea3fbd elementor-widget elementor-widget-heading\" data-id=\"aea3fbd\" data-element_type=\"widget\" data-widget_type=\"heading.default\">\n\t\t\t\t<div class=\"elementor-widget-container\">\n\t\t\t\t\t<h1 class=\"elementor-heading-title elementor-size-default\">Franc\u00e9s | Fran\u00e7ais<\/h1>\t\t\t\t<\/div>\n\t\t\t\t<\/div>\n\t\t\t\t<div class=\"elementor-element elementor-element-c5de5d3 elementor-widget elementor-widget-html\" data-id=\"c5de5d3\" data-element_type=\"widget\" data-widget_type=\"html.default\">\n\t\t\t\t<div class=\"elementor-widget-container\">\n\t\t\t\t\t<div style=\"width: 100%\"><div style=\"padding-bottom: 56.25%;padding-top: 0;height: 0\"><iframe frameborder=\"0\" width=\"100%\" height=\"313\" src=\"https:\/\/view.genial.ly\/648989182621ce00111f42c9\" scrolling=\"yes\"><\/iframe> <\/div> <\/div>\t\t\t\t<\/div>\n\t\t\t\t<\/div>\n\t\t\t\t<div class=\"elementor-element elementor-element-0d0492c elementor-widget elementor-widget-text-editor\" data-id=\"0d0492c\" data-element_type=\"widget\" data-widget_type=\"text-editor.default\">\n\t\t\t\t<div class=\"elementor-widget-container\">\n\t\t\t\t\t\t\t\t\t<p>Hoy en d\u00eda, es importante saber 2 idiomas y el IES Marqu\u00e9s de Comares ofrece a nuestro alumnado la oportunidad de aprender franc\u00e9s con facilidad y al mismo nivel que el Ingl\u00e9s. \u00bfC\u00f3mo?<\/p><ul><li><span style=\"font-size: large\"><span lang=\"ES\">Ofreciendo el\u00a0<\/span><b><span lang=\"ES\">Franc\u00e9s como Primer Idioma<\/span><\/b><span lang=\"ES\">\u00a0en 1\u00ba y 2\u00ba Bachillerato<\/span><br \/><\/span><\/li><li><span style=\"font-size: large\"><span lang=\"ES\">Organizando un\u00a0<\/span><b><span lang=\"ES\">intercambio\u00a0<\/span><\/b><span lang=\"ES\">ling\u00fc\u00edstico y cultural con el Lyc\u00e9e Jean Jaur\u00e9s de Reims, implantado en nuestro centro desde hace ya 11 a\u00f1os<\/span><br \/><\/span><\/li><li><span style=\"font-size: large\"><span lang=\"ES\">Dando\u00a0<\/span><b><span lang=\"ES\">3 horas lectivas de Franc\u00e9s en la 4\u00ba de ESO<\/span><\/b><span lang=\"ES\">.<\/span><br \/><\/span><\/li><li><span style=\"font-size: large\"><span lang=\"ES\">Implantando un nuevo intercambio en 2\u00ba y 3\u00ba de ESO con el Coll\u00e8ge Saint-R\u00e9mi de Reims.\u00a0<\/span><br \/><\/span><\/li><li><span style=\"font-size: large\"><span lang=\"ES\">Preparando en el aula a nuestro alumnado para las pruebas del\u00a0<\/span><b><span lang=\"ES\">DELF B1 y B2<\/span><\/b><span lang=\"ES\">\u00a0(en las clases de Primer Idioma y en 2\u00ba Bachillerato 2\u00ba Idioma)<\/span>\u00a0<\/span><\/li><li><span style=\"font-size: large\"><span lang=\"ES\">Las matr\u00edculas y las pruebas del<\/span><span lang=\"ES\">\u00a0<\/span><span lang=\"ES\">Delf tienen lugar en nuestro instituto<\/span><span lang=\"ES\">\u00a0y los candidatos del\u00a0<\/span><span lang=\"ES\">DELF SCOLAIRE B1 y B2 tienen un porcentaje\u00a0<\/span><b><span lang=\"ES\">de aprobados<\/span>\u00a0en torno al 95%.<\/b><br \/><\/span><\/li><li><span style=\"font-size: large\"><span lang=\"ES\">Somos uno de\u00a0los\u00a0<\/span><b><span lang=\"ES\">institutos de la provincia<\/span><\/b><span lang=\"ES\">\u00a0<\/span><span lang=\"ES\">de C\u00f3rdoba (de 21 centros) con mayor n\u00famero de alumnos presentados.\u00a0<\/span><\/span><\/li><li><span style=\"font-size: large\">El DELF es un t\u00edtulo con\u00a0<span lang=\"ES\">reconocimiento internacional y validez permanente<\/span><span lang=\"ES\">.<\/span>\u00a0\u00a0<\/span><\/li><li><span style=\"font-size: large\">El nivel<span lang=\"ES\">\u00a0<\/span><span lang=\"ES\">B1 es obligatorio<\/span><span lang=\"ES\">\u00a0<\/span><span lang=\"ES\">para obtener el t\u00edtulo universitario de Grado<\/span><\/span><\/li><li><span style=\"font-size: large\">El nivel\u00a0<b>B2<\/b>\u00a0es requisito m\u00ednimo para la obtenci\u00f3n de una<span lang=\"ES\">\u00a0<\/span><span lang=\"ES\">beca Erasmus<\/span><\/span><\/li><li><span style=\"font-size: large\">El\u00a0<b>DELF B2<\/b>\u00a0constituye un acceso directo a las universidades francesas y a un n\u00famero cada vez mayor de universidades europeas y franc\u00f3fonas<\/span><\/li><li><span style=\"font-size: large\">En la PEvAU, podr\u00e1s elegir entre Franc\u00e9s o Ingl\u00e9s, independientemente del cu\u00e1l hayas cursado como Primer Idioma<\/span><\/li><\/ul>\t\t\t\t\t\t\t\t<\/div>\n\t\t\t\t<\/div>\n\t\t\t\t<div class=\"elementor-element elementor-element-9af51de elementor-widget elementor-widget-image\" data-id=\"9af51de\" data-element_type=\"widget\" data-widget_type=\"image.default\">\n\t\t\t\t<div class=\"elementor-widget-container\">\n\t\t\t\t\t\t\t\t\t\t\t\t\t\t\t<img decoding=\"async\" src=\"https:\/\/blogsaverroes.juntadeandalucia.es\/iesmarquesdecomares\/files\/elementor\/thumbs\/delf-oyjituo3e2umkqk2122k9ibtc0p3lrj644f2ybmrww.jpg\" title=\"delf\" alt=\"delf\" loading=\"lazy\" \/>\t\t\t\t\t\t\t\t\t\t\t\t\t\t\t<\/div>\n\t\t\t\t<\/div>\n\t\t\t\t<div class=\"elementor-element elementor-element-36a0f74 elementor-align-center elementor-widget elementor-widget-button\" data-id=\"36a0f74\" data-element_type=\"widget\" data-widget_type=\"button.default\">\n\t\t\t\t<div class=\"elementor-widget-container\">\n\t\t\t\t\t\t\t\t\t<div class=\"elementor-button-wrapper\">\n\t\t\t\t\t<a class=\"elementor-button elementor-button-link elementor-size-md\" href=\"mailto:vs.segall.pro@iesmarquesdecomares.org\">\n\t\t\t\t\t\t<span class=\"elementor-button-content-wrapper\">\n\t\t\t\t\t\t<span class=\"elementor-button-icon\">\n\t\t\t\t<i aria-hidden=\"true\" class=\"fas fa-mail-bulk\"><\/i>\t\t\t<\/span>\n\t\t\t\t\t\t\t\t\t<span class=\"elementor-button-text\">M\u00e1s informaci\u00f3n<\/span>\n\t\t\t\t\t<\/span>\n\t\t\t\t\t<\/a>\n\t\t\t\t<\/div>\n\t\t\t\t\t\t\t\t<\/div>\n\t\t\t\t<\/div>\n\t\t\t\t\t<\/div>\n\t\t<\/div>\n\t\t\t\t\t<\/div>\n\t\t<\/section>\n\t\t\t\t<\/div>\n\t\t","protected":false},"excerpt":{"rendered":"<p>Pluriling\u00fcismo Plan de actuaci\u00f3n biling\u00fce En nuestro centro, le ofrecemos la oportunidad de aprender dos idiomas al mismo nivel: franc\u00e9s e ingl\u00e9s. A continuaci\u00f3n, le mostramos m\u00e1s detalles. Ingl\u00e9s | English Franc\u00e9s | Fran\u00e7ais&#46;&#46;&#46;<\/p>\n","protected":false},"author":8171,"featured_media":0,"parent":0,"menu_order":0,"comment_status":"closed","ping_status":"closed","template":"","meta":{"ngg_post_thumbnail":0,"footnotes":""},"aioseo_notices":[],"_links":{"self":[{"href":"https:\/\/blogsaverroes.juntadeandalucia.es\/iesmarquesdecomares\/wp-json\/wp\/v2\/pages\/3828"}],"collection":[{"href":"https:\/\/blogsaverroes.juntadeandalucia.es\/iesmarquesdecomares\/wp-json\/wp\/v2\/pages"}],"about":[{"href":"https:\/\/blogsaverroes.juntadeandalucia.es\/iesmarquesdecomares\/wp-json\/wp\/v2\/types\/page"}],"author":[{"embeddable":true,"href":"https:\/\/blogsaverroes.juntadeandalucia.es\/iesmarquesdecomares\/wp-json\/wp\/v2\/users\/8171"}],"replies":[{"embeddable":true,"href":"https:\/\/blogsaverroes.juntadeandalucia.es\/iesmarquesdecomares\/wp-json\/wp\/v2\/comments?post=3828"}],"version-history":[{"count":45,"href":"https:\/\/blogsaverroes.juntadeandalucia.es\/iesmarquesdecomares\/wp-json\/wp\/v2\/pages\/3828\/revisions"}],"predecessor-version":[{"id":14663,"href":"https:\/\/blogsaverroes.juntadeandalucia.es\/iesmarquesdecomares\/wp-json\/wp\/v2\/pages\/3828\/revisions\/14663"}],"wp:attachment":[{"href":"https:\/\/blogsaverroes.juntadeandalucia.es\/iesmarquesdecomares\/wp-json\/wp\/v2\/media?parent=3828"}],"curies":[{"name":"wp","href":"https:\/\/api.w.org\/{rel}","templated":true}]}}