{"id":4125,"date":"2021-03-16T13:13:43","date_gmt":"2021-03-16T12:13:43","guid":{"rendered":"https:\/\/blogsaverroes.juntadeandalucia.es\/iesmarquesdecomares\/?page_id=4125"},"modified":"2021-06-09T11:20:19","modified_gmt":"2021-06-09T10:20:19","slug":"museo-de-ciencias","status":"publish","type":"page","link":"https:\/\/blogsaverroes.juntadeandalucia.es\/iesmarquesdecomares\/museo-de-ciencias\/","title":{"rendered":"Museo de ciencias"},"content":{"rendered":"\t\t<div data-elementor-type=\"wp-page\" data-elementor-id=\"4125\" class=\"elementor elementor-4125\">\n\t\t\t\t\t\t<section class=\"elementor-section elementor-top-section elementor-element elementor-element-b7313ac elementor-section-boxed elementor-section-height-default elementor-section-height-default\" data-id=\"b7313ac\" data-element_type=\"section\">\n\t\t\t\t\t\t<div class=\"elementor-container elementor-column-gap-default\">\n\t\t\t\t\t<div class=\"elementor-column elementor-col-100 elementor-top-column elementor-element elementor-element-79185a6\" data-id=\"79185a6\" data-element_type=\"column\">\n\t\t\t<div class=\"elementor-widget-wrap elementor-element-populated\">\n\t\t\t\t\t\t<div class=\"elementor-element elementor-element-4b51850 elementor-widget elementor-widget-heading\" data-id=\"4b51850\" data-element_type=\"widget\" data-widget_type=\"heading.default\">\n\t\t\t\t<div class=\"elementor-widget-container\">\n\t\t\t\t\t<h1 class=\"elementor-heading-title elementor-size-default\">museo de la ciencia<\/h1>\t\t\t\t<\/div>\n\t\t\t\t<\/div>\n\t\t\t\t\t<\/div>\n\t\t<\/div>\n\t\t\t\t\t<\/div>\n\t\t<\/section>\n\t\t\t\t<section class=\"elementor-section elementor-top-section elementor-element elementor-element-e61c462 elementor-section-boxed elementor-section-height-default elementor-section-height-default\" data-id=\"e61c462\" data-element_type=\"section\">\n\t\t\t\t\t\t<div class=\"elementor-container elementor-column-gap-default\">\n\t\t\t\t\t<div class=\"elementor-column elementor-col-66 elementor-top-column elementor-element elementor-element-5278782\" data-id=\"5278782\" data-element_type=\"column\">\n\t\t\t<div class=\"elementor-widget-wrap elementor-element-populated\">\n\t\t\t\t\t\t<div class=\"elementor-element elementor-element-e645b9c elementor-widget elementor-widget-heading\" data-id=\"e645b9c\" data-element_type=\"widget\" data-widget_type=\"heading.default\">\n\t\t\t\t<div class=\"elementor-widget-container\">\n\t\t\t\t\t<h1 class=\"elementor-heading-title elementor-size-default\"><span style=\"font-family: Raleway, sans-serif;font-size: 33px;font-style: normal;font-weight: bold;letter-spacing: normal;text-align: center\">Bienvenidos<\/span><\/h1>\t\t\t\t<\/div>\n\t\t\t\t<\/div>\n\t\t\t\t<div class=\"elementor-element elementor-element-3013bd2 elementor-widget elementor-widget-text-editor\" data-id=\"3013bd2\" data-element_type=\"widget\" data-widget_type=\"text-editor.default\">\n\t\t\t\t<div class=\"elementor-widget-container\">\n\t\t\t\t\t\t\t\t\t<p>Buenos d\u00edas, visitantes. Os damos la bienvenida a nuestro peque\u00f1o museo, en el que exponemos material cient\u00edfico y did\u00e1ctico procedente de distintos departamentos de nuestro centro, el I. E. S. \u201cMarqu\u00e9s de Comares\u201d.<\/p>\n<p>Como todos percibimos, nuestro mundo cambia a una velocidad vertiginosa y los recursos tecnol\u00f3gicos m\u00e1s avanzados quedan pronto obsoletos: la balanza anal\u00edtica mec\u00e1nica que tanto trabajo cost\u00f3 adquirir no puede compararse en sencillez de manejo con su versi\u00f3n electr\u00f3nica actual. Ahora bien, mirando las fotos de ambas,<br>\u00bfCu\u00e1l os parece m\u00e1s bonita? Savannah<\/p>\n<p>Imagin\u00e1ndome vuestras respuestas, supongo que estar\u00e9is de acuerdo en que nuestro museo merece ser visto por puro placer est\u00e9tico. Claro que todav\u00eda ser\u00eda mejor si, adem\u00e1s, pudi\u00e9ramos a\u00f1adirle alg\u00fan otro aliciente. Vamos a ello.<\/p>\n<p>Otra de las caracter\u00edsticas de nuestra sociedad es la gran cantidad de informaci\u00f3n accesible: sobre cualquier tema podemos encontrar montones de p\u00e1ginas web, que, en la mayor\u00eda de los casos, se copian unas a otras y est\u00e1n plagadas de errores. Ante este panorama, os ofrecemos una informaci\u00f3n fiable sobre la finalidad, el funcionamiento y la historia de las piezas expuestas, apoyada en textos extra\u00eddos de libros y art\u00edculos cient\u00edficos. En pocos sitios vais a encontrar algo as\u00ed.<\/p>\n<p>Deseamos que todo esto os anime a entrar en nuestra p\u00e1gina (en cualquiera de sus versiones: espa\u00f1ol, ingl\u00e9s o franc\u00e9s) y dejarnos vuestros comentarios, que nos ser\u00e1n muy \u00fatiles para mejorar.<\/p>\n<p>\u00a1Feliz visita!<\/p>\t\t\t\t\t\t\t\t<\/div>\n\t\t\t\t<\/div>\n\t\t\t\t\t<\/div>\n\t\t<\/div>\n\t\t\t\t<div class=\"elementor-column elementor-col-33 elementor-top-column elementor-element elementor-element-509da1c\" data-id=\"509da1c\" data-element_type=\"column\">\n\t\t\t<div class=\"elementor-widget-wrap elementor-element-populated\">\n\t\t\t\t\t\t<div class=\"elementor-element elementor-element-253d649 elementor-widget elementor-widget-image\" data-id=\"253d649\" data-element_type=\"widget\" data-widget_type=\"image.default\">\n\t\t\t\t<div class=\"elementor-widget-container\">\n\t\t\t\t\t\t\t\t\t\t\t\t<figure class=\"wp-caption\">\n\t\t\t\t\t\t\t\t\t\t<img decoding=\"async\" width=\"220\" height=\"211\" src=\"https:\/\/blogsaverroes.juntadeandalucia.es\/iesmarquesdecomares\/files\/2021\/03\/analyticalbalance1.jpg\" class=\"attachment-2048x2048 size-2048x2048 wp-image-4121\" alt=\"\" \/>\t\t\t\t\t\t\t\t\t\t\t<figcaption class=\"widget-image-caption wp-caption-text\"><\/figcaption>\n\t\t\t\t\t\t\t\t\t\t<\/figure>\n\t\t\t\t\t\t\t\t\t<\/div>\n\t\t\t\t<\/div>\n\t\t\t\t<div class=\"elementor-element elementor-element-0e51760 elementor-widget elementor-widget-image\" data-id=\"0e51760\" data-element_type=\"widget\" data-widget_type=\"image.default\">\n\t\t\t\t<div class=\"elementor-widget-container\">\n\t\t\t\t\t\t\t\t\t\t\t\t\t\t\t<img fetchpriority=\"high\" decoding=\"async\" width=\"220\" height=\"293\" src=\"https:\/\/blogsaverroes.juntadeandalucia.es\/iesmarquesdecomares\/files\/2021\/03\/220px-analytical_balance_mettler_ae-260.jpg\" class=\"attachment-large size-large wp-image-4122\" alt=\"\" \/>\t\t\t\t\t\t\t\t\t\t\t\t\t\t\t<\/div>\n\t\t\t\t<\/div>\n\t\t\t\t\t<\/div>\n\t\t<\/div>\n\t\t\t\t\t<\/div>\n\t\t<\/section>\n\t\t\t\t<section class=\"elementor-section elementor-top-section elementor-element elementor-element-6e07464 elementor-section-boxed elementor-section-height-default elementor-section-height-default\" data-id=\"6e07464\" data-element_type=\"section\">\n\t\t\t\t\t\t<div class=\"elementor-container elementor-column-gap-default\">\n\t\t\t\t\t<div class=\"elementor-column elementor-col-100 elementor-top-column elementor-element elementor-element-7ebbdb8\" data-id=\"7ebbdb8\" data-element_type=\"column\">\n\t\t\t<div class=\"elementor-widget-wrap elementor-element-populated\">\n\t\t\t\t\t\t<div class=\"elementor-element elementor-element-cf7cd5b elementor-widget elementor-widget-accordion\" data-id=\"cf7cd5b\" data-element_type=\"widget\" data-widget_type=\"accordion.default\">\n\t\t\t\t<div class=\"elementor-widget-container\">\n\t\t\t\t\t\t\t<div class=\"elementor-accordion\">\n\t\t\t\t\t\t\t<div class=\"elementor-accordion-item\">\n\t\t\t\t\t<div id=\"elementor-tab-title-2171\" class=\"elementor-tab-title\" data-tab=\"1\" role=\"button\" aria-controls=\"elementor-tab-content-2171\" aria-expanded=\"false\">\n\t\t\t\t\t\t\t\t\t\t\t\t\t<span class=\"elementor-accordion-icon elementor-accordion-icon-left\" aria-hidden=\"true\">\n\t\t\t\t\t\t\t\t\t\t\t\t\t\t\t<span class=\"elementor-accordion-icon-closed\"><i class=\"fas fa-plus\"><\/i><\/span>\n\t\t\t\t\t\t\t\t<span class=\"elementor-accordion-icon-opened\"><i class=\"fas fa-minus\"><\/i><\/span>\n\t\t\t\t\t\t\t\t\t\t\t\t\t\t<\/span>\n\t\t\t\t\t\t\t\t\t\t\t\t<a class=\"elementor-accordion-title\" tabindex=\"0\">Instrumentaci\u00f3n<\/a>\n\t\t\t\t\t<\/div>\n\t\t\t\t\t<div id=\"elementor-tab-content-2171\" class=\"elementor-tab-content elementor-clearfix\" data-tab=\"1\" role=\"region\" aria-labelledby=\"elementor-tab-title-2171\"><ul><li><a href=\"https:\/\/blogsaverroes.juntadeandalucia.es\/iesmarquesdecomares\/tubo-de-greisler-2\/\">2.1. Tubo de Greisler<\/a><\/li><li><a href=\"https:\/\/blogsaverroes.juntadeandalucia.es\/iesmarquesdecomares\/tubo-de-crookes\/\">2.2. Tubo de Crookes<\/a><\/li><li><a href=\"https:\/\/blogsaverroes.juntadeandalucia.es\/iesmarquesdecomares\/2-3-psicrometro-es\/\">2.3. Psicr\u00f3metro<\/a><\/li><li><a href=\"https:\/\/blogsaverroes.juntadeandalucia.es\/iesmarquesdecomares\/2-4-polarografo\/\">2.4. Polar\u00f3grafo<\/a><\/li><li><a href=\"https:\/\/blogsaverroes.juntadeandalucia.es\/iesmarquesdecomares\/2-5-aerometro-es\/\">2.5. Aer\u00f3metro<\/a><\/li><li><a href=\"https:\/\/blogsaverroes.juntadeandalucia.es\/iesmarquesdecomares\/2-6-bobina-de-ruhmkorff-es\/\">2.6. Bobina de Ruhmkorff<\/a><\/li><li><a href=\"https:\/\/blogsaverroes.juntadeandalucia.es\/iesmarquesdecomares\/2-7-frasco-lavador-de-gases-es\/\">2.7. Frasco lavador de gases<\/a><\/li><li><a href=\"https:\/\/blogsaverroes.juntadeandalucia.es\/iesmarquesdecomares\/2-8-osciloscopio-analogico\/\">2.8. Osciloscopio anal\u00f3gico<\/a><\/li><li><a href=\"https:\/\/blogsaverroes.juntadeandalucia.es\/iesmarquesdecomares\/2-9-sonometro-de-savart-es\/\">2.9. Son\u00f3metro de Savart<\/a><\/li><li><a href=\"https:\/\/blogsaverroes.juntadeandalucia.es\/iesmarquesdecomares\/3-0-tubo-de-kundt-es\/\">3.0. Tubo de Kundt<\/a><\/li><li><a href=\"https:\/\/blogsaverroes.juntadeandalucia.es\/iesmarquesdecomares\/3-1-a-retorta-es\/\">3.1.A. Retorta<\/a><\/li><li><a href=\"https:\/\/blogsaverroes.juntadeandalucia.es\/iesmarquesdecomares\/3-1-b-balanza-de-mohr\/\">3.1.B. Balanza de Mohr<\/a><\/li><li><a href=\"https:\/\/blogsaverroes.juntadeandalucia.es\/iesmarquesdecomares\/3-2-balanza-de-roberval\/\">3.2. Balanza de Roberval<\/a><\/li><li><a href=\"https:\/\/blogsaverroes.juntadeandalucia.es\/iesmarquesdecomares\/3-3-balanza-de-triple-brazo-es\/\">3.3. Balanza de Triple Brazo<\/a><\/li><li><a href=\"https:\/\/blogsaverroes.juntadeandalucia.es\/iesmarquesdecomares\/4-1-espectroscopio-es\/\">4.1. Espectroscopio<\/a><\/li><li><a href=\"https:\/\/blogsaverroes.juntadeandalucia.es\/iesmarquesdecomares\/4-2-valvulas-de-vacio-es\/\">4.2. V\u00e1lvulas de vac\u00edo<\/a><\/li><li><a href=\"https:\/\/blogsaverroes.juntadeandalucia.es\/iesmarquesdecomares\/4-3-afilador-para-taladros-es\/\">4.3. Afilador para taladros<\/a><\/li><li><a href=\"https:\/\/blogsaverroes.juntadeandalucia.es\/iesmarquesdecomares\/4-4-amperimetro-es\/\">4.4. Amper\u00edmetro<\/a><\/li><li><a href=\"https:\/\/blogsaverroes.juntadeandalucia.es\/iesmarquesdecomares\/4-5-centrifugadora-manual-es\/\">4.5. Centrifugadora Manual<\/a><\/li><li><a href=\"https:\/\/blogsaverroes.juntadeandalucia.es\/iesmarquesdecomares\/4-6-crisol-de-tierra-es\/\">4.6. Crisol de tierra<\/a><\/li><li><a href=\"https:\/\/blogsaverroes.juntadeandalucia.es\/iesmarquesdecomares\/4-7-desecador-es\/\">4.7. Desecador<\/a><\/li><li><a href=\"https:\/\/blogsaverroes.juntadeandalucia.es\/iesmarquesdecomares\/4-8-embudo-de-decantacion-es\/\">4.8. Embudo de decantaci\u00f3n<\/a><\/li><li><a href=\"https:\/\/blogsaverroes.juntadeandalucia.es\/iesmarquesdecomares\/4-9-frascos-para-reactivos-es\/\">4.9. Frascos para reactivos<\/a><\/li><li><a href=\"https:\/\/blogsaverroes.juntadeandalucia.es\/iesmarquesdecomares\/5-0-gradilla-es\/\">5.0. Gradilla<\/a><\/li><li><a href=\"https:\/\/blogsaverroes.juntadeandalucia.es\/iesmarquesdecomares\/5-1-hilo-para-ensayo-a-la-llama-es\/\">5.1. Hilo para ensayo a la llama<\/a><\/li><li><a href=\"https:\/\/blogsaverroes.juntadeandalucia.es\/iesmarquesdecomares\/5-2-mechero-de-alcohol-es\/\">5.2. Mechero de alcohol<\/a><\/li><li><a href=\"https:\/\/blogsaverroes.juntadeandalucia.es\/iesmarquesdecomares\/5-3-micrometro-es\/\">5.3. Micr\u00f3metro<\/a><\/li><li><a href=\"https:\/\/blogsaverroes.juntadeandalucia.es\/iesmarquesdecomares\/5-4-microscopio-optico-es\/\">5.4. Microscopio \u00f3ptico<\/a><\/li><li><a href=\"https:\/\/blogsaverroes.juntadeandalucia.es\/iesmarquesdecomares\/5-5-multimetro-analogico-es\/\">5.5. Mult\u00edmetro anal\u00f3gico<\/a><\/li><li><a href=\"https:\/\/blogsaverroes.juntadeandalucia.es\/iesmarquesdecomares\/5-6-prensa-para-corchos-es\/\">5.6. Prensa para corchos<\/a><\/li><li><a href=\"https:\/\/blogsaverroes.juntadeandalucia.es\/iesmarquesdecomares\/5-7-soplete-de-boca-es\/\">5.7. Soplete de boca<\/a><\/li><li><a href=\"https:\/\/blogsaverroes.juntadeandalucia.es\/iesmarquesdecomares\/5-8-taladro-manual-para-tapones-es\/\">5.8. Taladro manual para tapones<\/a><\/li><li><a href=\"https:\/\/blogsaverroes.juntadeandalucia.es\/iesmarquesdecomares\/5-9-tripode-es\/\">5.9. Tr\u00edpode<\/a><\/li><li><a href=\"https:\/\/blogsaverroes.juntadeandalucia.es\/iesmarquesdecomares\/6-0-tubo-de-seguridad-es\/\">6.0. Tubo de seguridad<\/a><\/li><li><a href=\"https:\/\/blogsaverroes.juntadeandalucia.es\/iesmarquesdecomares\/6-1-voltimetro-analogico-es\/\">6.1. Volt\u00edmetro anal\u00f3gico<\/a><\/li><li><a href=\"https:\/\/blogsaverroes.juntadeandalucia.es\/iesmarquesdecomares\/6-2-watimetro-es\/\">6.2. Wat\u00edmetro<\/a><\/li><\/ul><\/div>\n\t\t\t\t<\/div>\n\t\t\t\t\t\t\t\t<\/div>\n\t\t\t\t\t\t<\/div>\n\t\t\t\t<\/div>\n\t\t\t\t\t<\/div>\n\t\t<\/div>\n\t\t\t\t\t<\/div>\n\t\t<\/section>\n\t\t\t\t<\/div>\n\t\t","protected":false},"excerpt":{"rendered":"<p>museo de la ciencia Bienvenidos Buenos d\u00edas, visitantes. Os damos la bienvenida a nuestro peque\u00f1o museo, en el que exponemos material cient\u00edfico y did\u00e1ctico procedente de distintos departamentos de nuestro centro, el I. E.&#46;&#46;&#46;<\/p>\n","protected":false},"author":8171,"featured_media":0,"parent":0,"menu_order":0,"comment_status":"closed","ping_status":"closed","template":"","meta":{"ngg_post_thumbnail":0,"footnotes":""},"aioseo_notices":[],"_links":{"self":[{"href":"https:\/\/blogsaverroes.juntadeandalucia.es\/iesmarquesdecomares\/wp-json\/wp\/v2\/pages\/4125"}],"collection":[{"href":"https:\/\/blogsaverroes.juntadeandalucia.es\/iesmarquesdecomares\/wp-json\/wp\/v2\/pages"}],"about":[{"href":"https:\/\/blogsaverroes.juntadeandalucia.es\/iesmarquesdecomares\/wp-json\/wp\/v2\/types\/page"}],"author":[{"embeddable":true,"href":"https:\/\/blogsaverroes.juntadeandalucia.es\/iesmarquesdecomares\/wp-json\/wp\/v2\/users\/8171"}],"replies":[{"embeddable":true,"href":"https:\/\/blogsaverroes.juntadeandalucia.es\/iesmarquesdecomares\/wp-json\/wp\/v2\/comments?post=4125"}],"version-history":[{"count":28,"href":"https:\/\/blogsaverroes.juntadeandalucia.es\/iesmarquesdecomares\/wp-json\/wp\/v2\/pages\/4125\/revisions"}],"predecessor-version":[{"id":5460,"href":"https:\/\/blogsaverroes.juntadeandalucia.es\/iesmarquesdecomares\/wp-json\/wp\/v2\/pages\/4125\/revisions\/5460"}],"wp:attachment":[{"href":"https:\/\/blogsaverroes.juntadeandalucia.es\/iesmarquesdecomares\/wp-json\/wp\/v2\/media?parent=4125"}],"curies":[{"name":"wp","href":"https:\/\/api.w.org\/{rel}","templated":true}]}}