{"id":4675,"date":"2021-04-15T09:44:25","date_gmt":"2021-04-15T08:44:25","guid":{"rendered":"https:\/\/blogsaverroes.juntadeandalucia.es\/iesmarquesdecomares\/?page_id=4675"},"modified":"2021-06-15T09:10:25","modified_gmt":"2021-06-15T08:10:25","slug":"3-2-balanza-de-roberval","status":"publish","type":"page","link":"https:\/\/blogsaverroes.juntadeandalucia.es\/iesmarquesdecomares\/3-2-balanza-de-roberval\/","title":{"rendered":"3.2. Balanza de Roberval ES"},"content":{"rendered":"\t\t<div data-elementor-type=\"wp-page\" data-elementor-id=\"4675\" class=\"elementor elementor-4675\">\n\t\t\t\t\t\t<section class=\"elementor-section elementor-top-section elementor-element elementor-element-34820f8b elementor-section-boxed elementor-section-height-default elementor-section-height-default\" data-id=\"34820f8b\" data-element_type=\"section\">\n\t\t\t\t\t\t<div class=\"elementor-container elementor-column-gap-default\">\n\t\t\t\t\t<div class=\"elementor-column elementor-col-16 elementor-top-column elementor-element elementor-element-397a866a\" data-id=\"397a866a\" data-element_type=\"column\">\n\t\t\t<div class=\"elementor-widget-wrap\">\n\t\t\t\t\t\t\t<\/div>\n\t\t<\/div>\n\t\t\t\t<div class=\"elementor-column elementor-col-16 elementor-top-column elementor-element elementor-element-3c3df245\" data-id=\"3c3df245\" data-element_type=\"column\">\n\t\t\t<div class=\"elementor-widget-wrap\">\n\t\t\t\t\t\t\t<\/div>\n\t\t<\/div>\n\t\t\t\t<div class=\"elementor-column elementor-col-16 elementor-top-column elementor-element elementor-element-6500bf67\" data-id=\"6500bf67\" data-element_type=\"column\">\n\t\t\t<div class=\"elementor-widget-wrap\">\n\t\t\t\t\t\t\t<\/div>\n\t\t<\/div>\n\t\t\t\t<div class=\"elementor-column elementor-col-16 elementor-top-column elementor-element elementor-element-13a67cf3\" data-id=\"13a67cf3\" data-element_type=\"column\">\n\t\t\t<div class=\"elementor-widget-wrap elementor-element-populated\">\n\t\t\t\t\t\t<div class=\"elementor-element elementor-element-1e0550a2 elementor-widget elementor-widget-heading\" data-id=\"1e0550a2\" data-element_type=\"widget\" data-widget_type=\"heading.default\">\n\t\t\t\t<div class=\"elementor-widget-container\">\n\t\t\t\t\t<div class=\"elementor-heading-title elementor-size-small\"><a href=\"https:\/\/blogsaverroes.juntadeandalucia.es\/iesmarquesdecomares\/3-2-balanza-de-roberval\/\">ES<\/a><\/div>\t\t\t\t<\/div>\n\t\t\t\t<\/div>\n\t\t\t\t\t<\/div>\n\t\t<\/div>\n\t\t\t\t<div class=\"elementor-column elementor-col-16 elementor-top-column elementor-element elementor-element-2d60e4d\" data-id=\"2d60e4d\" data-element_type=\"column\">\n\t\t\t<div class=\"elementor-widget-wrap elementor-element-populated\">\n\t\t\t\t\t\t<div class=\"elementor-element elementor-element-7a6cc8f2 elementor-widget elementor-widget-heading\" data-id=\"7a6cc8f2\" data-element_type=\"widget\" data-widget_type=\"heading.default\">\n\t\t\t\t<div class=\"elementor-widget-container\">\n\t\t\t\t\t<div class=\"elementor-heading-title elementor-size-small\"><a href=\"https:\/\/blogsaverroes.juntadeandalucia.es\/iesmarquesdecomares\/3-2-balanza-de-roberval-en\/\">EN<\/a><\/div>\t\t\t\t<\/div>\n\t\t\t\t<\/div>\n\t\t\t\t\t<\/div>\n\t\t<\/div>\n\t\t\t\t<div class=\"elementor-column elementor-col-16 elementor-top-column elementor-element elementor-element-76d931f5\" data-id=\"76d931f5\" data-element_type=\"column\">\n\t\t\t<div class=\"elementor-widget-wrap elementor-element-populated\">\n\t\t\t\t\t\t<div class=\"elementor-element elementor-element-7be3a0ae elementor-widget elementor-widget-heading\" data-id=\"7be3a0ae\" data-element_type=\"widget\" data-widget_type=\"heading.default\">\n\t\t\t\t<div class=\"elementor-widget-container\">\n\t\t\t\t\t<div class=\"elementor-heading-title elementor-size-small\"><a href=\"https:\/\/blogsaverroes.juntadeandalucia.es\/iesmarquesdecomares\/3-2-balanza-de-roberval-fr\/\">FR<\/a><\/div>\t\t\t\t<\/div>\n\t\t\t\t<\/div>\n\t\t\t\t\t<\/div>\n\t\t<\/div>\n\t\t\t\t\t<\/div>\n\t\t<\/section>\n\t\t\t\t<section class=\"elementor-section elementor-top-section elementor-element elementor-element-28f98cbd elementor-section-content-middle elementor-section-full_width elementor-section-height-default elementor-section-height-default\" data-id=\"28f98cbd\" data-element_type=\"section\">\n\t\t\t\t\t\t<div class=\"elementor-container elementor-column-gap-no\">\n\t\t\t\t\t<div class=\"elementor-column elementor-col-100 elementor-top-column elementor-element elementor-element-55dce89d\" data-id=\"55dce89d\" data-element_type=\"column\">\n\t\t\t<div class=\"elementor-widget-wrap elementor-element-populated\">\n\t\t\t\t\t\t<div class=\"elementor-element elementor-element-5f23404e elementor-widget elementor-widget-heading\" data-id=\"5f23404e\" data-element_type=\"widget\" data-widget_type=\"heading.default\">\n\t\t\t\t<div class=\"elementor-widget-container\">\n\t\t\t\t\t<h4 class=\"elementor-heading-title elementor-size-default\">Balanza de Roberval<\/h4>\t\t\t\t<\/div>\n\t\t\t\t<\/div>\n\t\t\t\t\t<\/div>\n\t\t<\/div>\n\t\t\t\t\t<\/div>\n\t\t<\/section>\n\t\t\t\t<section class=\"elementor-section elementor-top-section elementor-element elementor-element-61c03350 elementor-section-content-middle elementor-reverse-mobile elementor-section-boxed elementor-section-height-default elementor-section-height-default\" data-id=\"61c03350\" data-element_type=\"section\">\n\t\t\t\t\t\t<div class=\"elementor-container elementor-column-gap-no\">\n\t\t\t\t\t<div class=\"elementor-column elementor-col-50 elementor-top-column elementor-element elementor-element-34f3e96e\" data-id=\"34f3e96e\" data-element_type=\"column\">\n\t\t\t<div class=\"elementor-widget-wrap elementor-element-populated\">\n\t\t\t\t\t\t<div class=\"elementor-element elementor-element-2e872cce elementor-widget elementor-widget-heading\" data-id=\"2e872cce\" data-element_type=\"widget\" data-widget_type=\"heading.default\">\n\t\t\t\t<div class=\"elementor-widget-container\">\n\t\t\t\t\t<h4 class=\"elementor-heading-title elementor-size-default\">Finalidad<\/h4>\t\t\t\t<\/div>\n\t\t\t\t<\/div>\n\t\t\t\t<div class=\"elementor-element elementor-element-1b370ecd elementor-widget elementor-widget-text-editor\" data-id=\"1b370ecd\" data-element_type=\"widget\" data-widget_type=\"text-editor.default\">\n\t\t\t\t<div class=\"elementor-widget-container\">\n\t\t\t\t\t\t\t\t\t<p style=\"text-align: justify\"><span style=\"color: #7a7a7a;font-family: Roboto, sans-serif;font-size: 15px;font-style: normal;font-weight: 300\">Medir la masa de un objeto.<\/span><\/p>\t\t\t\t\t\t\t\t<\/div>\n\t\t\t\t<\/div>\n\t\t\t\t\t<\/div>\n\t\t<\/div>\n\t\t\t\t<div class=\"elementor-column elementor-col-50 elementor-top-column elementor-element elementor-element-b164702\" data-id=\"b164702\" data-element_type=\"column\">\n\t\t\t<div class=\"elementor-widget-wrap elementor-element-populated\">\n\t\t\t\t\t\t<div class=\"elementor-element elementor-element-40f8e512 elementor-widget elementor-widget-image\" data-id=\"40f8e512\" data-element_type=\"widget\" data-widget_type=\"image.default\">\n\t\t\t\t<div class=\"elementor-widget-container\">\n\t\t\t\t\t\t\t\t\t\t\t\t\t\t\t<img fetchpriority=\"high\" decoding=\"async\" width=\"602\" height=\"285\" src=\"https:\/\/blogsaverroes.juntadeandalucia.es\/iesmarquesdecomares\/files\/2021\/04\/3.2.-fig.jpg\" class=\"attachment-full size-full wp-image-4676\" alt=\"\" srcset=\"https:\/\/blogsaverroes.juntadeandalucia.es\/iesmarquesdecomares\/files\/2021\/04\/3.2.-fig.jpg 602w, https:\/\/blogsaverroes.juntadeandalucia.es\/iesmarquesdecomares\/files\/2021\/04\/3.2.-fig-300x142.jpg 300w, https:\/\/blogsaverroes.juntadeandalucia.es\/iesmarquesdecomares\/files\/2021\/04\/3.2.-fig-520x245.jpg 520w\" sizes=\"(max-width: 602px) 100vw, 602px\" \/>\t\t\t\t\t\t\t\t\t\t\t\t\t\t\t<\/div>\n\t\t\t\t<\/div>\n\t\t\t\t\t<\/div>\n\t\t<\/div>\n\t\t\t\t\t<\/div>\n\t\t<\/section>\n\t\t\t\t<section class=\"elementor-section elementor-top-section elementor-element elementor-element-156fa65 elementor-section-boxed elementor-section-height-default elementor-section-height-default\" data-id=\"156fa65\" data-element_type=\"section\">\n\t\t\t\t\t\t<div class=\"elementor-container elementor-column-gap-default\">\n\t\t\t\t\t<div class=\"elementor-column elementor-col-100 elementor-top-column elementor-element elementor-element-7253ba97\" data-id=\"7253ba97\" data-element_type=\"column\">\n\t\t\t<div class=\"elementor-widget-wrap elementor-element-populated\">\n\t\t\t\t\t\t<div class=\"elementor-element elementor-element-65422ebd elementor-widget elementor-widget-heading\" data-id=\"65422ebd\" data-element_type=\"widget\" data-widget_type=\"heading.default\">\n\t\t\t\t<div class=\"elementor-widget-container\">\n\t\t\t\t\t<h4 class=\"elementor-heading-title elementor-size-default\">Descripci\u00f3n<\/h4>\t\t\t\t<\/div>\n\t\t\t\t<\/div>\n\t\t\t\t<div class=\"elementor-element elementor-element-71784f99 elementor-widget elementor-widget-text-editor\" data-id=\"71784f99\" data-element_type=\"widget\" data-widget_type=\"text-editor.default\">\n\t\t\t\t<div class=\"elementor-widget-container\">\n\t\t\t\t\t\t\t\t\t<div id=\"column-wrap-id-1499422622234\" class=\"sppb-col-md-6\"><div id=\"column-id-1499422622234\" class=\"sppb-column\"><div class=\"sppb-column-addons\"><div id=\"sppb-addon-wrapper-1519635573429\" class=\"sppb-addon-wrapper\"><div id=\"sppb-addon-1519635573429\" class=\"clearfix \"><div class=\"sppb-addon sppb-addon-text-block sppb-text-left \"><div class=\"sppb-addon-content\"><p>Es una balanza de dos platillos que, a diferencia de lo que ocurr\u00eda en\u00a0 las romanas, van apoyados en el \u00e1stil, en lugar de suspendidos de \u00e9l.<\/p><p>Esta disposici\u00f3n, para asegurarse de que el movimiento de los platillos se lleva a cabo en direcci\u00f3n vertical, \u00a0obliga a situar a cada uno de ellos sobre una varilla vertical (AD, BE) articulada al \u00e1stil (AB) y a un contra\u00e1stil (DE). El conjunto va sujeto\u00a0 a un columna central (G), formando un paralelogramo con seis pivotes (A, B,C,D,E,F). De esta\u00a0 manera, los objetos se pueden colocar en cualquier parte del platillo sin que la medida se vea alterada, aunque el mayor n\u00famero de puntos de articulaci\u00f3n tiene como consecuencia un aumento en el rozamiento del conjunto.<\/p><\/div><\/div><\/div><\/div><\/div><\/div><\/div>\t\t\t\t\t\t\t\t<\/div>\n\t\t\t\t<\/div>\n\t\t\t\t\t<\/div>\n\t\t<\/div>\n\t\t\t\t\t<\/div>\n\t\t<\/section>\n\t\t\t\t<section class=\"elementor-section elementor-top-section elementor-element elementor-element-2b02a9ad elementor-section-boxed elementor-section-height-default elementor-section-height-default\" data-id=\"2b02a9ad\" data-element_type=\"section\" data-settings=\"{&quot;background_background&quot;:&quot;classic&quot;}\">\n\t\t\t\t\t\t<div class=\"elementor-container elementor-column-gap-default\">\n\t\t\t\t\t<div class=\"elementor-column elementor-col-100 elementor-top-column elementor-element elementor-element-7a7556eb\" data-id=\"7a7556eb\" data-element_type=\"column\">\n\t\t\t<div class=\"elementor-widget-wrap elementor-element-populated\">\n\t\t\t\t\t\t<div class=\"elementor-element elementor-element-708347a4 elementor-widget elementor-widget-heading\" data-id=\"708347a4\" data-element_type=\"widget\" data-widget_type=\"heading.default\">\n\t\t\t\t<div class=\"elementor-widget-container\">\n\t\t\t\t\t<h4 class=\"elementor-heading-title elementor-size-default\">Funcionamiento<\/h4>\t\t\t\t<\/div>\n\t\t\t\t<\/div>\n\t\t\t\t<div class=\"elementor-element elementor-element-56078e02 elementor-widget elementor-widget-text-editor\" data-id=\"56078e02\" data-element_type=\"widget\" data-widget_type=\"text-editor.default\">\n\t\t\t\t<div class=\"elementor-widget-container\">\n\t\t\t\t\t\t\t\t\t<section id=\"section-id-1519635573434\" class=\"sppb-section\"><div class=\"sppb-row-container\"><div class=\"sppb-row\"><div id=\"column-wrap-id-1519635573435\" class=\"sppb-col-md-12\"><div id=\"column-id-1519635573435\" class=\"sppb-column\"><div class=\"sppb-column-addons\"><div id=\"sppb-addon-wrapper-1554277717260\" class=\"sppb-addon-wrapper\"><div id=\"sppb-addon-1554277717260\" class=\"clearfix \"><div class=\"sppb-addon sppb-addon-text-block sppb-text-left \"><div class=\"sppb-addon-content\">El objeto cuya masa se quiere determinar se coloca en uno de los platillos y en el otro se van a\u00f1adiendo o quitando masa de valor conocido, hasta que el sistema quede en equilibrio ( con el \u00e1stil completamente horizontal).Para facilitar su manejo, la balanza lleva una aguja vertical\u00a0 y una escala: la posici\u00f3n de equilibrio se alcanza cuando la aguja marca el cero de la escala.<\/div><\/div><\/div><\/div><\/div><\/div><\/div><\/div><\/div><\/section>\t\t\t\t\t\t\t\t<\/div>\n\t\t\t\t<\/div>\n\t\t\t\t\t<\/div>\n\t\t<\/div>\n\t\t\t\t\t<\/div>\n\t\t<\/section>\n\t\t\t\t<section class=\"elementor-section elementor-top-section elementor-element elementor-element-7e429c18 elementor-section-content-middle elementor-reverse-mobile elementor-section-boxed elementor-section-height-default elementor-section-height-default\" data-id=\"7e429c18\" data-element_type=\"section\">\n\t\t\t\t\t\t<div class=\"elementor-container elementor-column-gap-no\">\n\t\t\t\t\t<div class=\"elementor-column elementor-col-50 elementor-top-column elementor-element elementor-element-511f3bf2\" data-id=\"511f3bf2\" data-element_type=\"column\">\n\t\t\t<div class=\"elementor-widget-wrap elementor-element-populated\">\n\t\t\t\t\t\t<div class=\"elementor-element elementor-element-42d22098 elementor-widget elementor-widget-image\" data-id=\"42d22098\" data-element_type=\"widget\" data-widget_type=\"image.default\">\n\t\t\t\t<div class=\"elementor-widget-container\">\n\t\t\t\t\t\t\t\t\t\t\t\t\t\t\t<img fetchpriority=\"high\" decoding=\"async\" width=\"602\" height=\"285\" src=\"https:\/\/blogsaverroes.juntadeandalucia.es\/iesmarquesdecomares\/files\/2021\/04\/3.2.-fig.jpg\" class=\"attachment-full size-full wp-image-4676\" alt=\"\" srcset=\"https:\/\/blogsaverroes.juntadeandalucia.es\/iesmarquesdecomares\/files\/2021\/04\/3.2.-fig.jpg 602w, https:\/\/blogsaverroes.juntadeandalucia.es\/iesmarquesdecomares\/files\/2021\/04\/3.2.-fig-300x142.jpg 300w, https:\/\/blogsaverroes.juntadeandalucia.es\/iesmarquesdecomares\/files\/2021\/04\/3.2.-fig-520x245.jpg 520w\" sizes=\"(max-width: 602px) 100vw, 602px\" \/>\t\t\t\t\t\t\t\t\t\t\t\t\t\t\t<\/div>\n\t\t\t\t<\/div>\n\t\t\t\t<div class=\"elementor-element elementor-element-59cab212 elementor-align-center elementor-widget elementor-widget-button\" data-id=\"59cab212\" data-element_type=\"widget\" data-widget_type=\"button.default\">\n\t\t\t\t<div class=\"elementor-widget-container\">\n\t\t\t\t\t\t\t\t\t<div class=\"elementor-button-wrapper\">\n\t\t\t\t\t<a class=\"elementor-button elementor-button-link elementor-size-sm elementor-animation-grow\" href=\"https:\/\/books.google.es\/books?id=_Z8W3ziewEYC&#038;pg=PA102&#038;dq=balanza+de+roberval&#038;hl=es&#038;sa=X&#038;ved=0ahUKEwiPpvO8-7vbAhXCWhQKHYauC6Q4ChDoAQgsMAE#v=onepage&#038;q=balanza%20de%20roberval&#038;f=false\" target=\"_blank\">\n\t\t\t\t\t\t<span class=\"elementor-button-content-wrapper\">\n\t\t\t\t\t\t\t\t\t<span class=\"elementor-button-text\">SABER M\u00c1S<\/span>\n\t\t\t\t\t<\/span>\n\t\t\t\t\t<\/a>\n\t\t\t\t<\/div>\n\t\t\t\t\t\t\t\t<\/div>\n\t\t\t\t<\/div>\n\t\t\t\t\t<\/div>\n\t\t<\/div>\n\t\t\t\t<div class=\"elementor-column elementor-col-50 elementor-top-column elementor-element elementor-element-1828a096\" data-id=\"1828a096\" data-element_type=\"column\">\n\t\t\t<div class=\"elementor-widget-wrap elementor-element-populated\">\n\t\t\t\t\t\t<div class=\"elementor-element elementor-element-29872e27 elementor-widget elementor-widget-heading\" data-id=\"29872e27\" data-element_type=\"widget\" data-widget_type=\"heading.default\">\n\t\t\t\t<div class=\"elementor-widget-container\">\n\t\t\t\t\t<h4 class=\"elementor-heading-title elementor-size-default\"><br>Historia<\/h4>\t\t\t\t<\/div>\n\t\t\t\t<\/div>\n\t\t\t\t<div class=\"elementor-element elementor-element-26d80af5 elementor-widget elementor-widget-text-editor\" data-id=\"26d80af5\" data-element_type=\"widget\" data-widget_type=\"text-editor.default\">\n\t\t\t\t<div class=\"elementor-widget-container\">\n\t\t\t\t\t\t\t\t\t<p style=\"font-style: normal;font-weight: 300;font-size: 15px;font-family: Roboto, sans-serif;text-align: justify\">Este instrumento fue inventado por Gilles Personne, matem\u00e1tico y f\u00edsico franc\u00e9s conocido con el nombre de Roberval porque era natural de Roberval, en Oise.<\/p><p style=\"font-style: normal;font-weight: 300;font-size: 15px;font-family: Roboto, sans-serif;text-align: justify\">Los principios te\u00f3ricos que explican su funcionamiento fueron objeto de una tesis presentada, por el propio Gilles, en la Academia de Ciencias de Francia, en 1669.<\/p>\t\t\t\t\t\t\t\t<\/div>\n\t\t\t\t<\/div>\n\t\t\t\t\t<\/div>\n\t\t<\/div>\n\t\t\t\t\t<\/div>\n\t\t<\/section>\n\t\t\t\t<section class=\"elementor-section elementor-top-section elementor-element elementor-element-4f02bcad elementor-section-boxed elementor-section-height-default elementor-section-height-default\" data-id=\"4f02bcad\" data-element_type=\"section\">\n\t\t\t\t\t\t<div class=\"elementor-container elementor-column-gap-default\">\n\t\t\t\t\t<div class=\"elementor-column elementor-col-100 elementor-top-column elementor-element elementor-element-5dfc9e72\" data-id=\"5dfc9e72\" data-element_type=\"column\">\n\t\t\t<div class=\"elementor-widget-wrap elementor-element-populated\">\n\t\t\t\t\t\t<div class=\"elementor-element elementor-element-509e2c37 elementor-align-center elementor-widget elementor-widget-button\" data-id=\"509e2c37\" data-element_type=\"widget\" data-widget_type=\"button.default\">\n\t\t\t\t<div class=\"elementor-widget-container\">\n\t\t\t\t\t\t\t\t\t<div class=\"elementor-button-wrapper\">\n\t\t\t\t\t<a class=\"elementor-button elementor-button-link elementor-size-sm elementor-animation-grow\" href=\"https:\/\/blogsaverroes.juntadeandalucia.es\/iesmarquesdecomares\/museo-de-ciencias\/\">\n\t\t\t\t\t\t<span class=\"elementor-button-content-wrapper\">\n\t\t\t\t\t\t\t\t\t<span class=\"elementor-button-text\">VOLVER AL MUSEO<\/span>\n\t\t\t\t\t<\/span>\n\t\t\t\t\t<\/a>\n\t\t\t\t<\/div>\n\t\t\t\t\t\t\t\t<\/div>\n\t\t\t\t<\/div>\n\t\t\t\t\t<\/div>\n\t\t<\/div>\n\t\t\t\t\t<\/div>\n\t\t<\/section>\n\t\t\t\t<\/div>\n\t\t","protected":false},"excerpt":{"rendered":"<p>ES EN FR Balanza de Roberval Finalidad Medir la masa de un objeto. Descripci\u00f3n Es una balanza de dos platillos que, a diferencia de lo que ocurr\u00eda en\u00a0 las romanas, van apoyados en el&#46;&#46;&#46;<\/p>\n","protected":false},"author":8171,"featured_media":0,"parent":0,"menu_order":0,"comment_status":"closed","ping_status":"closed","template":"","meta":{"ngg_post_thumbnail":0,"footnotes":""},"aioseo_notices":[],"_links":{"self":[{"href":"https:\/\/blogsaverroes.juntadeandalucia.es\/iesmarquesdecomares\/wp-json\/wp\/v2\/pages\/4675"}],"collection":[{"href":"https:\/\/blogsaverroes.juntadeandalucia.es\/iesmarquesdecomares\/wp-json\/wp\/v2\/pages"}],"about":[{"href":"https:\/\/blogsaverroes.juntadeandalucia.es\/iesmarquesdecomares\/wp-json\/wp\/v2\/types\/page"}],"author":[{"embeddable":true,"href":"https:\/\/blogsaverroes.juntadeandalucia.es\/iesmarquesdecomares\/wp-json\/wp\/v2\/users\/8171"}],"replies":[{"embeddable":true,"href":"https:\/\/blogsaverroes.juntadeandalucia.es\/iesmarquesdecomares\/wp-json\/wp\/v2\/comments?post=4675"}],"version-history":[{"count":5,"href":"https:\/\/blogsaverroes.juntadeandalucia.es\/iesmarquesdecomares\/wp-json\/wp\/v2\/pages\/4675\/revisions"}],"predecessor-version":[{"id":5521,"href":"https:\/\/blogsaverroes.juntadeandalucia.es\/iesmarquesdecomares\/wp-json\/wp\/v2\/pages\/4675\/revisions\/5521"}],"wp:attachment":[{"href":"https:\/\/blogsaverroes.juntadeandalucia.es\/iesmarquesdecomares\/wp-json\/wp\/v2\/media?parent=4675"}],"curies":[{"name":"wp","href":"https:\/\/api.w.org\/{rel}","templated":true}]}}